{"id":802,"date":"2017-06-03T18:34:14","date_gmt":"2017-06-03T16:34:14","guid":{"rendered":"http:\/\/lorrylesmetz-histoire.fr\/?page_id=802"},"modified":"2018-01-02T08:14:57","modified_gmt":"2018-01-02T07:14:57","slug":"2017-05","status":"publish","type":"page","link":"http:\/\/lorrylesmetz-histoire.fr\/?page_id=802","title":{"rendered":"Quand la fraise r\u00e9galait l\u2019Allemagne"},"content":{"rendered":"<h3>25\u00a0mars\u00a02017<\/h3>\n<p style=\"text-align: justify;\">Lorry-l\u00e8s-Metz \u00ab\u00a0au fil du temps\u00a0\u00bb \u00e9tait pr\u00e9sent \u00e0 la conf\u00e9rence de Pierre\u00a0Brasme\u00a0: \u00ab\u00a0<em>Quand la fraise de Woippy r\u00e9galait l\u2019Allemagne<\/em>\u00a0\u00bb.<\/p>\n<p style=\"text-align: justify;\">Cette conf\u00e9rence \u00e9tait donn\u00e9e dans le cadre de la semaine franco-allemande dans le salon d\u2019honneur de l\u2019H\u00f4tel de Ville de Metz. Doan Tran, conseill\u00e8re municipale charg\u00e9e des relations transfrontali\u00e8res, et monsieur Muller, pr\u00e9sident de l\u2019Acad\u00e9mie nationale de Metz, pr\u00e9sent\u00e8rent Pierre\u00a0Brasme, vice-pr\u00e9sident de l\u2019Acad\u00e9mie Nationale de Metz, le conf\u00e9rencier.<\/p>\n<p style=\"text-align: justify;\">Il raconta le dur labeur que repr\u00e9sente la culture des fraises qui faisait vivre des centaines de familles, puis son d\u00e9clin apr\u00e8s les ann\u00e9es\u00a01960, concurrenc\u00e9es par d\u2019autres d\u00e9partements fran\u00e7ais et l\u2019Espagne, sans parler de l\u2019urbanisation.<\/p>\n<p style=\"text-align: justify;\">Compte-rendu complet (4 pages) : <a href=\"http:\/\/lorrylesmetz-histoire.fr\/wp-content\/uploads\/2017\/06\/CR-DAVID-ANCILLON.pdf\" target=\"_blank\" rel=\"noopener\"><img loading=\"lazy\" decoding=\"async\" class=\"alignnone wp-image-683 size-full\" src=\"http:\/\/lorrylesmetz-histoire.fr\/wp-content\/uploads\/2017\/05\/voir.png?_t=1496504605\" alt=\"\" width=\"89\" height=\"31\" \/><\/a> <a href=\"http:\/\/lorrylesmetz-histoire.fr\/?media_dl=1133\"><img decoding=\"async\" src=\"http:\/\/lorrylesmetz-histoire.fr\/wp-content\/uploads\/2017\/05\/telecharger_pdf.png\" \/><\/a>]<\/p>\n<div id=\"metaslider-id-1170\" style=\"width: 100%; margin: 0 auto;\" class=\"ml-slider-3-108-0 metaslider metaslider-responsive metaslider-1170 ml-slider has-dots-nav ms-theme-default\" role=\"region\" aria-label=\"Fraise\" data-height=\"400\" data-width=\"400\">\n    <div id=\"metaslider_container_1170\">\n        <ul id='metaslider_1170' class='rslides'>\n            <li aria-roledescription='slide' aria-labelledby='slide-0'><a href=\"http:\/\/localhost\/lfdt2\/wp-content\/uploads\/2017\/06\/1-2.jpg\" target=\"_blank\"><img loading=\"lazy\" decoding=\"async\" width=\"800\" height=\"600\" src=\"http:\/\/lorrylesmetz-histoire.fr\/wp-content\/uploads\/2017\/06\/1-2.jpg\" class=\"slider-1170 slide-1171 msDefaultImage\" alt=\"\" rel=\"\" title=\"\" srcset=\"http:\/\/lorrylesmetz-histoire.fr\/wp-content\/uploads\/2017\/06\/1-2.jpg 800w, http:\/\/lorrylesmetz-histoire.fr\/wp-content\/uploads\/2017\/06\/1-2-300x225.jpg 300w, http:\/\/lorrylesmetz-histoire.fr\/wp-content\/uploads\/2017\/06\/1-2-768x576.jpg 768w\" sizes=\"auto, (max-width: 800px) 100vw, 800px\" \/><\/a><\/li>\n            <li style='display: none;' aria-roledescription='slide' aria-labelledby='slide-1'><a href=\"http:\/\/localhost\/lfdt2\/wp-content\/uploads\/2017\/06\/2-2.jpg\" target=\"_blank\"><img loading=\"lazy\" decoding=\"async\" width=\"800\" height=\"600\" src=\"http:\/\/lorrylesmetz-histoire.fr\/wp-content\/uploads\/2017\/06\/2-2.jpg\" class=\"slider-1170 slide-1172 msDefaultImage\" alt=\"\" rel=\"\" title=\"\" srcset=\"http:\/\/lorrylesmetz-histoire.fr\/wp-content\/uploads\/2017\/06\/2-2.jpg 800w, http:\/\/lorrylesmetz-histoire.fr\/wp-content\/uploads\/2017\/06\/2-2-300x225.jpg 300w, http:\/\/lorrylesmetz-histoire.fr\/wp-content\/uploads\/2017\/06\/2-2-768x576.jpg 768w\" sizes=\"auto, (max-width: 800px) 100vw, 800px\" \/><\/a><\/li>\n            <li style='display: none;' aria-roledescription='slide' aria-labelledby='slide-2'><a href=\"http:\/\/localhost\/lfdt2\/wp-content\/uploads\/2017\/06\/3-2.jpg\" target=\"_blank\"><img loading=\"lazy\" decoding=\"async\" width=\"800\" height=\"600\" src=\"http:\/\/lorrylesmetz-histoire.fr\/wp-content\/uploads\/2017\/06\/3-2.jpg\" class=\"slider-1170 slide-1173 msDefaultImage\" alt=\"\" rel=\"\" title=\"\" srcset=\"http:\/\/lorrylesmetz-histoire.fr\/wp-content\/uploads\/2017\/06\/3-2.jpg 800w, http:\/\/lorrylesmetz-histoire.fr\/wp-content\/uploads\/2017\/06\/3-2-300x225.jpg 300w, http:\/\/lorrylesmetz-histoire.fr\/wp-content\/uploads\/2017\/06\/3-2-768x576.jpg 768w\" sizes=\"auto, (max-width: 800px) 100vw, 800px\" \/><\/a><\/li>\n            <li style='display: none;' aria-roledescription='slide' aria-labelledby='slide-3'><a href=\"http:\/\/localhost\/lfdt2\/wp-content\/uploads\/2017\/06\/4-2.jpg\" target=\"_blank\"><img loading=\"lazy\" decoding=\"async\" width=\"800\" height=\"600\" src=\"http:\/\/lorrylesmetz-histoire.fr\/wp-content\/uploads\/2017\/06\/4-2.jpg\" class=\"slider-1170 slide-1174 msDefaultImage\" alt=\"\" rel=\"\" title=\"\" srcset=\"http:\/\/lorrylesmetz-histoire.fr\/wp-content\/uploads\/2017\/06\/4-2.jpg 800w, http:\/\/lorrylesmetz-histoire.fr\/wp-content\/uploads\/2017\/06\/4-2-300x225.jpg 300w, http:\/\/lorrylesmetz-histoire.fr\/wp-content\/uploads\/2017\/06\/4-2-768x576.jpg 768w\" sizes=\"auto, (max-width: 800px) 100vw, 800px\" \/><\/a><\/li>\n            <li style='display: none;' aria-roledescription='slide' aria-labelledby='slide-4'><a href=\"http:\/\/localhost\/lfdt2\/wp-content\/uploads\/2017\/06\/5-2.jpg\" target=\"_blank\"><img loading=\"lazy\" decoding=\"async\" width=\"800\" height=\"600\" src=\"http:\/\/lorrylesmetz-histoire.fr\/wp-content\/uploads\/2017\/06\/5-2.jpg\" class=\"slider-1170 slide-1175 msDefaultImage\" alt=\"\" rel=\"\" title=\"\" srcset=\"http:\/\/lorrylesmetz-histoire.fr\/wp-content\/uploads\/2017\/06\/5-2.jpg 800w, http:\/\/lorrylesmetz-histoire.fr\/wp-content\/uploads\/2017\/06\/5-2-300x225.jpg 300w, http:\/\/lorrylesmetz-histoire.fr\/wp-content\/uploads\/2017\/06\/5-2-768x576.jpg 768w\" sizes=\"auto, (max-width: 800px) 100vw, 800px\" \/><\/a><\/li>\n            <li style='display: none;' aria-roledescription='slide' aria-labelledby='slide-5'><a href=\"http:\/\/localhost\/lfdt2\/wp-content\/uploads\/2017\/06\/6-2.jpg\" target=\"_blank\"><img loading=\"lazy\" decoding=\"async\" width=\"800\" height=\"600\" src=\"http:\/\/lorrylesmetz-histoire.fr\/wp-content\/uploads\/2017\/06\/6-2.jpg\" class=\"slider-1170 slide-1176 msDefaultImage\" alt=\"\" rel=\"\" title=\"\" srcset=\"http:\/\/lorrylesmetz-histoire.fr\/wp-content\/uploads\/2017\/06\/6-2.jpg 800w, http:\/\/lorrylesmetz-histoire.fr\/wp-content\/uploads\/2017\/06\/6-2-300x225.jpg 300w, http:\/\/lorrylesmetz-histoire.fr\/wp-content\/uploads\/2017\/06\/6-2-768x576.jpg 768w\" sizes=\"auto, (max-width: 800px) 100vw, 800px\" \/><\/a><\/li>\n            <li style='display: none;' aria-roledescription='slide' aria-labelledby='slide-6'><a href=\"http:\/\/localhost\/lfdt2\/wp-content\/uploads\/2017\/06\/7-2.jpg\" target=\"_blank\"><img loading=\"lazy\" decoding=\"async\" width=\"800\" height=\"600\" src=\"http:\/\/lorrylesmetz-histoire.fr\/wp-content\/uploads\/2017\/06\/7-2.jpg\" class=\"slider-1170 slide-1177 msDefaultImage\" alt=\"\" rel=\"\" title=\"\" srcset=\"http:\/\/lorrylesmetz-histoire.fr\/wp-content\/uploads\/2017\/06\/7-2.jpg 800w, http:\/\/lorrylesmetz-histoire.fr\/wp-content\/uploads\/2017\/06\/7-2-300x225.jpg 300w, http:\/\/lorrylesmetz-histoire.fr\/wp-content\/uploads\/2017\/06\/7-2-768x576.jpg 768w\" sizes=\"auto, (max-width: 800px) 100vw, 800px\" \/><\/a><\/li>\n            <li style='display: none;' aria-roledescription='slide' aria-labelledby='slide-7'><a href=\"http:\/\/localhost\/lfdt2\/wp-content\/uploads\/2017\/06\/8-2.jpg\" target=\"_blank\"><img loading=\"lazy\" decoding=\"async\" width=\"1000\" height=\"858\" src=\"http:\/\/lorrylesmetz-histoire.fr\/wp-content\/uploads\/2017\/06\/8-2.jpg\" class=\"slider-1170 slide-1178 msDefaultImage\" alt=\"\" rel=\"\" title=\"\" srcset=\"http:\/\/lorrylesmetz-histoire.fr\/wp-content\/uploads\/2017\/06\/8-2.jpg 1000w, http:\/\/lorrylesmetz-histoire.fr\/wp-content\/uploads\/2017\/06\/8-2-300x257.jpg 300w, http:\/\/lorrylesmetz-histoire.fr\/wp-content\/uploads\/2017\/06\/8-2-768x659.jpg 768w\" sizes=\"auto, (max-width: 1000px) 100vw, 1000px\" \/><\/a><\/li>\n        <\/ul>\n        \n    <\/div>\n<\/div>\n<p>Photos Patricia\u00a0Lallier<\/p>\n<p><a href=\"http:\/\/lorrylesmetz-histoire.fr\/?page_id=593\"><img loading=\"lazy\" decoding=\"async\" class=\"alignnone wp-image-378 size-full\" src=\"http:\/\/lorrylesmetz-histoire.fr\/wp-content\/uploads\/2017\/05\/retour.png?_t=1496504944\" alt=\"\" width=\"89\" height=\"31\" \/><\/a><\/p>\n","protected":false},"excerpt":{"rendered":"<p>25\u00a0mars\u00a02017 Lorry-l\u00e8s-Metz \u00ab\u00a0au fil du temps\u00a0\u00bb \u00e9tait pr\u00e9sent \u00e0 la conf\u00e9rence de Pierre\u00a0Brasme\u00a0: \u00ab\u00a0Quand la fraise de Woippy r\u00e9galait l\u2019Allemagne\u00a0\u00bb. Cette conf\u00e9rence \u00e9tait donn\u00e9e dans le cadre de la semaine franco-allemande dans le salon d\u2019honneur de l\u2019H\u00f4tel de Ville de&hellip; <\/p>\n","protected":false},"author":1,"featured_media":0,"parent":593,"menu_order":5,"comment_status":"closed","ping_status":"closed","template":"","meta":{"_mc_calendar":[],"footnotes":""},"class_list":["post-802","page","type-page","status-publish","hentry"],"_links":{"self":[{"href":"http:\/\/lorrylesmetz-histoire.fr\/index.php?rest_route=\/wp\/v2\/pages\/802","targetHints":{"allow":["GET"]}}],"collection":[{"href":"http:\/\/lorrylesmetz-histoire.fr\/index.php?rest_route=\/wp\/v2\/pages"}],"about":[{"href":"http:\/\/lorrylesmetz-histoire.fr\/index.php?rest_route=\/wp\/v2\/types\/page"}],"author":[{"embeddable":true,"href":"http:\/\/lorrylesmetz-histoire.fr\/index.php?rest_route=\/wp\/v2\/users\/1"}],"replies":[{"embeddable":true,"href":"http:\/\/lorrylesmetz-histoire.fr\/index.php?rest_route=%2Fwp%2Fv2%2Fcomments&post=802"}],"version-history":[{"count":1,"href":"http:\/\/lorrylesmetz-histoire.fr\/index.php?rest_route=\/wp\/v2\/pages\/802\/revisions"}],"predecessor-version":[{"id":3004,"href":"http:\/\/lorrylesmetz-histoire.fr\/index.php?rest_route=\/wp\/v2\/pages\/802\/revisions\/3004"}],"up":[{"embeddable":true,"href":"http:\/\/lorrylesmetz-histoire.fr\/index.php?rest_route=\/wp\/v2\/pages\/593"}],"wp:attachment":[{"href":"http:\/\/lorrylesmetz-histoire.fr\/index.php?rest_route=%2Fwp%2Fv2%2Fmedia&parent=802"}],"curies":[{"name":"wp","href":"https:\/\/api.w.org\/{rel}","templated":true}]}}