{"id":803,"date":"2017-06-03T18:09:49","date_gmt":"2017-06-03T16:09:49","guid":{"rendered":"http:\/\/lorrylesmetz-histoire.fr\/?page_id=803"},"modified":"2018-01-02T08:15:41","modified_gmt":"2018-01-02T07:15:41","slug":"2017-04","status":"publish","type":"page","link":"http:\/\/lorrylesmetz-histoire.fr\/?page_id=803","title":{"rendered":"R\u00e9union du Comit\u00e9 d\u2019Histoire du Pays Messin"},"content":{"rendered":"<h3>20\u00a0mars\u00a02017<\/h3>\n<p style=\"text-align: justify;\">Lorry-l\u00e8s-Metz \u00ab\u00a0au fil du temps\u00a0\u00bb \u00e9tait pr\u00e9sent \u00e0 la r\u00e9union de travail du Comit\u00e9 d\u2019Histoire du Pays Messin (CHPM), pr\u00e9sid\u00e9e par Pierre\u00a0Brasme.<\/p>\n<p style=\"text-align: justify;\">* Le colloque de Woippy du 18\u00a0novembre\u00a02017 a pour th\u00e8me\u00a0: \u00ab\u00a0<em>La vie quotidienne \u00e0 Metz et en Pays Messin au XIX<sup>e<\/sup>\u00a0si\u00e8cle<\/em>\u00a0\u00bb avec pour invit\u00e9 d\u2019honneur K\u00e9vin Goeuriot auteur de <em>L\u2019ann\u00e9e lorraine. Une petite histoire des f\u00eates, coutumes et traditions populaires en Lorraine. <\/em>Il fera une communication sur les traditions en Pays Messin.<\/p>\n<p style=\"text-align: justify;\">Cinq autres intervenants faisant partie d\u2019associations du Pays Messin aborderont d\u2019autres sujets.<\/p>\n<ul style=\"list-style-type: circle;\">\n<li>L\u2019organisation du Salon du Livre d\u2019Histoire de Woippy est close.<\/li>\n<li>Les \u00c9ditions des Paraiges de S\u00e9bastien\u00a0Wagner ont pr\u00e9sent\u00e9 leurs derniers ouvrages\u00a0: \u00ab\u00a0<em>Audun-le-Tiche m\u00e9rovingien\u00a0\u00bb<\/em> \u2013 \u00ab\u00a0<em>Le pasteur Ancillon\u00a0\u00bb<\/em> \u2013 \u00ab\u00a0<em>Longwy, la forteresse d\u00e9vast\u00e9e 21-26\u00a0ao\u00fbt\u00a01914\u00a0\u00bb<\/em> et 4\u00a0romans.<\/li>\n<\/ul>\n<p>Une communication captivante sur \u00ab\u00a0<em>Le baron Dufour, maire de Metz<\/em>\u00a0\u00bb (1769-1842) a \u00e9t\u00e9 faite par Michel\u00a0Marchand. Ce maire diplomate g\u00e9ra de fa\u00e7on apais\u00e9e sa ville, v\u00e9cu moiti\u00e9 en ville, moiti\u00e9 vers Plappeville et est enterr\u00e9 au Cimeti\u00e8re de l\u2019Est.<\/p>\n<p>Compte-rendu complet (3 pages) : <a href=\"http:\/\/lorrylesmetz-histoire.fr\/wp-content\/uploads\/2017\/06\/CR-DUFOUR.pdf\" target=\"_blank\" rel=\"noopener\"><img loading=\"lazy\" decoding=\"async\" class=\"alignnone wp-image-683 size-full\" src=\"http:\/\/lorrylesmetz-histoire.fr\/wp-content\/uploads\/2017\/05\/voir.png?_t=1496506154\" alt=\"\" width=\"89\" height=\"31\" \/><\/a> <a href=\"http:\/\/lorrylesmetz-histoire.fr\/?media_dl=1148\"><img decoding=\"async\" src=\"http:\/\/lorrylesmetz-histoire.fr\/wp-content\/uploads\/2017\/05\/telecharger_pdf.png\" \/><\/a>]<\/p>\n<div id=\"metaslider-id-1149\" style=\"width: 100%; margin: 0 auto;\" class=\"ml-slider-3-108-0 metaslider metaslider-responsive metaslider-1149 ml-slider has-dots-nav ms-theme-default\" role=\"region\" aria-label=\"CHPM 2017 1\" data-height=\"400\" data-width=\"400\">\n    <div id=\"metaslider_container_1149\">\n        <ul id='metaslider_1149' class='rslides'>\n            <li aria-roledescription='slide' aria-labelledby='slide-0'><a href=\"http:\/\/localhost\/lfdt2\/wp-content\/uploads\/2017\/06\/1-1.jpg\" target=\"_blank\"><img loading=\"lazy\" decoding=\"async\" width=\"800\" height=\"600\" src=\"http:\/\/lorrylesmetz-histoire.fr\/wp-content\/uploads\/2017\/06\/1-1.jpg\" class=\"slider-1149 slide-1150 msDefaultImage\" alt=\"\" rel=\"\" title=\"\" srcset=\"http:\/\/lorrylesmetz-histoire.fr\/wp-content\/uploads\/2017\/06\/1-1.jpg 800w, http:\/\/lorrylesmetz-histoire.fr\/wp-content\/uploads\/2017\/06\/1-1-300x225.jpg 300w, http:\/\/lorrylesmetz-histoire.fr\/wp-content\/uploads\/2017\/06\/1-1-768x576.jpg 768w\" sizes=\"auto, (max-width: 800px) 100vw, 800px\" \/><\/a><\/li>\n            <li style='display: none;' aria-roledescription='slide' aria-labelledby='slide-1'><a href=\"http:\/\/localhost\/lfdt2\/wp-content\/uploads\/2017\/06\/2-1.jpg\" target=\"_blank\"><img loading=\"lazy\" decoding=\"async\" width=\"800\" height=\"600\" src=\"http:\/\/lorrylesmetz-histoire.fr\/wp-content\/uploads\/2017\/06\/2-1.jpg\" class=\"slider-1149 slide-1151 msDefaultImage\" alt=\"\" rel=\"\" title=\"\" srcset=\"http:\/\/lorrylesmetz-histoire.fr\/wp-content\/uploads\/2017\/06\/2-1.jpg 800w, http:\/\/lorrylesmetz-histoire.fr\/wp-content\/uploads\/2017\/06\/2-1-300x225.jpg 300w, http:\/\/lorrylesmetz-histoire.fr\/wp-content\/uploads\/2017\/06\/2-1-768x576.jpg 768w\" sizes=\"auto, (max-width: 800px) 100vw, 800px\" \/><\/a><\/li>\n            <li style='display: none;' aria-roledescription='slide' aria-labelledby='slide-2'><a href=\"http:\/\/localhost\/lfdt2\/wp-content\/uploads\/2017\/06\/3-1.jpg\" target=\"_blank\"><img loading=\"lazy\" decoding=\"async\" width=\"900\" height=\"675\" src=\"http:\/\/lorrylesmetz-histoire.fr\/wp-content\/uploads\/2017\/06\/3-1.jpg\" class=\"slider-1149 slide-1152 msDefaultImage\" alt=\"\" rel=\"\" title=\"\" srcset=\"http:\/\/lorrylesmetz-histoire.fr\/wp-content\/uploads\/2017\/06\/3-1.jpg 900w, http:\/\/lorrylesmetz-histoire.fr\/wp-content\/uploads\/2017\/06\/3-1-300x225.jpg 300w, http:\/\/lorrylesmetz-histoire.fr\/wp-content\/uploads\/2017\/06\/3-1-768x576.jpg 768w\" sizes=\"auto, (max-width: 900px) 100vw, 900px\" \/><\/a><\/li>\n            <li style='display: none;' aria-roledescription='slide' aria-labelledby='slide-3'><a href=\"http:\/\/localhost\/lfdt2\/wp-content\/uploads\/2017\/06\/4-1.jpg\" target=\"_blank\"><img loading=\"lazy\" decoding=\"async\" width=\"486\" height=\"719\" src=\"http:\/\/lorrylesmetz-histoire.fr\/wp-content\/uploads\/2017\/06\/4-1.jpg\" class=\"slider-1149 slide-1153 msDefaultImage\" alt=\"\" rel=\"\" title=\"\" srcset=\"http:\/\/lorrylesmetz-histoire.fr\/wp-content\/uploads\/2017\/06\/4-1.jpg 486w, http:\/\/lorrylesmetz-histoire.fr\/wp-content\/uploads\/2017\/06\/4-1-203x300.jpg 203w\" sizes=\"auto, (max-width: 486px) 100vw, 486px\" \/><\/a><\/li>\n            <li style='display: none;' aria-roledescription='slide' aria-labelledby='slide-4'><a href=\"http:\/\/localhost\/lfdt2\/wp-content\/uploads\/2017\/06\/5-1.jpg\" target=\"_blank\"><img loading=\"lazy\" decoding=\"async\" width=\"960\" height=\"720\" src=\"http:\/\/lorrylesmetz-histoire.fr\/wp-content\/uploads\/2017\/06\/5-1.jpg\" class=\"slider-1149 slide-1154 msDefaultImage\" alt=\"\" rel=\"\" title=\"\" srcset=\"http:\/\/lorrylesmetz-histoire.fr\/wp-content\/uploads\/2017\/06\/5-1.jpg 960w, http:\/\/lorrylesmetz-histoire.fr\/wp-content\/uploads\/2017\/06\/5-1-300x225.jpg 300w, http:\/\/lorrylesmetz-histoire.fr\/wp-content\/uploads\/2017\/06\/5-1-768x576.jpg 768w\" sizes=\"auto, (max-width: 960px) 100vw, 960px\" \/><\/a><\/li>\n            <li style='display: none;' aria-roledescription='slide' aria-labelledby='slide-5'><a href=\"http:\/\/localhost\/lfdt2\/wp-content\/uploads\/2017\/06\/6-1.jpg\" target=\"_blank\"><img loading=\"lazy\" decoding=\"async\" width=\"720\" height=\"960\" src=\"http:\/\/lorrylesmetz-histoire.fr\/wp-content\/uploads\/2017\/06\/6-1.jpg\" class=\"slider-1149 slide-1155 msDefaultImage\" alt=\"\" rel=\"\" title=\"\" srcset=\"http:\/\/lorrylesmetz-histoire.fr\/wp-content\/uploads\/2017\/06\/6-1.jpg 720w, http:\/\/lorrylesmetz-histoire.fr\/wp-content\/uploads\/2017\/06\/6-1-225x300.jpg 225w\" sizes=\"auto, (max-width: 720px) 100vw, 720px\" \/><\/a><\/li>\n            <li style='display: none;' aria-roledescription='slide' aria-labelledby='slide-6'><a href=\"http:\/\/localhost\/lfdt2\/wp-content\/uploads\/2017\/06\/7-1.jpg\" target=\"_blank\"><img loading=\"lazy\" decoding=\"async\" width=\"260\" height=\"390\" src=\"http:\/\/lorrylesmetz-histoire.fr\/wp-content\/uploads\/2017\/06\/7-1.jpg\" class=\"slider-1149 slide-1156 msDefaultImage\" alt=\"\" rel=\"\" title=\"\" srcset=\"http:\/\/lorrylesmetz-histoire.fr\/wp-content\/uploads\/2017\/06\/7-1.jpg 260w, http:\/\/lorrylesmetz-histoire.fr\/wp-content\/uploads\/2017\/06\/7-1-200x300.jpg 200w\" sizes=\"auto, (max-width: 260px) 100vw, 260px\" \/><\/a><\/li>\n            <li style='display: none;' aria-roledescription='slide' aria-labelledby='slide-7'><a href=\"http:\/\/localhost\/lfdt2\/wp-content\/uploads\/2017\/06\/8-1.jpg\" target=\"_blank\"><img loading=\"lazy\" decoding=\"async\" width=\"604\" height=\"905\" src=\"http:\/\/lorrylesmetz-histoire.fr\/wp-content\/uploads\/2017\/06\/8-1.jpg\" class=\"slider-1149 slide-1157 msDefaultImage\" alt=\"\" rel=\"\" title=\"\" srcset=\"http:\/\/lorrylesmetz-histoire.fr\/wp-content\/uploads\/2017\/06\/8-1.jpg 604w, http:\/\/lorrylesmetz-histoire.fr\/wp-content\/uploads\/2017\/06\/8-1-200x300.jpg 200w\" sizes=\"auto, (max-width: 604px) 100vw, 604px\" \/><\/a><\/li>\n        <\/ul>\n        \n    <\/div>\n<\/div>\n<p>Photos Claudine\u00a0Kester-Elghozi<\/p>\n<p><a href=\"http:\/\/lorrylesmetz-histoire.fr\/?page_id=593\"><img loading=\"lazy\" decoding=\"async\" class=\"alignnone wp-image-378 size-full\" src=\"http:\/\/lorrylesmetz-histoire.fr\/wp-content\/uploads\/2017\/05\/retour.png?_t=1496504944\" alt=\"\" width=\"89\" height=\"31\" \/><\/a><\/p>\n","protected":false},"excerpt":{"rendered":"<p>20\u00a0mars\u00a02017 Lorry-l\u00e8s-Metz \u00ab\u00a0au fil du temps\u00a0\u00bb \u00e9tait pr\u00e9sent \u00e0 la r\u00e9union de travail du Comit\u00e9 d\u2019Histoire du Pays Messin (CHPM), pr\u00e9sid\u00e9e par Pierre\u00a0Brasme. * Le colloque de Woippy du 18\u00a0novembre\u00a02017 a pour th\u00e8me\u00a0: \u00ab\u00a0La vie quotidienne \u00e0 Metz et en&hellip; <\/p>\n","protected":false},"author":1,"featured_media":0,"parent":593,"menu_order":4,"comment_status":"closed","ping_status":"closed","template":"","meta":{"_mc_calendar":[],"footnotes":""},"class_list":["post-803","page","type-page","status-publish","hentry"],"_links":{"self":[{"href":"http:\/\/lorrylesmetz-histoire.fr\/index.php?rest_route=\/wp\/v2\/pages\/803","targetHints":{"allow":["GET"]}}],"collection":[{"href":"http:\/\/lorrylesmetz-histoire.fr\/index.php?rest_route=\/wp\/v2\/pages"}],"about":[{"href":"http:\/\/lorrylesmetz-histoire.fr\/index.php?rest_route=\/wp\/v2\/types\/page"}],"author":[{"embeddable":true,"href":"http:\/\/lorrylesmetz-histoire.fr\/index.php?rest_route=\/wp\/v2\/users\/1"}],"replies":[{"embeddable":true,"href":"http:\/\/lorrylesmetz-histoire.fr\/index.php?rest_route=%2Fwp%2Fv2%2Fcomments&post=803"}],"version-history":[{"count":1,"href":"http:\/\/lorrylesmetz-histoire.fr\/index.php?rest_route=\/wp\/v2\/pages\/803\/revisions"}],"predecessor-version":[{"id":3005,"href":"http:\/\/lorrylesmetz-histoire.fr\/index.php?rest_route=\/wp\/v2\/pages\/803\/revisions\/3005"}],"up":[{"embeddable":true,"href":"http:\/\/lorrylesmetz-histoire.fr\/index.php?rest_route=\/wp\/v2\/pages\/593"}],"wp:attachment":[{"href":"http:\/\/lorrylesmetz-histoire.fr\/index.php?rest_route=%2Fwp%2Fv2%2Fmedia&parent=803"}],"curies":[{"name":"wp","href":"https:\/\/api.w.org\/{rel}","templated":true}]}}