{"id":804,"date":"2017-06-03T17:39:44","date_gmt":"2017-06-03T15:39:44","guid":{"rendered":"http:\/\/lorrylesmetz-histoire.fr\/?page_id=804"},"modified":"2018-01-02T08:16:23","modified_gmt":"2018-01-02T07:16:23","slug":"2017-03","status":"publish","type":"page","link":"http:\/\/lorrylesmetz-histoire.fr\/?page_id=804","title":{"rendered":"Conf\u00e9rence sur le pasteur Ancillon"},"content":{"rendered":"<h3>17\u00a0mars\u00a02017<\/h3>\n<p>Plusieurs membres de Lorry-l\u00e8s-Metz \u00ab\u00a0au fil du temps\u00a0\u00bb \u00e9taient \u00e0 la conf\u00e9rence de Julien\u00a0L\u00e9onard\u00a0: \u00ab\u00a0<em>Le pasteur Ancillon (1617-1692). De Metz \u00e0 Berlin, de la France au Refuge<\/em>\u00a0\u00bb.<\/p>\n<p>Pierre\u00a0Bronn, acad\u00e9micien et pr\u00e9sident du Conseil presbyt\u00e9ral du Temple neuf, a pr\u00e9sent\u00e9 Julien\u00a0L\u00e9onard qui vient de sortir, \u00e0 partir de sa th\u00e8se, un ouvrage aux \u00c9ditions des Paraiges\u00a0: \u00ab\u00a0<em>Le pasteur David Ancillon (1617-1692)<\/em>\u00a0\u00bb.<\/p>\n<p>Le pasteur Ancillon est un notable, grande figure du monde protestant messin qui a succ\u00e9d\u00e9 \u00e0 Paul\u00a0Ferry. \u00c0 cause de la R\u00e9vocation de l\u2019\u00c9dit de Nantes, il s\u2019expatria avec sa famille \u00e0 Berlin. Beaucoup de ses fid\u00e8les le suivirent pour \u00e9chapper aux Dragonnades. Il devint pr\u00e9dicateur de la cour du Grand \u00c9lecteur de Saxe, Fr\u00e9d\u00e9ric Guillaume de Hohenzollern, et publia \u00ab\u00a0La vie de Guillaume\u00a0Farell\u00a0\u00bb l\u2019ann\u00e9e d\u2019avant sa mort.<\/p>\n<p>Le pasteur de Montigny-l\u00e8s-Metz, Armand\u00a0Schluchter, a interrog\u00e9 le conf\u00e9rencier sur la foi du pasteur Ancillon, sujet qui n\u2019avait pas \u00e9t\u00e9 abord\u00e9, la pr\u00e9f\u00e9rence ayant \u00e9t\u00e9 donn\u00e9e \u00e0 l\u2019aspect historique et social du personnage.<\/p>\n<p>Compte-rendu complet (4 pages) : <a href=\"http:\/\/lorrylesmetz-histoire.fr\/wp-content\/uploads\/2017\/06\/CR-DAVID-ANCILLON.pdf\" target=\"_blank\" rel=\"noopener noreferrer\"><img loading=\"lazy\" decoding=\"async\" class=\"alignnone wp-image-683 size-full\" src=\"http:\/\/lorrylesmetz-histoire.fr\/wp-content\/uploads\/2017\/05\/voir.png?_t=1496504605\" alt=\"\" width=\"89\" height=\"31\" \/><\/a> <a href=\"http:\/\/lorrylesmetz-histoire.fr\/?media_dl=1133\"><img decoding=\"async\" src=\"http:\/\/lorrylesmetz-histoire.fr\/wp-content\/uploads\/2017\/05\/telecharger_pdf.png\" \/><\/a><\/p>\n<div id=\"metaslider-id-1122\" style=\"width: 100%; margin: 0 auto;\" class=\"ml-slider-3-108-0 metaslider metaslider-responsive metaslider-1122 ml-slider has-dots-nav ms-theme-default\" role=\"region\" aria-label=\"Ancillon\" data-height=\"400\" data-width=\"400\">\n    <div id=\"metaslider_container_1122\">\n        <ul id='metaslider_1122' class='rslides'>\n            <li aria-roledescription='slide' aria-labelledby='slide-0'><a href=\"http:\/\/localhost\/lfdt2\/wp-content\/uploads\/2017\/06\/01-2.jpg\" target=\"_blank\"><img loading=\"lazy\" decoding=\"async\" width=\"533\" height=\"800\" src=\"http:\/\/lorrylesmetz-histoire.fr\/wp-content\/uploads\/2017\/06\/01-2.jpg\" class=\"slider-1122 slide-1123 msDefaultImage\" alt=\"\" rel=\"\" title=\"\" srcset=\"http:\/\/lorrylesmetz-histoire.fr\/wp-content\/uploads\/2017\/06\/01-2.jpg 533w, http:\/\/lorrylesmetz-histoire.fr\/wp-content\/uploads\/2017\/06\/01-2-200x300.jpg 200w, http:\/\/lorrylesmetz-histoire.fr\/wp-content\/uploads\/2017\/06\/01-2-400x600.jpg 400w\" sizes=\"auto, (max-width: 533px) 100vw, 533px\" \/><\/a><\/li>\n            <li style='display: none;' aria-roledescription='slide' aria-labelledby='slide-1'><a href=\"http:\/\/localhost\/lfdt2\/wp-content\/uploads\/2017\/06\/02-2.jpg\" target=\"_blank\"><img loading=\"lazy\" decoding=\"async\" width=\"800\" height=\"600\" src=\"http:\/\/lorrylesmetz-histoire.fr\/wp-content\/uploads\/2017\/06\/02-2.jpg\" class=\"slider-1122 slide-1124 msDefaultImage\" alt=\"\" rel=\"\" title=\"\" srcset=\"http:\/\/lorrylesmetz-histoire.fr\/wp-content\/uploads\/2017\/06\/02-2.jpg 800w, http:\/\/lorrylesmetz-histoire.fr\/wp-content\/uploads\/2017\/06\/02-2-300x225.jpg 300w, http:\/\/lorrylesmetz-histoire.fr\/wp-content\/uploads\/2017\/06\/02-2-768x576.jpg 768w\" sizes=\"auto, (max-width: 800px) 100vw, 800px\" \/><\/a><\/li>\n            <li style='display: none;' aria-roledescription='slide' aria-labelledby='slide-2'><a href=\"http:\/\/localhost\/lfdt2\/wp-content\/uploads\/2017\/06\/03-2.jpg\" target=\"_blank\"><img loading=\"lazy\" decoding=\"async\" width=\"800\" height=\"600\" src=\"http:\/\/lorrylesmetz-histoire.fr\/wp-content\/uploads\/2017\/06\/03-2.jpg\" class=\"slider-1122 slide-1125 msDefaultImage\" alt=\"\" rel=\"\" title=\"\" srcset=\"http:\/\/lorrylesmetz-histoire.fr\/wp-content\/uploads\/2017\/06\/03-2.jpg 800w, http:\/\/lorrylesmetz-histoire.fr\/wp-content\/uploads\/2017\/06\/03-2-300x225.jpg 300w, http:\/\/lorrylesmetz-histoire.fr\/wp-content\/uploads\/2017\/06\/03-2-768x576.jpg 768w\" sizes=\"auto, (max-width: 800px) 100vw, 800px\" \/><\/a><\/li>\n            <li style='display: none;' aria-roledescription='slide' aria-labelledby='slide-3'><a href=\"http:\/\/localhost\/lfdt2\/wp-content\/uploads\/2017\/06\/04-2.jpg\" target=\"_blank\"><img loading=\"lazy\" decoding=\"async\" width=\"800\" height=\"600\" src=\"http:\/\/lorrylesmetz-histoire.fr\/wp-content\/uploads\/2017\/06\/04-2.jpg\" class=\"slider-1122 slide-1126 msDefaultImage\" alt=\"\" rel=\"\" title=\"\" srcset=\"http:\/\/lorrylesmetz-histoire.fr\/wp-content\/uploads\/2017\/06\/04-2.jpg 800w, http:\/\/lorrylesmetz-histoire.fr\/wp-content\/uploads\/2017\/06\/04-2-300x225.jpg 300w, http:\/\/lorrylesmetz-histoire.fr\/wp-content\/uploads\/2017\/06\/04-2-768x576.jpg 768w\" sizes=\"auto, (max-width: 800px) 100vw, 800px\" \/><\/a><\/li>\n            <li style='display: none;' aria-roledescription='slide' aria-labelledby='slide-4'><a href=\"http:\/\/localhost\/lfdt2\/wp-content\/uploads\/2017\/06\/05-2.jpg\" target=\"_self\"><img loading=\"lazy\" decoding=\"async\" width=\"800\" height=\"600\" src=\"http:\/\/lorrylesmetz-histoire.fr\/wp-content\/uploads\/2017\/06\/05-2.jpg\" class=\"slider-1122 slide-1127 msDefaultImage\" alt=\"\" rel=\"\" title=\"\" srcset=\"http:\/\/lorrylesmetz-histoire.fr\/wp-content\/uploads\/2017\/06\/05-2.jpg 800w, http:\/\/lorrylesmetz-histoire.fr\/wp-content\/uploads\/2017\/06\/05-2-300x225.jpg 300w, http:\/\/lorrylesmetz-histoire.fr\/wp-content\/uploads\/2017\/06\/05-2-768x576.jpg 768w\" sizes=\"auto, (max-width: 800px) 100vw, 800px\" \/><\/a><\/li>\n            <li style='display: none;' aria-roledescription='slide' aria-labelledby='slide-5'><a href=\"http:\/\/localhost\/lfdt2\/wp-content\/uploads\/2017\/06\/07-1.jpg\" target=\"_blank\"><img loading=\"lazy\" decoding=\"async\" width=\"800\" height=\"541\" src=\"http:\/\/lorrylesmetz-histoire.fr\/wp-content\/uploads\/2017\/06\/07-1.jpg\" class=\"slider-1122 slide-1128 msDefaultImage\" alt=\"\" rel=\"\" title=\"\" srcset=\"http:\/\/lorrylesmetz-histoire.fr\/wp-content\/uploads\/2017\/06\/07-1.jpg 800w, http:\/\/lorrylesmetz-histoire.fr\/wp-content\/uploads\/2017\/06\/07-1-300x203.jpg 300w, http:\/\/lorrylesmetz-histoire.fr\/wp-content\/uploads\/2017\/06\/07-1-768x519.jpg 768w\" sizes=\"auto, (max-width: 800px) 100vw, 800px\" \/><\/a><\/li>\n            <li style='display: none;' aria-roledescription='slide' aria-labelledby='slide-6'><a href=\"http:\/\/localhost\/lfdt2\/wp-content\/uploads\/2017\/06\/09-1.jpg\" target=\"_blank\"><img loading=\"lazy\" decoding=\"async\" width=\"800\" height=\"600\" src=\"http:\/\/lorrylesmetz-histoire.fr\/wp-content\/uploads\/2017\/06\/09-1.jpg\" class=\"slider-1122 slide-1129 msDefaultImage\" alt=\"\" rel=\"\" title=\"\" srcset=\"http:\/\/lorrylesmetz-histoire.fr\/wp-content\/uploads\/2017\/06\/09-1.jpg 800w, http:\/\/lorrylesmetz-histoire.fr\/wp-content\/uploads\/2017\/06\/09-1-300x225.jpg 300w, http:\/\/lorrylesmetz-histoire.fr\/wp-content\/uploads\/2017\/06\/09-1-768x576.jpg 768w\" sizes=\"auto, (max-width: 800px) 100vw, 800px\" \/><\/a><\/li>\n            <li style='display: none;' aria-roledescription='slide' aria-labelledby='slide-7'><a href=\"http:\/\/localhost\/lfdt2\/wp-content\/uploads\/2017\/06\/10-1.jpg\" target=\"_blank\"><img loading=\"lazy\" decoding=\"async\" width=\"800\" height=\"600\" src=\"http:\/\/lorrylesmetz-histoire.fr\/wp-content\/uploads\/2017\/06\/10-1.jpg\" class=\"slider-1122 slide-1130 msDefaultImage\" alt=\"\" rel=\"\" title=\"\" srcset=\"http:\/\/lorrylesmetz-histoire.fr\/wp-content\/uploads\/2017\/06\/10-1.jpg 800w, http:\/\/lorrylesmetz-histoire.fr\/wp-content\/uploads\/2017\/06\/10-1-300x225.jpg 300w, http:\/\/lorrylesmetz-histoire.fr\/wp-content\/uploads\/2017\/06\/10-1-768x576.jpg 768w\" sizes=\"auto, (max-width: 800px) 100vw, 800px\" \/><\/a><\/li>\n        <\/ul>\n        \n    <\/div>\n<\/div>\n<p>Photos Claudine\u00a0Kester-Elghozi<\/p>\n<p><a href=\"http:\/\/lorrylesmetz-histoire.fr\/?page_id=171\"><img loading=\"lazy\" decoding=\"async\" class=\"alignnone wp-image-378 size-full\" src=\"http:\/\/lorrylesmetz-histoire.fr\/wp-content\/uploads\/2017\/05\/retour.png?_t=1496504944\" alt=\"\" width=\"89\" height=\"31\" \/><\/a><\/p>\n","protected":false},"excerpt":{"rendered":"<p>17\u00a0mars\u00a02017 Plusieurs membres de Lorry-l\u00e8s-Metz \u00ab\u00a0au fil du temps\u00a0\u00bb \u00e9taient \u00e0 la conf\u00e9rence de Julien\u00a0L\u00e9onard\u00a0: \u00ab\u00a0Le pasteur Ancillon (1617-1692). De Metz \u00e0 Berlin, de la France au Refuge\u00a0\u00bb. Pierre\u00a0Bronn, acad\u00e9micien et pr\u00e9sident du Conseil presbyt\u00e9ral du Temple neuf, a pr\u00e9sent\u00e9&hellip; <\/p>\n","protected":false},"author":1,"featured_media":0,"parent":593,"menu_order":3,"comment_status":"closed","ping_status":"closed","template":"","meta":{"_mc_calendar":[],"footnotes":""},"class_list":["post-804","page","type-page","status-publish","hentry"],"_links":{"self":[{"href":"http:\/\/lorrylesmetz-histoire.fr\/index.php?rest_route=\/wp\/v2\/pages\/804","targetHints":{"allow":["GET"]}}],"collection":[{"href":"http:\/\/lorrylesmetz-histoire.fr\/index.php?rest_route=\/wp\/v2\/pages"}],"about":[{"href":"http:\/\/lorrylesmetz-histoire.fr\/index.php?rest_route=\/wp\/v2\/types\/page"}],"author":[{"embeddable":true,"href":"http:\/\/lorrylesmetz-histoire.fr\/index.php?rest_route=\/wp\/v2\/users\/1"}],"replies":[{"embeddable":true,"href":"http:\/\/lorrylesmetz-histoire.fr\/index.php?rest_route=%2Fwp%2Fv2%2Fcomments&post=804"}],"version-history":[{"count":2,"href":"http:\/\/lorrylesmetz-histoire.fr\/index.php?rest_route=\/wp\/v2\/pages\/804\/revisions"}],"predecessor-version":[{"id":1639,"href":"http:\/\/lorrylesmetz-histoire.fr\/index.php?rest_route=\/wp\/v2\/pages\/804\/revisions\/1639"}],"up":[{"embeddable":true,"href":"http:\/\/lorrylesmetz-histoire.fr\/index.php?rest_route=\/wp\/v2\/pages\/593"}],"wp:attachment":[{"href":"http:\/\/lorrylesmetz-histoire.fr\/index.php?rest_route=%2Fwp%2Fv2%2Fmedia&parent=804"}],"curies":[{"name":"wp","href":"https:\/\/api.w.org\/{rel}","templated":true}]}}