{"id":805,"date":"2017-06-03T17:06:51","date_gmt":"2017-06-03T15:06:51","guid":{"rendered":"http:\/\/lorrylesmetz-histoire.fr\/?page_id=805"},"modified":"2018-01-02T08:17:07","modified_gmt":"2018-01-02T07:17:07","slug":"2017-02","status":"publish","type":"page","link":"http:\/\/lorrylesmetz-histoire.fr\/?page_id=805","title":{"rendered":"Assembl\u00e9e g\u00e9n\u00e9rale de la SHW"},"content":{"rendered":"<h3>16\u00a0mars\u00a02017<\/h3>\n<p>&nbsp;<\/p>\n<p style=\"text-align: justify;\">Plusieurs membres de Lorry-l\u00e8s-Metz \u00ab\u00a0au fil du temps\u00a0\u00bb \u00e9taient \u00e0 l\u2019assembl\u00e9e g\u00e9n\u00e9rale de la Soci\u00e9t\u00e9 d\u2019Histoire de Woippy. Marc\u00a0Bojic et le bureau ont pr\u00e9sent\u00e9 les rapports usuels. La Ville de Woippy a assur\u00e9 la SHW de son soutien et Marie-Louise\u00a0Kuntz, conseill\u00e8re r\u00e9gionale, l\u2019a f\u00e9licit\u00e9 pour son excellent travail. Pierre\u00a0Brasme a pr\u00e9sent\u00e9 un petit diaporama retra\u00e7ant le Salon du livre d\u2019Histoire de la Ville de Woippy o\u00f9 l\u2019amiti\u00e9 avec les Lorriots \u00e9tait \u00e0 l\u2019honneur.<\/p>\n<p style=\"text-align: justify;\">Une conf\u00e9rence de Pierre\u00a0Brasme, traitant des \u00ab\u00a0<em>Lorrains connus et moins connus<\/em>\u00a0\u00bb, a r\u00e9v\u00e9l\u00e9 quelques personnalit\u00e9s surprenantes qui ont conquis le public.<\/p>\n<div id=\"metaslider-id-1103\" style=\"width: 100%; margin: 0 auto;\" class=\"ml-slider-3-108-0 metaslider metaslider-responsive metaslider-1103 ml-slider has-dots-nav ms-theme-default\" role=\"region\" aria-label=\"AG SHW 2017\" data-height=\"400\" data-width=\"400\">\n    <div id=\"metaslider_container_1103\">\n        <ul id='metaslider_1103' class='rslides'>\n            <li aria-roledescription='slide' aria-labelledby='slide-0'><a href=\"http:\/\/localhost\/lfdt2\/wp-content\/uploads\/2017\/06\/1.jpg\" target=\"_blank\"><img loading=\"lazy\" decoding=\"async\" width=\"960\" height=\"720\" src=\"http:\/\/lorrylesmetz-histoire.fr\/wp-content\/uploads\/2017\/06\/1.jpg\" class=\"slider-1103 slide-1104 msDefaultImage\" alt=\"\" rel=\"\" title=\"\" srcset=\"http:\/\/lorrylesmetz-histoire.fr\/wp-content\/uploads\/2017\/06\/1.jpg 960w, http:\/\/lorrylesmetz-histoire.fr\/wp-content\/uploads\/2017\/06\/1-300x225.jpg 300w, http:\/\/lorrylesmetz-histoire.fr\/wp-content\/uploads\/2017\/06\/1-768x576.jpg 768w\" sizes=\"auto, (max-width: 960px) 100vw, 960px\" \/><\/a><\/li>\n            <li style='display: none;' aria-roledescription='slide' aria-labelledby='slide-1'><a href=\"http:\/\/localhost\/lfdt2\/wp-content\/uploads\/2017\/06\/2.jpg\" target=\"_blank\"><img loading=\"lazy\" decoding=\"async\" width=\"960\" height=\"652\" src=\"http:\/\/lorrylesmetz-histoire.fr\/wp-content\/uploads\/2017\/06\/2.jpg\" class=\"slider-1103 slide-1105 msDefaultImage\" alt=\"\" rel=\"\" title=\"\" srcset=\"http:\/\/lorrylesmetz-histoire.fr\/wp-content\/uploads\/2017\/06\/2.jpg 960w, http:\/\/lorrylesmetz-histoire.fr\/wp-content\/uploads\/2017\/06\/2-300x204.jpg 300w, http:\/\/lorrylesmetz-histoire.fr\/wp-content\/uploads\/2017\/06\/2-768x522.jpg 768w\" sizes=\"auto, (max-width: 960px) 100vw, 960px\" \/><\/a><\/li>\n            <li style='display: none;' aria-roledescription='slide' aria-labelledby='slide-2'><a href=\"http:\/\/localhost\/lfdt2\/wp-content\/uploads\/2017\/06\/3.jpg\" target=\"_blank\"><img loading=\"lazy\" decoding=\"async\" width=\"720\" height=\"960\" src=\"http:\/\/lorrylesmetz-histoire.fr\/wp-content\/uploads\/2017\/06\/3.jpg\" class=\"slider-1103 slide-1106 msDefaultImage\" alt=\"\" rel=\"\" title=\"\" srcset=\"http:\/\/lorrylesmetz-histoire.fr\/wp-content\/uploads\/2017\/06\/3.jpg 720w, http:\/\/lorrylesmetz-histoire.fr\/wp-content\/uploads\/2017\/06\/3-225x300.jpg 225w\" sizes=\"auto, (max-width: 720px) 100vw, 720px\" \/><\/a><\/li>\n            <li style='display: none;' aria-roledescription='slide' aria-labelledby='slide-3'><a href=\"http:\/\/localhost\/lfdt2\/wp-content\/uploads\/2017\/06\/4.jpg\" target=\"_blank\"><img loading=\"lazy\" decoding=\"async\" width=\"720\" height=\"960\" src=\"http:\/\/lorrylesmetz-histoire.fr\/wp-content\/uploads\/2017\/06\/4.jpg\" class=\"slider-1103 slide-1107 msDefaultImage\" alt=\"\" rel=\"\" title=\"\" srcset=\"http:\/\/lorrylesmetz-histoire.fr\/wp-content\/uploads\/2017\/06\/4.jpg 720w, http:\/\/lorrylesmetz-histoire.fr\/wp-content\/uploads\/2017\/06\/4-225x300.jpg 225w\" sizes=\"auto, (max-width: 720px) 100vw, 720px\" \/><\/a><\/li>\n            <li style='display: none;' aria-roledescription='slide' aria-labelledby='slide-4'><a href=\"http:\/\/localhost\/lfdt2\/wp-content\/uploads\/2017\/06\/5.jpg\" target=\"_blank\"><img loading=\"lazy\" decoding=\"async\" width=\"960\" height=\"636\" src=\"http:\/\/lorrylesmetz-histoire.fr\/wp-content\/uploads\/2017\/06\/5.jpg\" class=\"slider-1103 slide-1108 msDefaultImage\" alt=\"\" rel=\"\" title=\"\" srcset=\"http:\/\/lorrylesmetz-histoire.fr\/wp-content\/uploads\/2017\/06\/5.jpg 960w, http:\/\/lorrylesmetz-histoire.fr\/wp-content\/uploads\/2017\/06\/5-300x199.jpg 300w, http:\/\/lorrylesmetz-histoire.fr\/wp-content\/uploads\/2017\/06\/5-768x509.jpg 768w\" sizes=\"auto, (max-width: 960px) 100vw, 960px\" \/><\/a><\/li>\n            <li style='display: none;' aria-roledescription='slide' aria-labelledby='slide-5'><a href=\"http:\/\/localhost\/lfdt2\/wp-content\/uploads\/2017\/06\/6.jpg\" target=\"_blank\"><img loading=\"lazy\" decoding=\"async\" width=\"720\" height=\"960\" src=\"http:\/\/lorrylesmetz-histoire.fr\/wp-content\/uploads\/2017\/06\/6.jpg\" class=\"slider-1103 slide-1109 msDefaultImage\" alt=\"\" rel=\"\" title=\"\" srcset=\"http:\/\/lorrylesmetz-histoire.fr\/wp-content\/uploads\/2017\/06\/6.jpg 720w, http:\/\/lorrylesmetz-histoire.fr\/wp-content\/uploads\/2017\/06\/6-225x300.jpg 225w\" sizes=\"auto, (max-width: 720px) 100vw, 720px\" \/><\/a><\/li>\n            <li style='display: none;' aria-roledescription='slide' aria-labelledby='slide-6'><a href=\"http:\/\/localhost\/lfdt2\/wp-content\/uploads\/2017\/06\/7.jpg\" target=\"_blank\"><img loading=\"lazy\" decoding=\"async\" width=\"960\" height=\"720\" src=\"http:\/\/lorrylesmetz-histoire.fr\/wp-content\/uploads\/2017\/06\/7.jpg\" class=\"slider-1103 slide-1110 msDefaultImage\" alt=\"\" rel=\"\" title=\"\" srcset=\"http:\/\/lorrylesmetz-histoire.fr\/wp-content\/uploads\/2017\/06\/7.jpg 960w, http:\/\/lorrylesmetz-histoire.fr\/wp-content\/uploads\/2017\/06\/7-300x225.jpg 300w, http:\/\/lorrylesmetz-histoire.fr\/wp-content\/uploads\/2017\/06\/7-768x576.jpg 768w\" sizes=\"auto, (max-width: 960px) 100vw, 960px\" \/><\/a><\/li>\n            <li style='display: none;' aria-roledescription='slide' aria-labelledby='slide-7'><a href=\"http:\/\/localhost\/lfdt2\/wp-content\/uploads\/2017\/06\/8.jpg\" target=\"_blank\"><img loading=\"lazy\" decoding=\"async\" width=\"960\" height=\"720\" src=\"http:\/\/lorrylesmetz-histoire.fr\/wp-content\/uploads\/2017\/06\/8.jpg\" class=\"slider-1103 slide-1111 msDefaultImage\" alt=\"\" rel=\"\" title=\"\" srcset=\"http:\/\/lorrylesmetz-histoire.fr\/wp-content\/uploads\/2017\/06\/8.jpg 960w, http:\/\/lorrylesmetz-histoire.fr\/wp-content\/uploads\/2017\/06\/8-300x225.jpg 300w, http:\/\/lorrylesmetz-histoire.fr\/wp-content\/uploads\/2017\/06\/8-768x576.jpg 768w\" sizes=\"auto, (max-width: 960px) 100vw, 960px\" \/><\/a><\/li>\n        <\/ul>\n        \n    <\/div>\n<\/div>\n<p>Photos Claudine\u00a0Kester-Elghozi<\/p>\n<p><a href=\"http:\/\/lorrylesmetz-histoire.fr\/?page_id=593\"><img loading=\"lazy\" decoding=\"async\" class=\"alignnone wp-image-378 size-full\" src=\"http:\/\/lorrylesmetz-histoire.fr\/wp-content\/uploads\/2017\/05\/retour.png?_t=1496504992\" alt=\"\" width=\"89\" height=\"31\" \/><\/a><\/p>\n","protected":false},"excerpt":{"rendered":"<p>16\u00a0mars\u00a02017 &nbsp; Plusieurs membres de Lorry-l\u00e8s-Metz \u00ab\u00a0au fil du temps\u00a0\u00bb \u00e9taient \u00e0 l\u2019assembl\u00e9e g\u00e9n\u00e9rale de la Soci\u00e9t\u00e9 d\u2019Histoire de Woippy. Marc\u00a0Bojic et le bureau ont pr\u00e9sent\u00e9 les rapports usuels. La Ville de Woippy a assur\u00e9 la SHW de son soutien&hellip; <\/p>\n","protected":false},"author":1,"featured_media":0,"parent":593,"menu_order":2,"comment_status":"closed","ping_status":"closed","template":"","meta":{"_mc_calendar":[],"footnotes":""},"class_list":["post-805","page","type-page","status-publish","hentry"],"_links":{"self":[{"href":"http:\/\/lorrylesmetz-histoire.fr\/index.php?rest_route=\/wp\/v2\/pages\/805","targetHints":{"allow":["GET"]}}],"collection":[{"href":"http:\/\/lorrylesmetz-histoire.fr\/index.php?rest_route=\/wp\/v2\/pages"}],"about":[{"href":"http:\/\/lorrylesmetz-histoire.fr\/index.php?rest_route=\/wp\/v2\/types\/page"}],"author":[{"embeddable":true,"href":"http:\/\/lorrylesmetz-histoire.fr\/index.php?rest_route=\/wp\/v2\/users\/1"}],"replies":[{"embeddable":true,"href":"http:\/\/lorrylesmetz-histoire.fr\/index.php?rest_route=%2Fwp%2Fv2%2Fcomments&post=805"}],"version-history":[{"count":1,"href":"http:\/\/lorrylesmetz-histoire.fr\/index.php?rest_route=\/wp\/v2\/pages\/805\/revisions"}],"predecessor-version":[{"id":3006,"href":"http:\/\/lorrylesmetz-histoire.fr\/index.php?rest_route=\/wp\/v2\/pages\/805\/revisions\/3006"}],"up":[{"embeddable":true,"href":"http:\/\/lorrylesmetz-histoire.fr\/index.php?rest_route=\/wp\/v2\/pages\/593"}],"wp:attachment":[{"href":"http:\/\/lorrylesmetz-histoire.fr\/index.php?rest_route=%2Fwp%2Fv2%2Fmedia&parent=805"}],"curies":[{"name":"wp","href":"https:\/\/api.w.org\/{rel}","templated":true}]}}