{"id":806,"date":"2017-05-31T19:47:22","date_gmt":"2017-05-31T17:47:22","guid":{"rendered":"http:\/\/lorrylesmetz-histoire.fr\/?page_id=806"},"modified":"2018-01-02T08:10:44","modified_gmt":"2018-01-02T07:10:44","slug":"2017-01","status":"publish","type":"page","link":"http:\/\/lorrylesmetz-histoire.fr\/?page_id=806","title":{"rendered":"Conf\u00e9rence \u00e0 Scy-Chazelles"},"content":{"rendered":"<h2 style=\"text-align: center;\"><strong>Conf\u00e9rence de S\u00e9bastien\u00a0Wagner \u00ab\u00a02017, ann\u00e9e de l\u2019Europe \u00e0 Scy-Chazelles\u00a0\u00bb<\/strong><\/h2>\n<h3>10\u00a0mars\u00a02017<\/h3>\n<p style=\"text-align: justify;\">Plusieurs membres de Lorry-l\u00e8s-Metz \u00ab\u00a0au fil du temps\u00a0\u00bb \u00e9taient \u00e0 la conf\u00e9rence propos\u00e9e par l\u2019association \u00c9tincelles dans le cadre de \u00ab\u00a0<em>2017, ann\u00e9e de l\u2019Europe \u00e0 Scy-Chazelles\u00a0<\/em>\u00bb et anim\u00e9e par S\u00e9bastien\u00a0Wagner, historien-conf\u00e9rencier et directeur des \u00c9ditions des Paraiges.<\/p>\n<p style=\"text-align: justify;\">S\u00e9bastien\u00a0Wagner fera d\u00e9couvrir la facette europ\u00e9enne de Robert\u00a0SCHUMAN ainsi que plusieurs biographies de ce grand homme.<\/p>\n<div id=\"metaslider-id-813\" style=\"width: 100%; margin: 0 auto;\" class=\"ml-slider-3-108-0 metaslider metaslider-responsive metaslider-813 ml-slider has-dots-nav ms-theme-default\" role=\"region\" aria-label=\"Conf Europe\" data-height=\"400\" data-width=\"400\">\n    <div id=\"metaslider_container_813\">\n        <ul id='metaslider_813' class='rslides'>\n            <li aria-roledescription='slide' aria-labelledby='slide-0'><a href=\"http:\/\/localhost\/lfdt2\/wp-content\/uploads\/2017\/05\/1-1.jpg\" target=\"_blank\"><img loading=\"lazy\" decoding=\"async\" width=\"1280\" height=\"960\" src=\"http:\/\/lorrylesmetz-histoire.fr\/wp-content\/uploads\/2017\/05\/1-1.jpg\" class=\"slider-813 slide-814 msDefaultImage\" alt=\"\" rel=\"\" title=\"\" srcset=\"http:\/\/lorrylesmetz-histoire.fr\/wp-content\/uploads\/2017\/05\/1-1.jpg 1280w, http:\/\/lorrylesmetz-histoire.fr\/wp-content\/uploads\/2017\/05\/1-1-300x225.jpg 300w, http:\/\/lorrylesmetz-histoire.fr\/wp-content\/uploads\/2017\/05\/1-1-768x576.jpg 768w, http:\/\/lorrylesmetz-histoire.fr\/wp-content\/uploads\/2017\/05\/1-1-1024x768.jpg 1024w, http:\/\/lorrylesmetz-histoire.fr\/wp-content\/uploads\/2017\/05\/1-1-100x75.jpg 100w, http:\/\/lorrylesmetz-histoire.fr\/wp-content\/uploads\/2017\/05\/1-1-150x113.jpg 150w, http:\/\/lorrylesmetz-histoire.fr\/wp-content\/uploads\/2017\/05\/1-1-200x150.jpg 200w, http:\/\/lorrylesmetz-histoire.fr\/wp-content\/uploads\/2017\/05\/1-1-450x338.jpg 450w, http:\/\/lorrylesmetz-histoire.fr\/wp-content\/uploads\/2017\/05\/1-1-600x450.jpg 600w, http:\/\/lorrylesmetz-histoire.fr\/wp-content\/uploads\/2017\/05\/1-1-900x675.jpg 900w\" sizes=\"auto, (max-width: 1280px) 100vw, 1280px\" \/><\/a><\/li>\n            <li style='display: none;' aria-roledescription='slide' aria-labelledby='slide-1'><a href=\"http:\/\/localhost\/lfdt2\/wp-content\/uploads\/2017\/05\/2-1.jpg\" target=\"_blank\"><img loading=\"lazy\" decoding=\"async\" width=\"1280\" height=\"960\" src=\"http:\/\/lorrylesmetz-histoire.fr\/wp-content\/uploads\/2017\/05\/2-1.jpg\" class=\"slider-813 slide-815 msDefaultImage\" alt=\"\" rel=\"\" title=\"\" srcset=\"http:\/\/lorrylesmetz-histoire.fr\/wp-content\/uploads\/2017\/05\/2-1.jpg 1280w, http:\/\/lorrylesmetz-histoire.fr\/wp-content\/uploads\/2017\/05\/2-1-300x225.jpg 300w, http:\/\/lorrylesmetz-histoire.fr\/wp-content\/uploads\/2017\/05\/2-1-768x576.jpg 768w, http:\/\/lorrylesmetz-histoire.fr\/wp-content\/uploads\/2017\/05\/2-1-1024x768.jpg 1024w, http:\/\/lorrylesmetz-histoire.fr\/wp-content\/uploads\/2017\/05\/2-1-100x75.jpg 100w, http:\/\/lorrylesmetz-histoire.fr\/wp-content\/uploads\/2017\/05\/2-1-150x113.jpg 150w, http:\/\/lorrylesmetz-histoire.fr\/wp-content\/uploads\/2017\/05\/2-1-200x150.jpg 200w, http:\/\/lorrylesmetz-histoire.fr\/wp-content\/uploads\/2017\/05\/2-1-450x338.jpg 450w, http:\/\/lorrylesmetz-histoire.fr\/wp-content\/uploads\/2017\/05\/2-1-600x450.jpg 600w, http:\/\/lorrylesmetz-histoire.fr\/wp-content\/uploads\/2017\/05\/2-1-900x675.jpg 900w\" sizes=\"auto, (max-width: 1280px) 100vw, 1280px\" \/><\/a><\/li>\n            <li style='display: none;' aria-roledescription='slide' aria-labelledby='slide-2'><a href=\"http:\/\/localhost\/lfdt2\/wp-content\/uploads\/2017\/05\/3-1.jpg\" target=\"_blank\"><img loading=\"lazy\" decoding=\"async\" width=\"1280\" height=\"960\" src=\"http:\/\/lorrylesmetz-histoire.fr\/wp-content\/uploads\/2017\/05\/3-1.jpg\" class=\"slider-813 slide-816 msDefaultImage\" alt=\"\" rel=\"\" title=\"\" srcset=\"http:\/\/lorrylesmetz-histoire.fr\/wp-content\/uploads\/2017\/05\/3-1.jpg 1280w, http:\/\/lorrylesmetz-histoire.fr\/wp-content\/uploads\/2017\/05\/3-1-300x225.jpg 300w, http:\/\/lorrylesmetz-histoire.fr\/wp-content\/uploads\/2017\/05\/3-1-768x576.jpg 768w, http:\/\/lorrylesmetz-histoire.fr\/wp-content\/uploads\/2017\/05\/3-1-1024x768.jpg 1024w, http:\/\/lorrylesmetz-histoire.fr\/wp-content\/uploads\/2017\/05\/3-1-100x75.jpg 100w, http:\/\/lorrylesmetz-histoire.fr\/wp-content\/uploads\/2017\/05\/3-1-150x113.jpg 150w, http:\/\/lorrylesmetz-histoire.fr\/wp-content\/uploads\/2017\/05\/3-1-200x150.jpg 200w, http:\/\/lorrylesmetz-histoire.fr\/wp-content\/uploads\/2017\/05\/3-1-450x338.jpg 450w, http:\/\/lorrylesmetz-histoire.fr\/wp-content\/uploads\/2017\/05\/3-1-600x450.jpg 600w, http:\/\/lorrylesmetz-histoire.fr\/wp-content\/uploads\/2017\/05\/3-1-900x675.jpg 900w\" sizes=\"auto, (max-width: 1280px) 100vw, 1280px\" \/><\/a><\/li>\n            <li style='display: none;' aria-roledescription='slide' aria-labelledby='slide-3'><a href=\"http:\/\/localhost\/lfdt2\/wp-content\/uploads\/2017\/05\/4-1.jpg\" target=\"_blank\"><img loading=\"lazy\" decoding=\"async\" width=\"1280\" height=\"867\" src=\"http:\/\/lorrylesmetz-histoire.fr\/wp-content\/uploads\/2017\/05\/4-1.jpg\" class=\"slider-813 slide-817 msDefaultImage\" alt=\"\" rel=\"\" title=\"\" srcset=\"http:\/\/lorrylesmetz-histoire.fr\/wp-content\/uploads\/2017\/05\/4-1.jpg 1280w, http:\/\/lorrylesmetz-histoire.fr\/wp-content\/uploads\/2017\/05\/4-1-300x203.jpg 300w, http:\/\/lorrylesmetz-histoire.fr\/wp-content\/uploads\/2017\/05\/4-1-768x520.jpg 768w, http:\/\/lorrylesmetz-histoire.fr\/wp-content\/uploads\/2017\/05\/4-1-1024x694.jpg 1024w, http:\/\/lorrylesmetz-histoire.fr\/wp-content\/uploads\/2017\/05\/4-1-100x68.jpg 100w, http:\/\/lorrylesmetz-histoire.fr\/wp-content\/uploads\/2017\/05\/4-1-150x102.jpg 150w, http:\/\/lorrylesmetz-histoire.fr\/wp-content\/uploads\/2017\/05\/4-1-200x135.jpg 200w, http:\/\/lorrylesmetz-histoire.fr\/wp-content\/uploads\/2017\/05\/4-1-450x305.jpg 450w, http:\/\/lorrylesmetz-histoire.fr\/wp-content\/uploads\/2017\/05\/4-1-600x406.jpg 600w, http:\/\/lorrylesmetz-histoire.fr\/wp-content\/uploads\/2017\/05\/4-1-900x610.jpg 900w\" sizes=\"auto, (max-width: 1280px) 100vw, 1280px\" \/><\/a><\/li>\n            <li style='display: none;' aria-roledescription='slide' aria-labelledby='slide-4'><a href=\"http:\/\/localhost\/lfdt2\/wp-content\/uploads\/2017\/05\/5-1.jpg\" target=\"_blank\"><img loading=\"lazy\" decoding=\"async\" width=\"1280\" height=\"960\" src=\"http:\/\/lorrylesmetz-histoire.fr\/wp-content\/uploads\/2017\/05\/5-1.jpg\" class=\"slider-813 slide-818 msDefaultImage\" alt=\"\" rel=\"\" title=\"\" srcset=\"http:\/\/lorrylesmetz-histoire.fr\/wp-content\/uploads\/2017\/05\/5-1.jpg 1280w, http:\/\/lorrylesmetz-histoire.fr\/wp-content\/uploads\/2017\/05\/5-1-300x225.jpg 300w, http:\/\/lorrylesmetz-histoire.fr\/wp-content\/uploads\/2017\/05\/5-1-768x576.jpg 768w, http:\/\/lorrylesmetz-histoire.fr\/wp-content\/uploads\/2017\/05\/5-1-1024x768.jpg 1024w, http:\/\/lorrylesmetz-histoire.fr\/wp-content\/uploads\/2017\/05\/5-1-100x75.jpg 100w, http:\/\/lorrylesmetz-histoire.fr\/wp-content\/uploads\/2017\/05\/5-1-150x113.jpg 150w, http:\/\/lorrylesmetz-histoire.fr\/wp-content\/uploads\/2017\/05\/5-1-200x150.jpg 200w, http:\/\/lorrylesmetz-histoire.fr\/wp-content\/uploads\/2017\/05\/5-1-450x338.jpg 450w, http:\/\/lorrylesmetz-histoire.fr\/wp-content\/uploads\/2017\/05\/5-1-600x450.jpg 600w, http:\/\/lorrylesmetz-histoire.fr\/wp-content\/uploads\/2017\/05\/5-1-900x675.jpg 900w\" sizes=\"auto, (max-width: 1280px) 100vw, 1280px\" \/><\/a><\/li>\n        <\/ul>\n        \n    <\/div>\n<\/div>\n<p>Photos Claudine\u00a0Kester-Elghozi<\/p>\n<p>&nbsp;<\/p>\n<p><a href=\"http:\/\/lorrylesmetz-histoire.fr\/?page_id=593\"><img loading=\"lazy\" decoding=\"async\" class=\"alignnone wp-image-378 size-full\" src=\"http:\/\/lorrylesmetz-histoire.fr\/wp-content\/uploads\/2017\/05\/retour.png?_t=1496252615\" alt=\"\" width=\"89\" height=\"31\" \/><\/a><\/p>\n","protected":false},"excerpt":{"rendered":"<p>Conf\u00e9rence de S\u00e9bastien\u00a0Wagner \u00ab\u00a02017, ann\u00e9e de l\u2019Europe \u00e0 Scy-Chazelles\u00a0\u00bb 10\u00a0mars\u00a02017 Plusieurs membres de Lorry-l\u00e8s-Metz \u00ab\u00a0au fil du temps\u00a0\u00bb \u00e9taient \u00e0 la conf\u00e9rence propos\u00e9e par l\u2019association \u00c9tincelles dans le cadre de \u00ab\u00a02017, ann\u00e9e de l\u2019Europe \u00e0 Scy-Chazelles\u00a0\u00bb et anim\u00e9e par S\u00e9bastien\u00a0Wagner,&hellip; <\/p>\n","protected":false},"author":1,"featured_media":0,"parent":593,"menu_order":0,"comment_status":"closed","ping_status":"closed","template":"","meta":{"_mc_calendar":[],"footnotes":""},"class_list":["post-806","page","type-page","status-publish","hentry"],"_links":{"self":[{"href":"http:\/\/lorrylesmetz-histoire.fr\/index.php?rest_route=\/wp\/v2\/pages\/806","targetHints":{"allow":["GET"]}}],"collection":[{"href":"http:\/\/lorrylesmetz-histoire.fr\/index.php?rest_route=\/wp\/v2\/pages"}],"about":[{"href":"http:\/\/lorrylesmetz-histoire.fr\/index.php?rest_route=\/wp\/v2\/types\/page"}],"author":[{"embeddable":true,"href":"http:\/\/lorrylesmetz-histoire.fr\/index.php?rest_route=\/wp\/v2\/users\/1"}],"replies":[{"embeddable":true,"href":"http:\/\/lorrylesmetz-histoire.fr\/index.php?rest_route=%2Fwp%2Fv2%2Fcomments&post=806"}],"version-history":[{"count":1,"href":"http:\/\/lorrylesmetz-histoire.fr\/index.php?rest_route=\/wp\/v2\/pages\/806\/revisions"}],"predecessor-version":[{"id":2998,"href":"http:\/\/lorrylesmetz-histoire.fr\/index.php?rest_route=\/wp\/v2\/pages\/806\/revisions\/2998"}],"up":[{"embeddable":true,"href":"http:\/\/lorrylesmetz-histoire.fr\/index.php?rest_route=\/wp\/v2\/pages\/593"}],"wp:attachment":[{"href":"http:\/\/lorrylesmetz-histoire.fr\/index.php?rest_route=%2Fwp%2Fv2%2Fmedia&parent=806"}],"curies":[{"name":"wp","href":"https:\/\/api.w.org\/{rel}","templated":true}]}}