{"id":8123,"date":"2024-12-02T14:55:18","date_gmt":"2024-12-02T13:55:18","guid":{"rendered":"http:\/\/lorrylesmetz-histoire.fr\/?page_id=8123"},"modified":"2024-12-02T14:57:36","modified_gmt":"2024-12-02T13:57:36","slug":"conference-les-aumoniers-militaires","status":"publish","type":"page","link":"http:\/\/lorrylesmetz-histoire.fr\/?page_id=8123","title":{"rendered":"Conf\u00e9rence Les aum\u00f4niers militaires"},"content":{"rendered":"<h2>10 novembre 2024<\/h2>\n<p>Lorry-l\u00e8s-Metz \u00ab\u00a0au fil du temps\u00a0\u00bb a eu le plaisir d&rsquo;accueillir \u00e0 l&rsquo;Espace Philippe-de-Vigneulles, Christian M\u00e9rot qui a pr\u00e9sent\u00e9 devant un auditoire d&rsquo;une quarantaine de personnes l&rsquo;histoire des aum\u00f4niers militaires de la garnison de Metz forte de 10 000 hommes, soit un quart de la population d\u2019avant la guerre de 1870. \u00c0 noter parmi l&rsquo;assistance la pr\u00e9sence de Jean-Paul Gervail, aum\u00f4nier militaire de l&rsquo;h\u00f4pital Legouest, et de nos amis de l&rsquo;association des Amis du Vieux Plappeville. Une jolie composition automnale r\u00e9alis\u00e9e par la vice-pr\u00e9sidente Claudine Kester, constituait le cadre des \u00e9changes qui se sont prolong\u00e9s autour du verre de l&rsquo;amiti\u00e9.<\/p>\n<div id=\"metaslider-id-8089\" style=\"width: 100%;\" class=\"ml-slider-3-108-0 metaslider metaslider-flex metaslider-8089 ml-slider has-dots-nav ms-theme-default-base\" role=\"region\" aria-label=\"Aumoniers militaires\" data-height=\"300\" data-width=\"700\">\n    <div id=\"metaslider_container_8089\">\n        <div id=\"metaslider_8089\">\n            <ul class='slides'>\n                <li style=\"display: block; width: 100%;\" class=\"slide-8091 ms-image \" aria-roledescription=\"slide\" data-date=\"2024-12-02 14:48:09\" data-filename=\"01-700x300.jpg\" data-slide-type=\"image\"><a href=\"http:\/\/lorrylesmetz-histoire.fr\/wp-content\/uploads\/2024\/12\/01.jpg\" target=\"_blank\" aria-label=\"Voir les d\u00e9tails de la diapositive\" class=\"metaslider_image_link\"><img loading=\"lazy\" decoding=\"async\" src=\"http:\/\/lorrylesmetz-histoire.fr\/wp-content\/uploads\/2024\/12\/01-700x300.jpg\" height=\"300\" width=\"700\" alt=\"\" class=\"slider-8089 slide-8091 msDefaultImage\" title=\"01\" \/><\/a><\/li>\n                <li style=\"display: none; width: 100%;\" class=\"slide-8092 ms-image \" aria-roledescription=\"slide\" data-date=\"2024-12-02 14:48:09\" data-filename=\"02-700x300.jpg\" data-slide-type=\"image\"><a href=\"http:\/\/lorrylesmetz-histoire.fr\/wp-content\/uploads\/2024\/12\/02.jpg\" target=\"_blank\" aria-label=\"Voir les d\u00e9tails de la diapositive\" class=\"metaslider_image_link\"><img loading=\"lazy\" decoding=\"async\" src=\"http:\/\/lorrylesmetz-histoire.fr\/wp-content\/uploads\/2024\/12\/02-700x300.jpg\" height=\"300\" width=\"700\" alt=\"\" class=\"slider-8089 slide-8092 msDefaultImage\" title=\"02\" \/><\/a><\/li>\n                <li style=\"display: none; width: 100%;\" class=\"slide-8093 ms-image \" aria-roledescription=\"slide\" data-date=\"2024-12-02 14:48:09\" data-filename=\"03-700x300.jpg\" data-slide-type=\"image\"><a href=\"http:\/\/lorrylesmetz-histoire.fr\/wp-content\/uploads\/2024\/12\/03.jpg\" target=\"_blank\" aria-label=\"Voir les d\u00e9tails de la diapositive\" class=\"metaslider_image_link\"><img loading=\"lazy\" decoding=\"async\" src=\"http:\/\/lorrylesmetz-histoire.fr\/wp-content\/uploads\/2024\/12\/03-700x300.jpg\" height=\"300\" width=\"700\" alt=\"\" class=\"slider-8089 slide-8093 msDefaultImage\" title=\"03\" \/><\/a><\/li>\n                <li style=\"display: none; width: 100%;\" class=\"slide-8094 ms-image \" aria-roledescription=\"slide\" data-date=\"2024-12-02 14:48:10\" data-filename=\"04-700x300.jpg\" data-slide-type=\"image\"><a href=\"http:\/\/lorrylesmetz-histoire.fr\/wp-content\/uploads\/2024\/12\/04.jpg\" target=\"_blank\" aria-label=\"Voir les d\u00e9tails de la diapositive\" class=\"metaslider_image_link\"><img loading=\"lazy\" decoding=\"async\" src=\"http:\/\/lorrylesmetz-histoire.fr\/wp-content\/uploads\/2024\/12\/04-700x300.jpg\" height=\"300\" width=\"700\" alt=\"\" class=\"slider-8089 slide-8094 msDefaultImage\" title=\"04\" \/><\/a><\/li>\n                <li style=\"display: none; width: 100%;\" class=\"slide-8095 ms-image \" aria-roledescription=\"slide\" data-date=\"2024-12-02 14:48:10\" data-filename=\"05-700x300.jpg\" data-slide-type=\"image\"><a href=\"http:\/\/lorrylesmetz-histoire.fr\/wp-content\/uploads\/2024\/12\/05.jpg\" target=\"_blank\" aria-label=\"Voir les d\u00e9tails de la diapositive\" class=\"metaslider_image_link\"><img loading=\"lazy\" decoding=\"async\" src=\"http:\/\/lorrylesmetz-histoire.fr\/wp-content\/uploads\/2024\/12\/05-700x300.jpg\" height=\"300\" width=\"700\" alt=\"\" class=\"slider-8089 slide-8095 msDefaultImage\" title=\"05\" \/><\/a><\/li>\n                <li style=\"display: none; width: 100%;\" class=\"slide-8096 ms-image \" aria-roledescription=\"slide\" data-date=\"2024-12-02 14:48:10\" data-filename=\"06-700x300.jpg\" data-slide-type=\"image\"><a href=\"http:\/\/lorrylesmetz-histoire.fr\/wp-content\/uploads\/2024\/12\/06.jpg\" target=\"_blank\" aria-label=\"Voir les d\u00e9tails de la diapositive\" class=\"metaslider_image_link\"><img loading=\"lazy\" decoding=\"async\" src=\"http:\/\/lorrylesmetz-histoire.fr\/wp-content\/uploads\/2024\/12\/06-700x300.jpg\" height=\"300\" width=\"700\" alt=\"\" class=\"slider-8089 slide-8096 msDefaultImage\" title=\"06\" \/><\/a><\/li>\n                <li style=\"display: none; width: 100%;\" class=\"slide-8097 ms-image \" aria-roledescription=\"slide\" data-date=\"2024-12-02 14:48:10\" data-filename=\"07-700x300.jpg\" data-slide-type=\"image\"><a href=\"http:\/\/lorrylesmetz-histoire.fr\/wp-content\/uploads\/2024\/12\/07.jpg\" target=\"_blank\" aria-label=\"Voir les d\u00e9tails de la diapositive\" class=\"metaslider_image_link\"><img loading=\"lazy\" decoding=\"async\" src=\"http:\/\/lorrylesmetz-histoire.fr\/wp-content\/uploads\/2024\/12\/07-700x300.jpg\" height=\"300\" width=\"700\" alt=\"\" class=\"slider-8089 slide-8097 msDefaultImage\" title=\"07\" \/><\/a><\/li>\n                <li style=\"display: none; width: 100%;\" class=\"slide-8098 ms-image \" aria-roledescription=\"slide\" data-date=\"2024-12-02 14:48:10\" data-filename=\"08-700x300.jpg\" data-slide-type=\"image\"><a href=\"http:\/\/lorrylesmetz-histoire.fr\/wp-content\/uploads\/2024\/12\/08.jpg\" target=\"_blank\" aria-label=\"Voir les d\u00e9tails de la diapositive\" class=\"metaslider_image_link\"><img loading=\"lazy\" decoding=\"async\" src=\"http:\/\/lorrylesmetz-histoire.fr\/wp-content\/uploads\/2024\/12\/08-700x300.jpg\" height=\"300\" width=\"700\" alt=\"\" class=\"slider-8089 slide-8098 msDefaultImage\" title=\"08\" \/><\/a><\/li>\n                <li style=\"display: none; width: 100%;\" class=\"slide-8099 ms-image \" aria-roledescription=\"slide\" data-date=\"2024-12-02 14:48:10\" data-filename=\"09-700x300.jpg\" data-slide-type=\"image\"><a href=\"http:\/\/lorrylesmetz-histoire.fr\/wp-content\/uploads\/2024\/12\/09.jpg\" target=\"_blank\" aria-label=\"Voir les d\u00e9tails de la diapositive\" class=\"metaslider_image_link\"><img loading=\"lazy\" decoding=\"async\" src=\"http:\/\/lorrylesmetz-histoire.fr\/wp-content\/uploads\/2024\/12\/09-700x300.jpg\" height=\"300\" width=\"700\" alt=\"\" class=\"slider-8089 slide-8099 msDefaultImage\" title=\"09\" \/><\/a><\/li>\n                <li style=\"display: none; width: 100%;\" class=\"slide-8100 ms-image \" aria-roledescription=\"slide\" data-date=\"2024-12-02 14:48:10\" data-filename=\"10-700x300.jpg\" data-slide-type=\"image\"><a href=\"http:\/\/lorrylesmetz-histoire.fr\/wp-content\/uploads\/2024\/12\/10.jpg\" target=\"_blank\" aria-label=\"Voir les d\u00e9tails de la diapositive\" class=\"metaslider_image_link\"><img loading=\"lazy\" decoding=\"async\" src=\"http:\/\/lorrylesmetz-histoire.fr\/wp-content\/uploads\/2024\/12\/10-700x300.jpg\" height=\"300\" width=\"700\" alt=\"\" class=\"slider-8089 slide-8100 msDefaultImage\" title=\"10\" \/><\/a><\/li>\n                <li style=\"display: none; width: 100%;\" class=\"slide-8101 ms-image \" aria-roledescription=\"slide\" data-date=\"2024-12-02 14:48:10\" data-filename=\"11-700x300.jpg\" data-slide-type=\"image\"><a href=\"http:\/\/lorrylesmetz-histoire.fr\/wp-content\/uploads\/2024\/12\/11.jpg\" target=\"_blank\" aria-label=\"Voir les d\u00e9tails de la diapositive\" class=\"metaslider_image_link\"><img loading=\"lazy\" decoding=\"async\" src=\"http:\/\/lorrylesmetz-histoire.fr\/wp-content\/uploads\/2024\/12\/11-700x300.jpg\" height=\"300\" width=\"700\" alt=\"\" class=\"slider-8089 slide-8101 msDefaultImage\" title=\"11\" \/><\/a><\/li>\n                <li style=\"display: none; width: 100%;\" class=\"slide-8102 ms-image \" aria-roledescription=\"slide\" data-date=\"2024-12-02 14:48:10\" data-filename=\"12-700x300.jpg\" data-slide-type=\"image\"><a href=\"http:\/\/lorrylesmetz-histoire.fr\/wp-content\/uploads\/2024\/12\/12.jpg\" target=\"_blank\" aria-label=\"Voir les d\u00e9tails de la diapositive\" class=\"metaslider_image_link\"><img loading=\"lazy\" decoding=\"async\" src=\"http:\/\/lorrylesmetz-histoire.fr\/wp-content\/uploads\/2024\/12\/12-700x300.jpg\" height=\"300\" width=\"700\" alt=\"\" class=\"slider-8089 slide-8102 msDefaultImage\" title=\"12\" \/><\/a><\/li>\n                <li style=\"display: none; width: 100%;\" class=\"slide-8103 ms-image \" aria-roledescription=\"slide\" data-date=\"2024-12-02 14:48:10\" data-filename=\"13-664x284.jpg\" data-slide-type=\"image\"><a href=\"http:\/\/lorrylesmetz-histoire.fr\/wp-content\/uploads\/2024\/12\/13.jpg\" target=\"_blank\" aria-label=\"Voir les d\u00e9tails de la diapositive\" class=\"metaslider_image_link\"><img loading=\"lazy\" decoding=\"async\" src=\"http:\/\/lorrylesmetz-histoire.fr\/wp-content\/uploads\/2024\/12\/13-664x284.jpg\" height=\"300\" width=\"700\" alt=\"\" class=\"slider-8089 slide-8103 msDefaultImage\" title=\"13\" \/><\/a><\/li>\n                <li style=\"display: none; width: 100%;\" class=\"slide-8104 ms-image \" aria-roledescription=\"slide\" data-date=\"2024-12-02 14:48:10\" data-filename=\"14-700x300.jpg\" data-slide-type=\"image\"><a href=\"http:\/\/lorrylesmetz-histoire.fr\/wp-content\/uploads\/2024\/12\/14.jpg\" target=\"_blank\" aria-label=\"Voir les d\u00e9tails de la diapositive\" class=\"metaslider_image_link\"><img loading=\"lazy\" decoding=\"async\" src=\"http:\/\/lorrylesmetz-histoire.fr\/wp-content\/uploads\/2024\/12\/14-700x300.jpg\" height=\"300\" width=\"700\" alt=\"\" class=\"slider-8089 slide-8104 msDefaultImage\" title=\"14\" \/><\/a><\/li>\n                <li style=\"display: none; width: 100%;\" class=\"slide-8105 ms-image \" aria-roledescription=\"slide\" data-date=\"2024-12-02 14:48:10\" data-filename=\"15-700x300.jpg\" data-slide-type=\"image\"><a href=\"http:\/\/lorrylesmetz-histoire.fr\/wp-content\/uploads\/2024\/12\/15.jpg\" target=\"_blank\" aria-label=\"Voir les d\u00e9tails de la diapositive\" class=\"metaslider_image_link\"><img loading=\"lazy\" decoding=\"async\" src=\"http:\/\/lorrylesmetz-histoire.fr\/wp-content\/uploads\/2024\/12\/15-700x300.jpg\" height=\"300\" width=\"700\" alt=\"\" class=\"slider-8089 slide-8105 msDefaultImage\" title=\"15\" \/><\/a><\/li>\n                <li style=\"display: none; width: 100%;\" class=\"slide-8106 ms-image \" aria-roledescription=\"slide\" data-date=\"2024-12-02 14:48:10\" data-filename=\"16-664x284.jpg\" data-slide-type=\"image\"><a href=\"http:\/\/lorrylesmetz-histoire.fr\/wp-content\/uploads\/2024\/12\/16.jpg\" target=\"_blank\" aria-label=\"Voir les d\u00e9tails de la diapositive\" class=\"metaslider_image_link\"><img loading=\"lazy\" decoding=\"async\" src=\"http:\/\/lorrylesmetz-histoire.fr\/wp-content\/uploads\/2024\/12\/16-664x284.jpg\" height=\"300\" width=\"700\" alt=\"\" class=\"slider-8089 slide-8106 msDefaultImage\" title=\"16\" \/><\/a><\/li>\n                <li style=\"display: none; width: 100%;\" class=\"slide-8107 ms-image \" aria-roledescription=\"slide\" data-date=\"2024-12-02 14:48:10\" data-filename=\"17-664x284.jpg\" data-slide-type=\"image\"><a href=\"http:\/\/lorrylesmetz-histoire.fr\/wp-content\/uploads\/2024\/12\/17.jpg\" target=\"_blank\" aria-label=\"Voir les d\u00e9tails de la diapositive\" class=\"metaslider_image_link\"><img loading=\"lazy\" decoding=\"async\" src=\"http:\/\/lorrylesmetz-histoire.fr\/wp-content\/uploads\/2024\/12\/17-664x284.jpg\" height=\"300\" width=\"700\" alt=\"\" class=\"slider-8089 slide-8107 msDefaultImage\" title=\"17\" \/><\/a><\/li>\n                <li style=\"display: none; width: 100%;\" class=\"slide-8108 ms-image \" aria-roledescription=\"slide\" data-date=\"2024-12-02 14:48:11\" data-filename=\"18-700x300.jpg\" data-slide-type=\"image\"><a href=\"http:\/\/lorrylesmetz-histoire.fr\/wp-content\/uploads\/2024\/12\/18.jpg\" target=\"_blank\" aria-label=\"Voir les d\u00e9tails de la diapositive\" class=\"metaslider_image_link\"><img loading=\"lazy\" decoding=\"async\" src=\"http:\/\/lorrylesmetz-histoire.fr\/wp-content\/uploads\/2024\/12\/18-700x300.jpg\" height=\"300\" width=\"700\" alt=\"\" class=\"slider-8089 slide-8108 msDefaultImage\" title=\"18\" \/><\/a><\/li>\n                <li style=\"display: none; width: 100%;\" class=\"slide-8109 ms-image \" aria-roledescription=\"slide\" data-date=\"2024-12-02 14:48:11\" data-filename=\"19-700x300.jpg\" data-slide-type=\"image\"><a href=\"http:\/\/lorrylesmetz-histoire.fr\/wp-content\/uploads\/2024\/12\/19.jpg\" target=\"_blank\" aria-label=\"Voir les d\u00e9tails de la diapositive\" class=\"metaslider_image_link\"><img loading=\"lazy\" decoding=\"async\" src=\"http:\/\/lorrylesmetz-histoire.fr\/wp-content\/uploads\/2024\/12\/19-700x300.jpg\" height=\"300\" width=\"700\" alt=\"\" class=\"slider-8089 slide-8109 msDefaultImage\" title=\"19\" \/><\/a><\/li>\n                <li style=\"display: none; width: 100%;\" class=\"slide-8110 ms-image \" aria-roledescription=\"slide\" data-date=\"2024-12-02 14:48:11\" data-filename=\"20-700x300.jpg\" data-slide-type=\"image\"><a href=\"http:\/\/lorrylesmetz-histoire.fr\/wp-content\/uploads\/2024\/12\/20.jpg\" target=\"_blank\" aria-label=\"Voir les d\u00e9tails de la diapositive\" class=\"metaslider_image_link\"><img loading=\"lazy\" decoding=\"async\" src=\"http:\/\/lorrylesmetz-histoire.fr\/wp-content\/uploads\/2024\/12\/20-700x300.jpg\" height=\"300\" width=\"700\" alt=\"\" class=\"slider-8089 slide-8110 msDefaultImage\" title=\"20\" \/><\/a><\/li>\n                <li style=\"display: none; width: 100%;\" class=\"slide-8111 ms-image \" aria-roledescription=\"slide\" data-date=\"2024-12-02 14:48:11\" data-filename=\"21-700x300.jpg\" data-slide-type=\"image\"><a href=\"http:\/\/lorrylesmetz-histoire.fr\/wp-content\/uploads\/2024\/12\/21.jpg\" target=\"_blank\" aria-label=\"Voir les d\u00e9tails de la diapositive\" class=\"metaslider_image_link\"><img loading=\"lazy\" decoding=\"async\" src=\"http:\/\/lorrylesmetz-histoire.fr\/wp-content\/uploads\/2024\/12\/21-700x300.jpg\" height=\"300\" width=\"700\" alt=\"\" class=\"slider-8089 slide-8111 msDefaultImage\" title=\"21\" \/><\/a><\/li>\n                <li style=\"display: none; width: 100%;\" class=\"slide-8112 ms-image \" aria-roledescription=\"slide\" data-date=\"2024-12-02 14:48:11\" data-filename=\"22-606x259.jpg\" data-slide-type=\"image\"><a href=\"http:\/\/lorrylesmetz-histoire.fr\/wp-content\/uploads\/2024\/12\/22.jpg\" target=\"_blank\" aria-label=\"Voir les d\u00e9tails de la diapositive\" class=\"metaslider_image_link\"><img loading=\"lazy\" decoding=\"async\" src=\"http:\/\/lorrylesmetz-histoire.fr\/wp-content\/uploads\/2024\/12\/22-606x259.jpg\" height=\"300\" width=\"700\" alt=\"\" class=\"slider-8089 slide-8112 msDefaultImage\" title=\"22\" \/><\/a><\/li>\n                <li style=\"display: none; width: 100%;\" class=\"slide-8113 ms-image \" aria-roledescription=\"slide\" data-date=\"2024-12-02 14:48:11\" data-filename=\"23-700x300.jpg\" data-slide-type=\"image\"><a href=\"http:\/\/lorrylesmetz-histoire.fr\/wp-content\/uploads\/2024\/12\/23.jpg\" target=\"_blank\" aria-label=\"Voir les d\u00e9tails de la diapositive\" class=\"metaslider_image_link\"><img loading=\"lazy\" decoding=\"async\" src=\"http:\/\/lorrylesmetz-histoire.fr\/wp-content\/uploads\/2024\/12\/23-700x300.jpg\" height=\"300\" width=\"700\" alt=\"\" class=\"slider-8089 slide-8113 msDefaultImage\" title=\"23\" \/><\/a><\/li>\n                <li style=\"display: none; width: 100%;\" class=\"slide-8114 ms-image \" aria-roledescription=\"slide\" data-date=\"2024-12-02 14:48:11\" data-filename=\"24-700x300.jpg\" data-slide-type=\"image\"><a href=\"http:\/\/lorrylesmetz-histoire.fr\/wp-content\/uploads\/2024\/12\/24.jpg\" target=\"_blank\" aria-label=\"Voir les d\u00e9tails de la diapositive\" class=\"metaslider_image_link\"><img loading=\"lazy\" decoding=\"async\" src=\"http:\/\/lorrylesmetz-histoire.fr\/wp-content\/uploads\/2024\/12\/24-700x300.jpg\" height=\"300\" width=\"700\" alt=\"\" class=\"slider-8089 slide-8114 msDefaultImage\" title=\"24\" \/><\/a><\/li>\n                <li style=\"display: none; width: 100%;\" class=\"slide-8115 ms-image \" aria-roledescription=\"slide\" data-date=\"2024-12-02 14:48:11\" data-filename=\"25-700x300.jpg\" data-slide-type=\"image\"><a href=\"http:\/\/lorrylesmetz-histoire.fr\/wp-content\/uploads\/2024\/12\/25.jpg\" target=\"_blank\" aria-label=\"Voir les d\u00e9tails de la diapositive\" class=\"metaslider_image_link\"><img loading=\"lazy\" decoding=\"async\" src=\"http:\/\/lorrylesmetz-histoire.fr\/wp-content\/uploads\/2024\/12\/25-700x300.jpg\" height=\"300\" width=\"700\" alt=\"\" class=\"slider-8089 slide-8115 msDefaultImage\" title=\"25\" \/><\/a><\/li>\n                <li style=\"display: none; width: 100%;\" class=\"slide-8116 ms-image \" aria-roledescription=\"slide\" data-date=\"2024-12-02 14:48:11\" data-filename=\"26-700x300.jpg\" data-slide-type=\"image\"><a href=\"http:\/\/lorrylesmetz-histoire.fr\/wp-content\/uploads\/2024\/12\/26.jpg\" target=\"_blank\" aria-label=\"Voir les d\u00e9tails de la diapositive\" class=\"metaslider_image_link\"><img loading=\"lazy\" decoding=\"async\" src=\"http:\/\/lorrylesmetz-histoire.fr\/wp-content\/uploads\/2024\/12\/26-700x300.jpg\" height=\"300\" width=\"700\" alt=\"\" class=\"slider-8089 slide-8116 msDefaultImage\" title=\"26\" \/><\/a><\/li>\n                <li style=\"display: none; width: 100%;\" class=\"slide-8117 ms-image \" aria-roledescription=\"slide\" data-date=\"2024-12-02 14:48:11\" data-filename=\"27-700x300.jpg\" data-slide-type=\"image\"><a href=\"http:\/\/lorrylesmetz-histoire.fr\/wp-content\/uploads\/2024\/12\/27.jpg\" target=\"_blank\" aria-label=\"Voir les d\u00e9tails de la diapositive\" class=\"metaslider_image_link\"><img loading=\"lazy\" decoding=\"async\" src=\"http:\/\/lorrylesmetz-histoire.fr\/wp-content\/uploads\/2024\/12\/27-700x300.jpg\" height=\"300\" width=\"700\" alt=\"\" class=\"slider-8089 slide-8117 msDefaultImage\" title=\"27\" \/><\/a><\/li>\n                <li style=\"display: none; width: 100%;\" class=\"slide-8118 ms-image \" aria-roledescription=\"slide\" data-date=\"2024-12-02 14:48:11\" data-filename=\"28-700x300.jpg\" data-slide-type=\"image\"><a href=\"http:\/\/lorrylesmetz-histoire.fr\/wp-content\/uploads\/2024\/12\/28.jpg\" target=\"_blank\" aria-label=\"Voir les d\u00e9tails de la diapositive\" class=\"metaslider_image_link\"><img loading=\"lazy\" decoding=\"async\" src=\"http:\/\/lorrylesmetz-histoire.fr\/wp-content\/uploads\/2024\/12\/28-700x300.jpg\" height=\"300\" width=\"700\" alt=\"\" class=\"slider-8089 slide-8118 msDefaultImage\" title=\"28\" \/><\/a><\/li>\n                <li style=\"display: none; width: 100%;\" class=\"slide-8119 ms-image \" aria-roledescription=\"slide\" data-date=\"2024-12-02 14:48:11\" data-filename=\"29-700x300.jpg\" data-slide-type=\"image\"><a href=\"http:\/\/lorrylesmetz-histoire.fr\/wp-content\/uploads\/2024\/12\/29.jpg\" target=\"_blank\" aria-label=\"Voir les d\u00e9tails de la diapositive\" class=\"metaslider_image_link\"><img loading=\"lazy\" decoding=\"async\" src=\"http:\/\/lorrylesmetz-histoire.fr\/wp-content\/uploads\/2024\/12\/29-700x300.jpg\" height=\"300\" width=\"700\" alt=\"\" class=\"slider-8089 slide-8119 msDefaultImage\" title=\"29\" \/><\/a><\/li>\n                <li style=\"display: none; width: 100%;\" class=\"slide-8120 ms-image \" aria-roledescription=\"slide\" data-date=\"2024-12-02 14:48:12\" data-filename=\"30-700x300.jpg\" data-slide-type=\"image\"><a href=\"http:\/\/lorrylesmetz-histoire.fr\/wp-content\/uploads\/2024\/12\/30.jpg\" target=\"_blank\" aria-label=\"Voir les d\u00e9tails de la diapositive\" class=\"metaslider_image_link\"><img loading=\"lazy\" decoding=\"async\" src=\"http:\/\/lorrylesmetz-histoire.fr\/wp-content\/uploads\/2024\/12\/30-700x300.jpg\" height=\"300\" width=\"700\" alt=\"\" class=\"slider-8089 slide-8120 msDefaultImage\" title=\"30\" \/><\/a><\/li>\n                <li style=\"display: none; width: 100%;\" class=\"slide-8121 ms-image \" aria-roledescription=\"slide\" data-date=\"2024-12-02 14:48:12\" data-filename=\"31-700x300.jpg\" data-slide-type=\"image\"><a href=\"http:\/\/lorrylesmetz-histoire.fr\/wp-content\/uploads\/2024\/12\/31.jpg\" target=\"_blank\" aria-label=\"Voir les d\u00e9tails de la diapositive\" class=\"metaslider_image_link\"><img loading=\"lazy\" decoding=\"async\" src=\"http:\/\/lorrylesmetz-histoire.fr\/wp-content\/uploads\/2024\/12\/31-700x300.jpg\" height=\"300\" width=\"700\" alt=\"\" class=\"slider-8089 slide-8121 msDefaultImage\" title=\"31\" \/><\/a><\/li>\n                <li style=\"display: none; width: 100%;\" class=\"slide-8122 ms-image \" aria-roledescription=\"slide\" data-date=\"2024-12-02 14:48:12\" data-filename=\"32-700x300.jpg\" data-slide-type=\"image\"><a href=\"http:\/\/lorrylesmetz-histoire.fr\/wp-content\/uploads\/2024\/12\/32.jpg\" target=\"_blank\" aria-label=\"Voir les d\u00e9tails de la diapositive\" class=\"metaslider_image_link\"><img loading=\"lazy\" decoding=\"async\" src=\"http:\/\/lorrylesmetz-histoire.fr\/wp-content\/uploads\/2024\/12\/32-700x300.jpg\" height=\"300\" width=\"700\" alt=\"\" class=\"slider-8089 slide-8122 msDefaultImage\" title=\"32\" \/><\/a><\/li>\n                <li style=\"display: none; width: 100%;\" class=\"slide-8090 ms-image \" aria-roledescription=\"slide\" data-date=\"2024-12-02 14:48:09\" data-filename=\"33-700x300.jpg\" data-slide-type=\"image\"><a href=\"http:\/\/lorrylesmetz-histoire.fr\/wp-content\/uploads\/2024\/12\/33.jpg\" target=\"_blank\" aria-label=\"Voir les d\u00e9tails de la diapositive\" class=\"metaslider_image_link\"><img loading=\"lazy\" decoding=\"async\" src=\"http:\/\/lorrylesmetz-histoire.fr\/wp-content\/uploads\/2024\/12\/33-700x300.jpg\" height=\"300\" width=\"700\" alt=\"\" class=\"slider-8089 slide-8090 msDefaultImage\" title=\"33\" \/><\/a><\/li>\n            <\/ul>\n        <\/div>\n        \n    <\/div>\n<\/div>\n<p>Photos Jean-Luc Baudinet, Claudine Kester, G\u00e9rard Kester et Roger Mariotte.<\/p>\n<p><a href=\"http:\/\/lorrylesmetz-histoire.fr\/?page_id=7649\"><img loading=\"lazy\" decoding=\"async\" class=\"alignnone size-full wp-image-378\" src=\"http:\/\/lorrylesmetz-histoire.fr\/wp-content\/uploads\/2017\/05\/retour.png\" alt=\"\" width=\"89\" height=\"31\" \/><\/a><\/p>\n","protected":false},"excerpt":{"rendered":"<p>10 novembre 2024 Lorry-l\u00e8s-Metz \u00ab\u00a0au fil du temps\u00a0\u00bb a eu le plaisir d&rsquo;accueillir \u00e0 l&rsquo;Espace Philippe-de-Vigneulles, Christian M\u00e9rot qui a pr\u00e9sent\u00e9 devant un auditoire d&rsquo;une quarantaine de personnes l&rsquo;histoire des aum\u00f4niers militaires de la garnison de Metz forte de 10&hellip; <\/p>\n","protected":false},"author":1,"featured_media":0,"parent":7649,"menu_order":0,"comment_status":"closed","ping_status":"closed","template":"","meta":{"_mc_calendar":[],"footnotes":""},"class_list":["post-8123","page","type-page","status-publish","hentry"],"_links":{"self":[{"href":"http:\/\/lorrylesmetz-histoire.fr\/index.php?rest_route=\/wp\/v2\/pages\/8123","targetHints":{"allow":["GET"]}}],"collection":[{"href":"http:\/\/lorrylesmetz-histoire.fr\/index.php?rest_route=\/wp\/v2\/pages"}],"about":[{"href":"http:\/\/lorrylesmetz-histoire.fr\/index.php?rest_route=\/wp\/v2\/types\/page"}],"author":[{"embeddable":true,"href":"http:\/\/lorrylesmetz-histoire.fr\/index.php?rest_route=\/wp\/v2\/users\/1"}],"replies":[{"embeddable":true,"href":"http:\/\/lorrylesmetz-histoire.fr\/index.php?rest_route=%2Fwp%2Fv2%2Fcomments&post=8123"}],"version-history":[{"count":3,"href":"http:\/\/lorrylesmetz-histoire.fr\/index.php?rest_route=\/wp\/v2\/pages\/8123\/revisions"}],"predecessor-version":[{"id":8125,"href":"http:\/\/lorrylesmetz-histoire.fr\/index.php?rest_route=\/wp\/v2\/pages\/8123\/revisions\/8125"}],"up":[{"embeddable":true,"href":"http:\/\/lorrylesmetz-histoire.fr\/index.php?rest_route=\/wp\/v2\/pages\/7649"}],"wp:attachment":[{"href":"http:\/\/lorrylesmetz-histoire.fr\/index.php?rest_route=%2Fwp%2Fv2%2Fmedia&parent=8123"}],"curies":[{"name":"wp","href":"https:\/\/api.w.org\/{rel}","templated":true}]}}