{"id":8221,"date":"2024-12-02T15:53:08","date_gmt":"2024-12-02T14:53:08","guid":{"rendered":"http:\/\/lorrylesmetz-histoire.fr\/?page_id=8221"},"modified":"2024-12-02T15:56:59","modified_gmt":"2024-12-02T14:56:59","slug":"colloque-du-chpm","status":"publish","type":"page","link":"http:\/\/lorrylesmetz-histoire.fr\/?page_id=8221","title":{"rendered":"Colloque du CHPM"},"content":{"rendered":"<h2>15 novembre 2024<\/h2>\n<p>Apr\u00e8s le discours de Michel Vorms au poste M\u00e9moire et vie patriotique de la mairie de Metz, Lorry-l\u00e8s-Metz \u00ab au fil du temps \u00bb a ouvert le cycle de conf\u00e9rences propos\u00e9 par le Comit\u00e9 d\u2019histoire du Pays messin \u00a0sur une th\u00e9matique de saison : Les cimeti\u00e8res, lieux de m\u00e9moire et de souvenirs.<\/p>\n<p>La vice-pr\u00e9sidente Claudine Kester-ElGhozi a pr\u00e9sent\u00e9 l\u2019histoire tragique de Barbe Henr\u00ff d\u2019Aulnois victime de \u00ab\u00a0l\u2019affaire de Verdun\u00a0\u00bb,\u00a0 en incarnant ce personnage inhum\u00e9 \u00e0 Lorry-l\u00e8s-Metz, au cours d\u2019une \u00e9mouvante narration costum\u00e9e illustr\u00e9e d\u2019une riche iconographie.<\/p>\n<p>Se sont ensuite succ\u00e9d\u00e9s dans la journ\u00e9e avec talent plusieurs intervenants\u00a0:<\/p>\n<ul style=\"list-style-type: circle;\">\n<li>Le Club marangeois d\u2019histoire locale qui a d\u00e9velopp\u00e9 le destin du Capitaine Petitjean d\u00e9c\u00e9d\u00e9 \u00e0 El Kernitra en 1911\u00a0 (Sylvie Reich) ;<\/li>\n<li>L\u2019association de la c\u00f4te de Lorry-Mardigny autour de l\u2019inhumation des membres de l\u2019\u00c9glise r\u00e9form\u00e9e et l\u2019abb\u00e9 Ritz (Anne-Marie Dufour) ;<\/li>\n<li>Montigny autrefois a pr\u00e9sent\u00e9 les particularit\u00e9s des cimeti\u00e8res de la commune ; (Robert Habermann et Lucien Arz) ;<\/li>\n<li>Les amis du patrimoine de Marly et du Sud messin ont d\u00e9velopp\u00e9 leur intervention autour de la chute d\u2019un bombardier anglais le 24 f\u00e9vrier 1944 ; (Jo\u00ebl Martz) ;<\/li>\n<li>Yvette Illy a \u00e9voqu\u00e9 le s\u00e9jour au camp de Tambow de l\u2019artiste plappevillois Albert Thiam.<\/li>\n<\/ul>\n<p>Le matin a vu la Remise du prix Ren\u00e9 Paquet d\u00e9cern\u00e9 \u00e0 Alain Gatti pour son livre <em>Travailler, vivre, penser Bata.<\/em><\/p>\n<p>L\u2019apr\u00e8s-midi, les \u00c9ditions des Paraiges ont pr\u00e9sent\u00e9 leurs nouveaut\u00e9s.<\/p>\n<p>Des caf\u00e9s et moments conviviaux ont ponctu\u00e9 cette journ\u00e9e enrichissante.<\/p>\n<div id=\"metaslider-id-8191\" style=\"width: 100%;\" class=\"ml-slider-3-108-0 metaslider metaslider-flex metaslider-8191 ml-slider has-dots-nav ms-theme-default-base\" role=\"region\" aria-label=\"Colloque CHPM 2024\" data-height=\"300\" data-width=\"700\">\n    <div id=\"metaslider_container_8191\">\n        <div id=\"metaslider_8191\">\n            <ul class='slides'>\n                <li style=\"display: block; width: 100%;\" class=\"slide-8192 ms-image \" aria-roledescription=\"slide\" data-date=\"2024-12-02 15:45:34\" data-filename=\"A02-700x300.jpg\" data-slide-type=\"image\"><a href=\"http:\/\/lorrylesmetz-histoire.fr\/wp-content\/uploads\/2024\/12\/A02.jpg\" target=\"_blank\" aria-label=\"Voir les d\u00e9tails de la diapositive\" class=\"metaslider_image_link\"><img loading=\"lazy\" decoding=\"async\" src=\"http:\/\/lorrylesmetz-histoire.fr\/wp-content\/uploads\/2024\/12\/A02-700x300.jpg\" height=\"300\" width=\"700\" alt=\"\" class=\"slider-8191 slide-8192 msDefaultImage\" title=\"A02\" \/><\/a><\/li>\n                <li style=\"display: none; width: 100%;\" class=\"slide-8193 ms-image \" aria-roledescription=\"slide\" data-date=\"2024-12-02 15:45:34\" data-filename=\"A03-664x284.jpg\" data-slide-type=\"image\"><a href=\"http:\/\/lorrylesmetz-histoire.fr\/wp-content\/uploads\/2024\/12\/A03.jpg\" target=\"_blank\" aria-label=\"Voir les d\u00e9tails de la diapositive\" class=\"metaslider_image_link\"><img loading=\"lazy\" decoding=\"async\" src=\"http:\/\/lorrylesmetz-histoire.fr\/wp-content\/uploads\/2024\/12\/A03-664x284.jpg\" height=\"300\" width=\"700\" alt=\"\" class=\"slider-8191 slide-8193 msDefaultImage\" title=\"A03\" \/><\/a><\/li>\n                <li style=\"display: none; width: 100%;\" class=\"slide-8194 ms-image \" aria-roledescription=\"slide\" data-date=\"2024-12-02 15:45:35\" data-filename=\"A04-700x300.jpg\" data-slide-type=\"image\"><a href=\"http:\/\/lorrylesmetz-histoire.fr\/wp-content\/uploads\/2024\/12\/A04.jpg\" target=\"_blank\" aria-label=\"Voir les d\u00e9tails de la diapositive\" class=\"metaslider_image_link\"><img loading=\"lazy\" decoding=\"async\" src=\"http:\/\/lorrylesmetz-histoire.fr\/wp-content\/uploads\/2024\/12\/A04-700x300.jpg\" height=\"300\" width=\"700\" alt=\"\" class=\"slider-8191 slide-8194 msDefaultImage\" title=\"A04\" \/><\/a><\/li>\n                <li style=\"display: none; width: 100%;\" class=\"slide-8195 ms-image \" aria-roledescription=\"slide\" data-date=\"2024-12-02 15:45:35\" data-filename=\"A05-471x201.jpg\" data-slide-type=\"image\"><a href=\"http:\/\/lorrylesmetz-histoire.fr\/wp-content\/uploads\/2024\/12\/A05.jpg\" target=\"_blank\" aria-label=\"Voir les d\u00e9tails de la diapositive\" class=\"metaslider_image_link\"><img loading=\"lazy\" decoding=\"async\" src=\"http:\/\/lorrylesmetz-histoire.fr\/wp-content\/uploads\/2024\/12\/A05-471x201.jpg\" height=\"300\" width=\"700\" alt=\"\" class=\"slider-8191 slide-8195 msDefaultImage\" title=\"A05\" \/><\/a><\/li>\n                <li style=\"display: none; width: 100%;\" class=\"slide-8196 ms-image \" aria-roledescription=\"slide\" data-date=\"2024-12-02 15:45:35\" data-filename=\"A06-700x300.jpg\" data-slide-type=\"image\"><a href=\"http:\/\/lorrylesmetz-histoire.fr\/wp-content\/uploads\/2024\/12\/A06.jpg\" target=\"_blank\" aria-label=\"Voir les d\u00e9tails de la diapositive\" class=\"metaslider_image_link\"><img loading=\"lazy\" decoding=\"async\" src=\"http:\/\/lorrylesmetz-histoire.fr\/wp-content\/uploads\/2024\/12\/A06-700x300.jpg\" height=\"300\" width=\"700\" alt=\"\" class=\"slider-8191 slide-8196 msDefaultImage\" title=\"A06\" \/><\/a><\/li>\n                <li style=\"display: none; width: 100%;\" class=\"slide-8197 ms-image \" aria-roledescription=\"slide\" data-date=\"2024-12-02 15:45:35\" data-filename=\"A07-664x284.jpg\" data-slide-type=\"image\"><a href=\"http:\/\/lorrylesmetz-histoire.fr\/wp-content\/uploads\/2024\/12\/A07.jpg\" target=\"_blank\" aria-label=\"Voir les d\u00e9tails de la diapositive\" class=\"metaslider_image_link\"><img loading=\"lazy\" decoding=\"async\" src=\"http:\/\/lorrylesmetz-histoire.fr\/wp-content\/uploads\/2024\/12\/A07-664x284.jpg\" height=\"300\" width=\"700\" alt=\"\" class=\"slider-8191 slide-8197 msDefaultImage\" title=\"A07\" \/><\/a><\/li>\n                <li style=\"display: none; width: 100%;\" class=\"slide-8198 ms-image \" aria-roledescription=\"slide\" data-date=\"2024-12-02 15:45:35\" data-filename=\"A08-664x284.jpg\" data-slide-type=\"image\"><a href=\"http:\/\/lorrylesmetz-histoire.fr\/wp-content\/uploads\/2024\/12\/A08.jpg\" target=\"_blank\" aria-label=\"Voir les d\u00e9tails de la diapositive\" class=\"metaslider_image_link\"><img loading=\"lazy\" decoding=\"async\" src=\"http:\/\/lorrylesmetz-histoire.fr\/wp-content\/uploads\/2024\/12\/A08-664x284.jpg\" height=\"300\" width=\"700\" alt=\"\" class=\"slider-8191 slide-8198 msDefaultImage\" title=\"A08\" \/><\/a><\/li>\n                <li style=\"display: none; width: 100%;\" class=\"slide-8199 ms-image \" aria-roledescription=\"slide\" data-date=\"2024-12-02 15:45:35\" data-filename=\"A09-700x300.jpg\" data-slide-type=\"image\"><a href=\"http:\/\/lorrylesmetz-histoire.fr\/wp-content\/uploads\/2024\/12\/A09.jpg\" target=\"_blank\" aria-label=\"Voir les d\u00e9tails de la diapositive\" class=\"metaslider_image_link\"><img loading=\"lazy\" decoding=\"async\" src=\"http:\/\/lorrylesmetz-histoire.fr\/wp-content\/uploads\/2024\/12\/A09-700x300.jpg\" height=\"300\" width=\"700\" alt=\"\" class=\"slider-8191 slide-8199 msDefaultImage\" title=\"A09\" \/><\/a><\/li>\n                <li style=\"display: none; width: 100%;\" class=\"slide-8200 ms-image \" aria-roledescription=\"slide\" data-date=\"2024-12-02 15:45:35\" data-filename=\"A10-664x284.jpg\" data-slide-type=\"image\"><a href=\"http:\/\/lorrylesmetz-histoire.fr\/wp-content\/uploads\/2024\/12\/A10.jpg\" target=\"_blank\" aria-label=\"Voir les d\u00e9tails de la diapositive\" class=\"metaslider_image_link\"><img loading=\"lazy\" decoding=\"async\" src=\"http:\/\/lorrylesmetz-histoire.fr\/wp-content\/uploads\/2024\/12\/A10-664x284.jpg\" height=\"300\" width=\"700\" alt=\"\" class=\"slider-8191 slide-8200 msDefaultImage\" title=\"A10\" \/><\/a><\/li>\n                <li style=\"display: none; width: 100%;\" class=\"slide-8201 ms-image \" aria-roledescription=\"slide\" data-date=\"2024-12-02 15:45:35\" data-filename=\"A11-664x284.jpg\" data-slide-type=\"image\"><a href=\"http:\/\/lorrylesmetz-histoire.fr\/wp-content\/uploads\/2024\/12\/A11.jpg\" target=\"_blank\" aria-label=\"Voir les d\u00e9tails de la diapositive\" class=\"metaslider_image_link\"><img loading=\"lazy\" decoding=\"async\" src=\"http:\/\/lorrylesmetz-histoire.fr\/wp-content\/uploads\/2024\/12\/A11-664x284.jpg\" height=\"300\" width=\"700\" alt=\"\" class=\"slider-8191 slide-8201 msDefaultImage\" title=\"A11\" \/><\/a><\/li>\n                <li style=\"display: none; width: 100%;\" class=\"slide-8202 ms-image \" aria-roledescription=\"slide\" data-date=\"2024-12-02 15:45:35\" data-filename=\"A12-700x300.jpg\" data-slide-type=\"image\"><a href=\"http:\/\/lorrylesmetz-histoire.fr\/wp-content\/uploads\/2024\/12\/A12.jpg\" target=\"_blank\" aria-label=\"Voir les d\u00e9tails de la diapositive\" class=\"metaslider_image_link\"><img loading=\"lazy\" decoding=\"async\" src=\"http:\/\/lorrylesmetz-histoire.fr\/wp-content\/uploads\/2024\/12\/A12-700x300.jpg\" height=\"300\" width=\"700\" alt=\"\" class=\"slider-8191 slide-8202 msDefaultImage\" title=\"A12\" \/><\/a><\/li>\n                <li style=\"display: none; width: 100%;\" class=\"slide-8203 ms-image \" aria-roledescription=\"slide\" data-date=\"2024-12-02 15:45:35\" data-filename=\"A13-700x300.jpg\" data-slide-type=\"image\"><a href=\"http:\/\/lorrylesmetz-histoire.fr\/wp-content\/uploads\/2024\/12\/A13.jpg\" target=\"_blank\" aria-label=\"Voir les d\u00e9tails de la diapositive\" class=\"metaslider_image_link\"><img loading=\"lazy\" decoding=\"async\" src=\"http:\/\/lorrylesmetz-histoire.fr\/wp-content\/uploads\/2024\/12\/A13-700x300.jpg\" height=\"300\" width=\"700\" alt=\"\" class=\"slider-8191 slide-8203 msDefaultImage\" title=\"A13\" \/><\/a><\/li>\n                <li style=\"display: none; width: 100%;\" class=\"slide-8204 ms-image \" aria-roledescription=\"slide\" data-date=\"2024-12-02 15:45:35\" data-filename=\"A14-584x250.jpg\" data-slide-type=\"image\"><a href=\"http:\/\/lorrylesmetz-histoire.fr\/wp-content\/uploads\/2024\/12\/A14.jpg\" target=\"_blank\" aria-label=\"Voir les d\u00e9tails de la diapositive\" class=\"metaslider_image_link\"><img loading=\"lazy\" decoding=\"async\" src=\"http:\/\/lorrylesmetz-histoire.fr\/wp-content\/uploads\/2024\/12\/A14-584x250.jpg\" height=\"300\" width=\"700\" alt=\"\" class=\"slider-8191 slide-8204 msDefaultImage\" title=\"A14\" \/><\/a><\/li>\n                <li style=\"display: none; width: 100%;\" class=\"slide-8205 ms-image \" aria-roledescription=\"slide\" data-date=\"2024-12-02 15:45:35\" data-filename=\"A15-700x300.jpg\" data-slide-type=\"image\"><a href=\"http:\/\/lorrylesmetz-histoire.fr\/wp-content\/uploads\/2024\/12\/A15.jpg\" target=\"_blank\" aria-label=\"Voir les d\u00e9tails de la diapositive\" class=\"metaslider_image_link\"><img loading=\"lazy\" decoding=\"async\" src=\"http:\/\/lorrylesmetz-histoire.fr\/wp-content\/uploads\/2024\/12\/A15-700x300.jpg\" height=\"300\" width=\"700\" alt=\"\" class=\"slider-8191 slide-8205 msDefaultImage\" title=\"A15\" \/><\/a><\/li>\n                <li style=\"display: none; width: 100%;\" class=\"slide-8206 ms-image \" aria-roledescription=\"slide\" data-date=\"2024-12-02 15:45:35\" data-filename=\"A16-664x284.jpg\" data-slide-type=\"image\"><a href=\"http:\/\/lorrylesmetz-histoire.fr\/wp-content\/uploads\/2024\/12\/A16.jpg\" target=\"_blank\" aria-label=\"Voir les d\u00e9tails de la diapositive\" class=\"metaslider_image_link\"><img loading=\"lazy\" decoding=\"async\" src=\"http:\/\/lorrylesmetz-histoire.fr\/wp-content\/uploads\/2024\/12\/A16-664x284.jpg\" height=\"300\" width=\"700\" alt=\"\" class=\"slider-8191 slide-8206 msDefaultImage\" title=\"A16\" \/><\/a><\/li>\n                <li style=\"display: none; width: 100%;\" class=\"slide-8207 ms-image \" aria-roledescription=\"slide\" data-date=\"2024-12-02 15:45:36\" data-filename=\"A17-700x300.jpg\" data-slide-type=\"image\"><a href=\"http:\/\/lorrylesmetz-histoire.fr\/wp-content\/uploads\/2024\/12\/A17.jpg\" target=\"_blank\" aria-label=\"Voir les d\u00e9tails de la diapositive\" class=\"metaslider_image_link\"><img loading=\"lazy\" decoding=\"async\" src=\"http:\/\/lorrylesmetz-histoire.fr\/wp-content\/uploads\/2024\/12\/A17-700x300.jpg\" height=\"300\" width=\"700\" alt=\"\" class=\"slider-8191 slide-8207 msDefaultImage\" title=\"A17\" \/><\/a><\/li>\n                <li style=\"display: none; width: 100%;\" class=\"slide-8208 ms-image \" aria-roledescription=\"slide\" data-date=\"2024-12-02 15:45:36\" data-filename=\"A18-700x300.jpg\" data-slide-type=\"image\"><a href=\"http:\/\/lorrylesmetz-histoire.fr\/wp-content\/uploads\/2024\/12\/A18.jpg\" target=\"_blank\" aria-label=\"Voir les d\u00e9tails de la diapositive\" class=\"metaslider_image_link\"><img loading=\"lazy\" decoding=\"async\" src=\"http:\/\/lorrylesmetz-histoire.fr\/wp-content\/uploads\/2024\/12\/A18-700x300.jpg\" height=\"300\" width=\"700\" alt=\"\" class=\"slider-8191 slide-8208 msDefaultImage\" title=\"A18\" \/><\/a><\/li>\n                <li style=\"display: none; width: 100%;\" class=\"slide-8209 ms-image \" aria-roledescription=\"slide\" data-date=\"2024-12-02 15:45:36\" data-filename=\"A19-700x300.jpg\" data-slide-type=\"image\"><a href=\"http:\/\/lorrylesmetz-histoire.fr\/wp-content\/uploads\/2024\/12\/A19.jpg\" target=\"_blank\" aria-label=\"Voir les d\u00e9tails de la diapositive\" class=\"metaslider_image_link\"><img loading=\"lazy\" decoding=\"async\" src=\"http:\/\/lorrylesmetz-histoire.fr\/wp-content\/uploads\/2024\/12\/A19-700x300.jpg\" height=\"300\" width=\"700\" alt=\"\" class=\"slider-8191 slide-8209 msDefaultImage\" title=\"A19\" \/><\/a><\/li>\n                <li style=\"display: none; width: 100%;\" class=\"slide-8210 ms-image \" aria-roledescription=\"slide\" data-date=\"2024-12-02 15:45:36\" data-filename=\"A20-664x284.jpg\" data-slide-type=\"image\"><a href=\"http:\/\/lorrylesmetz-histoire.fr\/wp-content\/uploads\/2024\/12\/A20.jpg\" target=\"_blank\" aria-label=\"Voir les d\u00e9tails de la diapositive\" class=\"metaslider_image_link\"><img loading=\"lazy\" decoding=\"async\" src=\"http:\/\/lorrylesmetz-histoire.fr\/wp-content\/uploads\/2024\/12\/A20-664x284.jpg\" height=\"300\" width=\"700\" alt=\"\" class=\"slider-8191 slide-8210 msDefaultImage\" title=\"A20\" \/><\/a><\/li>\n                <li style=\"display: none; width: 100%;\" class=\"slide-8211 ms-image \" aria-roledescription=\"slide\" data-date=\"2024-12-02 15:45:36\" data-filename=\"A21-700x300.jpg\" data-slide-type=\"image\"><a href=\"http:\/\/lorrylesmetz-histoire.fr\/wp-content\/uploads\/2024\/12\/A21.jpg\" target=\"_blank\" aria-label=\"Voir les d\u00e9tails de la diapositive\" class=\"metaslider_image_link\"><img loading=\"lazy\" decoding=\"async\" src=\"http:\/\/lorrylesmetz-histoire.fr\/wp-content\/uploads\/2024\/12\/A21-700x300.jpg\" height=\"300\" width=\"700\" alt=\"\" class=\"slider-8191 slide-8211 msDefaultImage\" title=\"A21\" \/><\/a><\/li>\n                <li style=\"display: none; width: 100%;\" class=\"slide-8212 ms-image \" aria-roledescription=\"slide\" data-date=\"2024-12-02 15:45:36\" data-filename=\"A22-700x300.jpg\" data-slide-type=\"image\"><a href=\"http:\/\/lorrylesmetz-histoire.fr\/wp-content\/uploads\/2024\/12\/A22.jpg\" target=\"_blank\" aria-label=\"Voir les d\u00e9tails de la diapositive\" class=\"metaslider_image_link\"><img loading=\"lazy\" decoding=\"async\" src=\"http:\/\/lorrylesmetz-histoire.fr\/wp-content\/uploads\/2024\/12\/A22-700x300.jpg\" height=\"300\" width=\"700\" alt=\"\" class=\"slider-8191 slide-8212 msDefaultImage\" title=\"A22\" \/><\/a><\/li>\n                <li style=\"display: none; width: 100%;\" class=\"slide-8213 ms-image \" aria-roledescription=\"slide\" data-date=\"2024-12-02 15:45:36\" data-filename=\"A23-664x284.jpg\" data-slide-type=\"image\"><a href=\"http:\/\/lorrylesmetz-histoire.fr\/wp-content\/uploads\/2024\/12\/A23.jpg\" target=\"_blank\" aria-label=\"Voir les d\u00e9tails de la diapositive\" class=\"metaslider_image_link\"><img loading=\"lazy\" decoding=\"async\" src=\"http:\/\/lorrylesmetz-histoire.fr\/wp-content\/uploads\/2024\/12\/A23-664x284.jpg\" height=\"300\" width=\"700\" alt=\"\" class=\"slider-8191 slide-8213 msDefaultImage\" title=\"A23\" \/><\/a><\/li>\n                <li style=\"display: none; width: 100%;\" class=\"slide-8214 ms-image \" aria-roledescription=\"slide\" data-date=\"2024-12-02 15:45:36\" data-filename=\"A24-700x300.jpg\" data-slide-type=\"image\"><a href=\"http:\/\/lorrylesmetz-histoire.fr\/wp-content\/uploads\/2024\/12\/A24.jpg\" target=\"_blank\" aria-label=\"Voir les d\u00e9tails de la diapositive\" class=\"metaslider_image_link\"><img loading=\"lazy\" decoding=\"async\" src=\"http:\/\/lorrylesmetz-histoire.fr\/wp-content\/uploads\/2024\/12\/A24-700x300.jpg\" height=\"300\" width=\"700\" alt=\"\" class=\"slider-8191 slide-8214 msDefaultImage\" title=\"A24\" \/><\/a><\/li>\n                <li style=\"display: none; width: 100%;\" class=\"slide-8215 ms-image \" aria-roledescription=\"slide\" data-date=\"2024-12-02 15:45:36\" data-filename=\"A25-700x300.jpg\" data-slide-type=\"image\"><a href=\"http:\/\/lorrylesmetz-histoire.fr\/wp-content\/uploads\/2024\/12\/A25.jpg\" target=\"_blank\" aria-label=\"Voir les d\u00e9tails de la diapositive\" class=\"metaslider_image_link\"><img loading=\"lazy\" decoding=\"async\" src=\"http:\/\/lorrylesmetz-histoire.fr\/wp-content\/uploads\/2024\/12\/A25-700x300.jpg\" height=\"300\" width=\"700\" alt=\"\" class=\"slider-8191 slide-8215 msDefaultImage\" title=\"A25\" \/><\/a><\/li>\n                <li style=\"display: none; width: 100%;\" class=\"slide-8216 ms-image \" aria-roledescription=\"slide\" data-date=\"2024-12-02 15:45:36\" data-filename=\"A26-700x300.jpg\" data-slide-type=\"image\"><a href=\"http:\/\/lorrylesmetz-histoire.fr\/wp-content\/uploads\/2024\/12\/A26.jpg\" target=\"_blank\" aria-label=\"Voir les d\u00e9tails de la diapositive\" class=\"metaslider_image_link\"><img loading=\"lazy\" decoding=\"async\" src=\"http:\/\/lorrylesmetz-histoire.fr\/wp-content\/uploads\/2024\/12\/A26-700x300.jpg\" height=\"300\" width=\"700\" alt=\"\" class=\"slider-8191 slide-8216 msDefaultImage\" title=\"A26\" \/><\/a><\/li>\n                <li style=\"display: none; width: 100%;\" class=\"slide-8217 ms-image \" aria-roledescription=\"slide\" data-date=\"2024-12-02 15:45:36\" data-filename=\"A27-700x300.jpg\" data-slide-type=\"image\"><a href=\"http:\/\/lorrylesmetz-histoire.fr\/wp-content\/uploads\/2024\/12\/A27.jpg\" target=\"_blank\" aria-label=\"Voir les d\u00e9tails de la diapositive\" class=\"metaslider_image_link\"><img loading=\"lazy\" decoding=\"async\" src=\"http:\/\/lorrylesmetz-histoire.fr\/wp-content\/uploads\/2024\/12\/A27-700x300.jpg\" height=\"300\" width=\"700\" alt=\"\" class=\"slider-8191 slide-8217 msDefaultImage\" title=\"A27\" \/><\/a><\/li>\n                <li style=\"display: none; width: 100%;\" class=\"slide-8218 ms-image \" aria-roledescription=\"slide\" data-date=\"2024-12-02 15:45:36\" data-filename=\"A28-700x300.jpg\" data-slide-type=\"image\"><a href=\"http:\/\/lorrylesmetz-histoire.fr\/wp-content\/uploads\/2024\/12\/A28.jpg\" target=\"_blank\" aria-label=\"Voir les d\u00e9tails de la diapositive\" class=\"metaslider_image_link\"><img loading=\"lazy\" decoding=\"async\" src=\"http:\/\/lorrylesmetz-histoire.fr\/wp-content\/uploads\/2024\/12\/A28-700x300.jpg\" height=\"300\" width=\"700\" alt=\"\" class=\"slider-8191 slide-8218 msDefaultImage\" title=\"A28\" \/><\/a><\/li>\n                <li style=\"display: none; width: 100%;\" class=\"slide-8219 ms-image \" aria-roledescription=\"slide\" data-date=\"2024-12-02 15:45:36\" data-filename=\"A29-700x300.jpg\" data-slide-type=\"image\"><a href=\"http:\/\/lorrylesmetz-histoire.fr\/wp-content\/uploads\/2024\/12\/A29.jpg\" target=\"_blank\" aria-label=\"Voir les d\u00e9tails de la diapositive\" class=\"metaslider_image_link\"><img loading=\"lazy\" decoding=\"async\" src=\"http:\/\/lorrylesmetz-histoire.fr\/wp-content\/uploads\/2024\/12\/A29-700x300.jpg\" height=\"300\" width=\"700\" alt=\"\" class=\"slider-8191 slide-8219 msDefaultImage\" title=\"A29\" \/><\/a><\/li>\n                <li style=\"display: none; width: 100%;\" class=\"slide-8220 ms-image \" aria-roledescription=\"slide\" data-date=\"2024-12-02 15:45:37\" data-filename=\"A30-700x300.jpg\" data-slide-type=\"image\"><a href=\"http:\/\/lorrylesmetz-histoire.fr\/wp-content\/uploads\/2024\/12\/A30.jpg\" target=\"_blank\" aria-label=\"Voir les d\u00e9tails de la diapositive\" class=\"metaslider_image_link\"><img loading=\"lazy\" decoding=\"async\" src=\"http:\/\/lorrylesmetz-histoire.fr\/wp-content\/uploads\/2024\/12\/A30-700x300.jpg\" height=\"300\" width=\"700\" alt=\"\" class=\"slider-8191 slide-8220 msDefaultImage\" title=\"A30\" \/><\/a><\/li>\n            <\/ul>\n        <\/div>\n        \n    <\/div>\n<\/div>\n<p><a href=\"http:\/\/lorrylesmetz-histoire.fr\/?page_id=7846\"><img loading=\"lazy\" decoding=\"async\" class=\"alignnone size-full wp-image-378\" src=\"http:\/\/lorrylesmetz-histoire.fr\/wp-content\/uploads\/2017\/05\/retour.png\" alt=\"\" width=\"89\" height=\"31\" \/><\/a><\/p>\n","protected":false},"excerpt":{"rendered":"<p>15 novembre 2024 Apr\u00e8s le discours de Michel Vorms au poste M\u00e9moire et vie patriotique de la mairie de Metz, Lorry-l\u00e8s-Metz \u00ab au fil du temps \u00bb a ouvert le cycle de conf\u00e9rences propos\u00e9 par le Comit\u00e9 d\u2019histoire du Pays&hellip; <\/p>\n","protected":false},"author":1,"featured_media":0,"parent":7846,"menu_order":5,"comment_status":"closed","ping_status":"closed","template":"","meta":{"_mc_calendar":[],"footnotes":""},"class_list":["post-8221","page","type-page","status-publish","hentry"],"_links":{"self":[{"href":"http:\/\/lorrylesmetz-histoire.fr\/index.php?rest_route=\/wp\/v2\/pages\/8221","targetHints":{"allow":["GET"]}}],"collection":[{"href":"http:\/\/lorrylesmetz-histoire.fr\/index.php?rest_route=\/wp\/v2\/pages"}],"about":[{"href":"http:\/\/lorrylesmetz-histoire.fr\/index.php?rest_route=\/wp\/v2\/types\/page"}],"author":[{"embeddable":true,"href":"http:\/\/lorrylesmetz-histoire.fr\/index.php?rest_route=\/wp\/v2\/users\/1"}],"replies":[{"embeddable":true,"href":"http:\/\/lorrylesmetz-histoire.fr\/index.php?rest_route=%2Fwp%2Fv2%2Fcomments&post=8221"}],"version-history":[{"count":3,"href":"http:\/\/lorrylesmetz-histoire.fr\/index.php?rest_route=\/wp\/v2\/pages\/8221\/revisions"}],"predecessor-version":[{"id":8224,"href":"http:\/\/lorrylesmetz-histoire.fr\/index.php?rest_route=\/wp\/v2\/pages\/8221\/revisions\/8224"}],"up":[{"embeddable":true,"href":"http:\/\/lorrylesmetz-histoire.fr\/index.php?rest_route=\/wp\/v2\/pages\/7846"}],"wp:attachment":[{"href":"http:\/\/lorrylesmetz-histoire.fr\/index.php?rest_route=%2Fwp%2Fv2%2Fmedia&parent=8221"}],"curies":[{"name":"wp","href":"https:\/\/api.w.org\/{rel}","templated":true}]}}