{"id":8390,"date":"2024-12-03T10:00:31","date_gmt":"2024-12-03T09:00:31","guid":{"rendered":"http:\/\/lorrylesmetz-histoire.fr\/?page_id=8390"},"modified":"2024-12-03T10:04:02","modified_gmt":"2024-12-03T09:04:02","slug":"conference-la-liberte-retrouvee","status":"publish","type":"page","link":"http:\/\/lorrylesmetz-histoire.fr\/?page_id=8390","title":{"rendered":"Conf\u00e9rence La libert\u00e9 retrouv\u00e9e"},"content":{"rendered":"<h2>17\u00a0novembre\u00a02024<\/h2>\n<p>Lorry-l\u00e8s-Metz \u00ab\u00a0au fil du temps\u00a0\u00bb a \u00e9t\u00e9 sollicit\u00e9e par les organisateurs du salon, afin de pr\u00e9senter dimanche 17\u00a0novembre\u00a02024, jour anniversaire de la lib\u00e9ration de Woippy, une conf\u00e9rence sur le th\u00e8me de la lib\u00e9ration de Metz et du Pays messin.<\/p>\n<p>Le pr\u00e9sident Jean-Luc\u00a0Baudinet a choisi d\u2019incarner l\u2019un de ses amis v\u00e9t\u00e9ran de la 95<sup>e<\/sup>\u00a0division d\u2019infanterie am\u00e9ricaine, Ceo Bauer, d\u00e9sormais \u00e2g\u00e9 de 102\u00a0ans, qui sera pr\u00e9sent le week-end prochain lors des c\u00e9r\u00e9monies de la lib\u00e9ration de Metz. Durant 90\u00a0minutes, illustrant son intervention avec 335\u00a0visuels comportant des photos pour la plupart in\u00e9dites, le pr\u00e9sident portait un uniforme d\u2019\u00e9poque pour d\u00e9tailler les op\u00e9rations militaires, l\u2019intervention des Forces fran\u00e7aises de l\u2019int\u00e9rieur, les contacts avec la population messine. Pr\u00e8s d\u2019une centaine de spectateurs a appr\u00e9ci\u00e9 cette pr\u00e9sentation anim\u00e9e et \u00e9mouvante. L\u2019association a \u00e9galement choisi cette occasion pour pr\u00e9senter en avant-premi\u00e8re son <em>Bulletin<\/em> n<sup>o<\/sup> 45 d\u00e9veloppant des documents de premier int\u00e9r\u00eat, concernant l\u2019implication d\u2019un horticulteur de Woippy dans la r\u00e9sistance active, le sacrifice ultime de soldats am\u00e9ricains jumeaux \u00e0 Amanvillers, les circonstances du d\u00e9c\u00e8s de Jean-Moulin \u00e0 Metz-Magny.<\/p>\n<div id=\"metaslider-id-8354\" style=\"width: 100%;\" class=\"ml-slider-3-108-0 metaslider metaslider-flex metaslider-8354 ml-slider has-dots-nav ms-theme-default-base\" role=\"region\" aria-label=\"La libert\u00e9 retrouv\u00e9e\" data-height=\"300\" data-width=\"700\">\n    <div id=\"metaslider_container_8354\">\n        <div id=\"metaslider_8354\">\n            <ul class='slides'>\n                <li style=\"display: block; width: 100%;\" class=\"slide-8355 ms-image \" aria-roledescription=\"slide\" data-date=\"2024-12-03 09:42:41\" data-filename=\"E02-468x200.jpg\" data-slide-type=\"image\"><a href=\"http:\/\/lorrylesmetz-histoire.fr\/wp-content\/uploads\/2024\/12\/E02.jpg\" target=\"_blank\" aria-label=\"Voir les d\u00e9tails de la diapositive\" class=\"metaslider_image_link\"><img loading=\"lazy\" decoding=\"async\" src=\"http:\/\/lorrylesmetz-histoire.fr\/wp-content\/uploads\/2024\/12\/E02-468x200.jpg\" height=\"300\" width=\"700\" alt=\"\" class=\"slider-8354 slide-8355 msDefaultImage\" title=\"E02\" \/><\/a><\/li>\n                <li style=\"display: none; width: 100%;\" class=\"slide-8356 ms-image \" aria-roledescription=\"slide\" data-date=\"2024-12-03 09:42:41\" data-filename=\"E03-700x300.jpg\" data-slide-type=\"image\"><a href=\"http:\/\/lorrylesmetz-histoire.fr\/wp-content\/uploads\/2024\/12\/E03.jpg\" target=\"_blank\" aria-label=\"Voir les d\u00e9tails de la diapositive\" class=\"metaslider_image_link\"><img loading=\"lazy\" decoding=\"async\" src=\"http:\/\/lorrylesmetz-histoire.fr\/wp-content\/uploads\/2024\/12\/E03-700x300.jpg\" height=\"300\" width=\"700\" alt=\"\" class=\"slider-8354 slide-8356 msDefaultImage\" title=\"E03\" \/><\/a><\/li>\n                <li style=\"display: none; width: 100%;\" class=\"slide-8357 ms-image \" aria-roledescription=\"slide\" data-date=\"2024-12-03 09:42:41\" data-filename=\"E04-700x300.jpg\" data-slide-type=\"image\"><a href=\"http:\/\/lorrylesmetz-histoire.fr\/wp-content\/uploads\/2024\/12\/E04.jpg\" target=\"_blank\" aria-label=\"Voir les d\u00e9tails de la diapositive\" class=\"metaslider_image_link\"><img loading=\"lazy\" decoding=\"async\" src=\"http:\/\/lorrylesmetz-histoire.fr\/wp-content\/uploads\/2024\/12\/E04-700x300.jpg\" height=\"300\" width=\"700\" alt=\"\" class=\"slider-8354 slide-8357 msDefaultImage\" title=\"E04\" \/><\/a><\/li>\n                <li style=\"display: none; width: 100%;\" class=\"slide-8358 ms-image \" aria-roledescription=\"slide\" data-date=\"2024-12-03 09:42:41\" data-filename=\"E05-700x300.jpg\" data-slide-type=\"image\"><a href=\"http:\/\/lorrylesmetz-histoire.fr\/wp-content\/uploads\/2024\/12\/E05.jpg\" target=\"_blank\" aria-label=\"Voir les d\u00e9tails de la diapositive\" class=\"metaslider_image_link\"><img loading=\"lazy\" decoding=\"async\" src=\"http:\/\/lorrylesmetz-histoire.fr\/wp-content\/uploads\/2024\/12\/E05-700x300.jpg\" height=\"300\" width=\"700\" alt=\"\" class=\"slider-8354 slide-8358 msDefaultImage\" title=\"E05\" \/><\/a><\/li>\n                <li style=\"display: none; width: 100%;\" class=\"slide-8359 ms-image \" aria-roledescription=\"slide\" data-date=\"2024-12-03 09:42:41\" data-filename=\"E06-700x300.jpg\" data-slide-type=\"image\"><a href=\"http:\/\/lorrylesmetz-histoire.fr\/wp-content\/uploads\/2024\/12\/E06.jpg\" target=\"_blank\" aria-label=\"Voir les d\u00e9tails de la diapositive\" class=\"metaslider_image_link\"><img loading=\"lazy\" decoding=\"async\" src=\"http:\/\/lorrylesmetz-histoire.fr\/wp-content\/uploads\/2024\/12\/E06-700x300.jpg\" height=\"300\" width=\"700\" alt=\"\" class=\"slider-8354 slide-8359 msDefaultImage\" title=\"E06\" \/><\/a><\/li>\n                <li style=\"display: none; width: 100%;\" class=\"slide-8360 ms-image \" aria-roledescription=\"slide\" data-date=\"2024-12-03 09:42:41\" data-filename=\"E07-700x300.jpg\" data-slide-type=\"image\"><a href=\"http:\/\/lorrylesmetz-histoire.fr\/wp-content\/uploads\/2024\/12\/E07.jpg\" target=\"_blank\" aria-label=\"Voir les d\u00e9tails de la diapositive\" class=\"metaslider_image_link\"><img loading=\"lazy\" decoding=\"async\" src=\"http:\/\/lorrylesmetz-histoire.fr\/wp-content\/uploads\/2024\/12\/E07-700x300.jpg\" height=\"300\" width=\"700\" alt=\"\" class=\"slider-8354 slide-8360 msDefaultImage\" title=\"E07\" \/><\/a><\/li>\n                <li style=\"display: none; width: 100%;\" class=\"slide-8361 ms-image \" aria-roledescription=\"slide\" data-date=\"2024-12-03 09:42:41\" data-filename=\"E08-700x300.jpg\" data-slide-type=\"image\"><a href=\"http:\/\/lorrylesmetz-histoire.fr\/wp-content\/uploads\/2024\/12\/E08.jpg\" target=\"_blank\" aria-label=\"Voir les d\u00e9tails de la diapositive\" class=\"metaslider_image_link\"><img loading=\"lazy\" decoding=\"async\" src=\"http:\/\/lorrylesmetz-histoire.fr\/wp-content\/uploads\/2024\/12\/E08-700x300.jpg\" height=\"300\" width=\"700\" alt=\"\" class=\"slider-8354 slide-8361 msDefaultImage\" title=\"E08\" \/><\/a><\/li>\n                <li style=\"display: none; width: 100%;\" class=\"slide-8362 ms-image \" aria-roledescription=\"slide\" data-date=\"2024-12-03 09:42:42\" data-filename=\"E09-700x300.jpg\" data-slide-type=\"image\"><a href=\"http:\/\/lorrylesmetz-histoire.fr\/wp-content\/uploads\/2024\/12\/E09.jpg\" target=\"_blank\" aria-label=\"Voir les d\u00e9tails de la diapositive\" class=\"metaslider_image_link\"><img loading=\"lazy\" decoding=\"async\" src=\"http:\/\/lorrylesmetz-histoire.fr\/wp-content\/uploads\/2024\/12\/E09-700x300.jpg\" height=\"300\" width=\"700\" alt=\"\" class=\"slider-8354 slide-8362 msDefaultImage\" title=\"E09\" \/><\/a><\/li>\n                <li style=\"display: none; width: 100%;\" class=\"slide-8363 ms-image \" aria-roledescription=\"slide\" data-date=\"2024-12-03 09:42:42\" data-filename=\"E10-700x300.jpg\" data-slide-type=\"image\"><a href=\"http:\/\/lorrylesmetz-histoire.fr\/wp-content\/uploads\/2024\/12\/E10.jpg\" target=\"_blank\" aria-label=\"Voir les d\u00e9tails de la diapositive\" class=\"metaslider_image_link\"><img loading=\"lazy\" decoding=\"async\" src=\"http:\/\/lorrylesmetz-histoire.fr\/wp-content\/uploads\/2024\/12\/E10-700x300.jpg\" height=\"300\" width=\"700\" alt=\"\" class=\"slider-8354 slide-8363 msDefaultImage\" title=\"E10\" \/><\/a><\/li>\n                <li style=\"display: none; width: 100%;\" class=\"slide-8364 ms-image \" aria-roledescription=\"slide\" data-date=\"2024-12-03 09:42:42\" data-filename=\"E11-700x300.jpg\" data-slide-type=\"image\"><a href=\"http:\/\/lorrylesmetz-histoire.fr\/wp-content\/uploads\/2024\/12\/E11.jpg\" target=\"_blank\" aria-label=\"Voir les d\u00e9tails de la diapositive\" class=\"metaslider_image_link\"><img loading=\"lazy\" decoding=\"async\" src=\"http:\/\/lorrylesmetz-histoire.fr\/wp-content\/uploads\/2024\/12\/E11-700x300.jpg\" height=\"300\" width=\"700\" alt=\"\" class=\"slider-8354 slide-8364 msDefaultImage\" title=\"E11\" \/><\/a><\/li>\n                <li style=\"display: none; width: 100%;\" class=\"slide-8365 ms-image \" aria-roledescription=\"slide\" data-date=\"2024-12-03 09:42:42\" data-filename=\"E12-700x300.jpg\" data-slide-type=\"image\"><a href=\"http:\/\/lorrylesmetz-histoire.fr\/wp-content\/uploads\/2024\/12\/E12.jpg\" target=\"_blank\" aria-label=\"Voir les d\u00e9tails de la diapositive\" class=\"metaslider_image_link\"><img loading=\"lazy\" decoding=\"async\" src=\"http:\/\/lorrylesmetz-histoire.fr\/wp-content\/uploads\/2024\/12\/E12-700x300.jpg\" height=\"300\" width=\"700\" alt=\"\" class=\"slider-8354 slide-8365 msDefaultImage\" title=\"E12\" \/><\/a><\/li>\n                <li style=\"display: none; width: 100%;\" class=\"slide-8366 ms-image \" aria-roledescription=\"slide\" data-date=\"2024-12-03 09:42:42\" data-filename=\"E13-700x300.jpg\" data-slide-type=\"image\"><a href=\"http:\/\/lorrylesmetz-histoire.fr\/wp-content\/uploads\/2024\/12\/E13.jpg\" target=\"_blank\" aria-label=\"Voir les d\u00e9tails de la diapositive\" class=\"metaslider_image_link\"><img loading=\"lazy\" decoding=\"async\" src=\"http:\/\/lorrylesmetz-histoire.fr\/wp-content\/uploads\/2024\/12\/E13-700x300.jpg\" height=\"300\" width=\"700\" alt=\"\" class=\"slider-8354 slide-8366 msDefaultImage\" title=\"E13\" \/><\/a><\/li>\n                <li style=\"display: none; width: 100%;\" class=\"slide-8367 ms-image \" aria-roledescription=\"slide\" data-date=\"2024-12-03 09:42:42\" data-filename=\"E14-700x300.jpg\" data-slide-type=\"image\"><a href=\"http:\/\/lorrylesmetz-histoire.fr\/wp-content\/uploads\/2024\/12\/E14.jpg\" target=\"_blank\" aria-label=\"Voir les d\u00e9tails de la diapositive\" class=\"metaslider_image_link\"><img loading=\"lazy\" decoding=\"async\" src=\"http:\/\/lorrylesmetz-histoire.fr\/wp-content\/uploads\/2024\/12\/E14-700x300.jpg\" height=\"300\" width=\"700\" alt=\"\" class=\"slider-8354 slide-8367 msDefaultImage\" title=\"E14\" \/><\/a><\/li>\n                <li style=\"display: none; width: 100%;\" class=\"slide-8368 ms-image \" aria-roledescription=\"slide\" data-date=\"2024-12-03 09:42:42\" data-filename=\"E15-700x300.jpg\" data-slide-type=\"image\"><a href=\"http:\/\/lorrylesmetz-histoire.fr\/wp-content\/uploads\/2024\/12\/E15.jpg\" target=\"_blank\" aria-label=\"Voir les d\u00e9tails de la diapositive\" class=\"metaslider_image_link\"><img loading=\"lazy\" decoding=\"async\" src=\"http:\/\/lorrylesmetz-histoire.fr\/wp-content\/uploads\/2024\/12\/E15-700x300.jpg\" height=\"300\" width=\"700\" alt=\"\" class=\"slider-8354 slide-8368 msDefaultImage\" title=\"E15\" \/><\/a><\/li>\n                <li style=\"display: none; width: 100%;\" class=\"slide-8369 ms-image \" aria-roledescription=\"slide\" data-date=\"2024-12-03 09:42:42\" data-filename=\"E16-700x300.jpg\" data-slide-type=\"image\"><a href=\"http:\/\/lorrylesmetz-histoire.fr\/wp-content\/uploads\/2024\/12\/E16.jpg\" target=\"_blank\" aria-label=\"Voir les d\u00e9tails de la diapositive\" class=\"metaslider_image_link\"><img loading=\"lazy\" decoding=\"async\" src=\"http:\/\/lorrylesmetz-histoire.fr\/wp-content\/uploads\/2024\/12\/E16-700x300.jpg\" height=\"300\" width=\"700\" alt=\"\" class=\"slider-8354 slide-8369 msDefaultImage\" title=\"E16\" \/><\/a><\/li>\n                <li style=\"display: none; width: 100%;\" class=\"slide-8370 ms-image \" aria-roledescription=\"slide\" data-date=\"2024-12-03 09:42:42\" data-filename=\"E17-700x300.jpg\" data-slide-type=\"image\"><a href=\"http:\/\/lorrylesmetz-histoire.fr\/wp-content\/uploads\/2024\/12\/E17.jpg\" target=\"_blank\" aria-label=\"Voir les d\u00e9tails de la diapositive\" class=\"metaslider_image_link\"><img loading=\"lazy\" decoding=\"async\" src=\"http:\/\/lorrylesmetz-histoire.fr\/wp-content\/uploads\/2024\/12\/E17-700x300.jpg\" height=\"300\" width=\"700\" alt=\"\" class=\"slider-8354 slide-8370 msDefaultImage\" title=\"E17\" \/><\/a><\/li>\n                <li style=\"display: none; width: 100%;\" class=\"slide-8371 ms-image \" aria-roledescription=\"slide\" data-date=\"2024-12-03 09:42:42\" data-filename=\"E18-700x300.jpg\" data-slide-type=\"image\"><a href=\"http:\/\/lorrylesmetz-histoire.fr\/wp-content\/uploads\/2024\/12\/E18.jpg\" target=\"_blank\" aria-label=\"Voir les d\u00e9tails de la diapositive\" class=\"metaslider_image_link\"><img loading=\"lazy\" decoding=\"async\" src=\"http:\/\/lorrylesmetz-histoire.fr\/wp-content\/uploads\/2024\/12\/E18-700x300.jpg\" height=\"300\" width=\"700\" alt=\"\" class=\"slider-8354 slide-8371 msDefaultImage\" title=\"E18\" \/><\/a><\/li>\n                <li style=\"display: none; width: 100%;\" class=\"slide-8372 ms-image \" aria-roledescription=\"slide\" data-date=\"2024-12-03 09:42:42\" data-filename=\"E19-700x300.jpg\" data-slide-type=\"image\"><a href=\"http:\/\/lorrylesmetz-histoire.fr\/wp-content\/uploads\/2024\/12\/E19.jpg\" target=\"_blank\" aria-label=\"Voir les d\u00e9tails de la diapositive\" class=\"metaslider_image_link\"><img loading=\"lazy\" decoding=\"async\" src=\"http:\/\/lorrylesmetz-histoire.fr\/wp-content\/uploads\/2024\/12\/E19-700x300.jpg\" height=\"300\" width=\"700\" alt=\"\" class=\"slider-8354 slide-8372 msDefaultImage\" title=\"E19\" \/><\/a><\/li>\n                <li style=\"display: none; width: 100%;\" class=\"slide-8373 ms-image \" aria-roledescription=\"slide\" data-date=\"2024-12-03 09:42:42\" data-filename=\"E20-700x300.jpg\" data-slide-type=\"image\"><a href=\"http:\/\/lorrylesmetz-histoire.fr\/wp-content\/uploads\/2024\/12\/E20.jpg\" target=\"_blank\" aria-label=\"Voir les d\u00e9tails de la diapositive\" class=\"metaslider_image_link\"><img loading=\"lazy\" decoding=\"async\" src=\"http:\/\/lorrylesmetz-histoire.fr\/wp-content\/uploads\/2024\/12\/E20-700x300.jpg\" height=\"300\" width=\"700\" alt=\"\" class=\"slider-8354 slide-8373 msDefaultImage\" title=\"E20\" \/><\/a><\/li>\n                <li style=\"display: none; width: 100%;\" class=\"slide-8374 ms-image \" aria-roledescription=\"slide\" data-date=\"2024-12-03 09:42:42\" data-filename=\"E21-700x300.jpg\" data-slide-type=\"image\"><a href=\"http:\/\/lorrylesmetz-histoire.fr\/wp-content\/uploads\/2024\/12\/E21.jpg\" target=\"_blank\" aria-label=\"Voir les d\u00e9tails de la diapositive\" class=\"metaslider_image_link\"><img loading=\"lazy\" decoding=\"async\" src=\"http:\/\/lorrylesmetz-histoire.fr\/wp-content\/uploads\/2024\/12\/E21-700x300.jpg\" height=\"300\" width=\"700\" alt=\"\" class=\"slider-8354 slide-8374 msDefaultImage\" title=\"E21\" \/><\/a><\/li>\n                <li style=\"display: none; width: 100%;\" class=\"slide-8375 ms-image \" aria-roledescription=\"slide\" data-date=\"2024-12-03 09:42:43\" data-filename=\"E22-700x300.jpg\" data-slide-type=\"image\"><a href=\"http:\/\/lorrylesmetz-histoire.fr\/wp-content\/uploads\/2024\/12\/E22.jpg\" target=\"_blank\" aria-label=\"Voir les d\u00e9tails de la diapositive\" class=\"metaslider_image_link\"><img loading=\"lazy\" decoding=\"async\" src=\"http:\/\/lorrylesmetz-histoire.fr\/wp-content\/uploads\/2024\/12\/E22-700x300.jpg\" height=\"300\" width=\"700\" alt=\"\" class=\"slider-8354 slide-8375 msDefaultImage\" title=\"E22\" \/><\/a><\/li>\n                <li style=\"display: none; width: 100%;\" class=\"slide-8376 ms-image \" aria-roledescription=\"slide\" data-date=\"2024-12-03 09:42:43\" data-filename=\"E23-700x300.jpg\" data-slide-type=\"image\"><a href=\"http:\/\/lorrylesmetz-histoire.fr\/wp-content\/uploads\/2024\/12\/E23.jpg\" target=\"_blank\" aria-label=\"Voir les d\u00e9tails de la diapositive\" class=\"metaslider_image_link\"><img loading=\"lazy\" decoding=\"async\" src=\"http:\/\/lorrylesmetz-histoire.fr\/wp-content\/uploads\/2024\/12\/E23-700x300.jpg\" height=\"300\" width=\"700\" alt=\"\" class=\"slider-8354 slide-8376 msDefaultImage\" title=\"E23\" \/><\/a><\/li>\n                <li style=\"display: none; width: 100%;\" class=\"slide-8377 ms-image \" aria-roledescription=\"slide\" data-date=\"2024-12-03 09:42:43\" data-filename=\"E24-700x300.jpg\" data-slide-type=\"image\"><a href=\"http:\/\/lorrylesmetz-histoire.fr\/wp-content\/uploads\/2024\/12\/E24.jpg\" target=\"_blank\" aria-label=\"Voir les d\u00e9tails de la diapositive\" class=\"metaslider_image_link\"><img loading=\"lazy\" decoding=\"async\" src=\"http:\/\/lorrylesmetz-histoire.fr\/wp-content\/uploads\/2024\/12\/E24-700x300.jpg\" height=\"300\" width=\"700\" alt=\"\" class=\"slider-8354 slide-8377 msDefaultImage\" title=\"E24\" \/><\/a><\/li>\n                <li style=\"display: none; width: 100%;\" class=\"slide-8378 ms-image \" aria-roledescription=\"slide\" data-date=\"2024-12-03 09:42:43\" data-filename=\"E25-700x300.jpg\" data-slide-type=\"image\"><a href=\"http:\/\/lorrylesmetz-histoire.fr\/wp-content\/uploads\/2024\/12\/E25.jpg\" target=\"_blank\" aria-label=\"Voir les d\u00e9tails de la diapositive\" class=\"metaslider_image_link\"><img loading=\"lazy\" decoding=\"async\" src=\"http:\/\/lorrylesmetz-histoire.fr\/wp-content\/uploads\/2024\/12\/E25-700x300.jpg\" height=\"300\" width=\"700\" alt=\"\" class=\"slider-8354 slide-8378 msDefaultImage\" title=\"E25\" \/><\/a><\/li>\n                <li style=\"display: none; width: 100%;\" class=\"slide-8379 ms-image \" aria-roledescription=\"slide\" data-date=\"2024-12-03 09:42:43\" data-filename=\"E26-700x300.jpg\" data-slide-type=\"image\"><a href=\"http:\/\/lorrylesmetz-histoire.fr\/wp-content\/uploads\/2024\/12\/E26.jpg\" target=\"_blank\" aria-label=\"Voir les d\u00e9tails de la diapositive\" class=\"metaslider_image_link\"><img loading=\"lazy\" decoding=\"async\" src=\"http:\/\/lorrylesmetz-histoire.fr\/wp-content\/uploads\/2024\/12\/E26-700x300.jpg\" height=\"300\" width=\"700\" alt=\"\" class=\"slider-8354 slide-8379 msDefaultImage\" title=\"E26\" \/><\/a><\/li>\n                <li style=\"display: none; width: 100%;\" class=\"slide-8380 ms-image \" aria-roledescription=\"slide\" data-date=\"2024-12-03 09:42:43\" data-filename=\"E27-700x300.jpg\" data-slide-type=\"image\"><a href=\"http:\/\/lorrylesmetz-histoire.fr\/wp-content\/uploads\/2024\/12\/E27.jpg\" target=\"_blank\" aria-label=\"Voir les d\u00e9tails de la diapositive\" class=\"metaslider_image_link\"><img loading=\"lazy\" decoding=\"async\" src=\"http:\/\/lorrylesmetz-histoire.fr\/wp-content\/uploads\/2024\/12\/E27-700x300.jpg\" height=\"300\" width=\"700\" alt=\"\" class=\"slider-8354 slide-8380 msDefaultImage\" title=\"E27\" \/><\/a><\/li>\n                <li style=\"display: none; width: 100%;\" class=\"slide-8381 ms-image \" aria-roledescription=\"slide\" data-date=\"2024-12-03 09:42:43\" data-filename=\"E28-700x300.jpg\" data-slide-type=\"image\"><a href=\"http:\/\/lorrylesmetz-histoire.fr\/wp-content\/uploads\/2024\/12\/E28.jpg\" target=\"_blank\" aria-label=\"Voir les d\u00e9tails de la diapositive\" class=\"metaslider_image_link\"><img loading=\"lazy\" decoding=\"async\" src=\"http:\/\/lorrylesmetz-histoire.fr\/wp-content\/uploads\/2024\/12\/E28-700x300.jpg\" height=\"300\" width=\"700\" alt=\"\" class=\"slider-8354 slide-8381 msDefaultImage\" title=\"E28\" \/><\/a><\/li>\n                <li style=\"display: none; width: 100%;\" class=\"slide-8382 ms-image \" aria-roledescription=\"slide\" data-date=\"2024-12-03 09:42:43\" data-filename=\"E29-700x300.jpg\" data-slide-type=\"image\"><a href=\"http:\/\/lorrylesmetz-histoire.fr\/wp-content\/uploads\/2024\/12\/E29.jpg\" target=\"_blank\" aria-label=\"Voir les d\u00e9tails de la diapositive\" class=\"metaslider_image_link\"><img loading=\"lazy\" decoding=\"async\" src=\"http:\/\/lorrylesmetz-histoire.fr\/wp-content\/uploads\/2024\/12\/E29-700x300.jpg\" height=\"300\" width=\"700\" alt=\"\" class=\"slider-8354 slide-8382 msDefaultImage\" title=\"E29\" \/><\/a><\/li>\n                <li style=\"display: none; width: 100%;\" class=\"slide-8383 ms-image \" aria-roledescription=\"slide\" data-date=\"2024-12-03 09:42:43\" data-filename=\"E30-700x300.jpg\" data-slide-type=\"image\"><a href=\"http:\/\/lorrylesmetz-histoire.fr\/wp-content\/uploads\/2024\/12\/E30.jpg\" target=\"_blank\" aria-label=\"Voir les d\u00e9tails de la diapositive\" class=\"metaslider_image_link\"><img loading=\"lazy\" decoding=\"async\" src=\"http:\/\/lorrylesmetz-histoire.fr\/wp-content\/uploads\/2024\/12\/E30-700x300.jpg\" height=\"300\" width=\"700\" alt=\"\" class=\"slider-8354 slide-8383 msDefaultImage\" title=\"E30\" \/><\/a><\/li>\n                <li style=\"display: none; width: 100%;\" class=\"slide-8384 ms-image \" aria-roledescription=\"slide\" data-date=\"2024-12-03 09:42:43\" data-filename=\"E31-700x300.jpg\" data-slide-type=\"image\"><a href=\"http:\/\/lorrylesmetz-histoire.fr\/wp-content\/uploads\/2024\/12\/E31.jpg\" target=\"_blank\" aria-label=\"Voir les d\u00e9tails de la diapositive\" class=\"metaslider_image_link\"><img loading=\"lazy\" decoding=\"async\" src=\"http:\/\/lorrylesmetz-histoire.fr\/wp-content\/uploads\/2024\/12\/E31-700x300.jpg\" height=\"300\" width=\"700\" alt=\"\" class=\"slider-8354 slide-8384 msDefaultImage\" title=\"E31\" \/><\/a><\/li>\n                <li style=\"display: none; width: 100%;\" class=\"slide-8385 ms-image \" aria-roledescription=\"slide\" data-date=\"2024-12-03 09:42:43\" data-filename=\"E32-700x300.jpg\" data-slide-type=\"image\"><a href=\"http:\/\/lorrylesmetz-histoire.fr\/wp-content\/uploads\/2024\/12\/E32.jpg\" target=\"_blank\" aria-label=\"Voir les d\u00e9tails de la diapositive\" class=\"metaslider_image_link\"><img loading=\"lazy\" decoding=\"async\" src=\"http:\/\/lorrylesmetz-histoire.fr\/wp-content\/uploads\/2024\/12\/E32-700x300.jpg\" height=\"300\" width=\"700\" alt=\"\" class=\"slider-8354 slide-8385 msDefaultImage\" title=\"E32\" \/><\/a><\/li>\n                <li style=\"display: none; width: 100%;\" class=\"slide-8386 ms-image \" aria-roledescription=\"slide\" data-date=\"2024-12-03 09:42:43\" data-filename=\"E33-700x300.jpg\" data-slide-type=\"image\"><a href=\"http:\/\/lorrylesmetz-histoire.fr\/wp-content\/uploads\/2024\/12\/E33.jpg\" target=\"_blank\" aria-label=\"Voir les d\u00e9tails de la diapositive\" class=\"metaslider_image_link\"><img loading=\"lazy\" decoding=\"async\" src=\"http:\/\/lorrylesmetz-histoire.fr\/wp-content\/uploads\/2024\/12\/E33-700x300.jpg\" height=\"300\" width=\"700\" alt=\"\" class=\"slider-8354 slide-8386 msDefaultImage\" title=\"E33\" \/><\/a><\/li>\n                <li style=\"display: none; width: 100%;\" class=\"slide-8387 ms-image \" aria-roledescription=\"slide\" data-date=\"2024-12-03 09:42:43\" data-filename=\"E34-664x284.jpg\" data-slide-type=\"image\"><a href=\"http:\/\/lorrylesmetz-histoire.fr\/wp-content\/uploads\/2024\/12\/E34.jpg\" target=\"_blank\" aria-label=\"Voir les d\u00e9tails de la diapositive\" class=\"metaslider_image_link\"><img loading=\"lazy\" decoding=\"async\" src=\"http:\/\/lorrylesmetz-histoire.fr\/wp-content\/uploads\/2024\/12\/E34-664x284.jpg\" height=\"300\" width=\"700\" alt=\"\" class=\"slider-8354 slide-8387 msDefaultImage\" title=\"E34\" \/><\/a><\/li>\n                <li style=\"display: none; width: 100%;\" class=\"slide-8388 ms-image \" aria-roledescription=\"slide\" data-date=\"2024-12-03 09:42:44\" data-filename=\"E35-664x284.jpg\" data-slide-type=\"image\"><a href=\"http:\/\/lorrylesmetz-histoire.fr\/wp-content\/uploads\/2024\/12\/E35.jpg\" target=\"_blank\" aria-label=\"Voir les d\u00e9tails de la diapositive\" class=\"metaslider_image_link\"><img loading=\"lazy\" decoding=\"async\" src=\"http:\/\/lorrylesmetz-histoire.fr\/wp-content\/uploads\/2024\/12\/E35-664x284.jpg\" height=\"300\" width=\"700\" alt=\"\" class=\"slider-8354 slide-8388 msDefaultImage\" title=\"E35\" \/><\/a><\/li>\n                <li style=\"display: none; width: 100%;\" class=\"slide-8389 ms-image \" aria-roledescription=\"slide\" data-date=\"2024-12-03 09:42:44\" data-filename=\"E36-700x300.jpg\" data-slide-type=\"image\"><a href=\"http:\/\/lorrylesmetz-histoire.fr\/wp-content\/uploads\/2024\/12\/E36.jpg\" target=\"_blank\" aria-label=\"Voir les d\u00e9tails de la diapositive\" class=\"metaslider_image_link\"><img loading=\"lazy\" decoding=\"async\" src=\"http:\/\/lorrylesmetz-histoire.fr\/wp-content\/uploads\/2024\/12\/E36-700x300.jpg\" height=\"300\" width=\"700\" alt=\"\" class=\"slider-8354 slide-8389 msDefaultImage\" title=\"E36\" \/><\/a><\/li>\n            <\/ul>\n        <\/div>\n        \n    <\/div>\n<\/div>\n<p>Photos Claudine\u00a0Kester, G\u00e9rard\u00a0Kester, Roger\u00a0Mariotte<\/p>\n<p><a href=\"http:\/\/lorrylesmetz-histoire.fr\/?page_id=7846\"><img loading=\"lazy\" decoding=\"async\" class=\"alignnone size-full wp-image-378\" src=\"http:\/\/lorrylesmetz-histoire.fr\/wp-content\/uploads\/2017\/05\/retour.png\" alt=\"\" width=\"89\" height=\"31\" \/><\/a><\/p>\n","protected":false},"excerpt":{"rendered":"<p>17\u00a0novembre\u00a02024 Lorry-l\u00e8s-Metz \u00ab\u00a0au fil du temps\u00a0\u00bb a \u00e9t\u00e9 sollicit\u00e9e par les organisateurs du salon, afin de pr\u00e9senter dimanche 17\u00a0novembre\u00a02024, jour anniversaire de la lib\u00e9ration de Woippy, une conf\u00e9rence sur le th\u00e8me de la lib\u00e9ration de Metz et du Pays messin.&hellip; <\/p>\n","protected":false},"author":1,"featured_media":0,"parent":7846,"menu_order":3,"comment_status":"closed","ping_status":"closed","template":"","meta":{"_mc_calendar":[],"footnotes":""},"class_list":["post-8390","page","type-page","status-publish","hentry"],"_links":{"self":[{"href":"http:\/\/lorrylesmetz-histoire.fr\/index.php?rest_route=\/wp\/v2\/pages\/8390","targetHints":{"allow":["GET"]}}],"collection":[{"href":"http:\/\/lorrylesmetz-histoire.fr\/index.php?rest_route=\/wp\/v2\/pages"}],"about":[{"href":"http:\/\/lorrylesmetz-histoire.fr\/index.php?rest_route=\/wp\/v2\/types\/page"}],"author":[{"embeddable":true,"href":"http:\/\/lorrylesmetz-histoire.fr\/index.php?rest_route=\/wp\/v2\/users\/1"}],"replies":[{"embeddable":true,"href":"http:\/\/lorrylesmetz-histoire.fr\/index.php?rest_route=%2Fwp%2Fv2%2Fcomments&post=8390"}],"version-history":[{"count":3,"href":"http:\/\/lorrylesmetz-histoire.fr\/index.php?rest_route=\/wp\/v2\/pages\/8390\/revisions"}],"predecessor-version":[{"id":8393,"href":"http:\/\/lorrylesmetz-histoire.fr\/index.php?rest_route=\/wp\/v2\/pages\/8390\/revisions\/8393"}],"up":[{"embeddable":true,"href":"http:\/\/lorrylesmetz-histoire.fr\/index.php?rest_route=\/wp\/v2\/pages\/7846"}],"wp:attachment":[{"href":"http:\/\/lorrylesmetz-histoire.fr\/index.php?rest_route=%2Fwp%2Fv2%2Fmedia&parent=8390"}],"curies":[{"name":"wp","href":"https:\/\/api.w.org\/{rel}","templated":true}]}}