{"id":8502,"date":"2024-12-03T16:11:39","date_gmt":"2024-12-03T15:11:39","guid":{"rendered":"http:\/\/lorrylesmetz-histoire.fr\/?page_id=8502"},"modified":"2024-12-03T16:14:02","modified_gmt":"2024-12-03T15:14:02","slug":"visite-du-fort-fr-guentrange","status":"publish","type":"page","link":"http:\/\/lorrylesmetz-histoire.fr\/?page_id=8502","title":{"rendered":"Visite du fort fr Guentrange"},"content":{"rendered":"<h2>24 juin 2024<\/h2>\n<p>La visite du fort de Guentrange, organis\u00e9e par Lorry-l\u00e8s-Metz \u00ab\u00a0au fil du temps\u00a0\u00bb a rassembl\u00e9 une vingtaine de participants qui ont eu le plaisir de d\u00e9couvrir durant pr\u00e8s de trois\u00a0heures l\u2019histoire de ce groupe fortifi\u00e9 construit par l\u2019arm\u00e9e allemande pendant la premi\u00e8re annexion sur l\u2019une des collines qui surplombe Thionville.<\/p>\n<p>Sous la conduite de Serge\u00a0Bolzinger, pr\u00e9sident de l\u2019amicale qui assure la valorisation des lieux, une visite privative a permis de comprendre la fonction de cet ouvrage construit entre 1899 et 1906, modernis\u00e9 et \u00e9tendu entre 1912 et 1916, qui pouvait abriter jusqu\u2019\u00e0 2\u202f000\u00a0soldats b\u00e9n\u00e9ficiant de commodit\u00e9s rares pour l\u2019\u00e9poque\u00a0: \u00e9lectricit\u00e9 produite sur place, chauffage central, ventilation, cuisines collectives, boulangerie, douches chaudes, salle de soins et d\u2019op\u00e9ration, cabinet dentaire. Ces \u00e9quipements de confort \u00e0 la pointe du progr\u00e8s n\u2019avaient rien \u00e0 envier aux installations techniques\u00a0: acc\u00e8s en chemin de fer, canons sous tourelles pivotantes, production d\u2019ozone pour d\u00e9sinfecter et assainir l\u2019air, r\u00e9serves d\u2019eau, atelier de r\u00e9paration de machines et d\u2019armement. Depuis bien longtemps les bruits de bottes ont c\u00e9d\u00e9 la place aux commentaires des visiteurs impressionn\u00e9s devant cette construction monumentale, dont les anciennes chambr\u00e9es abritent d\u00e9sormais un beau mus\u00e9e d\u2019Histoire.<\/p>\n<p>Un grand merci pour la pr\u00e9sence de membres des Amis du Vieux Plappeville et de la Soci\u00e9t\u00e9 d\u2019Histoire de Woippy et bien entendu nos plus chaleureux remerciements \u00e0 la dynamique \u00e9quipe de passionn\u00e9s de l\u2019Amicale du groupe fortifi\u00e9 de Guentrange, pour leur accueil et leur investissement au nom de la conservation du patrimoine historique.<\/p>\n<p><a href=\"https:\/\/www.facebook.com\/PageOfficielleduFortdeGuentrange\">https:\/\/www.facebook.com\/PageOfficielleduFortdeGuentrange<\/a><\/p>\n<div id=\"metaslider-id-8475\" style=\"width: 100%;\" class=\"ml-slider-3-108-0 metaslider metaslider-flex metaslider-8475 ml-slider has-dots-nav ms-theme-default-base\" role=\"region\" aria-label=\"Fort Gentrange\" data-height=\"300\" data-width=\"700\">\n    <div id=\"metaslider_container_8475\">\n        <div id=\"metaslider_8475\">\n            <ul class='slides'>\n                <li style=\"display: block; width: 100%;\" class=\"slide-8476 ms-image \" aria-roledescription=\"slide\" data-date=\"2024-12-03 16:05:11\" data-filename=\"G01-640x274.jpg\" data-slide-type=\"image\"><a href=\"http:\/\/lorrylesmetz-histoire.fr\/wp-content\/uploads\/2024\/12\/G01.jpg\" target=\"_blank\" aria-label=\"Voir les d\u00e9tails de la diapositive\" class=\"metaslider_image_link\"><img loading=\"lazy\" decoding=\"async\" src=\"http:\/\/lorrylesmetz-histoire.fr\/wp-content\/uploads\/2024\/12\/G01-640x274.jpg\" height=\"300\" width=\"700\" alt=\"\" class=\"slider-8475 slide-8476 msDefaultImage\" title=\"G01\" \/><\/a><\/li>\n                <li style=\"display: none; width: 100%;\" class=\"slide-8477 ms-image \" aria-roledescription=\"slide\" data-date=\"2024-12-03 16:05:11\" data-filename=\"G02-700x300.jpg\" data-slide-type=\"image\"><a href=\"http:\/\/lorrylesmetz-histoire.fr\/wp-content\/uploads\/2024\/12\/G02.jpg\" target=\"_blank\" aria-label=\"Voir les d\u00e9tails de la diapositive\" class=\"metaslider_image_link\"><img loading=\"lazy\" decoding=\"async\" src=\"http:\/\/lorrylesmetz-histoire.fr\/wp-content\/uploads\/2024\/12\/G02-700x300.jpg\" height=\"300\" width=\"700\" alt=\"\" class=\"slider-8475 slide-8477 msDefaultImage\" title=\"G02\" \/><\/a><\/li>\n                <li style=\"display: none; width: 100%;\" class=\"slide-8478 ms-image \" aria-roledescription=\"slide\" data-date=\"2024-12-03 16:05:12\" data-filename=\"G03-700x300.jpg\" data-slide-type=\"image\"><a href=\"http:\/\/lorrylesmetz-histoire.fr\/wp-content\/uploads\/2024\/12\/G03.jpg\" target=\"_blank\" aria-label=\"Voir les d\u00e9tails de la diapositive\" class=\"metaslider_image_link\"><img loading=\"lazy\" decoding=\"async\" src=\"http:\/\/lorrylesmetz-histoire.fr\/wp-content\/uploads\/2024\/12\/G03-700x300.jpg\" height=\"300\" width=\"700\" alt=\"\" class=\"slider-8475 slide-8478 msDefaultImage\" title=\"G03\" \/><\/a><\/li>\n                <li style=\"display: none; width: 100%;\" class=\"slide-8479 ms-image \" aria-roledescription=\"slide\" data-date=\"2024-12-03 16:05:12\" data-filename=\"G04-640x274.jpg\" data-slide-type=\"image\"><a href=\"http:\/\/lorrylesmetz-histoire.fr\/wp-content\/uploads\/2024\/12\/G04.jpg\" target=\"_blank\" aria-label=\"Voir les d\u00e9tails de la diapositive\" class=\"metaslider_image_link\"><img loading=\"lazy\" decoding=\"async\" src=\"http:\/\/lorrylesmetz-histoire.fr\/wp-content\/uploads\/2024\/12\/G04-640x274.jpg\" height=\"300\" width=\"700\" alt=\"\" class=\"slider-8475 slide-8479 msDefaultImage\" title=\"G04\" \/><\/a><\/li>\n                <li style=\"display: none; width: 100%;\" class=\"slide-8480 ms-image \" aria-roledescription=\"slide\" data-date=\"2024-12-03 16:05:12\" data-filename=\"G05-700x300.jpg\" data-slide-type=\"image\"><a href=\"http:\/\/lorrylesmetz-histoire.fr\/wp-content\/uploads\/2024\/12\/G05.jpg\" target=\"_blank\" aria-label=\"Voir les d\u00e9tails de la diapositive\" class=\"metaslider_image_link\"><img loading=\"lazy\" decoding=\"async\" src=\"http:\/\/lorrylesmetz-histoire.fr\/wp-content\/uploads\/2024\/12\/G05-700x300.jpg\" height=\"300\" width=\"700\" alt=\"\" class=\"slider-8475 slide-8480 msDefaultImage\" title=\"G05\" \/><\/a><\/li>\n                <li style=\"display: none; width: 100%;\" class=\"slide-8481 ms-image \" aria-roledescription=\"slide\" data-date=\"2024-12-03 16:05:12\" data-filename=\"G06-700x300.jpg\" data-slide-type=\"image\"><a href=\"http:\/\/lorrylesmetz-histoire.fr\/wp-content\/uploads\/2024\/12\/G06.jpg\" target=\"_blank\" aria-label=\"Voir les d\u00e9tails de la diapositive\" class=\"metaslider_image_link\"><img loading=\"lazy\" decoding=\"async\" src=\"http:\/\/lorrylesmetz-histoire.fr\/wp-content\/uploads\/2024\/12\/G06-700x300.jpg\" height=\"300\" width=\"700\" alt=\"\" class=\"slider-8475 slide-8481 msDefaultImage\" title=\"G06\" \/><\/a><\/li>\n                <li style=\"display: none; width: 100%;\" class=\"slide-8482 ms-image \" aria-roledescription=\"slide\" data-date=\"2024-12-03 16:05:12\" data-filename=\"G07-700x300.jpg\" data-slide-type=\"image\"><a href=\"http:\/\/lorrylesmetz-histoire.fr\/wp-content\/uploads\/2024\/12\/G07.jpg\" target=\"_blank\" aria-label=\"Voir les d\u00e9tails de la diapositive\" class=\"metaslider_image_link\"><img loading=\"lazy\" decoding=\"async\" src=\"http:\/\/lorrylesmetz-histoire.fr\/wp-content\/uploads\/2024\/12\/G07-700x300.jpg\" height=\"300\" width=\"700\" alt=\"\" class=\"slider-8475 slide-8482 msDefaultImage\" title=\"G07\" \/><\/a><\/li>\n                <li style=\"display: none; width: 100%;\" class=\"slide-8483 ms-image \" aria-roledescription=\"slide\" data-date=\"2024-12-03 16:05:12\" data-filename=\"G08-640x274.jpg\" data-slide-type=\"image\"><a href=\"http:\/\/lorrylesmetz-histoire.fr\/wp-content\/uploads\/2024\/12\/G08.jpg\" target=\"_blank\" aria-label=\"Voir les d\u00e9tails de la diapositive\" class=\"metaslider_image_link\"><img loading=\"lazy\" decoding=\"async\" src=\"http:\/\/lorrylesmetz-histoire.fr\/wp-content\/uploads\/2024\/12\/G08-640x274.jpg\" height=\"300\" width=\"700\" alt=\"\" class=\"slider-8475 slide-8483 msDefaultImage\" title=\"G08\" \/><\/a><\/li>\n                <li style=\"display: none; width: 100%;\" class=\"slide-8484 ms-image \" aria-roledescription=\"slide\" data-date=\"2024-12-03 16:05:12\" data-filename=\"G09-664x284.jpg\" data-slide-type=\"image\"><a href=\"http:\/\/lorrylesmetz-histoire.fr\/wp-content\/uploads\/2024\/12\/G09.jpg\" target=\"_blank\" aria-label=\"Voir les d\u00e9tails de la diapositive\" class=\"metaslider_image_link\"><img loading=\"lazy\" decoding=\"async\" src=\"http:\/\/lorrylesmetz-histoire.fr\/wp-content\/uploads\/2024\/12\/G09-664x284.jpg\" height=\"300\" width=\"700\" alt=\"\" class=\"slider-8475 slide-8484 msDefaultImage\" title=\"G09\" \/><\/a><\/li>\n                <li style=\"display: none; width: 100%;\" class=\"slide-8485 ms-image \" aria-roledescription=\"slide\" data-date=\"2024-12-03 16:05:12\" data-filename=\"G10-640x274.jpg\" data-slide-type=\"image\"><a href=\"http:\/\/lorrylesmetz-histoire.fr\/wp-content\/uploads\/2024\/12\/G10.jpg\" target=\"_blank\" aria-label=\"Voir les d\u00e9tails de la diapositive\" class=\"metaslider_image_link\"><img loading=\"lazy\" decoding=\"async\" src=\"http:\/\/lorrylesmetz-histoire.fr\/wp-content\/uploads\/2024\/12\/G10-640x274.jpg\" height=\"300\" width=\"700\" alt=\"\" class=\"slider-8475 slide-8485 msDefaultImage\" title=\"G10\" \/><\/a><\/li>\n                <li style=\"display: none; width: 100%;\" class=\"slide-8486 ms-image \" aria-roledescription=\"slide\" data-date=\"2024-12-03 16:05:12\" data-filename=\"G11-640x274.jpg\" data-slide-type=\"image\"><a href=\"http:\/\/lorrylesmetz-histoire.fr\/wp-content\/uploads\/2024\/12\/G11.jpg\" target=\"_blank\" aria-label=\"Voir les d\u00e9tails de la diapositive\" class=\"metaslider_image_link\"><img loading=\"lazy\" decoding=\"async\" src=\"http:\/\/lorrylesmetz-histoire.fr\/wp-content\/uploads\/2024\/12\/G11-640x274.jpg\" height=\"300\" width=\"700\" alt=\"\" class=\"slider-8475 slide-8486 msDefaultImage\" title=\"G11\" \/><\/a><\/li>\n                <li style=\"display: none; width: 100%;\" class=\"slide-8487 ms-image \" aria-roledescription=\"slide\" data-date=\"2024-12-03 16:05:12\" data-filename=\"G12-700x300.jpg\" data-slide-type=\"image\"><a href=\"http:\/\/lorrylesmetz-histoire.fr\/wp-content\/uploads\/2024\/12\/G12.jpg\" target=\"_blank\" aria-label=\"Voir les d\u00e9tails de la diapositive\" class=\"metaslider_image_link\"><img loading=\"lazy\" decoding=\"async\" src=\"http:\/\/lorrylesmetz-histoire.fr\/wp-content\/uploads\/2024\/12\/G12-700x300.jpg\" height=\"300\" width=\"700\" alt=\"\" class=\"slider-8475 slide-8487 msDefaultImage\" title=\"G12\" \/><\/a><\/li>\n                <li style=\"display: none; width: 100%;\" class=\"slide-8488 ms-image \" aria-roledescription=\"slide\" data-date=\"2024-12-03 16:05:12\" data-filename=\"G13-700x300.jpg\" data-slide-type=\"image\"><a href=\"http:\/\/lorrylesmetz-histoire.fr\/wp-content\/uploads\/2024\/12\/G13.jpg\" target=\"_blank\" aria-label=\"Voir les d\u00e9tails de la diapositive\" class=\"metaslider_image_link\"><img loading=\"lazy\" decoding=\"async\" src=\"http:\/\/lorrylesmetz-histoire.fr\/wp-content\/uploads\/2024\/12\/G13-700x300.jpg\" height=\"300\" width=\"700\" alt=\"\" class=\"slider-8475 slide-8488 msDefaultImage\" title=\"G13\" \/><\/a><\/li>\n                <li style=\"display: none; width: 100%;\" class=\"slide-8489 ms-image \" aria-roledescription=\"slide\" data-date=\"2024-12-03 16:05:12\" data-filename=\"G14-700x300.jpg\" data-slide-type=\"image\"><a href=\"http:\/\/lorrylesmetz-histoire.fr\/wp-content\/uploads\/2024\/12\/G14.jpg\" target=\"_blank\" aria-label=\"Voir les d\u00e9tails de la diapositive\" class=\"metaslider_image_link\"><img loading=\"lazy\" decoding=\"async\" src=\"http:\/\/lorrylesmetz-histoire.fr\/wp-content\/uploads\/2024\/12\/G14-700x300.jpg\" height=\"300\" width=\"700\" alt=\"\" class=\"slider-8475 slide-8489 msDefaultImage\" title=\"G14\" \/><\/a><\/li>\n                <li style=\"display: none; width: 100%;\" class=\"slide-8490 ms-image \" aria-roledescription=\"slide\" data-date=\"2024-12-03 16:05:12\" data-filename=\"G15-480x205.jpg\" data-slide-type=\"image\"><a href=\"http:\/\/lorrylesmetz-histoire.fr\/wp-content\/uploads\/2024\/12\/G15.jpg\" target=\"_blank\" aria-label=\"Voir les d\u00e9tails de la diapositive\" class=\"metaslider_image_link\"><img loading=\"lazy\" decoding=\"async\" src=\"http:\/\/lorrylesmetz-histoire.fr\/wp-content\/uploads\/2024\/12\/G15-480x205.jpg\" height=\"300\" width=\"700\" alt=\"\" class=\"slider-8475 slide-8490 msDefaultImage\" title=\"G15\" \/><\/a><\/li>\n                <li style=\"display: none; width: 100%;\" class=\"slide-8491 ms-image \" aria-roledescription=\"slide\" data-date=\"2024-12-03 16:05:13\" data-filename=\"G16-700x300.jpg\" data-slide-type=\"image\"><a href=\"http:\/\/lorrylesmetz-histoire.fr\/wp-content\/uploads\/2024\/12\/G16.jpg\" target=\"_blank\" aria-label=\"Voir les d\u00e9tails de la diapositive\" class=\"metaslider_image_link\"><img loading=\"lazy\" decoding=\"async\" src=\"http:\/\/lorrylesmetz-histoire.fr\/wp-content\/uploads\/2024\/12\/G16-700x300.jpg\" height=\"300\" width=\"700\" alt=\"\" class=\"slider-8475 slide-8491 msDefaultImage\" title=\"G16\" \/><\/a><\/li>\n                <li style=\"display: none; width: 100%;\" class=\"slide-8492 ms-image \" aria-roledescription=\"slide\" data-date=\"2024-12-03 16:05:13\" data-filename=\"G17-664x284.jpg\" data-slide-type=\"image\"><a href=\"http:\/\/lorrylesmetz-histoire.fr\/wp-content\/uploads\/2024\/12\/G17.jpg\" target=\"_blank\" aria-label=\"Voir les d\u00e9tails de la diapositive\" class=\"metaslider_image_link\"><img loading=\"lazy\" decoding=\"async\" src=\"http:\/\/lorrylesmetz-histoire.fr\/wp-content\/uploads\/2024\/12\/G17-664x284.jpg\" height=\"300\" width=\"700\" alt=\"\" class=\"slider-8475 slide-8492 msDefaultImage\" title=\"G17\" \/><\/a><\/li>\n                <li style=\"display: none; width: 100%;\" class=\"slide-8493 ms-image \" aria-roledescription=\"slide\" data-date=\"2024-12-03 16:05:13\" data-filename=\"G18-640x274.jpg\" data-slide-type=\"image\"><a href=\"http:\/\/lorrylesmetz-histoire.fr\/wp-content\/uploads\/2024\/12\/G18.jpg\" target=\"_blank\" aria-label=\"Voir les d\u00e9tails de la diapositive\" class=\"metaslider_image_link\"><img loading=\"lazy\" decoding=\"async\" src=\"http:\/\/lorrylesmetz-histoire.fr\/wp-content\/uploads\/2024\/12\/G18-640x274.jpg\" height=\"300\" width=\"700\" alt=\"\" class=\"slider-8475 slide-8493 msDefaultImage\" title=\"G18\" \/><\/a><\/li>\n                <li style=\"display: none; width: 100%;\" class=\"slide-8494 ms-image \" aria-roledescription=\"slide\" data-date=\"2024-12-03 16:05:13\" data-filename=\"G19-700x300.jpg\" data-slide-type=\"image\"><a href=\"http:\/\/lorrylesmetz-histoire.fr\/wp-content\/uploads\/2024\/12\/G19.jpg\" target=\"_blank\" aria-label=\"Voir les d\u00e9tails de la diapositive\" class=\"metaslider_image_link\"><img loading=\"lazy\" decoding=\"async\" src=\"http:\/\/lorrylesmetz-histoire.fr\/wp-content\/uploads\/2024\/12\/G19-700x300.jpg\" height=\"300\" width=\"700\" alt=\"\" class=\"slider-8475 slide-8494 msDefaultImage\" title=\"G19\" \/><\/a><\/li>\n                <li style=\"display: none; width: 100%;\" class=\"slide-8495 ms-image \" aria-roledescription=\"slide\" data-date=\"2024-12-03 16:05:13\" data-filename=\"G20-700x300.jpg\" data-slide-type=\"image\"><a href=\"http:\/\/lorrylesmetz-histoire.fr\/wp-content\/uploads\/2024\/12\/G20.jpg\" target=\"_blank\" aria-label=\"Voir les d\u00e9tails de la diapositive\" class=\"metaslider_image_link\"><img loading=\"lazy\" decoding=\"async\" src=\"http:\/\/lorrylesmetz-histoire.fr\/wp-content\/uploads\/2024\/12\/G20-700x300.jpg\" height=\"300\" width=\"700\" alt=\"\" class=\"slider-8475 slide-8495 msDefaultImage\" title=\"G20\" \/><\/a><\/li>\n                <li style=\"display: none; width: 100%;\" class=\"slide-8496 ms-image \" aria-roledescription=\"slide\" data-date=\"2024-12-03 16:05:13\" data-filename=\"G21-664x284.jpg\" data-slide-type=\"image\"><a href=\"http:\/\/lorrylesmetz-histoire.fr\/wp-content\/uploads\/2024\/12\/G21.jpg\" target=\"_blank\" aria-label=\"Voir les d\u00e9tails de la diapositive\" class=\"metaslider_image_link\"><img loading=\"lazy\" decoding=\"async\" src=\"http:\/\/lorrylesmetz-histoire.fr\/wp-content\/uploads\/2024\/12\/G21-664x284.jpg\" height=\"300\" width=\"700\" alt=\"\" class=\"slider-8475 slide-8496 msDefaultImage\" title=\"G21\" \/><\/a><\/li>\n                <li style=\"display: none; width: 100%;\" class=\"slide-8497 ms-image \" aria-roledescription=\"slide\" data-date=\"2024-12-03 16:05:13\" data-filename=\"G22-700x300.jpg\" data-slide-type=\"image\"><a href=\"http:\/\/lorrylesmetz-histoire.fr\/wp-content\/uploads\/2024\/12\/G22.jpg\" target=\"_blank\" aria-label=\"Voir les d\u00e9tails de la diapositive\" class=\"metaslider_image_link\"><img loading=\"lazy\" decoding=\"async\" src=\"http:\/\/lorrylesmetz-histoire.fr\/wp-content\/uploads\/2024\/12\/G22-700x300.jpg\" height=\"300\" width=\"700\" alt=\"\" class=\"slider-8475 slide-8497 msDefaultImage\" title=\"G22\" \/><\/a><\/li>\n                <li style=\"display: none; width: 100%;\" class=\"slide-8498 ms-image \" aria-roledescription=\"slide\" data-date=\"2024-12-03 16:05:13\" data-filename=\"G23-700x300.jpg\" data-slide-type=\"image\"><a href=\"http:\/\/lorrylesmetz-histoire.fr\/wp-content\/uploads\/2024\/12\/G23.jpg\" target=\"_blank\" aria-label=\"Voir les d\u00e9tails de la diapositive\" class=\"metaslider_image_link\"><img loading=\"lazy\" decoding=\"async\" src=\"http:\/\/lorrylesmetz-histoire.fr\/wp-content\/uploads\/2024\/12\/G23-700x300.jpg\" height=\"300\" width=\"700\" alt=\"\" class=\"slider-8475 slide-8498 msDefaultImage\" title=\"G23\" \/><\/a><\/li>\n                <li style=\"display: none; width: 100%;\" class=\"slide-8499 ms-image \" aria-roledescription=\"slide\" data-date=\"2024-12-03 16:05:13\" data-filename=\"G24-700x300.jpg\" data-slide-type=\"image\"><a href=\"http:\/\/lorrylesmetz-histoire.fr\/wp-content\/uploads\/2024\/12\/G24.jpg\" target=\"_blank\" aria-label=\"Voir les d\u00e9tails de la diapositive\" class=\"metaslider_image_link\"><img loading=\"lazy\" decoding=\"async\" src=\"http:\/\/lorrylesmetz-histoire.fr\/wp-content\/uploads\/2024\/12\/G24-700x300.jpg\" height=\"300\" width=\"700\" alt=\"\" class=\"slider-8475 slide-8499 msDefaultImage\" title=\"G24\" \/><\/a><\/li>\n                <li style=\"display: none; width: 100%;\" class=\"slide-8500 ms-image \" aria-roledescription=\"slide\" data-date=\"2024-12-03 16:05:13\" data-filename=\"G25-664x284.jpg\" data-slide-type=\"image\"><a href=\"http:\/\/lorrylesmetz-histoire.fr\/wp-content\/uploads\/2024\/12\/G25.jpg\" target=\"_blank\" aria-label=\"Voir les d\u00e9tails de la diapositive\" class=\"metaslider_image_link\"><img loading=\"lazy\" decoding=\"async\" src=\"http:\/\/lorrylesmetz-histoire.fr\/wp-content\/uploads\/2024\/12\/G25-664x284.jpg\" height=\"300\" width=\"700\" alt=\"\" class=\"slider-8475 slide-8500 msDefaultImage\" title=\"G25\" \/><\/a><\/li>\n                <li style=\"display: none; width: 100%;\" class=\"slide-8501 ms-image \" aria-roledescription=\"slide\" data-date=\"2024-12-03 16:05:13\" data-filename=\"G26-664x284.jpg\" data-slide-type=\"image\"><a href=\"http:\/\/lorrylesmetz-histoire.fr\/wp-content\/uploads\/2024\/12\/G26.jpg\" target=\"_blank\" aria-label=\"Voir les d\u00e9tails de la diapositive\" class=\"metaslider_image_link\"><img loading=\"lazy\" decoding=\"async\" src=\"http:\/\/lorrylesmetz-histoire.fr\/wp-content\/uploads\/2024\/12\/G26-664x284.jpg\" height=\"300\" width=\"700\" alt=\"\" class=\"slider-8475 slide-8501 msDefaultImage\" title=\"G26\" \/><\/a><\/li>\n            <\/ul>\n        <\/div>\n        \n    <\/div>\n<\/div>\n<p><a href=\"http:\/\/lorrylesmetz-histoire.fr\/?page_id=7649\"><img loading=\"lazy\" decoding=\"async\" class=\"alignnone size-full wp-image-378\" src=\"http:\/\/lorrylesmetz-histoire.fr\/wp-content\/uploads\/2017\/05\/retour.png\" alt=\"\" width=\"89\" height=\"31\" \/><\/a><\/p>\n","protected":false},"excerpt":{"rendered":"<p>24 juin 2024 La visite du fort de Guentrange, organis\u00e9e par Lorry-l\u00e8s-Metz \u00ab\u00a0au fil du temps\u00a0\u00bb a rassembl\u00e9 une vingtaine de participants qui ont eu le plaisir de d\u00e9couvrir durant pr\u00e8s de trois\u00a0heures l\u2019histoire de ce groupe fortifi\u00e9 construit par&hellip; <\/p>\n","protected":false},"author":1,"featured_media":0,"parent":7649,"menu_order":2,"comment_status":"closed","ping_status":"closed","template":"","meta":{"_mc_calendar":[],"footnotes":""},"class_list":["post-8502","page","type-page","status-publish","hentry"],"_links":{"self":[{"href":"http:\/\/lorrylesmetz-histoire.fr\/index.php?rest_route=\/wp\/v2\/pages\/8502","targetHints":{"allow":["GET"]}}],"collection":[{"href":"http:\/\/lorrylesmetz-histoire.fr\/index.php?rest_route=\/wp\/v2\/pages"}],"about":[{"href":"http:\/\/lorrylesmetz-histoire.fr\/index.php?rest_route=\/wp\/v2\/types\/page"}],"author":[{"embeddable":true,"href":"http:\/\/lorrylesmetz-histoire.fr\/index.php?rest_route=\/wp\/v2\/users\/1"}],"replies":[{"embeddable":true,"href":"http:\/\/lorrylesmetz-histoire.fr\/index.php?rest_route=%2Fwp%2Fv2%2Fcomments&post=8502"}],"version-history":[{"count":3,"href":"http:\/\/lorrylesmetz-histoire.fr\/index.php?rest_route=\/wp\/v2\/pages\/8502\/revisions"}],"predecessor-version":[{"id":8505,"href":"http:\/\/lorrylesmetz-histoire.fr\/index.php?rest_route=\/wp\/v2\/pages\/8502\/revisions\/8505"}],"up":[{"embeddable":true,"href":"http:\/\/lorrylesmetz-histoire.fr\/index.php?rest_route=\/wp\/v2\/pages\/7649"}],"wp:attachment":[{"href":"http:\/\/lorrylesmetz-histoire.fr\/index.php?rest_route=%2Fwp%2Fv2%2Fmedia&parent=8502"}],"curies":[{"name":"wp","href":"https:\/\/api.w.org\/{rel}","templated":true}]}}