{"id":86,"date":"2017-05-23T15:22:39","date_gmt":"2017-05-23T13:22:39","guid":{"rendered":"http:\/\/lorrylesmetz-histoire.fr\/?page_id=86"},"modified":"2017-06-02T16:16:12","modified_gmt":"2017-06-02T14:16:12","slug":"presentation","status":"publish","type":"page","link":"http:\/\/lorrylesmetz-histoire.fr\/?page_id=86","title":{"rendered":"Pr\u00e9sentation"},"content":{"rendered":"<h2>\u00c9glise Saint-Cl\u00e9ment de Lorry-l\u00e8s-Metz<\/h2>\n<div id=\"attachment_362\" style=\"width: 650px\" class=\"wp-caption alignnone\"><a href=\"http:\/\/lorrylesmetz-histoire.fr\/wp-content\/uploads\/2017\/05\/presentation.jpg\" target=\"_blank\"><img loading=\"lazy\" decoding=\"async\" aria-describedby=\"caption-attachment-362\" class=\"wp-image-362 size-full\" src=\"http:\/\/lorrylesmetz-histoire.fr\/wp-content\/uploads\/2017\/05\/presentation.jpg\" alt=\"\u00c9glise de Lorry-l\u00e8s-Metz.\" width=\"640\" height=\"480\" srcset=\"http:\/\/lorrylesmetz-histoire.fr\/wp-content\/uploads\/2017\/05\/presentation.jpg 640w, http:\/\/lorrylesmetz-histoire.fr\/wp-content\/uploads\/2017\/05\/presentation-300x225.jpg 300w, http:\/\/lorrylesmetz-histoire.fr\/wp-content\/uploads\/2017\/05\/presentation-100x75.jpg 100w, http:\/\/lorrylesmetz-histoire.fr\/wp-content\/uploads\/2017\/05\/presentation-150x113.jpg 150w, http:\/\/lorrylesmetz-histoire.fr\/wp-content\/uploads\/2017\/05\/presentation-200x150.jpg 200w, http:\/\/lorrylesmetz-histoire.fr\/wp-content\/uploads\/2017\/05\/presentation-450x338.jpg 450w, http:\/\/lorrylesmetz-histoire.fr\/wp-content\/uploads\/2017\/05\/presentation-600x450.jpg 600w\" sizes=\"auto, (max-width: 640px) 100vw, 640px\" \/><\/a><p id=\"caption-attachment-362\" class=\"wp-caption-text\">\u00c9glise de Lorry-l\u00e8s-Metz.<\/p><\/div>\n<article id=\"presentation\">D&rsquo;o\u00f9 qu&rsquo;il vienne, quand le voyageur approche de Lorry-l\u00e8s-Metz, le premier signe qui lui indique le village, c&rsquo;est, au dessus des vallonnements, le clocher de l&rsquo;\u00e9glise.<br \/>\nLa construction de l&rsquo;\u00e9glise commence au d\u00e9but du XV<sup>e<\/sup> si\u00e8cle sous l&rsquo;impul\u00adsion de la famille Baudoche, puissante famille messine. Est-ce une \u0153uvre enti\u00e8rement nouvelle o\u00f9 reprend-elle dans ses murs une ancienne chapelle\u00a0? La question reste pos\u00e9e. L&rsquo;appareillage militaire de la tour t\u00e9moigne de sa vocation d\u00e9fensive. L&rsquo;\u00e9glise est de style gothique.<\/article>\n<article><\/article>\n<article><audio class=\"wp-audio-shortcode\" id=\"audio-86-1\" preload=\"none\" style=\"width: 100%;\" controls=\"controls\"><source type=\"audio\/ogg\" src=\"http:\/\/lorrylesmetz-histoire.fr\/wp-content\/uploads\/2017\/05\/presentation.ogg?_=1\" \/><a href=\"http:\/\/lorrylesmetz-histoire.fr\/wp-content\/uploads\/2017\/05\/presentation.ogg\">http:\/\/lorrylesmetz-histoire.fr\/wp-content\/uploads\/2017\/05\/presentation.ogg<\/a><\/audio><\/p>\n<\/article>\n<h2>La fa\u00e7ade<\/h2>\n<div id=\"attachment_361\" style=\"width: 650px\" class=\"wp-caption alignnone\"><a href=\"http:\/\/lorrylesmetz-histoire.fr\/wp-content\/uploads\/2017\/05\/avant_1903_apres.jpg\" target=\"_blank\"><img loading=\"lazy\" decoding=\"async\" aria-describedby=\"caption-attachment-361\" class=\"wp-image-361 size-full\" src=\"http:\/\/lorrylesmetz-histoire.fr\/wp-content\/uploads\/2017\/05\/avant_1903_apres.jpg\" alt=\"L'\u00e9glise de Lorry-l\u00e8s-Metz avant et apr\u00e8s 1903.\" width=\"640\" height=\"486\" srcset=\"http:\/\/lorrylesmetz-histoire.fr\/wp-content\/uploads\/2017\/05\/avant_1903_apres.jpg 640w, http:\/\/lorrylesmetz-histoire.fr\/wp-content\/uploads\/2017\/05\/avant_1903_apres-300x228.jpg 300w, http:\/\/lorrylesmetz-histoire.fr\/wp-content\/uploads\/2017\/05\/avant_1903_apres-100x76.jpg 100w, http:\/\/lorrylesmetz-histoire.fr\/wp-content\/uploads\/2017\/05\/avant_1903_apres-150x114.jpg 150w, http:\/\/lorrylesmetz-histoire.fr\/wp-content\/uploads\/2017\/05\/avant_1903_apres-200x152.jpg 200w, http:\/\/lorrylesmetz-histoire.fr\/wp-content\/uploads\/2017\/05\/avant_1903_apres-450x342.jpg 450w, http:\/\/lorrylesmetz-histoire.fr\/wp-content\/uploads\/2017\/05\/avant_1903_apres-600x456.jpg 600w\" sizes=\"auto, (max-width: 640px) 100vw, 640px\" \/><\/a><p id=\"caption-attachment-361\" class=\"wp-caption-text\">L&rsquo;\u00e9glise de Lorry-l\u00e8s-Metz avant et apr\u00e8s 1903.<\/p><\/div>\n<article id=\"facade\">\n<p style=\"text-align: justify;\">Le clocher carr\u00e9 s&rsquo;int\u00e8gre dans la fa\u00e7ade, flanqu\u00e9 \u00e0 droite d&rsquo;une tourelle ronde. L&rsquo;ensemble est sobre, puissant. Les dissym\u00e9tries de la fa\u00e7ade n&rsquo;en alt\u00e8rent en rien la beaut\u00e9. La restauration effectu\u00e9e en 1903 a pouss\u00e9 la fa\u00e7ade et la fl\u00e8che vers le haut. Elle a ajout\u00e9 une ornementation sur les lat\u00e9raux, l&#8217;embase de la fl\u00e8che, l&rsquo;horloge et le haut de la tourelle. La tour monte \u00e0 22 m, la fl\u00e8che \u00e0 38 m. Le coq est \u00e0 42 m. Avant d&rsquo;entrer, il faut remarquer \u00e0 gauche de la porte, la niche abritant l&rsquo;\u00e9pitaphe \u00e0 Martin de La\u00eetre. Elle rappelle la g\u00e9n\u00e9rosit\u00e9 de ce seigneur de Lorry pour les habitants du village.<\/p>\n<audio class=\"wp-audio-shortcode\" id=\"audio-86-2\" preload=\"none\" style=\"width: 100%;\" controls=\"controls\"><source type=\"audio\/ogg\" src=\"http:\/\/lorrylesmetz-histoire.fr\/wp-content\/uploads\/2017\/05\/facade.ogg?_=2\" \/><a href=\"http:\/\/lorrylesmetz-histoire.fr\/wp-content\/uploads\/2017\/05\/facade.ogg\">http:\/\/lorrylesmetz-histoire.fr\/wp-content\/uploads\/2017\/05\/facade.ogg<\/a><\/audio>\n<p style=\"text-align: justify;\"><a href=\"http:\/\/lorrylesmetz-histoire.fr\/?page_id=82\"><img loading=\"lazy\" decoding=\"async\" class=\"alignnone wp-image-378 size-full\" src=\"http:\/\/lorrylesmetz-histoire.fr\/wp-content\/uploads\/2017\/05\/retour.png\" alt=\"\" width=\"89\" height=\"31\" \/><\/a><\/p>\n<\/article>\n","protected":false},"excerpt":{"rendered":"<p>\u00c9glise Saint-Cl\u00e9ment de Lorry-l\u00e8s-Metz D&rsquo;o\u00f9 qu&rsquo;il vienne, quand le voyageur approche de Lorry-l\u00e8s-Metz, le premier signe qui lui indique le village, c&rsquo;est, au dessus des vallonnements, le clocher de l&rsquo;\u00e9glise. La construction de l&rsquo;\u00e9glise commence au d\u00e9but du XVe si\u00e8cle&hellip; <\/p>\n","protected":false},"author":1,"featured_media":0,"parent":82,"menu_order":0,"comment_status":"closed","ping_status":"closed","template":"","meta":{"_mc_calendar":[],"footnotes":""},"class_list":["post-86","page","type-page","status-publish","hentry"],"_links":{"self":[{"href":"http:\/\/lorrylesmetz-histoire.fr\/index.php?rest_route=\/wp\/v2\/pages\/86","targetHints":{"allow":["GET"]}}],"collection":[{"href":"http:\/\/lorrylesmetz-histoire.fr\/index.php?rest_route=\/wp\/v2\/pages"}],"about":[{"href":"http:\/\/lorrylesmetz-histoire.fr\/index.php?rest_route=\/wp\/v2\/types\/page"}],"author":[{"embeddable":true,"href":"http:\/\/lorrylesmetz-histoire.fr\/index.php?rest_route=\/wp\/v2\/users\/1"}],"replies":[{"embeddable":true,"href":"http:\/\/lorrylesmetz-histoire.fr\/index.php?rest_route=%2Fwp%2Fv2%2Fcomments&post=86"}],"version-history":[{"count":0,"href":"http:\/\/lorrylesmetz-histoire.fr\/index.php?rest_route=\/wp\/v2\/pages\/86\/revisions"}],"up":[{"embeddable":true,"href":"http:\/\/lorrylesmetz-histoire.fr\/index.php?rest_route=\/wp\/v2\/pages\/82"}],"wp:attachment":[{"href":"http:\/\/lorrylesmetz-histoire.fr\/index.php?rest_route=%2Fwp%2Fv2%2Fmedia&parent=86"}],"curies":[{"name":"wp","href":"https:\/\/api.w.org\/{rel}","templated":true}]}}