{"id":8651,"date":"2025-03-20T08:34:21","date_gmt":"2025-03-20T07:34:21","guid":{"rendered":"http:\/\/lorrylesmetz-histoire.fr\/?page_id=8651"},"modified":"2025-03-20T08:45:01","modified_gmt":"2025-03-20T07:45:01","slug":"fete-des-rois","status":"publish","type":"page","link":"http:\/\/lorrylesmetz-histoire.fr\/?page_id=8651","title":{"rendered":"F\u00eate des Rois"},"content":{"rendered":"<h2>15 janvier 2025<\/h2>\n<p>Lorry-l\u00e8s-Metz \u00ab\u00a0au fil du temps\u00a0\u00bb travaille tout au long de l\u2019ann\u00e9e pour vous offrir des manifestations, deux <em>Bulletins<\/em> et des <em>Dossiers in\u00e9dits<\/em> de qualit\u00e9, r\u00e9sultat de ses recherches.<\/p>\n<p>Mais venue l\u2019\u00c9piphanie, le comit\u00e9 n\u2019oublie pas de sacrifier \u00e0 la tradition\u00a0: f\u00eater les Rois\u00a0!<\/p>\n<p>Cette ann\u00e9e, une panne de lumi\u00e8re bienvenue a permis aux membres du Comit\u00e9 d\u2019offrir \u00e0 la galette une entr\u00e9e romantique \u00e0 souhait\u00a0! Les f\u00e8ves d\u00e9couvertes, reines ont \u00e9t\u00e9 bien f\u00eat\u00e9es.<\/p>\n<p>L\u2019assembl\u00e9e g\u00e9n\u00e9rale se tiendra mi-mars, bien s\u00fbr, elle sera annonc\u00e9e en temps voulu.<\/p>\n<div id=\"metaslider-id-8660\" style=\"width: 100%;\" class=\"ml-slider-3-107-0 metaslider metaslider-flex metaslider-8660 ml-slider has-dots-nav ms-theme-default-base\" role=\"region\" aria-label=\"Galette 2025\" data-height=\"300\" data-width=\"700\">\n    <div id=\"metaslider_container_8660\">\n        <div id=\"metaslider_8660\">\n            <ul class='slides'>\n                <li style=\"display: block; width: 100%;\" class=\"slide-8661 ms-image \" aria-roledescription=\"slide\" data-date=\"2025-03-20 08:39:42\" data-filename=\"A01-640x274.jpg\" data-slide-type=\"image\"><a href=\"http:\/\/lorrylesmetz-histoire.fr\/wp-content\/uploads\/2025\/03\/A01.jpg\" target=\"_blank\" aria-label=\"Voir les d\u00e9tails de la diapositive\" class=\"metaslider_image_link\"><img loading=\"lazy\" decoding=\"async\" src=\"http:\/\/lorrylesmetz-histoire.fr\/wp-content\/uploads\/2025\/03\/A01-640x274.jpg\" height=\"300\" width=\"700\" alt=\"\" class=\"slider-8660 slide-8661 msDefaultImage\" title=\"A01\" \/><\/a><\/li>\n                <li style=\"display: none; width: 100%;\" class=\"slide-8662 ms-image \" aria-roledescription=\"slide\" data-date=\"2025-03-20 08:39:43\" data-filename=\"A02-700x300.jpg\" data-slide-type=\"image\"><a href=\"http:\/\/lorrylesmetz-histoire.fr\/wp-content\/uploads\/2025\/03\/A02.jpg\" target=\"_blank\" aria-label=\"Voir les d\u00e9tails de la diapositive\" class=\"metaslider_image_link\"><img loading=\"lazy\" decoding=\"async\" src=\"http:\/\/lorrylesmetz-histoire.fr\/wp-content\/uploads\/2025\/03\/A02-700x300.jpg\" height=\"300\" width=\"700\" alt=\"\" class=\"slider-8660 slide-8662 msDefaultImage\" title=\"A02\" \/><\/a><\/li>\n                <li style=\"display: none; width: 100%;\" class=\"slide-8663 ms-image \" aria-roledescription=\"slide\" data-date=\"2025-03-20 08:39:43\" data-filename=\"A03-rotated-480x205.jpg\" data-slide-type=\"image\"><a href=\"http:\/\/lorrylesmetz-histoire.fr\/wp-content\/uploads\/2025\/03\/A03.jpg\" target=\"_blank\" aria-label=\"Voir les d\u00e9tails de la diapositive\" class=\"metaslider_image_link\"><img loading=\"lazy\" decoding=\"async\" src=\"http:\/\/lorrylesmetz-histoire.fr\/wp-content\/uploads\/2025\/03\/A03-rotated-480x205.jpg\" height=\"300\" width=\"700\" alt=\"\" class=\"slider-8660 slide-8663 msDefaultImage\" title=\"A03\" \/><\/a><\/li>\n                <li style=\"display: none; width: 100%;\" class=\"slide-8664 ms-image \" aria-roledescription=\"slide\" data-date=\"2025-03-20 08:39:43\" data-filename=\"A04--700x300.jpg\" data-slide-type=\"image\"><a href=\"http:\/\/lorrylesmetz-histoire.fr\/wp-content\/uploads\/2025\/03\/A04.jpg\" target=\"_blank\" aria-label=\"Voir les d\u00e9tails de la diapositive\" class=\"metaslider_image_link\"><img loading=\"lazy\" decoding=\"async\" src=\"http:\/\/lorrylesmetz-histoire.fr\/wp-content\/uploads\/2025\/03\/A04--700x300.jpg\" height=\"300\" width=\"700\" alt=\"\" class=\"slider-8660 slide-8664 msDefaultImage\" title=\"A04\" \/><\/a><\/li>\n                <li style=\"display: none; width: 100%;\" class=\"slide-8665 ms-image \" aria-roledescription=\"slide\" data-date=\"2025-03-20 08:39:43\" data-filename=\"A05-rotated-480x205.jpg\" data-slide-type=\"image\"><a href=\"http:\/\/lorrylesmetz-histoire.fr\/wp-content\/uploads\/2025\/03\/A05.jpg\" target=\"_blank\" aria-label=\"Voir les d\u00e9tails de la diapositive\" class=\"metaslider_image_link\"><img loading=\"lazy\" decoding=\"async\" src=\"http:\/\/lorrylesmetz-histoire.fr\/wp-content\/uploads\/2025\/03\/A05-rotated-480x205.jpg\" height=\"300\" width=\"700\" alt=\"\" class=\"slider-8660 slide-8665 msDefaultImage\" title=\"A05\" \/><\/a><\/li>\n                <li style=\"display: none; width: 100%;\" class=\"slide-8666 ms-image \" aria-roledescription=\"slide\" data-date=\"2025-03-20 08:39:43\" data-filename=\"A06-547x234.jpg\" data-slide-type=\"image\"><a href=\"http:\/\/lorrylesmetz-histoire.fr\/wp-content\/uploads\/2025\/03\/A06.jpg\" target=\"_blank\" aria-label=\"Voir les d\u00e9tails de la diapositive\" class=\"metaslider_image_link\"><img loading=\"lazy\" decoding=\"async\" src=\"http:\/\/lorrylesmetz-histoire.fr\/wp-content\/uploads\/2025\/03\/A06-547x234.jpg\" height=\"300\" width=\"700\" alt=\"\" class=\"slider-8660 slide-8666 msDefaultImage\" title=\"A06\" \/><\/a><\/li>\n            <\/ul>\n        <\/div>\n        \n    <\/div>\n<\/div>\n<p>Photos Jean-Luc Baudinet et Roger Mariotte<\/p>\n<p><a href=\"http:\/\/lorrylesmetz-histoire.fr\/?page_id=8645\"><img loading=\"lazy\" decoding=\"async\" class=\"alignnone size-full wp-image-378\" src=\"http:\/\/lorrylesmetz-histoire.fr\/wp-content\/uploads\/2017\/05\/retour.png\" alt=\"\" width=\"89\" height=\"31\" \/><\/a><\/p>\n","protected":false},"excerpt":{"rendered":"<p>15 janvier 2025 Lorry-l\u00e8s-Metz \u00ab\u00a0au fil du temps\u00a0\u00bb travaille tout au long de l\u2019ann\u00e9e pour vous offrir des manifestations, deux Bulletins et des Dossiers in\u00e9dits de qualit\u00e9, r\u00e9sultat de ses recherches. Mais venue l\u2019\u00c9piphanie, le comit\u00e9 n\u2019oublie pas de sacrifier&hellip; <\/p>\n","protected":false},"author":1,"featured_media":0,"parent":8645,"menu_order":0,"comment_status":"closed","ping_status":"closed","template":"","meta":{"_mc_calendar":[],"footnotes":""},"class_list":["post-8651","page","type-page","status-publish","hentry"],"_links":{"self":[{"href":"http:\/\/lorrylesmetz-histoire.fr\/index.php?rest_route=\/wp\/v2\/pages\/8651","targetHints":{"allow":["GET"]}}],"collection":[{"href":"http:\/\/lorrylesmetz-histoire.fr\/index.php?rest_route=\/wp\/v2\/pages"}],"about":[{"href":"http:\/\/lorrylesmetz-histoire.fr\/index.php?rest_route=\/wp\/v2\/types\/page"}],"author":[{"embeddable":true,"href":"http:\/\/lorrylesmetz-histoire.fr\/index.php?rest_route=\/wp\/v2\/users\/1"}],"replies":[{"embeddable":true,"href":"http:\/\/lorrylesmetz-histoire.fr\/index.php?rest_route=%2Fwp%2Fv2%2Fcomments&post=8651"}],"version-history":[{"count":5,"href":"http:\/\/lorrylesmetz-histoire.fr\/index.php?rest_route=\/wp\/v2\/pages\/8651\/revisions"}],"predecessor-version":[{"id":8670,"href":"http:\/\/lorrylesmetz-histoire.fr\/index.php?rest_route=\/wp\/v2\/pages\/8651\/revisions\/8670"}],"up":[{"embeddable":true,"href":"http:\/\/lorrylesmetz-histoire.fr\/index.php?rest_route=\/wp\/v2\/pages\/8645"}],"wp:attachment":[{"href":"http:\/\/lorrylesmetz-histoire.fr\/index.php?rest_route=%2Fwp%2Fv2%2Fmedia&parent=8651"}],"curies":[{"name":"wp","href":"https:\/\/api.w.org\/{rel}","templated":true}]}}