{"id":8676,"date":"2025-03-21T08:16:11","date_gmt":"2025-03-21T07:16:11","guid":{"rendered":"http:\/\/lorrylesmetz-histoire.fr\/?page_id=8676"},"modified":"2025-03-21T09:48:18","modified_gmt":"2025-03-21T08:48:18","slug":"ag-amis-du-vieux-plappeville","status":"publish","type":"page","link":"http:\/\/lorrylesmetz-histoire.fr\/?page_id=8676","title":{"rendered":"AG Amis du vieux Plappeville"},"content":{"rendered":"<p>15 mai 2024<\/p>\n<p>Lorry-l\u00e8s-Metz \u00ab au fil du temps \u00bb \u00e9tait hier \u00e0 l\u2019AG des \u00ab Amis du Vieux Plappeville \u00bb renaissant de ses cendres pour le plus grand bonheur de tous ! Apr\u00e8s avoir collect\u00e9 les cotisations des nouveaux membres, Louis Gasser a fait voter les adh\u00e9rents pour l\u2019adoption du comit\u00e9. Puis il a pr\u00e9sent\u00e9 le rapport moral rappelant l\u2019objectif d\u00e9fini dans les statuts : \u00ab La recherche et origines du village de Plappeville tant dans les domaines des \u00e9crits que : pierres, l\u00e9gendes, protection des sites, recherches des lieux-dits, etc. \u00bb et le rapport financier qui ont \u00e9t\u00e9 adopt\u00e9s \u00e0 l\u2019unanimit\u00e9.<\/p>\n<p>De nombreux projets sont \u00e0 venir pour 2024, mais pas encore formalis\u00e9s autour des 30 ans de la mairie&#8230;<\/p>\n<p>Pour 2025, conf\u00e9rences, balades diverses, articles et collaboration avec d\u2019autres associations.<\/p>\n<p>Louis Gasser est un enfant du village passionn\u00e9 depuis toujours par l\u2019Histoire, qu\u2019Yvette Illy, pr\u00e9sidente honoraire, a pouss\u00e9 \u00e0 reprendre le flambeau. Il a donc \u00e9t\u00e9 \u00e9lu pr\u00e9sident, a tenu \u00e0 remercier les anciens membres des \u00ab Amis du Vieux Plappeville \u00bb, et a envisag\u00e9 de conforter les relations cordiales et constructives entre le Comit\u00e9 d\u2019Histoire du Pays messin, la SHW et Lorry-l\u00e8s-Metz \u00ab au fil du temps \u00bb.<\/p>\n<p>Daniel Defaux, maire, s\u2019est d\u00e9clar\u00e9 heureux de ce nouvel essor et a souhait\u00e9 un beau parcours au pr\u00e9sident.<\/p>\n<div id=\"metaslider-id-8681\" style=\"width: 100%;\" class=\"ml-slider-3-108-0 metaslider metaslider-flex metaslider-8681 ml-slider has-dots-nav ms-theme-default-base\" role=\"region\" aria-label=\"2024 AG Plappeville\" data-height=\"300\" data-width=\"700\">\n    <div id=\"metaslider_container_8681\">\n        <div id=\"metaslider_8681\">\n            <ul class='slides'>\n                <li style=\"display: block; width: 100%;\" class=\"slide-8682 ms-image \" aria-roledescription=\"slide\" data-date=\"2025-03-21 08:22:51\" data-filename=\"B01-700x300.jpg\" data-slide-type=\"image\"><a href=\"http:\/\/lorrylesmetz-histoire.fr\/wp-content\/uploads\/2025\/03\/B01.jpg\" target=\"_blank\" aria-label=\"Voir les d\u00e9tails de la diapositive\" class=\"metaslider_image_link\"><img loading=\"lazy\" decoding=\"async\" src=\"http:\/\/lorrylesmetz-histoire.fr\/wp-content\/uploads\/2025\/03\/B01-700x300.jpg\" height=\"300\" width=\"700\" alt=\"\" class=\"slider-8681 slide-8682 msDefaultImage\" title=\"B01\" \/><\/a><\/li>\n                <li style=\"display: none; width: 100%;\" class=\"slide-8683 ms-image \" aria-roledescription=\"slide\" data-date=\"2025-03-21 08:22:52\" data-filename=\"B02-700x300.jpg\" data-slide-type=\"image\"><a href=\"http:\/\/lorrylesmetz-histoire.fr\/wp-content\/uploads\/2025\/03\/B02.jpg\" target=\"_blank\" aria-label=\"Voir les d\u00e9tails de la diapositive\" class=\"metaslider_image_link\"><img loading=\"lazy\" decoding=\"async\" src=\"http:\/\/lorrylesmetz-histoire.fr\/wp-content\/uploads\/2025\/03\/B02-700x300.jpg\" height=\"300\" width=\"700\" alt=\"\" class=\"slider-8681 slide-8683 msDefaultImage\" title=\"B02\" \/><\/a><\/li>\n                <li style=\"display: none; width: 100%;\" class=\"slide-8684 ms-image \" aria-roledescription=\"slide\" data-date=\"2025-03-21 08:22:52\" data-filename=\"B03-700x300.jpg\" data-slide-type=\"image\"><a href=\"http:\/\/lorrylesmetz-histoire.fr\/wp-content\/uploads\/2025\/03\/B03.jpg\" target=\"_blank\" aria-label=\"Voir les d\u00e9tails de la diapositive\" class=\"metaslider_image_link\"><img loading=\"lazy\" decoding=\"async\" src=\"http:\/\/lorrylesmetz-histoire.fr\/wp-content\/uploads\/2025\/03\/B03-700x300.jpg\" height=\"300\" width=\"700\" alt=\"\" class=\"slider-8681 slide-8684 msDefaultImage\" title=\"B03\" \/><\/a><\/li>\n                <li style=\"display: none; width: 100%;\" class=\"slide-8685 ms-image \" aria-roledescription=\"slide\" data-date=\"2025-03-21 08:22:52\" data-filename=\"B04-700x300.jpg\" data-slide-type=\"image\"><a href=\"http:\/\/lorrylesmetz-histoire.fr\/wp-content\/uploads\/2025\/03\/B04.jpg\" target=\"_blank\" aria-label=\"Voir les d\u00e9tails de la diapositive\" class=\"metaslider_image_link\"><img loading=\"lazy\" decoding=\"async\" src=\"http:\/\/lorrylesmetz-histoire.fr\/wp-content\/uploads\/2025\/03\/B04-700x300.jpg\" height=\"300\" width=\"700\" alt=\"\" class=\"slider-8681 slide-8685 msDefaultImage\" title=\"B04\" \/><\/a><\/li>\n                <li style=\"display: none; width: 100%;\" class=\"slide-8686 ms-image \" aria-roledescription=\"slide\" data-date=\"2025-03-21 08:22:52\" data-filename=\"B05-700x300.jpg\" data-slide-type=\"image\"><a href=\"http:\/\/lorrylesmetz-histoire.fr\/wp-content\/uploads\/2025\/03\/B05.jpg\" target=\"_blank\" aria-label=\"Voir les d\u00e9tails de la diapositive\" class=\"metaslider_image_link\"><img loading=\"lazy\" decoding=\"async\" src=\"http:\/\/lorrylesmetz-histoire.fr\/wp-content\/uploads\/2025\/03\/B05-700x300.jpg\" height=\"300\" width=\"700\" alt=\"\" class=\"slider-8681 slide-8686 msDefaultImage\" title=\"B05\" \/><\/a><\/li>\n            <\/ul>\n        <\/div>\n        \n    <\/div>\n<\/div>\n<p>Photos Claudine Kester<\/p>\n<p><a href=\"http:\/\/lorrylesmetz-histoire.fr\/?page_id=7846\"><img loading=\"lazy\" decoding=\"async\" class=\"alignnone size-full wp-image-378\" src=\"http:\/\/lorrylesmetz-histoire.fr\/wp-content\/uploads\/2017\/05\/retour.png\" alt=\"\" width=\"89\" height=\"31\" \/><\/a><\/p>\n<p>&nbsp;<\/p>\n","protected":false},"excerpt":{"rendered":"<p>15 mai 2024 Lorry-l\u00e8s-Metz \u00ab au fil du temps \u00bb \u00e9tait hier \u00e0 l\u2019AG des \u00ab Amis du Vieux Plappeville \u00bb renaissant de ses cendres pour le plus grand bonheur de tous ! Apr\u00e8s avoir collect\u00e9 les cotisations des nouveaux&hellip; <\/p>\n","protected":false},"author":1,"featured_media":0,"parent":7846,"menu_order":0,"comment_status":"closed","ping_status":"closed","template":"","meta":{"_mc_calendar":[],"footnotes":""},"class_list":["post-8676","page","type-page","status-publish","hentry"],"_links":{"self":[{"href":"http:\/\/lorrylesmetz-histoire.fr\/index.php?rest_route=\/wp\/v2\/pages\/8676","targetHints":{"allow":["GET"]}}],"collection":[{"href":"http:\/\/lorrylesmetz-histoire.fr\/index.php?rest_route=\/wp\/v2\/pages"}],"about":[{"href":"http:\/\/lorrylesmetz-histoire.fr\/index.php?rest_route=\/wp\/v2\/types\/page"}],"author":[{"embeddable":true,"href":"http:\/\/lorrylesmetz-histoire.fr\/index.php?rest_route=\/wp\/v2\/users\/1"}],"replies":[{"embeddable":true,"href":"http:\/\/lorrylesmetz-histoire.fr\/index.php?rest_route=%2Fwp%2Fv2%2Fcomments&post=8676"}],"version-history":[{"count":6,"href":"http:\/\/lorrylesmetz-histoire.fr\/index.php?rest_route=\/wp\/v2\/pages\/8676\/revisions"}],"predecessor-version":[{"id":8729,"href":"http:\/\/lorrylesmetz-histoire.fr\/index.php?rest_route=\/wp\/v2\/pages\/8676\/revisions\/8729"}],"up":[{"embeddable":true,"href":"http:\/\/lorrylesmetz-histoire.fr\/index.php?rest_route=\/wp\/v2\/pages\/7846"}],"wp:attachment":[{"href":"http:\/\/lorrylesmetz-histoire.fr\/index.php?rest_route=%2Fwp%2Fv2%2Fmedia&parent=8676"}],"curies":[{"name":"wp","href":"https:\/\/api.w.org\/{rel}","templated":true}]}}