{"id":8906,"date":"2026-04-14T08:59:30","date_gmt":"2026-04-14T06:59:30","guid":{"rendered":"http:\/\/lorrylesmetz-histoire.fr\/?page_id=8906"},"modified":"2026-04-14T18:20:57","modified_gmt":"2026-04-14T16:20:57","slug":"2026-2","status":"publish","type":"page","link":"http:\/\/lorrylesmetz-histoire.fr\/?page_id=8906","title":{"rendered":"2026"},"content":{"rendered":"<table style=\"border-collapse: collapse; width: 86.2355%; height: 114px;\">\n<tbody>\n<tr style=\"height: 24px;\">\n<td style=\"width: 22.5641%; height: 24px;\">6 mars 2026<\/td>\n<td style=\"width: 43.9102%; height: 24px;\">Conf\u00e9rence La nourrice du Dauphin<\/td>\n<td style=\"width: 19.7611%; height: 24px;\"><a href=\"http:\/\/lorrylesmetz-histoire.fr\/?page_id=9158\"><img loading=\"lazy\" decoding=\"async\" class=\"alignnone size-full wp-image-683\" src=\"http:\/\/lorrylesmetz-histoire.fr\/wp-content\/uploads\/2017\/05\/voir.png\" alt=\"\" width=\"89\" height=\"31\" \/><\/a><\/td>\n<\/tr>\n<tr style=\"height: 30px;\">\n<td style=\"width: 22.5641%; height: 30px;\">6 mars 2026<\/td>\n<td style=\"width: 43.9102%; height: 30px;\">Assembl\u00e9e g\u00e9n\u00e9rale<\/td>\n<td style=\"width: 19.7611%; height: 30px;\"><a href=\"http:\/\/lorrylesmetz-histoire.fr\/?page_id=9152\"><img loading=\"lazy\" decoding=\"async\" class=\"alignnone size-full wp-image-683\" src=\"http:\/\/lorrylesmetz-histoire.fr\/wp-content\/uploads\/2017\/05\/voir.png\" alt=\"\" width=\"89\" height=\"31\" \/><\/a><\/td>\n<\/tr>\n<tr style=\"height: 30px;\">\n<td style=\"width: 22.5641%; height: 30px;\">27 janvier 2026<\/td>\n<td style=\"width: 43.9102%; height: 30px;\">Visite de l&rsquo;\u00e9glise Sainte-Th\u00e9r\u00e8se<\/td>\n<td style=\"width: 19.7611%; height: 30px;\"><a href=\"http:\/\/lorrylesmetz-histoire.fr\/?page_id=8950\"><img loading=\"lazy\" decoding=\"async\" class=\"alignnone size-full wp-image-683\" src=\"http:\/\/lorrylesmetz-histoire.fr\/wp-content\/uploads\/2017\/05\/voir.png\" alt=\"\" width=\"89\" height=\"31\" \/><\/a><\/td>\n<\/tr>\n<tr style=\"height: 30px;\">\n<td style=\"width: 22.5641%; height: 30px;\">7\u00a0janvier\u00a02026<\/td>\n<td style=\"width: 43.9102%; height: 30px;\">Galette des Rois<\/td>\n<td style=\"width: 19.7611%; height: 30px;\"><a href=\"http:\/\/lorrylesmetz-histoire.fr\/?page_id=8909\"><img loading=\"lazy\" decoding=\"async\" class=\"alignnone size-full wp-image-683\" src=\"http:\/\/lorrylesmetz-histoire.fr\/wp-content\/uploads\/2017\/05\/voir.png\" alt=\"\" width=\"89\" height=\"31\" \/><\/a><\/td>\n<\/tr>\n<\/tbody>\n<\/table>\n<p><a href=\"http:\/\/lorrylesmetz-histoire.fr\/?page_id=60\"><img loading=\"lazy\" decoding=\"async\" class=\"alignnone size-full wp-image-378\" src=\"http:\/\/lorrylesmetz-histoire.fr\/wp-content\/uploads\/2017\/05\/retour.png\" alt=\"\" width=\"89\" height=\"31\" \/><\/a><\/p>\n","protected":false},"excerpt":{"rendered":"<p>6 mars 2026 Conf\u00e9rence La nourrice du Dauphin 6 mars 2026 Assembl\u00e9e g\u00e9n\u00e9rale 27 janvier 2026 Visite de l&rsquo;\u00e9glise Sainte-Th\u00e9r\u00e8se 7\u00a0janvier\u00a02026 Galette des Rois<\/p>\n","protected":false},"author":1,"featured_media":0,"parent":60,"menu_order":0,"comment_status":"closed","ping_status":"closed","template":"","meta":{"_mc_calendar":[],"footnotes":""},"class_list":["post-8906","page","type-page","status-publish","hentry"],"_links":{"self":[{"href":"http:\/\/lorrylesmetz-histoire.fr\/index.php?rest_route=\/wp\/v2\/pages\/8906","targetHints":{"allow":["GET"]}}],"collection":[{"href":"http:\/\/lorrylesmetz-histoire.fr\/index.php?rest_route=\/wp\/v2\/pages"}],"about":[{"href":"http:\/\/lorrylesmetz-histoire.fr\/index.php?rest_route=\/wp\/v2\/types\/page"}],"author":[{"embeddable":true,"href":"http:\/\/lorrylesmetz-histoire.fr\/index.php?rest_route=\/wp\/v2\/users\/1"}],"replies":[{"embeddable":true,"href":"http:\/\/lorrylesmetz-histoire.fr\/index.php?rest_route=%2Fwp%2Fv2%2Fcomments&post=8906"}],"version-history":[{"count":10,"href":"http:\/\/lorrylesmetz-histoire.fr\/index.php?rest_route=\/wp\/v2\/pages\/8906\/revisions"}],"predecessor-version":[{"id":9229,"href":"http:\/\/lorrylesmetz-histoire.fr\/index.php?rest_route=\/wp\/v2\/pages\/8906\/revisions\/9229"}],"up":[{"embeddable":true,"href":"http:\/\/lorrylesmetz-histoire.fr\/index.php?rest_route=\/wp\/v2\/pages\/60"}],"wp:attachment":[{"href":"http:\/\/lorrylesmetz-histoire.fr\/index.php?rest_route=%2Fwp%2Fv2%2Fmedia&parent=8906"}],"curies":[{"name":"wp","href":"https:\/\/api.w.org\/{rel}","templated":true}]}}