{"id":8909,"date":"2026-04-14T09:10:41","date_gmt":"2026-04-14T07:10:41","guid":{"rendered":"http:\/\/lorrylesmetz-histoire.fr\/?page_id=8909"},"modified":"2026-04-14T09:37:34","modified_gmt":"2026-04-14T07:37:34","slug":"gelette-2026","status":"publish","type":"page","link":"http:\/\/lorrylesmetz-histoire.fr\/?page_id=8909","title":{"rendered":"Galette des Rois"},"content":{"rendered":"<h2>7\u00a0janvier\u00a02026<\/h2>\n<p>L\u2019\u00e9quipe \u00e9tait presque au complet hier pour maintenir la tradition : tirer les rois\u202f!<\/p>\n<p>Nous avons lev\u00e9 nos verres \u00e0 la sant\u00e9 de Lorry-l\u00e8s-Metz \u00ab\u00a0au fil du temps\u00a0\u00bb, de tous ses adh\u00e9rents et sympathisants. Une ann\u00e9e riche est \u00e0 pr\u00e9voir\u00a0: conf\u00e9rences, colloque et visites.<\/p>\n<p>Le couple Mariotte a d\u00e9couvert chacun une f\u00e8ve dans sa part de galette\u2026 ins\u00e9parables, comme toujours\u202f!<\/p>\n<p>Apr\u00e8s ce moment festif, les travaux ont repris, comme tous les premiers mardis de chaque mois. Ces r\u00e9unions sont ouvertes au public, pousser la porte, il y a de la lumi\u00e8re derri\u00e8re\u202f!<\/p>\n<div id=\"metaslider-id-8889\" style=\"width: 100%;\" class=\"ml-slider-3-108-0 metaslider metaslider-flex metaslider-8889 ml-slider has-dots-nav ms-theme-default-base\" role=\"region\" aria-label=\"Galette 2026\" data-height=\"300\" data-width=\"700\">\n    <div id=\"metaslider_container_8889\">\n        <div id=\"metaslider_8889\">\n            <ul aria-live='off' class='slides'>\n                <li style=\"display: block; width: 100%;\" class=\"slide-8890 ms-image \" aria-roledescription=\"slide\" data-date=\"2026-04-14 08:45:45\" data-filename=\"A01-700x300.jpg\" data-slide-type=\"image\"><a href=\"http:\/\/lorrylesmetz-histoire.fr\/wp-content\/uploads\/2026\/04\/A01.jpg\" target=\"_blank\" aria-label=\"Voir les d\u00e9tails de la diapositive\" class=\"metaslider_image_link\"><img loading=\"lazy\" decoding=\"async\" src=\"http:\/\/lorrylesmetz-histoire.fr\/wp-content\/uploads\/2026\/04\/A01-700x300.jpg\" height=\"300\" width=\"700\" alt=\"\" class=\"slider-8889 slide-8890 msDefaultImage\" title=\"A01\" \/><\/a><\/li>\n                <li style=\"display: none; width: 100%;\" class=\"slide-8891 ms-image \" aria-roledescription=\"slide\" data-date=\"2026-04-14 08:45:45\" data-filename=\"A02-700x300.jpg\" data-slide-type=\"image\"><a href=\"http:\/\/lorrylesmetz-histoire.fr\/wp-content\/uploads\/2026\/04\/A02.jpg\" target=\"_blank\" aria-label=\"Voir les d\u00e9tails de la diapositive\" class=\"metaslider_image_link\"><img loading=\"lazy\" decoding=\"async\" src=\"http:\/\/lorrylesmetz-histoire.fr\/wp-content\/uploads\/2026\/04\/A02-700x300.jpg\" height=\"300\" width=\"700\" alt=\"\" class=\"slider-8889 slide-8891 msDefaultImage\" title=\"A02\" \/><\/a><\/li>\n                <li style=\"display: none; width: 100%;\" class=\"slide-8892 ms-image \" aria-roledescription=\"slide\" data-date=\"2026-04-14 08:45:45\" data-filename=\"A03-700x300.jpg\" data-slide-type=\"image\"><a href=\"http:\/\/lorrylesmetz-histoire.fr\/wp-content\/uploads\/2026\/04\/A03.jpg\" target=\"_blank\" aria-label=\"Voir les d\u00e9tails de la diapositive\" class=\"metaslider_image_link\"><img loading=\"lazy\" decoding=\"async\" src=\"http:\/\/lorrylesmetz-histoire.fr\/wp-content\/uploads\/2026\/04\/A03-700x300.jpg\" height=\"300\" width=\"700\" alt=\"\" class=\"slider-8889 slide-8892 msDefaultImage\" title=\"A03\" \/><\/a><\/li>\n                <li style=\"display: none; width: 100%;\" class=\"slide-8893 ms-image \" aria-roledescription=\"slide\" data-date=\"2026-04-14 08:45:45\" data-filename=\"A04-700x300.jpg\" data-slide-type=\"image\"><a href=\"http:\/\/lorrylesmetz-histoire.fr\/wp-content\/uploads\/2026\/04\/A04.jpg\" target=\"_blank\" aria-label=\"Voir les d\u00e9tails de la diapositive\" class=\"metaslider_image_link\"><img loading=\"lazy\" decoding=\"async\" src=\"http:\/\/lorrylesmetz-histoire.fr\/wp-content\/uploads\/2026\/04\/A04-700x300.jpg\" height=\"300\" width=\"700\" alt=\"\" class=\"slider-8889 slide-8893 msDefaultImage\" title=\"A04\" \/><\/a><\/li>\n                <li style=\"display: none; width: 100%;\" class=\"slide-8894 ms-image \" aria-roledescription=\"slide\" data-date=\"2026-04-14 08:45:45\" data-filename=\"A05-700x300.jpg\" data-slide-type=\"image\"><a href=\"http:\/\/lorrylesmetz-histoire.fr\/wp-content\/uploads\/2026\/04\/A05.jpg\" target=\"_blank\" aria-label=\"Voir les d\u00e9tails de la diapositive\" class=\"metaslider_image_link\"><img loading=\"lazy\" decoding=\"async\" src=\"http:\/\/lorrylesmetz-histoire.fr\/wp-content\/uploads\/2026\/04\/A05-700x300.jpg\" height=\"300\" width=\"700\" alt=\"\" class=\"slider-8889 slide-8894 msDefaultImage\" title=\"A05\" \/><\/a><\/li>\n                <li style=\"display: none; width: 100%;\" class=\"slide-8895 ms-image \" aria-roledescription=\"slide\" data-date=\"2026-04-14 08:45:45\" data-filename=\"A06-700x300.jpg\" data-slide-type=\"image\"><a href=\"http:\/\/lorrylesmetz-histoire.fr\/wp-content\/uploads\/2026\/04\/A06.jpg\" target=\"_blank\" aria-label=\"Voir les d\u00e9tails de la diapositive\" class=\"metaslider_image_link\"><img loading=\"lazy\" decoding=\"async\" src=\"http:\/\/lorrylesmetz-histoire.fr\/wp-content\/uploads\/2026\/04\/A06-700x300.jpg\" height=\"300\" width=\"700\" alt=\"\" class=\"slider-8889 slide-8895 msDefaultImage\" title=\"A06\" \/><\/a><\/li>\n                <li style=\"display: none; width: 100%;\" class=\"slide-8896 ms-image \" aria-roledescription=\"slide\" data-date=\"2026-04-14 08:45:45\" data-filename=\"A07-700x300.jpg\" data-slide-type=\"image\"><a href=\"http:\/\/lorrylesmetz-histoire.fr\/wp-content\/uploads\/2026\/04\/A07.jpg\" target=\"_blank\" aria-label=\"Voir les d\u00e9tails de la diapositive\" class=\"metaslider_image_link\"><img loading=\"lazy\" decoding=\"async\" src=\"http:\/\/lorrylesmetz-histoire.fr\/wp-content\/uploads\/2026\/04\/A07-700x300.jpg\" height=\"300\" width=\"700\" alt=\"\" class=\"slider-8889 slide-8896 msDefaultImage\" title=\"A07\" \/><\/a><\/li>\n                <li style=\"display: none; width: 100%;\" class=\"slide-8897 ms-image \" aria-roledescription=\"slide\" data-date=\"2026-04-14 08:45:45\" data-filename=\"A08-700x300.jpg\" data-slide-type=\"image\"><a href=\"http:\/\/lorrylesmetz-histoire.fr\/wp-content\/uploads\/2026\/04\/A08.jpg\" target=\"_blank\" aria-label=\"Voir les d\u00e9tails de la diapositive\" class=\"metaslider_image_link\"><img loading=\"lazy\" decoding=\"async\" src=\"http:\/\/lorrylesmetz-histoire.fr\/wp-content\/uploads\/2026\/04\/A08-700x300.jpg\" height=\"300\" width=\"700\" alt=\"\" class=\"slider-8889 slide-8897 msDefaultImage\" title=\"A08\" \/><\/a><\/li>\n                <li style=\"display: none; width: 100%;\" class=\"slide-8898 ms-image \" aria-roledescription=\"slide\" data-date=\"2026-04-14 08:45:45\" data-filename=\"A09-700x300.jpg\" data-slide-type=\"image\"><a href=\"http:\/\/lorrylesmetz-histoire.fr\/wp-content\/uploads\/2026\/04\/A09.jpg\" target=\"_blank\" aria-label=\"Voir les d\u00e9tails de la diapositive\" class=\"metaslider_image_link\"><img loading=\"lazy\" decoding=\"async\" src=\"http:\/\/lorrylesmetz-histoire.fr\/wp-content\/uploads\/2026\/04\/A09-700x300.jpg\" height=\"300\" width=\"700\" alt=\"\" class=\"slider-8889 slide-8898 msDefaultImage\" title=\"A09\" \/><\/a><\/li>\n                <li style=\"display: none; width: 100%;\" class=\"slide-8899 ms-image \" aria-roledescription=\"slide\" data-date=\"2026-04-14 08:45:45\" data-filename=\"A10-700x300.jpg\" data-slide-type=\"image\"><a href=\"http:\/\/lorrylesmetz-histoire.fr\/wp-content\/uploads\/2026\/04\/A10.jpg\" target=\"_blank\" aria-label=\"Voir les d\u00e9tails de la diapositive\" class=\"metaslider_image_link\"><img loading=\"lazy\" decoding=\"async\" src=\"http:\/\/lorrylesmetz-histoire.fr\/wp-content\/uploads\/2026\/04\/A10-700x300.jpg\" height=\"300\" width=\"700\" alt=\"\" class=\"slider-8889 slide-8899 msDefaultImage\" title=\"A10\" \/><\/a><\/li>\n                <li style=\"display: none; width: 100%;\" class=\"slide-9349 ms-image \" aria-roledescription=\"slide\" data-date=\"2026-04-16 11:23:18\" data-filename=\"A11-700x300.jpg\" data-slide-type=\"image\"><a href=\"http:\/\/lorrylesmetz-histoire.fr\/wp-content\/uploads\/2026\/04\/A11.jpg\" target=\"_blank\" aria-label=\"Voir les d\u00e9tails de la diapositive\" class=\"metaslider_image_link\"><img loading=\"lazy\" decoding=\"async\" src=\"http:\/\/lorrylesmetz-histoire.fr\/wp-content\/uploads\/2026\/04\/A11-700x300.jpg\" height=\"300\" width=\"700\" alt=\"\" class=\"slider-8889 slide-9349 msDefaultImage\" title=\"A11\" \/><\/a><\/li>\n            <\/ul>\n        <\/div>\n        \n    <\/div>\n<\/div>\n<p>Photos Claudine\u00a0Kester et Roger\u00a0Mariotte<\/p>\n<p><a href=\"http:\/\/lorrylesmetz-histoire.fr\/?page_id=8906\"><img loading=\"lazy\" decoding=\"async\" class=\"alignnone size-full wp-image-378\" src=\"http:\/\/lorrylesmetz-histoire.fr\/wp-content\/uploads\/2017\/05\/retour.png\" alt=\"\" width=\"89\" height=\"31\" \/><\/a><\/p>\n","protected":false},"excerpt":{"rendered":"<p>7\u00a0janvier\u00a02026 L\u2019\u00e9quipe \u00e9tait presque au complet hier pour maintenir la tradition : tirer les rois\u202f! Nous avons lev\u00e9 nos verres \u00e0 la sant\u00e9 de Lorry-l\u00e8s-Metz \u00ab\u00a0au fil du temps\u00a0\u00bb, de tous ses adh\u00e9rents et sympathisants. Une ann\u00e9e riche est \u00e0&hellip; <\/p>\n","protected":false},"author":1,"featured_media":0,"parent":8906,"menu_order":0,"comment_status":"closed","ping_status":"closed","template":"","meta":{"_mc_calendar":[],"footnotes":""},"class_list":["post-8909","page","type-page","status-publish","hentry"],"_links":{"self":[{"href":"http:\/\/lorrylesmetz-histoire.fr\/index.php?rest_route=\/wp\/v2\/pages\/8909","targetHints":{"allow":["GET"]}}],"collection":[{"href":"http:\/\/lorrylesmetz-histoire.fr\/index.php?rest_route=\/wp\/v2\/pages"}],"about":[{"href":"http:\/\/lorrylesmetz-histoire.fr\/index.php?rest_route=\/wp\/v2\/types\/page"}],"author":[{"embeddable":true,"href":"http:\/\/lorrylesmetz-histoire.fr\/index.php?rest_route=\/wp\/v2\/users\/1"}],"replies":[{"embeddable":true,"href":"http:\/\/lorrylesmetz-histoire.fr\/index.php?rest_route=%2Fwp%2Fv2%2Fcomments&post=8909"}],"version-history":[{"count":5,"href":"http:\/\/lorrylesmetz-histoire.fr\/index.php?rest_route=\/wp\/v2\/pages\/8909\/revisions"}],"predecessor-version":[{"id":8915,"href":"http:\/\/lorrylesmetz-histoire.fr\/index.php?rest_route=\/wp\/v2\/pages\/8909\/revisions\/8915"}],"up":[{"embeddable":true,"href":"http:\/\/lorrylesmetz-histoire.fr\/index.php?rest_route=\/wp\/v2\/pages\/8906"}],"wp:attachment":[{"href":"http:\/\/lorrylesmetz-histoire.fr\/index.php?rest_route=%2Fwp%2Fv2%2Fmedia&parent=8909"}],"curies":[{"name":"wp","href":"https:\/\/api.w.org\/{rel}","templated":true}]}}