{"id":8918,"date":"2026-04-14T09:46:59","date_gmt":"2026-04-14T07:46:59","guid":{"rendered":"http:\/\/lorrylesmetz-histoire.fr\/?page_id=8918"},"modified":"2026-04-14T19:41:39","modified_gmt":"2026-04-14T17:41:39","slug":"2026-2","status":"publish","type":"page","link":"http:\/\/lorrylesmetz-histoire.fr\/?page_id=8918","title":{"rendered":"2026"},"content":{"rendered":"<table style=\"border-collapse: collapse; width: 100%;\">\n<tbody>\n<tr>\n<td style=\"width: 23.7147%;\">9\u00a0mars\u00a02026<\/td>\n<td style=\"width: 52.7363%;\">R\u00e9union du CHPM<\/td>\n<td style=\"width: 23.5489%;\"><a href=\"http:\/\/lorrylesmetz-histoire.fr\/?page_id=9246\"><img loading=\"lazy\" decoding=\"async\" class=\"alignnone size-full wp-image-683\" src=\"http:\/\/lorrylesmetz-histoire.fr\/wp-content\/uploads\/2017\/05\/voir.png\" alt=\"\" width=\"89\" height=\"31\" \/><\/a><\/td>\n<\/tr>\n<tr>\n<td style=\"width: 22.5641%;\">13 f\u00e9vrier 2026<\/td>\n<td style=\"width: 43.9102%;\">Conf\u00e9rence Corny ram\u00e8ne sa fraise\u00a0!<\/td>\n<td style=\"width: 19.7611%;\"><a href=\"http:\/\/lorrylesmetz-histoire.fr\/?page_id=9057\"><img loading=\"lazy\" decoding=\"async\" class=\"alignnone size-full wp-image-683\" src=\"http:\/\/lorrylesmetz-histoire.fr\/wp-content\/uploads\/2017\/05\/voir.png\" alt=\"\" width=\"89\" height=\"31\" \/><\/a><\/td>\n<\/tr>\n<tr>\n<td style=\"width: 22.5641%;\">26\u00a0janvier\u00a02026<\/td>\n<td style=\"width: 43.9102%;\">R\u00e9union du CHPM<\/td>\n<td style=\"width: 19.7611%;\"><a href=\"http:\/\/lorrylesmetz-histoire.fr\/?page_id=8940\"><img loading=\"lazy\" decoding=\"async\" class=\"alignnone size-full wp-image-683\" src=\"http:\/\/lorrylesmetz-histoire.fr\/wp-content\/uploads\/2017\/05\/voir.png\" alt=\"\" width=\"89\" height=\"31\" \/><\/a><\/td>\n<\/tr>\n<tr>\n<td style=\"width: 23.7147%;\">25 janvier 2026<\/td>\n<td style=\"width: 52.7363%;\">Conf\u00e9rence <u>L\u2019espace lorrain \u00e0 l\u2019\u00e9poque de Philippe de Vigneulles<\/u>.<\/td>\n<td style=\"width: 23.5489%;\"><a href=\"http:\/\/lorrylesmetz-histoire.fr\/?page_id=8924\"><img loading=\"lazy\" decoding=\"async\" class=\"alignnone size-full wp-image-683\" src=\"http:\/\/lorrylesmetz-histoire.fr\/wp-content\/uploads\/2017\/05\/voir.png\" alt=\"\" width=\"89\" height=\"31\" \/><\/a><\/td>\n<\/tr>\n<\/tbody>\n<\/table>\n<p>&nbsp;<\/p>\n<p><a href=\"http:\/\/lorrylesmetz-histoire.fr\/?page_id=171\"><img loading=\"lazy\" decoding=\"async\" class=\"alignnone size-full wp-image-378\" src=\"http:\/\/lorrylesmetz-histoire.fr\/wp-content\/uploads\/2017\/05\/retour.png\" alt=\"\" width=\"89\" height=\"31\" \/><\/a><\/p>\n","protected":false},"excerpt":{"rendered":"<p>9\u00a0mars\u00a02026 R\u00e9union du CHPM 13 f\u00e9vrier 2026 Conf\u00e9rence Corny ram\u00e8ne sa fraise\u00a0! 26\u00a0janvier\u00a02026 R\u00e9union du CHPM 25 janvier 2026 Conf\u00e9rence L\u2019espace lorrain \u00e0 l\u2019\u00e9poque de Philippe de Vigneulles. &nbsp;<\/p>\n","protected":false},"author":1,"featured_media":0,"parent":171,"menu_order":0,"comment_status":"closed","ping_status":"closed","template":"","meta":{"_mc_calendar":[],"footnotes":""},"class_list":["post-8918","page","type-page","status-publish","hentry"],"_links":{"self":[{"href":"http:\/\/lorrylesmetz-histoire.fr\/index.php?rest_route=\/wp\/v2\/pages\/8918","targetHints":{"allow":["GET"]}}],"collection":[{"href":"http:\/\/lorrylesmetz-histoire.fr\/index.php?rest_route=\/wp\/v2\/pages"}],"about":[{"href":"http:\/\/lorrylesmetz-histoire.fr\/index.php?rest_route=\/wp\/v2\/types\/page"}],"author":[{"embeddable":true,"href":"http:\/\/lorrylesmetz-histoire.fr\/index.php?rest_route=\/wp\/v2\/users\/1"}],"replies":[{"embeddable":true,"href":"http:\/\/lorrylesmetz-histoire.fr\/index.php?rest_route=%2Fwp%2Fv2%2Fcomments&post=8918"}],"version-history":[{"count":6,"href":"http:\/\/lorrylesmetz-histoire.fr\/index.php?rest_route=\/wp\/v2\/pages\/8918\/revisions"}],"predecessor-version":[{"id":9250,"href":"http:\/\/lorrylesmetz-histoire.fr\/index.php?rest_route=\/wp\/v2\/pages\/8918\/revisions\/9250"}],"up":[{"embeddable":true,"href":"http:\/\/lorrylesmetz-histoire.fr\/index.php?rest_route=\/wp\/v2\/pages\/171"}],"wp:attachment":[{"href":"http:\/\/lorrylesmetz-histoire.fr\/index.php?rest_route=%2Fwp%2Fv2%2Fmedia&parent=8918"}],"curies":[{"name":"wp","href":"https:\/\/api.w.org\/{rel}","templated":true}]}}