{"id":8924,"date":"2026-04-14T09:50:34","date_gmt":"2026-04-14T07:50:34","guid":{"rendered":"http:\/\/lorrylesmetz-histoire.fr\/?page_id=8924"},"modified":"2026-04-14T10:02:03","modified_gmt":"2026-04-14T08:02:03","slug":"lespace-lorrain","status":"publish","type":"page","link":"http:\/\/lorrylesmetz-histoire.fr\/?page_id=8924","title":{"rendered":"L\u2019espace lorrain"},"content":{"rendered":"<h2>25 janvier 2026<\/h2>\n<p>Plusieurs membres du comit\u00e9 et adh\u00e9rents de Lorry-l\u00e8s-Metz \u00ab\u00a0au fil du temps\u00a0\u00bb ont assist\u00e9 \u00e0 la conf\u00e9rence de S\u00e9bastien Wagner organis\u00e9e par Renaissance du Vieux Metz, samedi 25 janvier.<\/p>\n<p><u>L\u2019espace lorrain \u00e0 l\u2019\u00e9poque de Philippe de Vigneulles<\/u>.<\/p>\n<p>S\u00e9bastien Wagner a tout d\u2019abord rappel\u00e9 que cet illustre personnage lorriot est une r\u00e9f\u00e9rence pour tous les historiens de la p\u00e9riode m\u00e9di\u00e9vale.<\/p>\n<ul>\n<li>Charles Brunault a publi\u00e9 les chroniques de Philippe de Vigneulles en 4 tomes de 500 pages.<\/li>\n<li>F Huguenin a cit\u00e9 Philippe de Vigneulles dans les chroniques de la ville de Metz en 1838.<\/li>\n<\/ul>\n<p>La conf\u00e9rence portait essentiellement sur la complexit\u00e9 territoriale de l\u2019espace lorrain \u00e0 cette \u00e9poque (1471-1528).<\/p>\n<ul>\n<li>Vigneulles, son lieu de naissance est dans le duch\u00e9 de Bar et Lorry-devant-Metz o\u00f9 il est all\u00e9 \u00e0 l\u2019\u00e9cole fait partie du Pays messin, secteur Val de Metz, la fronti\u00e8re entre les deux terres \u00e9tant le ruisseau le Rh\u00f4ne&#8230;<\/li>\n<\/ul>\n<p>Il a poursuivi ses \u00e9tudes \u00e0 l\u2019abbaye du Ban Saint-Martin qui faisait partie du duch\u00e9 de Lorraine.<\/p>\n<p>Lorsqu\u2019il a \u00e9t\u00e9 enlev\u00e9 contre ran\u00e7on, il a \u00e9t\u00e9 d\u00e9tenu en Meuse puis dans le duch\u00e9 du Luxembourg.<\/p>\n<p>\u00c0 son \u00e9poque, il existait pour un m\u00eame lieu plusieurs sortes de fronti\u00e8res floues\u00a0: fiscales, religieuses et linguistiques. Les fronti\u00e8res ne sont devenues plus pr\u00e9cises qu\u2019\u00e0 partir de 1552.<\/p>\n<p>\u00c0 Metz, o\u00f9 Philippe de Vigneulles r\u00e9side en exer\u00e7ant le m\u00e9tier de drapier-chaussetier, on parle fran\u00e7ais et allemand.<\/p>\n<p>S\u00e9bastien Wagner a fait un clin d\u2019\u0153il \u00e0 Lorry-l\u00e8s-Metz \u00ab\u00a0au fil du temps\u00a0\u00bb en signalant les 500 ans de la mort du chroniqueur en 2028&#8230;. Message re\u00e7u\u00a0!<\/p>\n<div id=\"metaslider-id-8928\" style=\"width: 100%;\" class=\"ml-slider-3-107-0 metaslider metaslider-flex metaslider-8928 ml-slider has-dots-nav ms-theme-default-base\" role=\"region\" aria-label=\"L\u2019espace lorrain\" data-height=\"300\" data-width=\"700\">\n    <div id=\"metaslider_container_8928\">\n        <div id=\"metaslider_8928\">\n            <ul aria-live='off' class='slides'>\n                <li style=\"display: block; width: 100%;\" class=\"slide-8933 ms-image \" aria-roledescription=\"slide\" data-date=\"2026-04-14 09:58:24\" data-filename=\"B01-700x300.jpg\" data-slide-type=\"image\"><a href=\"http:\/\/lorrylesmetz-histoire.fr\/wp-content\/uploads\/2026\/04\/B01.jpg\" target=\"_blank\" aria-label=\"Voir les d\u00e9tails de la diapositive\" class=\"metaslider_image_link\"><img loading=\"lazy\" decoding=\"async\" src=\"http:\/\/lorrylesmetz-histoire.fr\/wp-content\/uploads\/2026\/04\/B01-700x300.jpg\" height=\"300\" width=\"700\" alt=\"\" class=\"slider-8928 slide-8933 msDefaultImage\" title=\"B01\" \/><\/a><\/li>\n                <li style=\"display: none; width: 100%;\" class=\"slide-8934 ms-image \" aria-roledescription=\"slide\" data-date=\"2026-04-14 09:58:24\" data-filename=\"B02-700x300.jpg\" data-slide-type=\"image\"><a href=\"http:\/\/lorrylesmetz-histoire.fr\/wp-content\/uploads\/2026\/04\/B02.jpg\" target=\"_blank\" aria-label=\"Voir les d\u00e9tails de la diapositive\" class=\"metaslider_image_link\"><img loading=\"lazy\" decoding=\"async\" src=\"http:\/\/lorrylesmetz-histoire.fr\/wp-content\/uploads\/2026\/04\/B02-700x300.jpg\" height=\"300\" width=\"700\" alt=\"\" class=\"slider-8928 slide-8934 msDefaultImage\" title=\"B02\" \/><\/a><\/li>\n                <li style=\"display: none; width: 100%;\" class=\"slide-8935 ms-image \" aria-roledescription=\"slide\" data-date=\"2026-04-14 09:58:24\" data-filename=\"B03-700x300.jpg\" data-slide-type=\"image\"><a href=\"http:\/\/lorrylesmetz-histoire.fr\/wp-content\/uploads\/2026\/04\/B03.jpg\" target=\"_blank\" aria-label=\"Voir les d\u00e9tails de la diapositive\" class=\"metaslider_image_link\"><img loading=\"lazy\" decoding=\"async\" src=\"http:\/\/lorrylesmetz-histoire.fr\/wp-content\/uploads\/2026\/04\/B03-700x300.jpg\" height=\"300\" width=\"700\" alt=\"\" class=\"slider-8928 slide-8935 msDefaultImage\" title=\"B03\" \/><\/a><\/li>\n                <li style=\"display: none; width: 100%;\" class=\"slide-8936 ms-image \" aria-roledescription=\"slide\" data-date=\"2026-04-14 09:58:24\" data-filename=\"B04-700x300.jpg\" data-slide-type=\"image\"><a href=\"http:\/\/lorrylesmetz-histoire.fr\/wp-content\/uploads\/2026\/04\/B04.jpg\" target=\"_blank\" aria-label=\"Voir les d\u00e9tails de la diapositive\" class=\"metaslider_image_link\"><img loading=\"lazy\" decoding=\"async\" src=\"http:\/\/lorrylesmetz-histoire.fr\/wp-content\/uploads\/2026\/04\/B04-700x300.jpg\" height=\"300\" width=\"700\" alt=\"\" class=\"slider-8928 slide-8936 msDefaultImage\" title=\"B04\" \/><\/a><\/li>\n            <\/ul>\n        <\/div>\n        \n    <\/div>\n<\/div>\n<p>Photos V\u00e9ronique Le Ber et G\u00e9rard Kester<\/p>\n<p><a href=\"http:\/\/lorrylesmetz-histoire.fr\/?page_id=8918\"><img loading=\"lazy\" decoding=\"async\" class=\"alignnone size-full wp-image-378\" src=\"http:\/\/lorrylesmetz-histoire.fr\/wp-content\/uploads\/2017\/05\/retour.png\" alt=\"\" width=\"89\" height=\"31\" \/><\/a><\/p>\n","protected":false},"excerpt":{"rendered":"<p>25 janvier 2026 Plusieurs membres du comit\u00e9 et adh\u00e9rents de Lorry-l\u00e8s-Metz \u00ab\u00a0au fil du temps\u00a0\u00bb ont assist\u00e9 \u00e0 la conf\u00e9rence de S\u00e9bastien Wagner organis\u00e9e par Renaissance du Vieux Metz, samedi 25 janvier. L\u2019espace lorrain \u00e0 l\u2019\u00e9poque de Philippe de Vigneulles.&hellip; <\/p>\n","protected":false},"author":1,"featured_media":0,"parent":8918,"menu_order":1,"comment_status":"closed","ping_status":"closed","template":"","meta":{"_mc_calendar":[],"footnotes":""},"class_list":["post-8924","page","type-page","status-publish","hentry"],"_links":{"self":[{"href":"http:\/\/lorrylesmetz-histoire.fr\/index.php?rest_route=\/wp\/v2\/pages\/8924","targetHints":{"allow":["GET"]}}],"collection":[{"href":"http:\/\/lorrylesmetz-histoire.fr\/index.php?rest_route=\/wp\/v2\/pages"}],"about":[{"href":"http:\/\/lorrylesmetz-histoire.fr\/index.php?rest_route=\/wp\/v2\/types\/page"}],"author":[{"embeddable":true,"href":"http:\/\/lorrylesmetz-histoire.fr\/index.php?rest_route=\/wp\/v2\/users\/1"}],"replies":[{"embeddable":true,"href":"http:\/\/lorrylesmetz-histoire.fr\/index.php?rest_route=%2Fwp%2Fv2%2Fcomments&post=8924"}],"version-history":[{"count":4,"href":"http:\/\/lorrylesmetz-histoire.fr\/index.php?rest_route=\/wp\/v2\/pages\/8924\/revisions"}],"predecessor-version":[{"id":8937,"href":"http:\/\/lorrylesmetz-histoire.fr\/index.php?rest_route=\/wp\/v2\/pages\/8924\/revisions\/8937"}],"up":[{"embeddable":true,"href":"http:\/\/lorrylesmetz-histoire.fr\/index.php?rest_route=\/wp\/v2\/pages\/8918"}],"wp:attachment":[{"href":"http:\/\/lorrylesmetz-histoire.fr\/index.php?rest_route=%2Fwp%2Fv2%2Fmedia&parent=8924"}],"curies":[{"name":"wp","href":"https:\/\/api.w.org\/{rel}","templated":true}]}}