{"id":8940,"date":"2026-04-14T10:05:47","date_gmt":"2026-04-14T08:05:47","guid":{"rendered":"http:\/\/lorrylesmetz-histoire.fr\/?page_id=8940"},"modified":"2026-04-14T10:11:14","modified_gmt":"2026-04-14T08:11:14","slug":"reunion-du-chpm","status":"publish","type":"page","link":"http:\/\/lorrylesmetz-histoire.fr\/?page_id=8940","title":{"rendered":"R\u00e9union du CHPM"},"content":{"rendered":"<h2>26\u00a0janvier\u00a02026<\/h2>\n<p>Lorry-l\u00e8s-Metz \u00ab\u00a0au fil du temps\u00a0\u00bb participait au Comit\u00e9 d\u2019histoire du Pays messin, salle Tho\u00ebn, pour la premi\u00e8re s\u00e9ance de r\u00e9flexion de l\u2019ann\u00e9e afin de pr\u00e9parer entre amis le Colloque annuel. Th\u00e8me retenu\u00a0: l\u2019\u00e9cole. Communication, t\u00e9moignages, photos\u2026 du travail en vue.<\/p>\n<p>Chacun a d\u00e9clin\u00e9 le planning de ses manifestations pour l\u2019ann\u00e9e, informations d\u00fbment relay\u00e9es.<\/p>\n<p>\u00c0 l\u2019affiche du Salon du Livre d\u2019Histoire de la Ville de Woippy\u00a02026\u00a0: Les grandes d\u00e9couvertes \u00ab\u00a0Des caravelles \u00e0 la conqu\u00eate de l\u2019espace\u00a0\u00bb. Le sujet est vaste et les conf\u00e9rences seront certainement passionnantes. \u00c0 suivre\u2026 au cours de la prochaine r\u00e9union.<\/p>\n<div id=\"metaslider-id-8928\" style=\"width: 100%;\" class=\"ml-slider-3-108-0 metaslider metaslider-flex metaslider-8928 ml-slider has-dots-nav ms-theme-default-base\" role=\"region\" aria-label=\"L\u2019espace lorrain\" data-height=\"300\" data-width=\"700\">\n    <div id=\"metaslider_container_8928\">\n        <div id=\"metaslider_8928\">\n            <ul aria-live='off' class='slides'>\n                <li style=\"display: block; width: 100%;\" class=\"slide-8933 ms-image \" aria-roledescription=\"slide\" data-date=\"2026-04-14 09:58:24\" data-filename=\"B01-700x300.jpg\" data-slide-type=\"image\"><a href=\"http:\/\/lorrylesmetz-histoire.fr\/wp-content\/uploads\/2026\/04\/B01.jpg\" target=\"_blank\" aria-label=\"Voir les d\u00e9tails de la diapositive\" class=\"metaslider_image_link\"><img loading=\"lazy\" decoding=\"async\" src=\"http:\/\/lorrylesmetz-histoire.fr\/wp-content\/uploads\/2026\/04\/B01-700x300.jpg\" height=\"300\" width=\"700\" alt=\"\" class=\"slider-8928 slide-8933 msDefaultImage\" title=\"B01\" \/><\/a><\/li>\n                <li style=\"display: none; width: 100%;\" class=\"slide-8934 ms-image \" aria-roledescription=\"slide\" data-date=\"2026-04-14 09:58:24\" data-filename=\"B02-700x300.jpg\" data-slide-type=\"image\"><a href=\"http:\/\/lorrylesmetz-histoire.fr\/wp-content\/uploads\/2026\/04\/B02.jpg\" target=\"_blank\" aria-label=\"Voir les d\u00e9tails de la diapositive\" class=\"metaslider_image_link\"><img loading=\"lazy\" decoding=\"async\" src=\"http:\/\/lorrylesmetz-histoire.fr\/wp-content\/uploads\/2026\/04\/B02-700x300.jpg\" height=\"300\" width=\"700\" alt=\"\" class=\"slider-8928 slide-8934 msDefaultImage\" title=\"B02\" \/><\/a><\/li>\n                <li style=\"display: none; width: 100%;\" class=\"slide-8935 ms-image \" aria-roledescription=\"slide\" data-date=\"2026-04-14 09:58:24\" data-filename=\"B03-700x300.jpg\" data-slide-type=\"image\"><a href=\"http:\/\/lorrylesmetz-histoire.fr\/wp-content\/uploads\/2026\/04\/B03.jpg\" target=\"_blank\" aria-label=\"Voir les d\u00e9tails de la diapositive\" class=\"metaslider_image_link\"><img loading=\"lazy\" decoding=\"async\" src=\"http:\/\/lorrylesmetz-histoire.fr\/wp-content\/uploads\/2026\/04\/B03-700x300.jpg\" height=\"300\" width=\"700\" alt=\"\" class=\"slider-8928 slide-8935 msDefaultImage\" title=\"B03\" \/><\/a><\/li>\n                <li style=\"display: none; width: 100%;\" class=\"slide-8936 ms-image \" aria-roledescription=\"slide\" data-date=\"2026-04-14 09:58:24\" data-filename=\"B04-700x300.jpg\" data-slide-type=\"image\"><a href=\"http:\/\/lorrylesmetz-histoire.fr\/wp-content\/uploads\/2026\/04\/B04.jpg\" target=\"_blank\" aria-label=\"Voir les d\u00e9tails de la diapositive\" class=\"metaslider_image_link\"><img loading=\"lazy\" decoding=\"async\" src=\"http:\/\/lorrylesmetz-histoire.fr\/wp-content\/uploads\/2026\/04\/B04-700x300.jpg\" height=\"300\" width=\"700\" alt=\"\" class=\"slider-8928 slide-8936 msDefaultImage\" title=\"B04\" \/><\/a><\/li>\n            <\/ul>\n        <\/div>\n        \n    <\/div>\n<\/div>\n<p>Photos Claudine\u00a0Kester-ElGhozi<\/p>\n<p><a href=\"http:\/\/lorrylesmetz-histoire.fr\/?page_id=8918\"><img loading=\"lazy\" decoding=\"async\" class=\"alignnone size-full wp-image-378\" src=\"http:\/\/lorrylesmetz-histoire.fr\/wp-content\/uploads\/2017\/05\/retour.png\" alt=\"\" width=\"89\" height=\"31\" \/><\/a><\/p>\n","protected":false},"excerpt":{"rendered":"<p>26\u00a0janvier\u00a02026 Lorry-l\u00e8s-Metz \u00ab\u00a0au fil du temps\u00a0\u00bb participait au Comit\u00e9 d\u2019histoire du Pays messin, salle Tho\u00ebn, pour la premi\u00e8re s\u00e9ance de r\u00e9flexion de l\u2019ann\u00e9e afin de pr\u00e9parer entre amis le Colloque annuel. Th\u00e8me retenu\u00a0: l\u2019\u00e9cole. Communication, t\u00e9moignages, photos\u2026 du travail en&hellip; <\/p>\n","protected":false},"author":1,"featured_media":0,"parent":8918,"menu_order":2,"comment_status":"closed","ping_status":"closed","template":"","meta":{"_mc_calendar":[],"footnotes":""},"class_list":["post-8940","page","type-page","status-publish","hentry"],"_links":{"self":[{"href":"http:\/\/lorrylesmetz-histoire.fr\/index.php?rest_route=\/wp\/v2\/pages\/8940","targetHints":{"allow":["GET"]}}],"collection":[{"href":"http:\/\/lorrylesmetz-histoire.fr\/index.php?rest_route=\/wp\/v2\/pages"}],"about":[{"href":"http:\/\/lorrylesmetz-histoire.fr\/index.php?rest_route=\/wp\/v2\/types\/page"}],"author":[{"embeddable":true,"href":"http:\/\/lorrylesmetz-histoire.fr\/index.php?rest_route=\/wp\/v2\/users\/1"}],"replies":[{"embeddable":true,"href":"http:\/\/lorrylesmetz-histoire.fr\/index.php?rest_route=%2Fwp%2Fv2%2Fcomments&post=8940"}],"version-history":[{"count":3,"href":"http:\/\/lorrylesmetz-histoire.fr\/index.php?rest_route=\/wp\/v2\/pages\/8940\/revisions"}],"predecessor-version":[{"id":8943,"href":"http:\/\/lorrylesmetz-histoire.fr\/index.php?rest_route=\/wp\/v2\/pages\/8940\/revisions\/8943"}],"up":[{"embeddable":true,"href":"http:\/\/lorrylesmetz-histoire.fr\/index.php?rest_route=\/wp\/v2\/pages\/8918"}],"wp:attachment":[{"href":"http:\/\/lorrylesmetz-histoire.fr\/index.php?rest_route=%2Fwp%2Fv2%2Fmedia&parent=8940"}],"curies":[{"name":"wp","href":"https:\/\/api.w.org\/{rel}","templated":true}]}}