{"id":8950,"date":"2026-04-14T10:23:54","date_gmt":"2026-04-14T08:23:54","guid":{"rendered":"http:\/\/lorrylesmetz-histoire.fr\/?page_id=8950"},"modified":"2026-04-14T14:22:45","modified_gmt":"2026-04-14T12:22:45","slug":"visite-sainte-therese","status":"publish","type":"page","link":"http:\/\/lorrylesmetz-histoire.fr\/?page_id=8950","title":{"rendered":"Visite de l&rsquo;\u00e9glise Sainte-Th\u00e9r\u00e8se"},"content":{"rendered":"<h2>27 janvier 2026<\/h2>\n<p>30 adh\u00e9rents de Lorry-l\u00e8s-Metz \u00ab\u00a0au fil du temps\u00a0\u00bb ont profit\u00e9 ce mardi\u00a027\u00a0janvier durant 2\u00a0h\u00a030 d\u2019une visite passionnante de l\u2019\u00e9glise Sainte-Th\u00e9r\u00e8se, de Metz sous l\u2019\u00e9gide de Victor Benz, directeur de la Pastorale liturgique et sacramentelle, r\u00e9f\u00e9rent de la commission dioc\u00e9saine d\u2019art sacr\u00e9.<\/p>\n<p>L\u2019\u00e9glise Sainte-Th\u00e9r\u00e8se est un exemple marquant de l\u2019architecture moderne, aux dimensions impressionnantes et au style audacieux. Sa silhouette de b\u00e9ton et sa fl\u00e8che de 70\u00a0m\u00e8tres de haut culminent dans le quartier Nouvelle-Ville.<\/p>\n<p>Sa construction a \u00e9t\u00e9 envisag\u00e9e vers 1929, apr\u00e8s l\u2019urbanisation de ce nouveau quartier. Son architecte est Roger Henri Expert assist\u00e9 de Th\u00e9ophile\u00a0Dedun. Les vitraux sont du maitre verrier Nicolas\u00a0Untersteller. La construction a d\u00e9marr\u00e9 en 1938 avec des mat\u00e9riaux de qualit\u00e9, mais a \u00e9t\u00e9 interrompue pendant la Seconde Guerre mondiale. En 1939, seules les fondations \u00e9taient achev\u00e9es. Les travaux ont repris en 1947, malheureusement, les mat\u00e9riaux d\u2019origine avaient disparu et le b\u00e9ton employ\u00e9 pour terminer la construction \u00e9tait de mauvaise qualit\u00e9.<\/p>\n<p>Elle a \u00e9t\u00e9 consacr\u00e9e le 9\u00a0mai\u00a01954.<\/p>\n<p>Les premiers effritements du b\u00e9ton ont commenc\u00e9 dans les ann\u00e9es\u00a01980 et une premi\u00e8re phase de travaux a eu lieu en 1990. L\u2019\u00e9glise Sainte-Th\u00e9r\u00e8se est une propri\u00e9t\u00e9 priv\u00e9e du Conseil de fabrique et non de la Ville, d\u2019o\u00f9 des difficult\u00e9s administratives \u00e9normes pour son entretien et sa r\u00e9novation. Elle est inscrite \u00e0 l\u2019inventaire des monuments historiques depuis 1998, ce qui complique \u00e9galement les choses.<\/p>\n<p>De style moderne, on distingue n\u00e9anmoins des r\u00e9miniscences de l\u2019art gothique. Elle est remarquable par sa vaste nef unique aux arcs de b\u00e9ton ogivaux, sans transept ni bas-c\u00f4t\u00e9 symbolisant un grand \u00ab vaisseau \u00bb de b\u00e9ton. Le ch\u0153ur de l\u2019\u00e9glise est profond et \u00e9troit, entour\u00e9 de plusieurs chapelles. Les 1\u202f600 m<sup>2<\/sup> de vitraux-claustras d\u2019Untersteller, de pr\u00e9dominance rouge et bleu, sont ench\u00e2ss\u00e9s directement dans les parois en b\u00e9ton, cr\u00e9ant une lumi\u00e8re particuli\u00e8re.<\/p>\n<p>Un grand merci \u00e0 notre passionnant guide qui a r\u00e9pondu brillamment aux questions pos\u00e9es par les visiteurs.<\/p>\n<div id=\"metaslider-id-8955\" style=\"width: 100%;\" class=\"ml-slider-3-107-0 metaslider metaslider-flex metaslider-8955 ml-slider has-dots-nav ms-theme-default-base\" role=\"region\" aria-label=\"Eglise Sainte-Th\u00e9r\u00e8se\" data-height=\"300\" data-width=\"700\">\n    <div id=\"metaslider_container_8955\">\n        <div id=\"metaslider_8955\">\n            <ul aria-live='off' class='slides'>\n                <li style=\"display: block; width: 100%;\" class=\"slide-9031 ms-image \" aria-roledescription=\"slide\" data-date=\"2026-04-14 11:42:38\" data-filename=\"C01-700x300.jpg\" data-slide-type=\"image\"><a href=\"http:\/\/lorrylesmetz-histoire.fr\/wp-content\/uploads\/2026\/04\/C01.jpg\" target=\"_blank\" aria-label=\"Voir les d\u00e9tails de la diapositive\" class=\"metaslider_image_link\"><img loading=\"lazy\" decoding=\"async\" src=\"http:\/\/lorrylesmetz-histoire.fr\/wp-content\/uploads\/2026\/04\/C01-700x300.jpg\" height=\"300\" width=\"700\" alt=\"\" class=\"slider-8955 slide-9031 msDefaultImage\" title=\"C01\" \/><\/a><\/li>\n                <li style=\"display: none; width: 100%;\" class=\"slide-9032 ms-image \" aria-roledescription=\"slide\" data-date=\"2026-04-14 11:42:38\" data-filename=\"C02-700x300.jpg\" data-slide-type=\"image\"><a href=\"http:\/\/lorrylesmetz-histoire.fr\/wp-content\/uploads\/2026\/04\/C02.jpg\" target=\"_blank\" aria-label=\"Voir les d\u00e9tails de la diapositive\" class=\"metaslider_image_link\"><img loading=\"lazy\" decoding=\"async\" src=\"http:\/\/lorrylesmetz-histoire.fr\/wp-content\/uploads\/2026\/04\/C02-700x300.jpg\" height=\"300\" width=\"700\" alt=\"\" class=\"slider-8955 slide-9032 msDefaultImage\" title=\"C02\" \/><\/a><\/li>\n                <li style=\"display: none; width: 100%;\" class=\"slide-9033 ms-image \" aria-roledescription=\"slide\" data-date=\"2026-04-14 11:42:38\" data-filename=\"C03-700x300.jpg\" data-slide-type=\"image\"><a href=\"http:\/\/lorrylesmetz-histoire.fr\/wp-content\/uploads\/2026\/04\/C03.jpg\" target=\"_blank\" aria-label=\"Voir les d\u00e9tails de la diapositive\" class=\"metaslider_image_link\"><img loading=\"lazy\" decoding=\"async\" src=\"http:\/\/lorrylesmetz-histoire.fr\/wp-content\/uploads\/2026\/04\/C03-700x300.jpg\" height=\"300\" width=\"700\" alt=\"\" class=\"slider-8955 slide-9033 msDefaultImage\" title=\"C03\" \/><\/a><\/li>\n                <li style=\"display: none; width: 100%;\" class=\"slide-9034 ms-image \" aria-roledescription=\"slide\" data-date=\"2026-04-14 11:42:38\" data-filename=\"C04-700x300.jpg\" data-slide-type=\"image\"><a href=\"http:\/\/lorrylesmetz-histoire.fr\/wp-content\/uploads\/2026\/04\/C04.jpg\" target=\"_blank\" aria-label=\"Voir les d\u00e9tails de la diapositive\" class=\"metaslider_image_link\"><img loading=\"lazy\" decoding=\"async\" src=\"http:\/\/lorrylesmetz-histoire.fr\/wp-content\/uploads\/2026\/04\/C04-700x300.jpg\" height=\"300\" width=\"700\" alt=\"\" class=\"slider-8955 slide-9034 msDefaultImage\" title=\"C04\" \/><\/a><\/li>\n                <li style=\"display: none; width: 100%;\" class=\"slide-9035 ms-image \" aria-roledescription=\"slide\" data-date=\"2026-04-14 11:42:38\" data-filename=\"C05-700x300.jpg\" data-slide-type=\"image\"><a href=\"http:\/\/lorrylesmetz-histoire.fr\/wp-content\/uploads\/2026\/04\/C05.jpg\" target=\"_blank\" aria-label=\"Voir les d\u00e9tails de la diapositive\" class=\"metaslider_image_link\"><img loading=\"lazy\" decoding=\"async\" src=\"http:\/\/lorrylesmetz-histoire.fr\/wp-content\/uploads\/2026\/04\/C05-700x300.jpg\" height=\"300\" width=\"700\" alt=\"\" class=\"slider-8955 slide-9035 msDefaultImage\" title=\"C05\" \/><\/a><\/li>\n                <li style=\"display: none; width: 100%;\" class=\"slide-9036 ms-image \" aria-roledescription=\"slide\" data-date=\"2026-04-14 11:42:38\" data-filename=\"C06-700x300.jpg\" data-slide-type=\"image\"><a href=\"http:\/\/lorrylesmetz-histoire.fr\/wp-content\/uploads\/2026\/04\/C06.jpg\" target=\"_blank\" aria-label=\"Voir les d\u00e9tails de la diapositive\" class=\"metaslider_image_link\"><img loading=\"lazy\" decoding=\"async\" src=\"http:\/\/lorrylesmetz-histoire.fr\/wp-content\/uploads\/2026\/04\/C06-700x300.jpg\" height=\"300\" width=\"700\" alt=\"\" class=\"slider-8955 slide-9036 msDefaultImage\" title=\"C06\" \/><\/a><\/li>\n                <li style=\"display: none; width: 100%;\" class=\"slide-9037 ms-image \" aria-roledescription=\"slide\" data-date=\"2026-04-14 11:42:38\" data-filename=\"C07-700x300.jpg\" data-slide-type=\"image\"><a href=\"http:\/\/lorrylesmetz-histoire.fr\/wp-content\/uploads\/2026\/04\/C07.jpg\" target=\"_blank\" aria-label=\"Voir les d\u00e9tails de la diapositive\" class=\"metaslider_image_link\"><img loading=\"lazy\" decoding=\"async\" src=\"http:\/\/lorrylesmetz-histoire.fr\/wp-content\/uploads\/2026\/04\/C07-700x300.jpg\" height=\"300\" width=\"700\" alt=\"\" class=\"slider-8955 slide-9037 msDefaultImage\" title=\"C07\" \/><\/a><\/li>\n                <li style=\"display: none; width: 100%;\" class=\"slide-9038 ms-image \" aria-roledescription=\"slide\" data-date=\"2026-04-14 11:42:38\" data-filename=\"C08-700x300.jpg\" data-slide-type=\"image\"><a href=\"http:\/\/lorrylesmetz-histoire.fr\/wp-content\/uploads\/2026\/04\/C08.jpg\" target=\"_blank\" aria-label=\"Voir les d\u00e9tails de la diapositive\" class=\"metaslider_image_link\"><img loading=\"lazy\" decoding=\"async\" src=\"http:\/\/lorrylesmetz-histoire.fr\/wp-content\/uploads\/2026\/04\/C08-700x300.jpg\" height=\"300\" width=\"700\" alt=\"\" class=\"slider-8955 slide-9038 msDefaultImage\" title=\"C08\" \/><\/a><\/li>\n                <li style=\"display: none; width: 100%;\" class=\"slide-9039 ms-image \" aria-roledescription=\"slide\" data-date=\"2026-04-14 11:42:38\" data-filename=\"C09-700x300.jpg\" data-slide-type=\"image\"><a href=\"http:\/\/lorrylesmetz-histoire.fr\/wp-content\/uploads\/2026\/04\/C09.jpg\" target=\"_blank\" aria-label=\"Voir les d\u00e9tails de la diapositive\" class=\"metaslider_image_link\"><img loading=\"lazy\" decoding=\"async\" src=\"http:\/\/lorrylesmetz-histoire.fr\/wp-content\/uploads\/2026\/04\/C09-700x300.jpg\" height=\"300\" width=\"700\" alt=\"\" class=\"slider-8955 slide-9039 msDefaultImage\" title=\"C09\" \/><\/a><\/li>\n                <li style=\"display: none; width: 100%;\" class=\"slide-9040 ms-image \" aria-roledescription=\"slide\" data-date=\"2026-04-14 11:42:38\" data-filename=\"C10-700x300.jpg\" data-slide-type=\"image\"><a href=\"http:\/\/lorrylesmetz-histoire.fr\/wp-content\/uploads\/2026\/04\/C10.jpg\" target=\"_blank\" aria-label=\"Voir les d\u00e9tails de la diapositive\" class=\"metaslider_image_link\"><img loading=\"lazy\" decoding=\"async\" src=\"http:\/\/lorrylesmetz-histoire.fr\/wp-content\/uploads\/2026\/04\/C10-700x300.jpg\" height=\"300\" width=\"700\" alt=\"\" class=\"slider-8955 slide-9040 msDefaultImage\" title=\"C10\" \/><\/a><\/li>\n                <li style=\"display: none; width: 100%;\" class=\"slide-9041 ms-image \" aria-roledescription=\"slide\" data-date=\"2026-04-14 11:42:38\" data-filename=\"C11-700x300.jpg\" data-slide-type=\"image\"><a href=\"http:\/\/lorrylesmetz-histoire.fr\/wp-content\/uploads\/2026\/04\/C11.jpg\" target=\"_blank\" aria-label=\"Voir les d\u00e9tails de la diapositive\" class=\"metaslider_image_link\"><img loading=\"lazy\" decoding=\"async\" src=\"http:\/\/lorrylesmetz-histoire.fr\/wp-content\/uploads\/2026\/04\/C11-700x300.jpg\" height=\"300\" width=\"700\" alt=\"\" class=\"slider-8955 slide-9041 msDefaultImage\" title=\"C11\" \/><\/a><\/li>\n                <li style=\"display: none; width: 100%;\" class=\"slide-9042 ms-image \" aria-roledescription=\"slide\" data-date=\"2026-04-14 11:42:38\" data-filename=\"C12-700x300.jpg\" data-slide-type=\"image\"><a href=\"http:\/\/lorrylesmetz-histoire.fr\/wp-content\/uploads\/2026\/04\/C12.jpg\" target=\"_blank\" aria-label=\"Voir les d\u00e9tails de la diapositive\" class=\"metaslider_image_link\"><img loading=\"lazy\" decoding=\"async\" src=\"http:\/\/lorrylesmetz-histoire.fr\/wp-content\/uploads\/2026\/04\/C12-700x300.jpg\" height=\"300\" width=\"700\" alt=\"\" class=\"slider-8955 slide-9042 msDefaultImage\" title=\"C12\" \/><\/a><\/li>\n                <li style=\"display: none; width: 100%;\" class=\"slide-9043 ms-image \" aria-roledescription=\"slide\" data-date=\"2026-04-14 11:42:38\" data-filename=\"C13-700x300.jpg\" data-slide-type=\"image\"><a href=\"http:\/\/lorrylesmetz-histoire.fr\/wp-content\/uploads\/2026\/04\/C13.jpg\" target=\"_blank\" aria-label=\"Voir les d\u00e9tails de la diapositive\" class=\"metaslider_image_link\"><img loading=\"lazy\" decoding=\"async\" src=\"http:\/\/lorrylesmetz-histoire.fr\/wp-content\/uploads\/2026\/04\/C13-700x300.jpg\" height=\"300\" width=\"700\" alt=\"\" class=\"slider-8955 slide-9043 msDefaultImage\" title=\"C13\" \/><\/a><\/li>\n                <li style=\"display: none; width: 100%;\" class=\"slide-9044 ms-image \" aria-roledescription=\"slide\" data-date=\"2026-04-14 11:42:39\" data-filename=\"C14-700x300.jpg\" data-slide-type=\"image\"><a href=\"http:\/\/lorrylesmetz-histoire.fr\/wp-content\/uploads\/2026\/04\/C14.jpg\" target=\"_blank\" aria-label=\"Voir les d\u00e9tails de la diapositive\" class=\"metaslider_image_link\"><img loading=\"lazy\" decoding=\"async\" src=\"http:\/\/lorrylesmetz-histoire.fr\/wp-content\/uploads\/2026\/04\/C14-700x300.jpg\" height=\"300\" width=\"700\" alt=\"\" class=\"slider-8955 slide-9044 msDefaultImage\" title=\"C14\" \/><\/a><\/li>\n                <li style=\"display: none; width: 100%;\" class=\"slide-9045 ms-image \" aria-roledescription=\"slide\" data-date=\"2026-04-14 11:42:39\" data-filename=\"C15-700x300.jpg\" data-slide-type=\"image\"><a href=\"http:\/\/lorrylesmetz-histoire.fr\/wp-content\/uploads\/2026\/04\/C15.jpg\" target=\"_blank\" aria-label=\"Voir les d\u00e9tails de la diapositive\" class=\"metaslider_image_link\"><img loading=\"lazy\" decoding=\"async\" src=\"http:\/\/lorrylesmetz-histoire.fr\/wp-content\/uploads\/2026\/04\/C15-700x300.jpg\" height=\"300\" width=\"700\" alt=\"\" class=\"slider-8955 slide-9045 msDefaultImage\" title=\"C15\" \/><\/a><\/li>\n                <li style=\"display: none; width: 100%;\" class=\"slide-9046 ms-image \" aria-roledescription=\"slide\" data-date=\"2026-04-14 11:42:39\" data-filename=\"C16-700x300.jpg\" data-slide-type=\"image\"><a href=\"http:\/\/lorrylesmetz-histoire.fr\/wp-content\/uploads\/2026\/04\/C16.jpg\" target=\"_blank\" aria-label=\"Voir les d\u00e9tails de la diapositive\" class=\"metaslider_image_link\"><img loading=\"lazy\" decoding=\"async\" src=\"http:\/\/lorrylesmetz-histoire.fr\/wp-content\/uploads\/2026\/04\/C16-700x300.jpg\" height=\"300\" width=\"700\" alt=\"\" class=\"slider-8955 slide-9046 msDefaultImage\" title=\"C16\" \/><\/a><\/li>\n                <li style=\"display: none; width: 100%;\" class=\"slide-9047 ms-image \" aria-roledescription=\"slide\" data-date=\"2026-04-14 11:42:39\" data-filename=\"C17-700x300.jpg\" data-slide-type=\"image\"><a href=\"http:\/\/lorrylesmetz-histoire.fr\/wp-content\/uploads\/2026\/04\/C17.jpg\" target=\"_blank\" aria-label=\"Voir les d\u00e9tails de la diapositive\" class=\"metaslider_image_link\"><img loading=\"lazy\" decoding=\"async\" src=\"http:\/\/lorrylesmetz-histoire.fr\/wp-content\/uploads\/2026\/04\/C17-700x300.jpg\" height=\"300\" width=\"700\" alt=\"\" class=\"slider-8955 slide-9047 msDefaultImage\" title=\"C17\" \/><\/a><\/li>\n                <li style=\"display: none; width: 100%;\" class=\"slide-9048 ms-image \" aria-roledescription=\"slide\" data-date=\"2026-04-14 11:42:39\" data-filename=\"C18-700x300.jpg\" data-slide-type=\"image\"><a href=\"http:\/\/lorrylesmetz-histoire.fr\/wp-content\/uploads\/2026\/04\/C18.jpg\" target=\"_blank\" aria-label=\"Voir les d\u00e9tails de la diapositive\" class=\"metaslider_image_link\"><img loading=\"lazy\" decoding=\"async\" src=\"http:\/\/lorrylesmetz-histoire.fr\/wp-content\/uploads\/2026\/04\/C18-700x300.jpg\" height=\"300\" width=\"700\" alt=\"\" class=\"slider-8955 slide-9048 msDefaultImage\" title=\"C18\" \/><\/a><\/li>\n                <li style=\"display: none; width: 100%;\" class=\"slide-9049 ms-image \" aria-roledescription=\"slide\" data-date=\"2026-04-14 11:42:39\" data-filename=\"C19-700x300.jpg\" data-slide-type=\"image\"><a href=\"http:\/\/lorrylesmetz-histoire.fr\/wp-content\/uploads\/2026\/04\/C19.jpg\" target=\"_blank\" aria-label=\"Voir les d\u00e9tails de la diapositive\" class=\"metaslider_image_link\"><img loading=\"lazy\" decoding=\"async\" src=\"http:\/\/lorrylesmetz-histoire.fr\/wp-content\/uploads\/2026\/04\/C19-700x300.jpg\" height=\"300\" width=\"700\" alt=\"\" class=\"slider-8955 slide-9049 msDefaultImage\" title=\"C19\" \/><\/a><\/li>\n                <li style=\"display: none; width: 100%;\" class=\"slide-9050 ms-image \" aria-roledescription=\"slide\" data-date=\"2026-04-14 11:42:39\" data-filename=\"C20-700x300.jpg\" data-slide-type=\"image\"><a href=\"http:\/\/lorrylesmetz-histoire.fr\/wp-content\/uploads\/2026\/04\/C20.jpg\" target=\"_blank\" aria-label=\"Voir les d\u00e9tails de la diapositive\" class=\"metaslider_image_link\"><img loading=\"lazy\" decoding=\"async\" src=\"http:\/\/lorrylesmetz-histoire.fr\/wp-content\/uploads\/2026\/04\/C20-700x300.jpg\" height=\"300\" width=\"700\" alt=\"\" class=\"slider-8955 slide-9050 msDefaultImage\" title=\"C20\" \/><\/a><\/li>\n                <li style=\"display: none; width: 100%;\" class=\"slide-9051 ms-image \" aria-roledescription=\"slide\" data-date=\"2026-04-14 11:42:39\" data-filename=\"C21-700x300.jpg\" data-slide-type=\"image\"><a href=\"http:\/\/lorrylesmetz-histoire.fr\/wp-content\/uploads\/2026\/04\/C21.jpg\" target=\"_blank\" aria-label=\"Voir les d\u00e9tails de la diapositive\" class=\"metaslider_image_link\"><img loading=\"lazy\" decoding=\"async\" src=\"http:\/\/lorrylesmetz-histoire.fr\/wp-content\/uploads\/2026\/04\/C21-700x300.jpg\" height=\"300\" width=\"700\" alt=\"\" class=\"slider-8955 slide-9051 msDefaultImage\" title=\"C21\" \/><\/a><\/li>\n                <li style=\"display: none; width: 100%;\" class=\"slide-9052 ms-image \" aria-roledescription=\"slide\" data-date=\"2026-04-14 11:42:39\" data-filename=\"C22-700x300.jpg\" data-slide-type=\"image\"><a href=\"http:\/\/lorrylesmetz-histoire.fr\/wp-content\/uploads\/2026\/04\/C22.jpg\" target=\"_blank\" aria-label=\"Voir les d\u00e9tails de la diapositive\" class=\"metaslider_image_link\"><img loading=\"lazy\" decoding=\"async\" src=\"http:\/\/lorrylesmetz-histoire.fr\/wp-content\/uploads\/2026\/04\/C22-700x300.jpg\" height=\"300\" width=\"700\" alt=\"\" class=\"slider-8955 slide-9052 msDefaultImage\" title=\"C22\" \/><\/a><\/li>\n                <li style=\"display: none; width: 100%;\" class=\"slide-9053 ms-image \" aria-roledescription=\"slide\" data-date=\"2026-04-14 11:42:39\" data-filename=\"C23-700x300.jpg\" data-slide-type=\"image\"><a href=\"http:\/\/lorrylesmetz-histoire.fr\/wp-content\/uploads\/2026\/04\/C23.jpg\" target=\"_blank\" aria-label=\"Voir les d\u00e9tails de la diapositive\" class=\"metaslider_image_link\"><img loading=\"lazy\" decoding=\"async\" src=\"http:\/\/lorrylesmetz-histoire.fr\/wp-content\/uploads\/2026\/04\/C23-700x300.jpg\" height=\"300\" width=\"700\" alt=\"\" class=\"slider-8955 slide-9053 msDefaultImage\" title=\"C23\" \/><\/a><\/li>\n                <li style=\"display: none; width: 100%;\" class=\"slide-9054 ms-image \" aria-roledescription=\"slide\" data-date=\"2026-04-14 11:42:39\" data-filename=\"C24-700x300.jpg\" data-slide-type=\"image\"><a href=\"http:\/\/lorrylesmetz-histoire.fr\/wp-content\/uploads\/2026\/04\/C24.jpg\" target=\"_blank\" aria-label=\"Voir les d\u00e9tails de la diapositive\" class=\"metaslider_image_link\"><img loading=\"lazy\" decoding=\"async\" src=\"http:\/\/lorrylesmetz-histoire.fr\/wp-content\/uploads\/2026\/04\/C24-700x300.jpg\" height=\"300\" width=\"700\" alt=\"\" class=\"slider-8955 slide-9054 msDefaultImage\" title=\"C24\" \/><\/a><\/li>\n                <li style=\"display: none; width: 100%;\" class=\"slide-9055 ms-image \" aria-roledescription=\"slide\" data-date=\"2026-04-14 11:42:39\" data-filename=\"C25-700x300.jpg\" data-slide-type=\"image\"><a href=\"http:\/\/lorrylesmetz-histoire.fr\/wp-content\/uploads\/2026\/04\/C25.jpg\" target=\"_blank\" aria-label=\"Voir les d\u00e9tails de la diapositive\" class=\"metaslider_image_link\"><img loading=\"lazy\" decoding=\"async\" src=\"http:\/\/lorrylesmetz-histoire.fr\/wp-content\/uploads\/2026\/04\/C25-700x300.jpg\" height=\"300\" width=\"700\" alt=\"\" class=\"slider-8955 slide-9055 msDefaultImage\" title=\"C25\" \/><\/a><\/li>\n            <\/ul>\n        <\/div>\n        \n    <\/div>\n<\/div>\n<p>Photos Roger Mariotte et G\u00e9rard Kester<\/p>\n<p><a href=\"http:\/\/lorrylesmetz-histoire.fr\/?page_id=8906\"><img loading=\"lazy\" decoding=\"async\" class=\"alignnone size-full wp-image-378\" src=\"http:\/\/lorrylesmetz-histoire.fr\/wp-content\/uploads\/2017\/05\/retour.png\" alt=\"\" width=\"89\" height=\"31\" \/><\/a><\/p>\n","protected":false},"excerpt":{"rendered":"<p>27 janvier 2026 30 adh\u00e9rents de Lorry-l\u00e8s-Metz \u00ab\u00a0au fil du temps\u00a0\u00bb ont profit\u00e9 ce mardi\u00a027\u00a0janvier durant 2\u00a0h\u00a030 d\u2019une visite passionnante de l\u2019\u00e9glise Sainte-Th\u00e9r\u00e8se, de Metz sous l\u2019\u00e9gide de Victor Benz, directeur de la Pastorale liturgique et sacramentelle, r\u00e9f\u00e9rent de la&hellip; <\/p>\n","protected":false},"author":1,"featured_media":0,"parent":8906,"menu_order":1,"comment_status":"closed","ping_status":"closed","template":"","meta":{"_mc_calendar":[],"footnotes":""},"class_list":["post-8950","page","type-page","status-publish","hentry"],"_links":{"self":[{"href":"http:\/\/lorrylesmetz-histoire.fr\/index.php?rest_route=\/wp\/v2\/pages\/8950","targetHints":{"allow":["GET"]}}],"collection":[{"href":"http:\/\/lorrylesmetz-histoire.fr\/index.php?rest_route=\/wp\/v2\/pages"}],"about":[{"href":"http:\/\/lorrylesmetz-histoire.fr\/index.php?rest_route=\/wp\/v2\/types\/page"}],"author":[{"embeddable":true,"href":"http:\/\/lorrylesmetz-histoire.fr\/index.php?rest_route=\/wp\/v2\/users\/1"}],"replies":[{"embeddable":true,"href":"http:\/\/lorrylesmetz-histoire.fr\/index.php?rest_route=%2Fwp%2Fv2%2Fcomments&post=8950"}],"version-history":[{"count":4,"href":"http:\/\/lorrylesmetz-histoire.fr\/index.php?rest_route=\/wp\/v2\/pages\/8950\/revisions"}],"predecessor-version":[{"id":9056,"href":"http:\/\/lorrylesmetz-histoire.fr\/index.php?rest_route=\/wp\/v2\/pages\/8950\/revisions\/9056"}],"up":[{"embeddable":true,"href":"http:\/\/lorrylesmetz-histoire.fr\/index.php?rest_route=\/wp\/v2\/pages\/8906"}],"wp:attachment":[{"href":"http:\/\/lorrylesmetz-histoire.fr\/index.php?rest_route=%2Fwp%2Fv2%2Fmedia&parent=8950"}],"curies":[{"name":"wp","href":"https:\/\/api.w.org\/{rel}","templated":true}]}}