{"id":90,"date":"2017-05-23T15:24:17","date_gmt":"2017-05-23T13:24:17","guid":{"rendered":"http:\/\/lorrylesmetz-histoire.fr\/?page_id=90"},"modified":"2017-06-02T16:16:39","modified_gmt":"2017-06-02T14:16:39","slug":"leglise-le-choeur-et-les-vitraux","status":"publish","type":"page","link":"http:\/\/lorrylesmetz-histoire.fr\/?page_id=90","title":{"rendered":"Le ch\u0153ur et les vitraux"},"content":{"rendered":"<div id=\"conteneur\">\n<div id=\"attachment_900\" style=\"width: 235px\" class=\"wp-caption alignnone\"><a href=\"http:\/\/lorrylesmetz-histoire.fr\/wp-content\/uploads\/2017\/05\/interieur_eglise.jpg\" target=\"_blank\"><img loading=\"lazy\" decoding=\"async\" aria-describedby=\"caption-attachment-900\" class=\"wp-image-900\" src=\"http:\/\/lorrylesmetz-histoire.fr\/wp-content\/uploads\/2017\/05\/interieur_eglise-225x300.jpg\" alt=\"\" width=\"225\" height=\"300\" srcset=\"http:\/\/lorrylesmetz-histoire.fr\/wp-content\/uploads\/2017\/05\/interieur_eglise-225x300.jpg 225w, http:\/\/lorrylesmetz-histoire.fr\/wp-content\/uploads\/2017\/05\/interieur_eglise.jpg 480w\" sizes=\"auto, (max-width: 225px) 100vw, 225px\" \/><\/a><p id=\"caption-attachment-900\" class=\"wp-caption-text\">\u00c9glise de Lorry-l\u00e8s-Metz, le ch\u0153ur.<\/p><\/div>\n<article id=\"choeur\">\u00c9glise de Lorry-l\u00e8s-Metz, le ch\u0153ur.L&rsquo;autel en pierre est d\u00fb \u00e0 Claude Michel, sculpteur. R\u00e9alis\u00e9 en1980, il s&rsquo;int\u00e8gre parfaitement au caract\u00e8re de l&rsquo;\u00e9glise . Un beau crucifix en bois dor\u00e9 compl\u00e8te le mobilier sobre du ch\u0153ur. Il ornait l&rsquo;autel de l&rsquo;\u00e9glise Saint Arnould \u00e0 Metz il fut achet\u00e9 par le cur\u00e9 de Lorry-l\u00e8s-Metz lors de la vente des biens du clerg\u00e9 pendant la r\u00e9volution.<\/article>\n<article><audio class=\"wp-audio-shortcode\" id=\"audio-90-1\" preload=\"none\" style=\"width: 100%;\" controls=\"controls\"><source type=\"audio\/ogg\" src=\"http:\/\/lorrylesmetz-histoire.fr\/wp-content\/uploads\/2017\/05\/choeur.ogg?_=1\" \/><a href=\"http:\/\/lorrylesmetz-histoire.fr\/wp-content\/uploads\/2017\/05\/choeur.ogg\">http:\/\/lorrylesmetz-histoire.fr\/wp-content\/uploads\/2017\/05\/choeur.ogg<\/a><\/audio><\/p>\n<\/article>\n<h2>Les vitraux<\/h2>\n<table>\n<tbody>\n<tr>\n<td>\n<p><div id=\"attachment_394\" style=\"width: 158px\" class=\"wp-caption alignnone\"><a href=\"http:\/\/lorrylesmetz-histoire.fr\/wp-content\/uploads\/2017\/05\/vitrail_luc.jpg\" target=\"_blank\"><img loading=\"lazy\" decoding=\"async\" aria-describedby=\"caption-attachment-394\" class=\"wp-image-394\" src=\"http:\/\/lorrylesmetz-histoire.fr\/wp-content\/uploads\/2017\/05\/vitrail_luc.jpg\" alt=\"Saint Luc.\" width=\"148\" height=\"550\" srcset=\"http:\/\/lorrylesmetz-histoire.fr\/wp-content\/uploads\/2017\/05\/vitrail_luc.jpg 172w, http:\/\/lorrylesmetz-histoire.fr\/wp-content\/uploads\/2017\/05\/vitrail_luc-81x300.jpg 81w, http:\/\/lorrylesmetz-histoire.fr\/wp-content\/uploads\/2017\/05\/vitrail_luc-100x372.jpg 100w, http:\/\/lorrylesmetz-histoire.fr\/wp-content\/uploads\/2017\/05\/vitrail_luc-150x558.jpg 150w\" sizes=\"auto, (max-width: 148px) 100vw, 148px\" \/><\/a><p id=\"caption-attachment-394\" class=\"wp-caption-text\">Saint Luc.<\/p><\/div><\/td>\n<td>\n<p><div id=\"attachment_393\" style=\"width: 158px\" class=\"wp-caption alignnone\"><a href=\"http:\/\/lorrylesmetz-histoire.fr\/wp-content\/uploads\/2017\/05\/vitrail_jean.jpg\" target=\"_blank\"><img loading=\"lazy\" decoding=\"async\" aria-describedby=\"caption-attachment-393\" class=\"wp-image-393\" src=\"http:\/\/lorrylesmetz-histoire.fr\/wp-content\/uploads\/2017\/05\/vitrail_jean.jpg\" alt=\"Saint Jean.\" width=\"148\" height=\"550\" srcset=\"http:\/\/lorrylesmetz-histoire.fr\/wp-content\/uploads\/2017\/05\/vitrail_jean.jpg 172w, http:\/\/lorrylesmetz-histoire.fr\/wp-content\/uploads\/2017\/05\/vitrail_jean-81x300.jpg 81w, http:\/\/lorrylesmetz-histoire.fr\/wp-content\/uploads\/2017\/05\/vitrail_jean-100x372.jpg 100w, http:\/\/lorrylesmetz-histoire.fr\/wp-content\/uploads\/2017\/05\/vitrail_jean-150x558.jpg 150w\" sizes=\"auto, (max-width: 148px) 100vw, 148px\" \/><\/a><p id=\"caption-attachment-393\" class=\"wp-caption-text\">Saint Jean.<\/p><\/div><\/td>\n<td>\n<p><div id=\"attachment_396\" style=\"width: 153px\" class=\"wp-caption alignnone\"><a href=\"http:\/\/lorrylesmetz-histoire.fr\/wp-content\/uploads\/2017\/05\/vitrail_matthieu.jpg\"><img loading=\"lazy\" decoding=\"async\" aria-describedby=\"caption-attachment-396\" class=\"wp-image-396\" src=\"http:\/\/lorrylesmetz-histoire.fr\/wp-content\/uploads\/2017\/05\/vitrail_matthieu.jpg\" alt=\"Vitrail de saint Matthieu.\" width=\"143\" height=\"550\" srcset=\"http:\/\/lorrylesmetz-histoire.fr\/wp-content\/uploads\/2017\/05\/vitrail_matthieu.jpg 166w, http:\/\/lorrylesmetz-histoire.fr\/wp-content\/uploads\/2017\/05\/vitrail_matthieu-78x300.jpg 78w, http:\/\/lorrylesmetz-histoire.fr\/wp-content\/uploads\/2017\/05\/vitrail_matthieu-100x386.jpg 100w, http:\/\/lorrylesmetz-histoire.fr\/wp-content\/uploads\/2017\/05\/vitrail_matthieu-150x578.jpg 150w\" sizes=\"auto, (max-width: 143px) 100vw, 143px\" \/><\/a><p id=\"caption-attachment-396\" class=\"wp-caption-text\">Saint Matthieu.<\/p><\/div><\/td>\n<td>\n<p><div id=\"attachment_395\" style=\"width: 160px\" class=\"wp-caption alignnone\"><a href=\"http:\/\/lorrylesmetz-histoire.fr\/wp-content\/uploads\/2017\/05\/vitrail_marc.jpg\" target=\"_blank\"><img loading=\"lazy\" decoding=\"async\" aria-describedby=\"caption-attachment-395\" class=\"wp-image-395\" src=\"http:\/\/lorrylesmetz-histoire.fr\/wp-content\/uploads\/2017\/05\/vitrail_marc.jpg\" alt=\"Vitrail de saint Marc\" width=\"150\" height=\"550\" srcset=\"http:\/\/lorrylesmetz-histoire.fr\/wp-content\/uploads\/2017\/05\/vitrail_marc.jpg 175w, http:\/\/lorrylesmetz-histoire.fr\/wp-content\/uploads\/2017\/05\/vitrail_marc-82x300.jpg 82w, http:\/\/lorrylesmetz-histoire.fr\/wp-content\/uploads\/2017\/05\/vitrail_marc-100x366.jpg 100w, http:\/\/lorrylesmetz-histoire.fr\/wp-content\/uploads\/2017\/05\/vitrail_marc-150x549.jpg 150w\" sizes=\"auto, (max-width: 150px) 100vw, 150px\" \/><\/a><p id=\"caption-attachment-395\" class=\"wp-caption-text\">Saint Marc<\/p><\/div><\/td>\n<\/tr>\n<\/tbody>\n<\/table>\n<article><\/article>\n<article><\/article>\n<article><\/article>\n<article id=\"vitraux\">Tous les vitraux sont d&rsquo;Arthur Schouler. Ceux du ch\u0153ur sont d\u00e9di\u00e9s \u00e0 <a href=\"http:\/\/localhost\/ancien\/patrimoine\/eglise\/vitraux\/vitrail_clement.jpg\">Saint Cl\u00e9ment<\/a> et aux quatre \u00e9vang\u00e9listes, celui du lat\u00e9ral droit repr\u00e9sente <a href=\"http:\/\/localhost\/ancien\/patrimoine\/eglise\/vitraux\/vitrail_barbe.jpg\">Sainte Barbe<\/a> et celui du lat\u00e9ral gauche <a href=\"http:\/\/localhost\/ancien\/patrimoine\/eglise\/vitraux\/vitrail_gros_chene.jpg\">le p\u00e8lerinage \u00e0 la Vierge du Gros Ch\u00eane.<\/a><br \/>\nIls ont \u00e9t\u00e9 pos\u00e9s en 1954 et sont remarquables par leur dessin na\u00eff. La crucifixion au-dessus du tambour d&rsquo;entr\u00e9e date de 1979. D&rsquo;un style diff\u00e9rent mais d&rsquo;une beaut\u00e9 exceptionnelle, <a href=\"http:\/\/localhost\/ancien\/patrimoine\/eglise\/vitraux\/vitrail_crucifixion.jpg\">ce vitrail<\/a> est l&rsquo;expression du talent de l&rsquo;artiste en pleine maturit\u00e9.<audio class=\"wp-audio-shortcode\" id=\"audio-90-2\" preload=\"none\" style=\"width: 100%;\" controls=\"controls\"><source type=\"audio\/ogg\" src=\"http:\/\/lorrylesmetz-histoire.fr\/wp-content\/uploads\/2017\/05\/vitraux.ogg?_=2\" \/><a href=\"http:\/\/lorrylesmetz-histoire.fr\/wp-content\/uploads\/2017\/05\/vitraux.ogg\">http:\/\/lorrylesmetz-histoire.fr\/wp-content\/uploads\/2017\/05\/vitraux.ogg<\/a><\/audio><\/p>\n<p><a href=\"http:\/\/lorrylesmetz-histoire.fr\/?page_id=82\"><img loading=\"lazy\" decoding=\"async\" class=\"alignnone wp-image-378 size-full\" src=\"http:\/\/lorrylesmetz-histoire.fr\/wp-content\/uploads\/2017\/05\/retour.png\" alt=\"\" width=\"89\" height=\"31\" \/><\/a><\/p>\n<\/article>\n<\/div>\n","protected":false},"excerpt":{"rendered":"<p>\u00c9glise de Lorry-l\u00e8s-Metz, le ch\u0153ur.L&rsquo;autel en pierre est d\u00fb \u00e0 Claude Michel, sculpteur. R\u00e9alis\u00e9 en1980, il s&rsquo;int\u00e8gre parfaitement au caract\u00e8re de l&rsquo;\u00e9glise . Un beau crucifix en bois dor\u00e9 compl\u00e8te le mobilier sobre du ch\u0153ur. Il ornait l&rsquo;autel de l&rsquo;\u00e9glise&hellip; <\/p>\n","protected":false},"author":1,"featured_media":0,"parent":82,"menu_order":2,"comment_status":"closed","ping_status":"closed","template":"","meta":{"_mc_calendar":[],"footnotes":""},"class_list":["post-90","page","type-page","status-publish","hentry"],"_links":{"self":[{"href":"http:\/\/lorrylesmetz-histoire.fr\/index.php?rest_route=\/wp\/v2\/pages\/90","targetHints":{"allow":["GET"]}}],"collection":[{"href":"http:\/\/lorrylesmetz-histoire.fr\/index.php?rest_route=\/wp\/v2\/pages"}],"about":[{"href":"http:\/\/lorrylesmetz-histoire.fr\/index.php?rest_route=\/wp\/v2\/types\/page"}],"author":[{"embeddable":true,"href":"http:\/\/lorrylesmetz-histoire.fr\/index.php?rest_route=\/wp\/v2\/users\/1"}],"replies":[{"embeddable":true,"href":"http:\/\/lorrylesmetz-histoire.fr\/index.php?rest_route=%2Fwp%2Fv2%2Fcomments&post=90"}],"version-history":[{"count":0,"href":"http:\/\/lorrylesmetz-histoire.fr\/index.php?rest_route=\/wp\/v2\/pages\/90\/revisions"}],"up":[{"embeddable":true,"href":"http:\/\/lorrylesmetz-histoire.fr\/index.php?rest_route=\/wp\/v2\/pages\/82"}],"wp:attachment":[{"href":"http:\/\/lorrylesmetz-histoire.fr\/index.php?rest_route=%2Fwp%2Fv2%2Fmedia&parent=90"}],"curies":[{"name":"wp","href":"https:\/\/api.w.org\/{rel}","templated":true}]}}