{"id":9057,"date":"2026-04-14T14:27:13","date_gmt":"2026-04-14T12:27:13","guid":{"rendered":"http:\/\/lorrylesmetz-histoire.fr\/?page_id=9057"},"modified":"2026-04-14T15:00:22","modified_gmt":"2026-04-14T13:00:22","slug":"cornu","status":"publish","type":"page","link":"http:\/\/lorrylesmetz-histoire.fr\/?page_id=9057","title":{"rendered":"Corny ram\u00e8ne sa fraise\u00a0!"},"content":{"rendered":"<h2>13 f\u00e9vrier 2026<\/h2>\n<p>Lorry-l\u00e8s-Metz \u00ab\u00a0au fil du temps\u00a0\u00bb \u00e9tait pr\u00e9sent \u00e0 la Conf\u00e9rence propos\u00e9e par Denis\u00a0Blouet, maire de Corny-sur-Moselle dans le cadre du d\u00e9marrage du programme d\u2019activit\u00e9s\u00a02026 de la Soci\u00e9t\u00e9 d\u2019Histoire de Woippy.<\/p>\n<p>La v\u00e9ritable histoire de la fraise m\u00e9rite d\u2019\u00eatre connue afin de comprendre comment ce faux fruit, peu appr\u00e9ci\u00e9 dans l\u2019antiquit\u00e9, est devenu si d\u00e9licieux de nos jours. La fraise, import\u00e9e du Chili jusqu\u2019en Bretagne par Am\u00e9d\u00e9e Fran\u00e7ois Fr\u00e9zier qui en a fait une Perle Rouge, est achemin\u00e9e par Jacques et Dominique\u00a0Vion jusqu\u2019\u00e0 Woippy, Lorry-l\u00e8s-Metz, Corny et le Val de Moselle pour remplacer la vigne atteinte de phylloxera, avec des cons\u00e9quences \u00e9conomiques significatives pour la r\u00e9gion.<\/p>\n<div id=\"metaslider-id-9066\" style=\"width: 100%;\" class=\"ml-slider-3-107-0 metaslider metaslider-flex metaslider-9066 ml-slider has-dots-nav ms-theme-default-base\" role=\"region\" aria-label=\"Corny la fraise\" data-height=\"300\" data-width=\"700\">\n    <div id=\"metaslider_container_9066\">\n        <div id=\"metaslider_9066\">\n            <ul aria-live='off' class='slides'>\n                <li style=\"display: block; width: 100%;\" class=\"slide-9067 ms-image \" aria-roledescription=\"slide\" data-date=\"2026-04-14 14:55:42\" data-filename=\"D01-700x300.jpg\" data-slide-type=\"image\"><a href=\"http:\/\/lorrylesmetz-histoire.fr\/wp-content\/uploads\/2026\/04\/D01.jpg\" target=\"_blank\" aria-label=\"Voir les d\u00e9tails de la diapositive\" class=\"metaslider_image_link\"><img loading=\"lazy\" decoding=\"async\" src=\"http:\/\/lorrylesmetz-histoire.fr\/wp-content\/uploads\/2026\/04\/D01-700x300.jpg\" height=\"300\" width=\"700\" alt=\"\" class=\"slider-9066 slide-9067 msDefaultImage\" title=\"D01\" \/><\/a><\/li>\n                <li style=\"display: none; width: 100%;\" class=\"slide-9068 ms-image \" aria-roledescription=\"slide\" data-date=\"2026-04-14 14:55:42\" data-filename=\"D02-700x300.jpg\" data-slide-type=\"image\"><a href=\"http:\/\/lorrylesmetz-histoire.fr\/wp-content\/uploads\/2026\/04\/D02.jpg\" target=\"_blank\" aria-label=\"Voir les d\u00e9tails de la diapositive\" class=\"metaslider_image_link\"><img loading=\"lazy\" decoding=\"async\" src=\"http:\/\/lorrylesmetz-histoire.fr\/wp-content\/uploads\/2026\/04\/D02-700x300.jpg\" height=\"300\" width=\"700\" alt=\"\" class=\"slider-9066 slide-9068 msDefaultImage\" title=\"D02\" \/><\/a><\/li>\n                <li style=\"display: none; width: 100%;\" class=\"slide-9069 ms-image \" aria-roledescription=\"slide\" data-date=\"2026-04-14 14:55:42\" data-filename=\"D03-700x300.jpg\" data-slide-type=\"image\"><a href=\"http:\/\/lorrylesmetz-histoire.fr\/wp-content\/uploads\/2026\/04\/D03.jpg\" target=\"_blank\" aria-label=\"Voir les d\u00e9tails de la diapositive\" class=\"metaslider_image_link\"><img loading=\"lazy\" decoding=\"async\" src=\"http:\/\/lorrylesmetz-histoire.fr\/wp-content\/uploads\/2026\/04\/D03-700x300.jpg\" height=\"300\" width=\"700\" alt=\"\" class=\"slider-9066 slide-9069 msDefaultImage\" title=\"D03\" \/><\/a><\/li>\n                <li style=\"display: none; width: 100%;\" class=\"slide-9070 ms-image \" aria-roledescription=\"slide\" data-date=\"2026-04-14 14:55:43\" data-filename=\"D04-700x300.jpg\" data-slide-type=\"image\"><a href=\"http:\/\/lorrylesmetz-histoire.fr\/wp-content\/uploads\/2026\/04\/D04.jpg\" target=\"_blank\" aria-label=\"Voir les d\u00e9tails de la diapositive\" class=\"metaslider_image_link\"><img loading=\"lazy\" decoding=\"async\" src=\"http:\/\/lorrylesmetz-histoire.fr\/wp-content\/uploads\/2026\/04\/D04-700x300.jpg\" height=\"300\" width=\"700\" alt=\"\" class=\"slider-9066 slide-9070 msDefaultImage\" title=\"D04\" \/><\/a><\/li>\n            <\/ul>\n        <\/div>\n        \n    <\/div>\n<\/div>\n<p>Photos Jean-Luc\u00a0Baudinet<\/p>\n<p><a href=\"http:\/\/lorrylesmetz-histoire.fr\/?page_id=8906\"><img loading=\"lazy\" decoding=\"async\" class=\"alignnone size-full wp-image-378\" src=\"http:\/\/lorrylesmetz-histoire.fr\/wp-content\/uploads\/2017\/05\/retour.png\" alt=\"\" width=\"89\" height=\"31\" \/><\/a><\/p>\n","protected":false},"excerpt":{"rendered":"<p>13 f\u00e9vrier 2026 Lorry-l\u00e8s-Metz \u00ab\u00a0au fil du temps\u00a0\u00bb \u00e9tait pr\u00e9sent \u00e0 la Conf\u00e9rence propos\u00e9e par Denis\u00a0Blouet, maire de Corny-sur-Moselle dans le cadre du d\u00e9marrage du programme d\u2019activit\u00e9s\u00a02026 de la Soci\u00e9t\u00e9 d\u2019Histoire de Woippy. La v\u00e9ritable histoire de la fraise m\u00e9rite&hellip; <\/p>\n","protected":false},"author":1,"featured_media":0,"parent":8918,"menu_order":0,"comment_status":"closed","ping_status":"closed","template":"","meta":{"_mc_calendar":[],"footnotes":""},"class_list":["post-9057","page","type-page","status-publish","hentry"],"_links":{"self":[{"href":"http:\/\/lorrylesmetz-histoire.fr\/index.php?rest_route=\/wp\/v2\/pages\/9057","targetHints":{"allow":["GET"]}}],"collection":[{"href":"http:\/\/lorrylesmetz-histoire.fr\/index.php?rest_route=\/wp\/v2\/pages"}],"about":[{"href":"http:\/\/lorrylesmetz-histoire.fr\/index.php?rest_route=\/wp\/v2\/types\/page"}],"author":[{"embeddable":true,"href":"http:\/\/lorrylesmetz-histoire.fr\/index.php?rest_route=\/wp\/v2\/users\/1"}],"replies":[{"embeddable":true,"href":"http:\/\/lorrylesmetz-histoire.fr\/index.php?rest_route=%2Fwp%2Fv2%2Fcomments&post=9057"}],"version-history":[{"count":4,"href":"http:\/\/lorrylesmetz-histoire.fr\/index.php?rest_route=\/wp\/v2\/pages\/9057\/revisions"}],"predecessor-version":[{"id":9072,"href":"http:\/\/lorrylesmetz-histoire.fr\/index.php?rest_route=\/wp\/v2\/pages\/9057\/revisions\/9072"}],"up":[{"embeddable":true,"href":"http:\/\/lorrylesmetz-histoire.fr\/index.php?rest_route=\/wp\/v2\/pages\/8918"}],"wp:attachment":[{"href":"http:\/\/lorrylesmetz-histoire.fr\/index.php?rest_route=%2Fwp%2Fv2%2Fmedia&parent=9057"}],"curies":[{"name":"wp","href":"https:\/\/api.w.org\/{rel}","templated":true}]}}