{"id":9158,"date":"2026-04-14T17:49:19","date_gmt":"2026-04-14T15:49:19","guid":{"rendered":"http:\/\/lorrylesmetz-histoire.fr\/?page_id=9158"},"modified":"2026-04-14T18:21:01","modified_gmt":"2026-04-14T16:21:01","slug":"ag-seconde-partie","status":"publish","type":"page","link":"http:\/\/lorrylesmetz-histoire.fr\/?page_id=9158","title":{"rendered":"AG Seconde partie"},"content":{"rendered":"<h2>6 mars 2026<\/h2>\n<p>Vendredi\u00a06\u00a0mars, Lorry-l\u00e8s-Metz \u00ab\u00a0au fil du temps\u00a0\u00bb tenait son assembl\u00e9e g\u00e9n\u00e9rale \u00e0 l\u2019Espace Philippe-de-Vigneulles devant une salle comble. Apr\u00e8s la partie administrative, la soir\u00e9e\u00a0\u00e9tait, par le biais d\u2019une conf\u00e9rence th\u00e9\u00e2tralis\u00e9e, consacr\u00e9e \u00e0 Albertine\u00a0Flayelle de Xandrin \u00ab\u00a0La nourrice du Dauphin\u00a0\u00bb.<\/p>\n<p>Cette dame noble, femme du substitut du procureur de la ville de Metz, \u00c9tienne\u00a0Fran\u00e7ois se retrouve, par hasard, nourrice du dauphin de France, Louis\u00a0Ferdinand, fils de Louis\u00a0XV et de Marie\u00a0Leszynska. Apr\u00e8s 18\u00a0ans de mariage et 7\u00a0enfants, elle s\u2019aper\u00e7oit que son mari lui a croqu\u00e9\u2026 et m\u00eame escroqu\u00e9 toute sa dot. Les proc\u00e8s s\u2019encha\u00eenent o\u00f9 \u00e9clatent la malhonn\u00eatet\u00e9 des d\u00e9fenseurs de son mari\u00a0: pr\u00e9varication, subornation, corruption\u2026 apr\u00e8s dix ann\u00e9es de litiges dont elle sort victorieuse, elle \u00e9lira d\u00e9finitivement domicile \u00e0 Lorry-devant-Metz dans sa maison de campagne. Apr\u00e8s un \u00e9pisode rocambolesque, une de ses filles \u00e9pousera Fran\u00e7ois\u00a0Levaillant, l\u2019ornithologue, et partira au Suriname o\u00f9 elle d\u00e9c\u00e8dera en mettant au monde un fils. Des zones d\u2019ombre subsistent dans la vie d\u2019Albertine\u00a0Fran\u00e7ois, entre autres le lieu de naissance d\u2019une de ses filles et celui de son propre d\u00e9c\u00e8s. Ces inconnues figuraient sur le diaporama qui soutenait le discours sous le nom \u00ab\u00a0Hypoth\u00e8ses\u00a0\u00bb.<\/p>\n<p>Un dossier in\u00e9dit sortira dans les mois suivants qui retranscrira cette conf\u00e9rence et vous r\u00e9v\u00e9lera toute la vie d\u2019Albertine.<\/p>\n<p>Un sympathique verre de l\u2019amiti\u00e9 permit \u00e0 tout un chacun d\u2019\u00e9changer avec les membres de Lorry-l\u00e8s-Metz \u00ab\u00a0au fil du temps\u00a0\u00bb en toute amiti\u00e9.<\/p>\n<div id=\"metaslider-id-9193\" style=\"width: 100%;\" class=\"ml-slider-3-107-0 metaslider metaslider-flex metaslider-9193 ml-slider has-dots-nav ms-theme-default-base\" role=\"region\" aria-label=\"AG Seconde partie\" data-height=\"300\" data-width=\"700\">\n    <div id=\"metaslider_container_9193\">\n        <div id=\"metaslider_9193\">\n            <ul aria-live='off' class='slides'>\n                <li style=\"display: block; width: 100%;\" class=\"slide-9194 ms-image \" aria-roledescription=\"slide\" data-date=\"2026-04-14 18:00:00\" data-filename=\"F01-700x300.jpg\" data-slide-type=\"image\"><a href=\"http:\/\/lorrylesmetz-histoire.fr\/wp-content\/uploads\/2026\/04\/F01.jpg\" target=\"_blank\" aria-label=\"Voir les d\u00e9tails de la diapositive\" class=\"metaslider_image_link\"><img loading=\"lazy\" decoding=\"async\" src=\"http:\/\/lorrylesmetz-histoire.fr\/wp-content\/uploads\/2026\/04\/F01-700x300.jpg\" height=\"300\" width=\"700\" alt=\"\" class=\"slider-9193 slide-9194 msDefaultImage\" title=\"F01\" \/><\/a><\/li>\n                <li style=\"display: none; width: 100%;\" class=\"slide-9195 ms-image \" aria-roledescription=\"slide\" data-date=\"2026-04-14 18:00:00\" data-filename=\"F02-700x300.jpg\" data-slide-type=\"image\"><a href=\"http:\/\/lorrylesmetz-histoire.fr\/wp-content\/uploads\/2026\/04\/F02.jpg\" target=\"_blank\" aria-label=\"Voir les d\u00e9tails de la diapositive\" class=\"metaslider_image_link\"><img loading=\"lazy\" decoding=\"async\" src=\"http:\/\/lorrylesmetz-histoire.fr\/wp-content\/uploads\/2026\/04\/F02-700x300.jpg\" height=\"300\" width=\"700\" alt=\"\" class=\"slider-9193 slide-9195 msDefaultImage\" title=\"F02\" \/><\/a><\/li>\n                <li style=\"display: none; width: 100%;\" class=\"slide-9196 ms-image \" aria-roledescription=\"slide\" data-date=\"2026-04-14 18:00:00\" data-filename=\"F03-700x300.jpg\" data-slide-type=\"image\"><a href=\"http:\/\/lorrylesmetz-histoire.fr\/wp-content\/uploads\/2026\/04\/F03.jpg\" target=\"_blank\" aria-label=\"Voir les d\u00e9tails de la diapositive\" class=\"metaslider_image_link\"><img loading=\"lazy\" decoding=\"async\" src=\"http:\/\/lorrylesmetz-histoire.fr\/wp-content\/uploads\/2026\/04\/F03-700x300.jpg\" height=\"300\" width=\"700\" alt=\"\" class=\"slider-9193 slide-9196 msDefaultImage\" title=\"F03\" \/><\/a><\/li>\n                <li style=\"display: none; width: 100%;\" class=\"slide-9197 ms-image \" aria-roledescription=\"slide\" data-date=\"2026-04-14 18:00:00\" data-filename=\"F04-700x300.jpg\" data-slide-type=\"image\"><a href=\"http:\/\/lorrylesmetz-histoire.fr\/wp-content\/uploads\/2026\/04\/F04.jpg\" target=\"_blank\" aria-label=\"Voir les d\u00e9tails de la diapositive\" class=\"metaslider_image_link\"><img loading=\"lazy\" decoding=\"async\" src=\"http:\/\/lorrylesmetz-histoire.fr\/wp-content\/uploads\/2026\/04\/F04-700x300.jpg\" height=\"300\" width=\"700\" alt=\"\" class=\"slider-9193 slide-9197 msDefaultImage\" title=\"F04\" \/><\/a><\/li>\n                <li style=\"display: none; width: 100%;\" class=\"slide-9198 ms-image \" aria-roledescription=\"slide\" data-date=\"2026-04-14 18:00:00\" data-filename=\"F05-700x300.jpg\" data-slide-type=\"image\"><a href=\"http:\/\/lorrylesmetz-histoire.fr\/wp-content\/uploads\/2026\/04\/F05.jpg\" target=\"_blank\" aria-label=\"Voir les d\u00e9tails de la diapositive\" class=\"metaslider_image_link\"><img loading=\"lazy\" decoding=\"async\" src=\"http:\/\/lorrylesmetz-histoire.fr\/wp-content\/uploads\/2026\/04\/F05-700x300.jpg\" height=\"300\" width=\"700\" alt=\"\" class=\"slider-9193 slide-9198 msDefaultImage\" title=\"F05\" \/><\/a><\/li>\n                <li style=\"display: none; width: 100%;\" class=\"slide-9199 ms-image \" aria-roledescription=\"slide\" data-date=\"2026-04-14 18:00:00\" data-filename=\"F06-700x300.jpg\" data-slide-type=\"image\"><a href=\"http:\/\/lorrylesmetz-histoire.fr\/wp-content\/uploads\/2026\/04\/F06.jpg\" target=\"_blank\" aria-label=\"Voir les d\u00e9tails de la diapositive\" class=\"metaslider_image_link\"><img loading=\"lazy\" decoding=\"async\" src=\"http:\/\/lorrylesmetz-histoire.fr\/wp-content\/uploads\/2026\/04\/F06-700x300.jpg\" height=\"300\" width=\"700\" alt=\"\" class=\"slider-9193 slide-9199 msDefaultImage\" title=\"F06\" \/><\/a><\/li>\n                <li style=\"display: none; width: 100%;\" class=\"slide-9200 ms-image \" aria-roledescription=\"slide\" data-date=\"2026-04-14 18:00:00\" data-filename=\"F07-700x300.jpg\" data-slide-type=\"image\"><a href=\"http:\/\/lorrylesmetz-histoire.fr\/wp-content\/uploads\/2026\/04\/F07.jpg\" target=\"_blank\" aria-label=\"Voir les d\u00e9tails de la diapositive\" class=\"metaslider_image_link\"><img loading=\"lazy\" decoding=\"async\" src=\"http:\/\/lorrylesmetz-histoire.fr\/wp-content\/uploads\/2026\/04\/F07-700x300.jpg\" height=\"300\" width=\"700\" alt=\"\" class=\"slider-9193 slide-9200 msDefaultImage\" title=\"F07\" \/><\/a><\/li>\n                <li style=\"display: none; width: 100%;\" class=\"slide-9201 ms-image \" aria-roledescription=\"slide\" data-date=\"2026-04-14 18:00:00\" data-filename=\"F08-700x300.jpg\" data-slide-type=\"image\"><a href=\"http:\/\/lorrylesmetz-histoire.fr\/wp-content\/uploads\/2026\/04\/F08.jpg\" target=\"_blank\" aria-label=\"Voir les d\u00e9tails de la diapositive\" class=\"metaslider_image_link\"><img loading=\"lazy\" decoding=\"async\" src=\"http:\/\/lorrylesmetz-histoire.fr\/wp-content\/uploads\/2026\/04\/F08-700x300.jpg\" height=\"300\" width=\"700\" alt=\"\" class=\"slider-9193 slide-9201 msDefaultImage\" title=\"F08\" \/><\/a><\/li>\n                <li style=\"display: none; width: 100%;\" class=\"slide-9202 ms-image \" aria-roledescription=\"slide\" data-date=\"2026-04-14 18:00:00\" data-filename=\"F09-700x300.jpg\" data-slide-type=\"image\"><a href=\"http:\/\/lorrylesmetz-histoire.fr\/wp-content\/uploads\/2026\/04\/F09.jpg\" target=\"_blank\" aria-label=\"Voir les d\u00e9tails de la diapositive\" class=\"metaslider_image_link\"><img loading=\"lazy\" decoding=\"async\" src=\"http:\/\/lorrylesmetz-histoire.fr\/wp-content\/uploads\/2026\/04\/F09-700x300.jpg\" height=\"300\" width=\"700\" alt=\"\" class=\"slider-9193 slide-9202 msDefaultImage\" title=\"F09\" \/><\/a><\/li>\n                <li style=\"display: none; width: 100%;\" class=\"slide-9203 ms-image \" aria-roledescription=\"slide\" data-date=\"2026-04-14 18:00:00\" data-filename=\"F10-700x300.jpg\" data-slide-type=\"image\"><a href=\"http:\/\/lorrylesmetz-histoire.fr\/wp-content\/uploads\/2026\/04\/F10.jpg\" target=\"_blank\" aria-label=\"Voir les d\u00e9tails de la diapositive\" class=\"metaslider_image_link\"><img loading=\"lazy\" decoding=\"async\" src=\"http:\/\/lorrylesmetz-histoire.fr\/wp-content\/uploads\/2026\/04\/F10-700x300.jpg\" height=\"300\" width=\"700\" alt=\"\" class=\"slider-9193 slide-9203 msDefaultImage\" title=\"F10\" \/><\/a><\/li>\n                <li style=\"display: none; width: 100%;\" class=\"slide-9204 ms-image \" aria-roledescription=\"slide\" data-date=\"2026-04-14 18:00:00\" data-filename=\"F11-700x300.jpg\" data-slide-type=\"image\"><a href=\"http:\/\/lorrylesmetz-histoire.fr\/wp-content\/uploads\/2026\/04\/F11.jpg\" target=\"_blank\" aria-label=\"Voir les d\u00e9tails de la diapositive\" class=\"metaslider_image_link\"><img loading=\"lazy\" decoding=\"async\" src=\"http:\/\/lorrylesmetz-histoire.fr\/wp-content\/uploads\/2026\/04\/F11-700x300.jpg\" height=\"300\" width=\"700\" alt=\"\" class=\"slider-9193 slide-9204 msDefaultImage\" title=\"F11\" \/><\/a><\/li>\n                <li style=\"display: none; width: 100%;\" class=\"slide-9205 ms-image \" aria-roledescription=\"slide\" data-date=\"2026-04-14 18:00:01\" data-filename=\"F12-700x300.jpg\" data-slide-type=\"image\"><a href=\"http:\/\/lorrylesmetz-histoire.fr\/wp-content\/uploads\/2026\/04\/F12.jpg\" target=\"_blank\" aria-label=\"Voir les d\u00e9tails de la diapositive\" class=\"metaslider_image_link\"><img loading=\"lazy\" decoding=\"async\" src=\"http:\/\/lorrylesmetz-histoire.fr\/wp-content\/uploads\/2026\/04\/F12-700x300.jpg\" height=\"300\" width=\"700\" alt=\"\" class=\"slider-9193 slide-9205 msDefaultImage\" title=\"F12\" \/><\/a><\/li>\n                <li style=\"display: none; width: 100%;\" class=\"slide-9206 ms-image \" aria-roledescription=\"slide\" data-date=\"2026-04-14 18:00:01\" data-filename=\"F13-700x300.jpg\" data-slide-type=\"image\"><a href=\"http:\/\/lorrylesmetz-histoire.fr\/wp-content\/uploads\/2026\/04\/F13.jpg\" target=\"_blank\" aria-label=\"Voir les d\u00e9tails de la diapositive\" class=\"metaslider_image_link\"><img loading=\"lazy\" decoding=\"async\" src=\"http:\/\/lorrylesmetz-histoire.fr\/wp-content\/uploads\/2026\/04\/F13-700x300.jpg\" height=\"300\" width=\"700\" alt=\"\" class=\"slider-9193 slide-9206 msDefaultImage\" title=\"F13\" \/><\/a><\/li>\n                <li style=\"display: none; width: 100%;\" class=\"slide-9207 ms-image \" aria-roledescription=\"slide\" data-date=\"2026-04-14 18:00:01\" data-filename=\"F14-700x300.jpg\" data-slide-type=\"image\"><a href=\"http:\/\/lorrylesmetz-histoire.fr\/wp-content\/uploads\/2026\/04\/F14.jpg\" target=\"_blank\" aria-label=\"Voir les d\u00e9tails de la diapositive\" class=\"metaslider_image_link\"><img loading=\"lazy\" decoding=\"async\" src=\"http:\/\/lorrylesmetz-histoire.fr\/wp-content\/uploads\/2026\/04\/F14-700x300.jpg\" height=\"300\" width=\"700\" alt=\"\" class=\"slider-9193 slide-9207 msDefaultImage\" title=\"F14\" \/><\/a><\/li>\n                <li style=\"display: none; width: 100%;\" class=\"slide-9208 ms-image \" aria-roledescription=\"slide\" data-date=\"2026-04-14 18:00:01\" data-filename=\"F15-700x300.jpg\" data-slide-type=\"image\"><a href=\"http:\/\/lorrylesmetz-histoire.fr\/wp-content\/uploads\/2026\/04\/F15.jpg\" target=\"_blank\" aria-label=\"Voir les d\u00e9tails de la diapositive\" class=\"metaslider_image_link\"><img loading=\"lazy\" decoding=\"async\" src=\"http:\/\/lorrylesmetz-histoire.fr\/wp-content\/uploads\/2026\/04\/F15-700x300.jpg\" height=\"300\" width=\"700\" alt=\"\" class=\"slider-9193 slide-9208 msDefaultImage\" title=\"F15\" \/><\/a><\/li>\n                <li style=\"display: none; width: 100%;\" class=\"slide-9209 ms-image \" aria-roledescription=\"slide\" data-date=\"2026-04-14 18:00:01\" data-filename=\"F16-700x300.jpg\" data-slide-type=\"image\"><a href=\"http:\/\/lorrylesmetz-histoire.fr\/wp-content\/uploads\/2026\/04\/F16.jpg\" target=\"_blank\" aria-label=\"Voir les d\u00e9tails de la diapositive\" class=\"metaslider_image_link\"><img loading=\"lazy\" decoding=\"async\" src=\"http:\/\/lorrylesmetz-histoire.fr\/wp-content\/uploads\/2026\/04\/F16-700x300.jpg\" height=\"300\" width=\"700\" alt=\"\" class=\"slider-9193 slide-9209 msDefaultImage\" title=\"F16\" \/><\/a><\/li>\n                <li style=\"display: none; width: 100%;\" class=\"slide-9210 ms-image \" aria-roledescription=\"slide\" data-date=\"2026-04-14 18:00:01\" data-filename=\"F17-700x300.jpg\" data-slide-type=\"image\"><a href=\"http:\/\/lorrylesmetz-histoire.fr\/wp-content\/uploads\/2026\/04\/F17.jpg\" target=\"_blank\" aria-label=\"Voir les d\u00e9tails de la diapositive\" class=\"metaslider_image_link\"><img loading=\"lazy\" decoding=\"async\" src=\"http:\/\/lorrylesmetz-histoire.fr\/wp-content\/uploads\/2026\/04\/F17-700x300.jpg\" height=\"300\" width=\"700\" alt=\"\" class=\"slider-9193 slide-9210 msDefaultImage\" title=\"F17\" \/><\/a><\/li>\n                <li style=\"display: none; width: 100%;\" class=\"slide-9211 ms-image \" aria-roledescription=\"slide\" data-date=\"2026-04-14 18:00:01\" data-filename=\"F18-700x300.jpg\" data-slide-type=\"image\"><a href=\"http:\/\/lorrylesmetz-histoire.fr\/wp-content\/uploads\/2026\/04\/F18.jpg\" target=\"_blank\" aria-label=\"Voir les d\u00e9tails de la diapositive\" class=\"metaslider_image_link\"><img loading=\"lazy\" decoding=\"async\" src=\"http:\/\/lorrylesmetz-histoire.fr\/wp-content\/uploads\/2026\/04\/F18-700x300.jpg\" height=\"300\" width=\"700\" alt=\"\" class=\"slider-9193 slide-9211 msDefaultImage\" title=\"F18\" \/><\/a><\/li>\n                <li style=\"display: none; width: 100%;\" class=\"slide-9212 ms-image \" aria-roledescription=\"slide\" data-date=\"2026-04-14 18:00:02\" data-filename=\"F19-700x300.jpg\" data-slide-type=\"image\"><a href=\"http:\/\/lorrylesmetz-histoire.fr\/wp-content\/uploads\/2026\/04\/F19.jpg\" target=\"_blank\" aria-label=\"Voir les d\u00e9tails de la diapositive\" class=\"metaslider_image_link\"><img loading=\"lazy\" decoding=\"async\" src=\"http:\/\/lorrylesmetz-histoire.fr\/wp-content\/uploads\/2026\/04\/F19-700x300.jpg\" height=\"300\" width=\"700\" alt=\"\" class=\"slider-9193 slide-9212 msDefaultImage\" title=\"F19\" \/><\/a><\/li>\n                <li style=\"display: none; width: 100%;\" class=\"slide-9213 ms-image \" aria-roledescription=\"slide\" data-date=\"2026-04-14 18:00:03\" data-filename=\"F20-700x300.jpg\" data-slide-type=\"image\"><a href=\"http:\/\/lorrylesmetz-histoire.fr\/wp-content\/uploads\/2026\/04\/F20.jpg\" target=\"_blank\" aria-label=\"Voir les d\u00e9tails de la diapositive\" class=\"metaslider_image_link\"><img loading=\"lazy\" decoding=\"async\" src=\"http:\/\/lorrylesmetz-histoire.fr\/wp-content\/uploads\/2026\/04\/F20-700x300.jpg\" height=\"300\" width=\"700\" alt=\"\" class=\"slider-9193 slide-9213 msDefaultImage\" title=\"F20\" \/><\/a><\/li>\n                <li style=\"display: none; width: 100%;\" class=\"slide-9214 ms-image \" aria-roledescription=\"slide\" data-date=\"2026-04-14 18:00:03\" data-filename=\"F21-700x300.jpg\" data-slide-type=\"image\"><a href=\"http:\/\/lorrylesmetz-histoire.fr\/wp-content\/uploads\/2026\/04\/F21.jpg\" target=\"_blank\" aria-label=\"Voir les d\u00e9tails de la diapositive\" class=\"metaslider_image_link\"><img loading=\"lazy\" decoding=\"async\" src=\"http:\/\/lorrylesmetz-histoire.fr\/wp-content\/uploads\/2026\/04\/F21-700x300.jpg\" height=\"300\" width=\"700\" alt=\"\" class=\"slider-9193 slide-9214 msDefaultImage\" title=\"F21\" \/><\/a><\/li>\n                <li style=\"display: none; width: 100%;\" class=\"slide-9215 ms-image \" aria-roledescription=\"slide\" data-date=\"2026-04-14 18:00:03\" data-filename=\"F22-700x300.jpg\" data-slide-type=\"image\"><a href=\"http:\/\/lorrylesmetz-histoire.fr\/wp-content\/uploads\/2026\/04\/F22.jpg\" target=\"_blank\" aria-label=\"Voir les d\u00e9tails de la diapositive\" class=\"metaslider_image_link\"><img loading=\"lazy\" decoding=\"async\" src=\"http:\/\/lorrylesmetz-histoire.fr\/wp-content\/uploads\/2026\/04\/F22-700x300.jpg\" height=\"300\" width=\"700\" alt=\"\" class=\"slider-9193 slide-9215 msDefaultImage\" title=\"F22\" \/><\/a><\/li>\n                <li style=\"display: none; width: 100%;\" class=\"slide-9216 ms-image \" aria-roledescription=\"slide\" data-date=\"2026-04-14 18:00:03\" data-filename=\"F23-700x300.jpg\" data-slide-type=\"image\"><a href=\"http:\/\/lorrylesmetz-histoire.fr\/wp-content\/uploads\/2026\/04\/F23.jpg\" target=\"_blank\" aria-label=\"Voir les d\u00e9tails de la diapositive\" class=\"metaslider_image_link\"><img loading=\"lazy\" decoding=\"async\" src=\"http:\/\/lorrylesmetz-histoire.fr\/wp-content\/uploads\/2026\/04\/F23-700x300.jpg\" height=\"300\" width=\"700\" alt=\"\" class=\"slider-9193 slide-9216 msDefaultImage\" title=\"F23\" \/><\/a><\/li>\n                <li style=\"display: none; width: 100%;\" class=\"slide-9217 ms-image \" aria-roledescription=\"slide\" data-date=\"2026-04-14 18:00:03\" data-filename=\"F24-700x300.jpg\" data-slide-type=\"image\"><a href=\"http:\/\/lorrylesmetz-histoire.fr\/wp-content\/uploads\/2026\/04\/F24.jpg\" target=\"_blank\" aria-label=\"Voir les d\u00e9tails de la diapositive\" class=\"metaslider_image_link\"><img loading=\"lazy\" decoding=\"async\" src=\"http:\/\/lorrylesmetz-histoire.fr\/wp-content\/uploads\/2026\/04\/F24-700x300.jpg\" height=\"300\" width=\"700\" alt=\"\" class=\"slider-9193 slide-9217 msDefaultImage\" title=\"F24\" \/><\/a><\/li>\n                <li style=\"display: none; width: 100%;\" class=\"slide-9218 ms-image \" aria-roledescription=\"slide\" data-date=\"2026-04-14 18:00:03\" data-filename=\"F25-700x300.jpg\" data-slide-type=\"image\"><a href=\"http:\/\/lorrylesmetz-histoire.fr\/wp-content\/uploads\/2026\/04\/F25.jpg\" target=\"_blank\" aria-label=\"Voir les d\u00e9tails de la diapositive\" class=\"metaslider_image_link\"><img loading=\"lazy\" decoding=\"async\" src=\"http:\/\/lorrylesmetz-histoire.fr\/wp-content\/uploads\/2026\/04\/F25-700x300.jpg\" height=\"300\" width=\"700\" alt=\"\" class=\"slider-9193 slide-9218 msDefaultImage\" title=\"F25\" \/><\/a><\/li>\n                <li style=\"display: none; width: 100%;\" class=\"slide-9219 ms-image \" aria-roledescription=\"slide\" data-date=\"2026-04-14 18:00:03\" data-filename=\"F26-700x300.jpg\" data-slide-type=\"image\"><a href=\"http:\/\/lorrylesmetz-histoire.fr\/wp-content\/uploads\/2026\/04\/F26.jpg\" target=\"_blank\" aria-label=\"Voir les d\u00e9tails de la diapositive\" class=\"metaslider_image_link\"><img loading=\"lazy\" decoding=\"async\" src=\"http:\/\/lorrylesmetz-histoire.fr\/wp-content\/uploads\/2026\/04\/F26-700x300.jpg\" height=\"300\" width=\"700\" alt=\"\" class=\"slider-9193 slide-9219 msDefaultImage\" title=\"F26\" \/><\/a><\/li>\n                <li style=\"display: none; width: 100%;\" class=\"slide-9220 ms-image \" aria-roledescription=\"slide\" data-date=\"2026-04-14 18:00:03\" data-filename=\"F27-700x300.jpg\" data-slide-type=\"image\"><a href=\"http:\/\/lorrylesmetz-histoire.fr\/wp-content\/uploads\/2026\/04\/F27.jpg\" target=\"_blank\" aria-label=\"Voir les d\u00e9tails de la diapositive\" class=\"metaslider_image_link\"><img loading=\"lazy\" decoding=\"async\" src=\"http:\/\/lorrylesmetz-histoire.fr\/wp-content\/uploads\/2026\/04\/F27-700x300.jpg\" height=\"300\" width=\"700\" alt=\"\" class=\"slider-9193 slide-9220 msDefaultImage\" title=\"F27\" \/><\/a><\/li>\n                <li style=\"display: none; width: 100%;\" class=\"slide-9221 ms-image \" aria-roledescription=\"slide\" data-date=\"2026-04-14 18:00:03\" data-filename=\"F28-700x300.jpg\" data-slide-type=\"image\"><a href=\"http:\/\/lorrylesmetz-histoire.fr\/wp-content\/uploads\/2026\/04\/F28.jpg\" target=\"_blank\" aria-label=\"Voir les d\u00e9tails de la diapositive\" class=\"metaslider_image_link\"><img loading=\"lazy\" decoding=\"async\" src=\"http:\/\/lorrylesmetz-histoire.fr\/wp-content\/uploads\/2026\/04\/F28-700x300.jpg\" height=\"300\" width=\"700\" alt=\"\" class=\"slider-9193 slide-9221 msDefaultImage\" title=\"F28\" \/><\/a><\/li>\n                <li style=\"display: none; width: 100%;\" class=\"slide-9222 ms-image \" aria-roledescription=\"slide\" data-date=\"2026-04-14 18:00:03\" data-filename=\"F29-700x300.jpg\" data-slide-type=\"image\"><a href=\"http:\/\/lorrylesmetz-histoire.fr\/wp-content\/uploads\/2026\/04\/F29.jpg\" target=\"_blank\" aria-label=\"Voir les d\u00e9tails de la diapositive\" class=\"metaslider_image_link\"><img loading=\"lazy\" decoding=\"async\" src=\"http:\/\/lorrylesmetz-histoire.fr\/wp-content\/uploads\/2026\/04\/F29-700x300.jpg\" height=\"300\" width=\"700\" alt=\"\" class=\"slider-9193 slide-9222 msDefaultImage\" title=\"F29\" \/><\/a><\/li>\n                <li style=\"display: none; width: 100%;\" class=\"slide-9223 ms-image \" aria-roledescription=\"slide\" data-date=\"2026-04-14 18:00:03\" data-filename=\"F30-700x300.jpg\" data-slide-type=\"image\"><a href=\"http:\/\/lorrylesmetz-histoire.fr\/wp-content\/uploads\/2026\/04\/F30.jpg\" target=\"_blank\" aria-label=\"Voir les d\u00e9tails de la diapositive\" class=\"metaslider_image_link\"><img loading=\"lazy\" decoding=\"async\" src=\"http:\/\/lorrylesmetz-histoire.fr\/wp-content\/uploads\/2026\/04\/F30-700x300.jpg\" height=\"300\" width=\"700\" alt=\"\" class=\"slider-9193 slide-9223 msDefaultImage\" title=\"F30\" \/><\/a><\/li>\n                <li style=\"display: none; width: 100%;\" class=\"slide-9224 ms-image \" aria-roledescription=\"slide\" data-date=\"2026-04-14 18:00:03\" data-filename=\"F31-700x300.jpg\" data-slide-type=\"image\"><a href=\"http:\/\/lorrylesmetz-histoire.fr\/wp-content\/uploads\/2026\/04\/F31.jpg\" target=\"_blank\" aria-label=\"Voir les d\u00e9tails de la diapositive\" class=\"metaslider_image_link\"><img loading=\"lazy\" decoding=\"async\" src=\"http:\/\/lorrylesmetz-histoire.fr\/wp-content\/uploads\/2026\/04\/F31-700x300.jpg\" height=\"300\" width=\"700\" alt=\"\" class=\"slider-9193 slide-9224 msDefaultImage\" title=\"F31\" \/><\/a><\/li>\n                <li style=\"display: none; width: 100%;\" class=\"slide-9225 ms-image \" aria-roledescription=\"slide\" data-date=\"2026-04-14 18:00:03\" data-filename=\"F32-700x300.jpg\" data-slide-type=\"image\"><a href=\"http:\/\/lorrylesmetz-histoire.fr\/wp-content\/uploads\/2026\/04\/F32.jpg\" target=\"_blank\" aria-label=\"Voir les d\u00e9tails de la diapositive\" class=\"metaslider_image_link\"><img loading=\"lazy\" decoding=\"async\" src=\"http:\/\/lorrylesmetz-histoire.fr\/wp-content\/uploads\/2026\/04\/F32-700x300.jpg\" height=\"300\" width=\"700\" alt=\"\" class=\"slider-9193 slide-9225 msDefaultImage\" title=\"F32\" \/><\/a><\/li>\n                <li style=\"display: none; width: 100%;\" class=\"slide-9226 ms-image \" aria-roledescription=\"slide\" data-date=\"2026-04-14 18:00:03\" data-filename=\"F33-700x300.jpg\" data-slide-type=\"image\"><a href=\"http:\/\/lorrylesmetz-histoire.fr\/wp-content\/uploads\/2026\/04\/F33.jpg\" target=\"_blank\" aria-label=\"Voir les d\u00e9tails de la diapositive\" class=\"metaslider_image_link\"><img loading=\"lazy\" decoding=\"async\" src=\"http:\/\/lorrylesmetz-histoire.fr\/wp-content\/uploads\/2026\/04\/F33-700x300.jpg\" height=\"300\" width=\"700\" alt=\"\" class=\"slider-9193 slide-9226 msDefaultImage\" title=\"F33\" \/><\/a><\/li>\n            <\/ul>\n        <\/div>\n        \n    <\/div>\n<\/div>\n<p>Photos Jean-Luc\u00a0Baudinet, Anne\u00a0Brunella et Roger\u00a0Mariotte<\/p>\n<p><a href=\"http:\/\/lorrylesmetz-histoire.fr\/?page_id=8906\"><img loading=\"lazy\" decoding=\"async\" class=\"alignnone size-full wp-image-378\" src=\"http:\/\/lorrylesmetz-histoire.fr\/wp-content\/uploads\/2017\/05\/retour.png\" alt=\"\" width=\"89\" height=\"31\" \/><\/a><\/p>\n","protected":false},"excerpt":{"rendered":"<p>6 mars 2026 Vendredi\u00a06\u00a0mars, Lorry-l\u00e8s-Metz \u00ab\u00a0au fil du temps\u00a0\u00bb tenait son assembl\u00e9e g\u00e9n\u00e9rale \u00e0 l\u2019Espace Philippe-de-Vigneulles devant une salle comble. Apr\u00e8s la partie administrative, la soir\u00e9e\u00a0\u00e9tait, par le biais d\u2019une conf\u00e9rence th\u00e9\u00e2tralis\u00e9e, consacr\u00e9e \u00e0 Albertine\u00a0Flayelle de Xandrin \u00ab\u00a0La nourrice du&hellip; <\/p>\n","protected":false},"author":1,"featured_media":0,"parent":8906,"menu_order":3,"comment_status":"closed","ping_status":"closed","template":"","meta":{"_mc_calendar":[],"footnotes":""},"class_list":["post-9158","page","type-page","status-publish","hentry"],"_links":{"self":[{"href":"http:\/\/lorrylesmetz-histoire.fr\/index.php?rest_route=\/wp\/v2\/pages\/9158","targetHints":{"allow":["GET"]}}],"collection":[{"href":"http:\/\/lorrylesmetz-histoire.fr\/index.php?rest_route=\/wp\/v2\/pages"}],"about":[{"href":"http:\/\/lorrylesmetz-histoire.fr\/index.php?rest_route=\/wp\/v2\/types\/page"}],"author":[{"embeddable":true,"href":"http:\/\/lorrylesmetz-histoire.fr\/index.php?rest_route=\/wp\/v2\/users\/1"}],"replies":[{"embeddable":true,"href":"http:\/\/lorrylesmetz-histoire.fr\/index.php?rest_route=%2Fwp%2Fv2%2Fcomments&post=9158"}],"version-history":[{"count":4,"href":"http:\/\/lorrylesmetz-histoire.fr\/index.php?rest_route=\/wp\/v2\/pages\/9158\/revisions"}],"predecessor-version":[{"id":9230,"href":"http:\/\/lorrylesmetz-histoire.fr\/index.php?rest_route=\/wp\/v2\/pages\/9158\/revisions\/9230"}],"up":[{"embeddable":true,"href":"http:\/\/lorrylesmetz-histoire.fr\/index.php?rest_route=\/wp\/v2\/pages\/8906"}],"wp:attachment":[{"href":"http:\/\/lorrylesmetz-histoire.fr\/index.php?rest_route=%2Fwp%2Fv2%2Fmedia&parent=9158"}],"curies":[{"name":"wp","href":"https:\/\/api.w.org\/{rel}","templated":true}]}}