{"id":92,"date":"2017-05-23T15:25:01","date_gmt":"2017-05-23T13:25:01","guid":{"rendered":"http:\/\/lorrylesmetz-histoire.fr\/?page_id=92"},"modified":"2017-06-02T16:16:52","modified_gmt":"2017-06-02T14:16:52","slug":"leglise-les-ecussons-et-les-statues","status":"publish","type":"page","link":"http:\/\/lorrylesmetz-histoire.fr\/?page_id=92","title":{"rendered":"Les \u00e9cussons et les statues"},"content":{"rendered":"<table border=\"0\" cellspacing=\"0\" cellpadding=\"0\">\n<tbody>\n<tr>\n<td>\n<p><div id=\"attachment_408\" style=\"width: 224px\" class=\"wp-caption aligncenter\"><a href=\"http:\/\/lorrylesmetz-histoire.fr\/wp-content\/uploads\/2017\/05\/la_vierge.jpg\" target=\"_blank\"><img loading=\"lazy\" decoding=\"async\" aria-describedby=\"caption-attachment-408\" class=\"wp-image-408 size-full\" src=\"http:\/\/lorrylesmetz-histoire.fr\/wp-content\/uploads\/2017\/05\/la_vierge.jpg\" alt=\"\" width=\"214\" height=\"320\" srcset=\"http:\/\/lorrylesmetz-histoire.fr\/wp-content\/uploads\/2017\/05\/la_vierge.jpg 214w, http:\/\/lorrylesmetz-histoire.fr\/wp-content\/uploads\/2017\/05\/la_vierge-201x300.jpg 201w, http:\/\/lorrylesmetz-histoire.fr\/wp-content\/uploads\/2017\/05\/la_vierge-100x150.jpg 100w, http:\/\/lorrylesmetz-histoire.fr\/wp-content\/uploads\/2017\/05\/la_vierge-150x224.jpg 150w, http:\/\/lorrylesmetz-histoire.fr\/wp-content\/uploads\/2017\/05\/la_vierge-200x299.jpg 200w\" sizes=\"auto, (max-width: 214px) 100vw, 214px\" \/><\/a><p id=\"caption-attachment-408\" class=\"wp-caption-text\">Statue de la Vierge.<\/p><\/div><\/td>\n<td>\n<p><div id=\"attachment_333\" style=\"width: 222px\" class=\"wp-caption aligncenter\"><a href=\"http:\/\/lorrylesmetz-histoire.fr\/wp-content\/uploads\/2017\/05\/st_roch.jpg\" target=\"_blank\"><img loading=\"lazy\" decoding=\"async\" aria-describedby=\"caption-attachment-333\" class=\"wp-image-333 size-full\" src=\"http:\/\/lorrylesmetz-histoire.fr\/wp-content\/uploads\/2017\/05\/st_roch.jpg\" alt=\"\" width=\"212\" height=\"320\" srcset=\"http:\/\/lorrylesmetz-histoire.fr\/wp-content\/uploads\/2017\/05\/st_roch.jpg 212w, http:\/\/lorrylesmetz-histoire.fr\/wp-content\/uploads\/2017\/05\/st_roch-199x300.jpg 199w, http:\/\/lorrylesmetz-histoire.fr\/wp-content\/uploads\/2017\/05\/st_roch-100x151.jpg 100w, http:\/\/lorrylesmetz-histoire.fr\/wp-content\/uploads\/2017\/05\/st_roch-150x226.jpg 150w, http:\/\/lorrylesmetz-histoire.fr\/wp-content\/uploads\/2017\/05\/st_roch-200x302.jpg 200w\" sizes=\"auto, (max-width: 212px) 100vw, 212px\" \/><\/a><p id=\"caption-attachment-333\" class=\"wp-caption-text\">Statue de saint Roch.<\/p><\/div><\/td>\n<\/tr>\n<tr>\n<td>\n<p><div id=\"attachment_332\" style=\"width: 229px\" class=\"wp-caption aligncenter\"><a href=\"http:\/\/lorrylesmetz-histoire.fr\/wp-content\/uploads\/2017\/05\/st_clement.jpg\" target=\"_blank\"><img loading=\"lazy\" decoding=\"async\" aria-describedby=\"caption-attachment-332\" class=\"wp-image-332 size-full\" src=\"http:\/\/lorrylesmetz-histoire.fr\/wp-content\/uploads\/2017\/05\/st_clement.jpg\" alt=\"\" width=\"219\" height=\"320\" srcset=\"http:\/\/lorrylesmetz-histoire.fr\/wp-content\/uploads\/2017\/05\/st_clement.jpg 219w, http:\/\/lorrylesmetz-histoire.fr\/wp-content\/uploads\/2017\/05\/st_clement-205x300.jpg 205w, http:\/\/lorrylesmetz-histoire.fr\/wp-content\/uploads\/2017\/05\/st_clement-100x146.jpg 100w, http:\/\/lorrylesmetz-histoire.fr\/wp-content\/uploads\/2017\/05\/st_clement-150x219.jpg 150w, http:\/\/lorrylesmetz-histoire.fr\/wp-content\/uploads\/2017\/05\/st_clement-200x292.jpg 200w\" sizes=\"auto, (max-width: 219px) 100vw, 219px\" \/><\/a><p id=\"caption-attachment-332\" class=\"wp-caption-text\">Statue de saint Cl\u00e9ment.<\/p><\/div><\/td>\n<td>\n<p><div id=\"attachment_334\" style=\"width: 250px\" class=\"wp-caption aligncenter\"><a href=\"http:\/\/lorrylesmetz-histoire.fr\/wp-content\/uploads\/2017\/05\/st_vincent.jpg\" target=\"_blank\"><img loading=\"lazy\" decoding=\"async\" aria-describedby=\"caption-attachment-334\" class=\"wp-image-334 size-full\" src=\"http:\/\/lorrylesmetz-histoire.fr\/wp-content\/uploads\/2017\/05\/st_vincent.jpg\" alt=\"\" width=\"240\" height=\"320\" srcset=\"http:\/\/lorrylesmetz-histoire.fr\/wp-content\/uploads\/2017\/05\/st_vincent.jpg 240w, http:\/\/lorrylesmetz-histoire.fr\/wp-content\/uploads\/2017\/05\/st_vincent-225x300.jpg 225w, http:\/\/lorrylesmetz-histoire.fr\/wp-content\/uploads\/2017\/05\/st_vincent-100x133.jpg 100w, http:\/\/lorrylesmetz-histoire.fr\/wp-content\/uploads\/2017\/05\/st_vincent-150x200.jpg 150w, http:\/\/lorrylesmetz-histoire.fr\/wp-content\/uploads\/2017\/05\/st_vincent-200x267.jpg 200w\" sizes=\"auto, (max-width: 240px) 100vw, 240px\" \/><\/a><p id=\"caption-attachment-334\" class=\"wp-caption-text\">Statue de saint Vincent.<\/p><\/div><\/td>\n<\/tr>\n<\/tbody>\n<\/table>\n<div id=\"conteneur\">\n<article id=\"statue\">Seules quatre statues ont \u00e9t\u00e9 conserv\u00e9es pour orner l&rsquo;\u00e9glise lors de la restauration de 1979 :<\/p>\n<ul>\n<li>Vierge \u00e0 l&rsquo;Enfant en pierre peinte, acquise en 1851\u00a0;<\/li>\n<li>saint Roch, patron des l\u00e9preux, en pl\u00e2tre peint, achet\u00e9e en 1850;<\/li>\n<li>saint Cl\u00e9ment, en bois peint\u00a0;<\/li>\n<li>saint Vincent, patron des vignerons, en pierre peinte, \u0153uvre du sculpteur messin Jacquemin, acquise en 1858.<\/li>\n<\/ul>\n<p>Un bas relief en pl\u00e2tre peint repr\u00e9sente le bapt\u00eame du Christ. Il s \u00e9t\u00e9 offert par monsieur Paquet, parent de madame Carr\u00e9 de Malberg.<\/p>\n<audio class=\"wp-audio-shortcode\" id=\"audio-92-1\" preload=\"none\" style=\"width: 100%;\" controls=\"controls\"><source type=\"audio\/ogg\" src=\"http:\/\/lorrylesmetz-histoire.fr\/wp-content\/uploads\/2017\/05\/statues.ogg?_=1\" \/><a href=\"http:\/\/lorrylesmetz-histoire.fr\/wp-content\/uploads\/2017\/05\/statues.ogg\">http:\/\/lorrylesmetz-histoire.fr\/wp-content\/uploads\/2017\/05\/statues.ogg<\/a><\/audio>\n<\/article>\n<h2>Les \u00e9cussons<\/h2>\n<div id=\"attachment_409\" style=\"width: 650px\" class=\"wp-caption aligncenter\"><a href=\"http:\/\/lorrylesmetz-histoire.fr\/wp-content\/uploads\/2017\/05\/plafond.jpg\" target=\"_blank\"><img loading=\"lazy\" decoding=\"async\" aria-describedby=\"caption-attachment-409\" class=\"wp-image-409 size-full\" src=\"http:\/\/lorrylesmetz-histoire.fr\/wp-content\/uploads\/2017\/05\/plafond.jpg\" alt=\"\" width=\"640\" height=\"480\" srcset=\"http:\/\/lorrylesmetz-histoire.fr\/wp-content\/uploads\/2017\/05\/plafond.jpg 640w, http:\/\/lorrylesmetz-histoire.fr\/wp-content\/uploads\/2017\/05\/plafond-300x225.jpg 300w, http:\/\/lorrylesmetz-histoire.fr\/wp-content\/uploads\/2017\/05\/plafond-100x75.jpg 100w, http:\/\/lorrylesmetz-histoire.fr\/wp-content\/uploads\/2017\/05\/plafond-150x113.jpg 150w, http:\/\/lorrylesmetz-histoire.fr\/wp-content\/uploads\/2017\/05\/plafond-200x150.jpg 200w, http:\/\/lorrylesmetz-histoire.fr\/wp-content\/uploads\/2017\/05\/plafond-450x338.jpg 450w, http:\/\/lorrylesmetz-histoire.fr\/wp-content\/uploads\/2017\/05\/plafond-600x450.jpg 600w\" sizes=\"auto, (max-width: 640px) 100vw, 640px\" \/><\/a><p id=\"caption-attachment-409\" class=\"wp-caption-text\">Les \u00e9cussons au plafond<\/p><\/div>\n<p>La cl\u00e9 de vo\u00fbte du ch\u0153ur porte l&rsquo;\u00e9cusson de la famille Baudoche qui a entrepris au XV<sup>e<\/sup> si\u00e8cle la construction de l&rsquo;\u00e9glise. Les quatre \u00e9cussons plac\u00e9s au sommet de la nef repr\u00e9sen\u00adtent\u00a0:<\/p>\n<ul>\n<li>les armes de monseigneur Dupont des Loges ;<\/li>\n<li>le blason de la ville de Metz ;<\/li>\n<li>le blason de du chapi\u00adtre de la cath\u00e9drale de Metz ;<\/li>\n<li>le blason de Lorry-l\u00e8s-Metz.<\/li>\n<\/ul>\n<table border=\"0\" cellspacing=\"0\" cellpadding=\"0\">\n<tbody>\n<tr>\n<td>\n<p><div id=\"attachment_425\" style=\"width: 141px\" class=\"wp-caption alignnone\"><a href=\"http:\/\/lorrylesmetz-histoire.fr\/wp-content\/uploads\/2017\/05\/ec_baudoche.jpg\" target=\"_blank\"><img loading=\"lazy\" decoding=\"async\" aria-describedby=\"caption-attachment-425\" class=\"wp-image-425\" src=\"http:\/\/lorrylesmetz-histoire.fr\/wp-content\/uploads\/2017\/05\/ec_baudoche-150x150.jpg\" alt=\"\u00c9cusson de la famille Baudoche.\" width=\"131\" height=\"150\" srcset=\"http:\/\/lorrylesmetz-histoire.fr\/wp-content\/uploads\/2017\/05\/ec_baudoche-261x300.jpg 261w, http:\/\/lorrylesmetz-histoire.fr\/wp-content\/uploads\/2017\/05\/ec_baudoche-100x115.jpg 100w, http:\/\/lorrylesmetz-histoire.fr\/wp-content\/uploads\/2017\/05\/ec_baudoche-150x172.jpg 150w, http:\/\/lorrylesmetz-histoire.fr\/wp-content\/uploads\/2017\/05\/ec_baudoche-200x230.jpg 200w, http:\/\/lorrylesmetz-histoire.fr\/wp-content\/uploads\/2017\/05\/ec_baudoche-300x345.jpg 300w, http:\/\/lorrylesmetz-histoire.fr\/wp-content\/uploads\/2017\/05\/ec_baudoche-450x517.jpg 450w, http:\/\/lorrylesmetz-histoire.fr\/wp-content\/uploads\/2017\/05\/ec_baudoche-600x690.jpg 600w, http:\/\/lorrylesmetz-histoire.fr\/wp-content\/uploads\/2017\/05\/ec_baudoche.jpg 696w\" sizes=\"auto, (max-width: 131px) 100vw, 131px\" \/><\/a><p id=\"caption-attachment-425\" class=\"wp-caption-text\">\u00c9cusson de la famille Baudoche.<\/p><\/div><\/td>\n<td>\n<p><div id=\"attachment_426\" style=\"width: 140px\" class=\"wp-caption alignnone\"><a href=\"http:\/\/lorrylesmetz-histoire.fr\/wp-content\/uploads\/2017\/05\/ec_dupont.jpg\" target=\"_blank\"><img loading=\"lazy\" decoding=\"async\" aria-describedby=\"caption-attachment-426\" class=\"wp-image-426\" src=\"http:\/\/lorrylesmetz-histoire.fr\/wp-content\/uploads\/2017\/05\/ec_dupont-150x150.jpg\" alt=\"\u00c9cusson de monseigneur Dupont des Loges.\" width=\"130\" height=\"150\" srcset=\"http:\/\/lorrylesmetz-histoire.fr\/wp-content\/uploads\/2017\/05\/ec_dupont-261x300.jpg 261w, http:\/\/lorrylesmetz-histoire.fr\/wp-content\/uploads\/2017\/05\/ec_dupont-100x115.jpg 100w, http:\/\/lorrylesmetz-histoire.fr\/wp-content\/uploads\/2017\/05\/ec_dupont-150x173.jpg 150w, http:\/\/lorrylesmetz-histoire.fr\/wp-content\/uploads\/2017\/05\/ec_dupont-200x230.jpg 200w, http:\/\/lorrylesmetz-histoire.fr\/wp-content\/uploads\/2017\/05\/ec_dupont-300x345.jpg 300w, http:\/\/lorrylesmetz-histoire.fr\/wp-content\/uploads\/2017\/05\/ec_dupont-450x518.jpg 450w, http:\/\/lorrylesmetz-histoire.fr\/wp-content\/uploads\/2017\/05\/ec_dupont-600x691.jpg 600w, http:\/\/lorrylesmetz-histoire.fr\/wp-content\/uploads\/2017\/05\/ec_dupont.jpg 695w\" sizes=\"auto, (max-width: 130px) 100vw, 130px\" \/><\/a><p id=\"caption-attachment-426\" class=\"wp-caption-text\">\u00c9cusson de monseigneur Dupont des Loges.<\/p><\/div><\/td>\n<td>\n<p><div id=\"attachment_429\" style=\"width: 140px\" class=\"wp-caption aligncenter\"><a href=\"http:\/\/lorrylesmetz-histoire.fr\/wp-content\/uploads\/2017\/05\/ec_metz.jpg\" target=\"_blank\"><img loading=\"lazy\" decoding=\"async\" aria-describedby=\"caption-attachment-429\" class=\"wp-image-429\" src=\"http:\/\/lorrylesmetz-histoire.fr\/wp-content\/uploads\/2017\/05\/ec_metz-150x150.jpg\" alt=\"\u00c9cusson de la ville de Metz.\" width=\"130\" height=\"150\" srcset=\"http:\/\/lorrylesmetz-histoire.fr\/wp-content\/uploads\/2017\/05\/ec_metz-261x300.jpg 261w, http:\/\/lorrylesmetz-histoire.fr\/wp-content\/uploads\/2017\/05\/ec_metz-100x115.jpg 100w, http:\/\/lorrylesmetz-histoire.fr\/wp-content\/uploads\/2017\/05\/ec_metz-150x173.jpg 150w, http:\/\/lorrylesmetz-histoire.fr\/wp-content\/uploads\/2017\/05\/ec_metz-200x230.jpg 200w, http:\/\/lorrylesmetz-histoire.fr\/wp-content\/uploads\/2017\/05\/ec_metz-300x345.jpg 300w, http:\/\/lorrylesmetz-histoire.fr\/wp-content\/uploads\/2017\/05\/ec_metz-450x518.jpg 450w, http:\/\/lorrylesmetz-histoire.fr\/wp-content\/uploads\/2017\/05\/ec_metz-600x691.jpg 600w, http:\/\/lorrylesmetz-histoire.fr\/wp-content\/uploads\/2017\/05\/ec_metz.jpg 695w\" sizes=\"auto, (max-width: 130px) 100vw, 130px\" \/><\/a><p id=\"caption-attachment-429\" class=\"wp-caption-text\">\u00c9cusson de la ville de Metz.<\/p><\/div><\/td>\n<td>\n<p><div id=\"attachment_430\" style=\"width: 141px\" class=\"wp-caption alignnone\"><a href=\"http:\/\/lorrylesmetz-histoire.fr\/wp-content\/uploads\/2017\/05\/ec_chapitre.jpg\" target=\"_blank\"><img loading=\"lazy\" decoding=\"async\" aria-describedby=\"caption-attachment-430\" class=\"wp-image-430\" src=\"http:\/\/lorrylesmetz-histoire.fr\/wp-content\/uploads\/2017\/05\/ec_chapitre-150x150.jpg\" alt=\"\u00c9cusson du chapitre de la cath\u00e9drale de Metz.\" width=\"131\" height=\"150\" srcset=\"http:\/\/lorrylesmetz-histoire.fr\/wp-content\/uploads\/2017\/05\/ec_chapitre-261x300.jpg 261w, http:\/\/lorrylesmetz-histoire.fr\/wp-content\/uploads\/2017\/05\/ec_chapitre-100x115.jpg 100w, http:\/\/lorrylesmetz-histoire.fr\/wp-content\/uploads\/2017\/05\/ec_chapitre-150x172.jpg 150w, http:\/\/lorrylesmetz-histoire.fr\/wp-content\/uploads\/2017\/05\/ec_chapitre-200x230.jpg 200w, http:\/\/lorrylesmetz-histoire.fr\/wp-content\/uploads\/2017\/05\/ec_chapitre-300x345.jpg 300w, http:\/\/lorrylesmetz-histoire.fr\/wp-content\/uploads\/2017\/05\/ec_chapitre-450x517.jpg 450w, http:\/\/lorrylesmetz-histoire.fr\/wp-content\/uploads\/2017\/05\/ec_chapitre-600x690.jpg 600w, http:\/\/lorrylesmetz-histoire.fr\/wp-content\/uploads\/2017\/05\/ec_chapitre.jpg 696w\" sizes=\"auto, (max-width: 131px) 100vw, 131px\" \/><\/a><p id=\"caption-attachment-430\" class=\"wp-caption-text\">\u00c9cusson du chapitre de la cath\u00e9drale de Metz.<\/p><\/div><\/td>\n<td>\n<p><div id=\"attachment_433\" style=\"width: 140px\" class=\"wp-caption aligncenter\"><a href=\"http:\/\/lorrylesmetz-histoire.fr\/wp-content\/uploads\/2017\/05\/ec_lorry.jpg\" target=\"_blank\"><img loading=\"lazy\" decoding=\"async\" aria-describedby=\"caption-attachment-433\" class=\"wp-image-433\" src=\"http:\/\/lorrylesmetz-histoire.fr\/wp-content\/uploads\/2017\/05\/ec_lorry-150x150.jpg\" alt=\"\u00c9cusson de Lorry-l\u00e8s-Metz.\" width=\"130\" height=\"150\" srcset=\"http:\/\/lorrylesmetz-histoire.fr\/wp-content\/uploads\/2017\/05\/ec_lorry-261x300.jpg 261w, http:\/\/lorrylesmetz-histoire.fr\/wp-content\/uploads\/2017\/05\/ec_lorry-100x115.jpg 100w, http:\/\/lorrylesmetz-histoire.fr\/wp-content\/uploads\/2017\/05\/ec_lorry-150x173.jpg 150w, http:\/\/lorrylesmetz-histoire.fr\/wp-content\/uploads\/2017\/05\/ec_lorry-200x230.jpg 200w, http:\/\/lorrylesmetz-histoire.fr\/wp-content\/uploads\/2017\/05\/ec_lorry-300x345.jpg 300w, http:\/\/lorrylesmetz-histoire.fr\/wp-content\/uploads\/2017\/05\/ec_lorry-450x518.jpg 450w, http:\/\/lorrylesmetz-histoire.fr\/wp-content\/uploads\/2017\/05\/ec_lorry-600x691.jpg 600w, http:\/\/lorrylesmetz-histoire.fr\/wp-content\/uploads\/2017\/05\/ec_lorry.jpg 695w\" sizes=\"auto, (max-width: 130px) 100vw, 130px\" \/><\/a><p id=\"caption-attachment-433\" class=\"wp-caption-text\">\u00c9cusson de Lorry-l\u00e8s-Metz.<\/p><\/div><\/td>\n<\/tr>\n<\/tbody>\n<\/table>\n<\/div>\n<div id=\"conteneur\">\n<audio class=\"wp-audio-shortcode\" id=\"audio-92-2\" preload=\"none\" style=\"width: 100%;\" controls=\"controls\"><source type=\"audio\/ogg\" src=\"http:\/\/lorrylesmetz-histoire.fr\/wp-content\/uploads\/2017\/05\/ecussons.ogg?_=2\" \/><a href=\"http:\/\/lorrylesmetz-histoire.fr\/wp-content\/uploads\/2017\/05\/ecussons.ogg\">http:\/\/lorrylesmetz-histoire.fr\/wp-content\/uploads\/2017\/05\/ecussons.ogg<\/a><\/audio>\n<p><a href=\"http:\/\/lorrylesmetz-histoire.fr\/?page_id=82\"><img loading=\"lazy\" decoding=\"async\" class=\"alignnone wp-image-378 size-full\" src=\"http:\/\/lorrylesmetz-histoire.fr\/wp-content\/uploads\/2017\/05\/retour.png\" alt=\"\" width=\"89\" height=\"31\" \/><\/a><\/p>\n<\/div>\n","protected":false},"excerpt":{"rendered":"<p>Seules quatre statues ont \u00e9t\u00e9 conserv\u00e9es pour orner l&rsquo;\u00e9glise lors de la restauration de 1979 : Vierge \u00e0 l&rsquo;Enfant en pierre peinte, acquise en 1851\u00a0; saint Roch, patron des l\u00e9preux, en pl\u00e2tre peint, achet\u00e9e en 1850; saint Cl\u00e9ment, en bois&hellip; <\/p>\n","protected":false},"author":1,"featured_media":0,"parent":82,"menu_order":3,"comment_status":"closed","ping_status":"closed","template":"templates\/sans-widget.php","meta":{"_mc_calendar":[],"footnotes":""},"class_list":["post-92","page","type-page","status-publish","hentry"],"_links":{"self":[{"href":"http:\/\/lorrylesmetz-histoire.fr\/index.php?rest_route=\/wp\/v2\/pages\/92","targetHints":{"allow":["GET"]}}],"collection":[{"href":"http:\/\/lorrylesmetz-histoire.fr\/index.php?rest_route=\/wp\/v2\/pages"}],"about":[{"href":"http:\/\/lorrylesmetz-histoire.fr\/index.php?rest_route=\/wp\/v2\/types\/page"}],"author":[{"embeddable":true,"href":"http:\/\/lorrylesmetz-histoire.fr\/index.php?rest_route=\/wp\/v2\/users\/1"}],"replies":[{"embeddable":true,"href":"http:\/\/lorrylesmetz-histoire.fr\/index.php?rest_route=%2Fwp%2Fv2%2Fcomments&post=92"}],"version-history":[{"count":0,"href":"http:\/\/lorrylesmetz-histoire.fr\/index.php?rest_route=\/wp\/v2\/pages\/92\/revisions"}],"up":[{"embeddable":true,"href":"http:\/\/lorrylesmetz-histoire.fr\/index.php?rest_route=\/wp\/v2\/pages\/82"}],"wp:attachment":[{"href":"http:\/\/lorrylesmetz-histoire.fr\/index.php?rest_route=%2Fwp%2Fv2%2Fmedia&parent=92"}],"curies":[{"name":"wp","href":"https:\/\/api.w.org\/{rel}","templated":true}]}}