{"id":94,"date":"2017-05-23T15:25:38","date_gmt":"2017-05-23T13:25:38","guid":{"rendered":"http:\/\/lorrylesmetz-histoire.fr\/?page_id=94"},"modified":"2017-06-02T16:17:10","modified_gmt":"2017-06-02T14:17:10","slug":"leglise-lorgue-et-le-cloher","status":"publish","type":"page","link":"http:\/\/lorrylesmetz-histoire.fr\/?page_id=94","title":{"rendered":"L\u2019orgue et le clocher"},"content":{"rendered":"<div id=\"conteneur\">\n<article id=\"facade\">\n<div id=\"attachment_413\" style=\"width: 650px\" class=\"wp-caption alignnone\"><a href=\"http:\/\/lorrylesmetz-histoire.fr\/wp-content\/uploads\/2017\/05\/orgue1.jpg\" target=\"_blank\"><img loading=\"lazy\" decoding=\"async\" aria-describedby=\"caption-attachment-413\" class=\"wp-image-413 size-full\" src=\"http:\/\/lorrylesmetz-histoire.fr\/wp-content\/uploads\/2017\/05\/orgue1.jpg\" alt=\"L'orgue.\" width=\"640\" height=\"480\" srcset=\"http:\/\/lorrylesmetz-histoire.fr\/wp-content\/uploads\/2017\/05\/orgue1.jpg 640w, http:\/\/lorrylesmetz-histoire.fr\/wp-content\/uploads\/2017\/05\/orgue1-300x225.jpg 300w, http:\/\/lorrylesmetz-histoire.fr\/wp-content\/uploads\/2017\/05\/orgue1-100x75.jpg 100w, http:\/\/lorrylesmetz-histoire.fr\/wp-content\/uploads\/2017\/05\/orgue1-150x113.jpg 150w, http:\/\/lorrylesmetz-histoire.fr\/wp-content\/uploads\/2017\/05\/orgue1-200x150.jpg 200w, http:\/\/lorrylesmetz-histoire.fr\/wp-content\/uploads\/2017\/05\/orgue1-450x338.jpg 450w, http:\/\/lorrylesmetz-histoire.fr\/wp-content\/uploads\/2017\/05\/orgue1-600x450.jpg 600w\" sizes=\"auto, (max-width: 640px) 100vw, 640px\" \/><\/a><p id=\"caption-attachment-413\" class=\"wp-caption-text\">L&rsquo;orgue.<\/p><\/div>\n<p>En 1803, un premier orgue est install\u00e9 en tribune au-dessus de l&rsquo;entr\u00e9e. En 1884 ,cet orgue est d\u00e9truit par la foudre. Le facteur d&rsquo;orgues Dalstein-Haerpfer construit en 1885 un orgue neuf pour le remplacer.<br \/>\nLors de la restauration de 1979, la Commission dioc\u00e9saine d&rsquo;art sacr\u00e9 demande que L&rsquo;orgue soit des\u00adcendu de la tribune pour d\u00e9gager le vitrail au-dessus de la porte. C&rsquo;est en 1995 qu&rsquo;il est r\u00e9install\u00e9 dans le lat\u00e9ral gauche. Enti\u00e8rement restaur\u00e9, c&rsquo;est un des rares t\u00e9moins des \u00ab\u00a0orgues de campagne\u00a0\u00bb construits \u00e0 la fin du XIX<sup>e<\/sup> si\u00e8cle. Il dispose de quinze jeux r\u00e9partis sur trois sommiers.<\/p>\n<audio class=\"wp-audio-shortcode\" id=\"audio-94-1\" preload=\"none\" style=\"width: 100%;\" controls=\"controls\"><source type=\"audio\/ogg\" src=\"http:\/\/lorrylesmetz-histoire.fr\/wp-content\/uploads\/2017\/05\/orgue.ogg?_=1\" \/><a href=\"http:\/\/lorrylesmetz-histoire.fr\/wp-content\/uploads\/2017\/05\/orgue.ogg\">http:\/\/lorrylesmetz-histoire.fr\/wp-content\/uploads\/2017\/05\/orgue.ogg<\/a><\/audio>\n<\/article>\n<h2>Le clocher<\/h2>\n<div id=\"attachment_414\" style=\"width: 650px\" class=\"wp-caption alignnone\"><a href=\"http:\/\/lorrylesmetz-histoire.fr\/wp-content\/uploads\/2017\/05\/clocher_horloge.jpg\" target=\"_blank\"><img loading=\"lazy\" decoding=\"async\" aria-describedby=\"caption-attachment-414\" class=\"wp-image-414 size-full\" src=\"http:\/\/lorrylesmetz-histoire.fr\/wp-content\/uploads\/2017\/05\/clocher_horloge.jpg\" alt=\"\" width=\"640\" height=\"480\" srcset=\"http:\/\/lorrylesmetz-histoire.fr\/wp-content\/uploads\/2017\/05\/clocher_horloge.jpg 640w, http:\/\/lorrylesmetz-histoire.fr\/wp-content\/uploads\/2017\/05\/clocher_horloge-300x225.jpg 300w, http:\/\/lorrylesmetz-histoire.fr\/wp-content\/uploads\/2017\/05\/clocher_horloge-100x75.jpg 100w, http:\/\/lorrylesmetz-histoire.fr\/wp-content\/uploads\/2017\/05\/clocher_horloge-150x113.jpg 150w, http:\/\/lorrylesmetz-histoire.fr\/wp-content\/uploads\/2017\/05\/clocher_horloge-200x150.jpg 200w, http:\/\/lorrylesmetz-histoire.fr\/wp-content\/uploads\/2017\/05\/clocher_horloge-450x338.jpg 450w, http:\/\/lorrylesmetz-histoire.fr\/wp-content\/uploads\/2017\/05\/clocher_horloge-600x450.jpg 600w\" sizes=\"auto, (max-width: 640px) 100vw, 640px\" \/><\/a><p id=\"caption-attachment-414\" class=\"wp-caption-text\">Le clocher.<\/p><\/div>\n<article id=\"clocher\">Autrefois tour servant \u00e0 la protection des villageois en cas de guerre, il est fortifi\u00e9. L&rsquo;appa\u00adreillage d\u00e9fensif est toujours visible de l&rsquo;int\u00e9rieur. On y acc\u00e8de par un escalier \u00e0 vis en pierre de 52 marches, log\u00e9 dans la tourelle.<\/article>\n<article><\/article>\n<article><audio class=\"wp-audio-shortcode\" id=\"audio-94-2\" preload=\"none\" style=\"width: 100%;\" controls=\"controls\"><source type=\"audio\/ogg\" src=\"http:\/\/lorrylesmetz-histoire.fr\/wp-content\/uploads\/2017\/05\/clocher.ogg?_=2\" \/><a href=\"http:\/\/lorrylesmetz-histoire.fr\/wp-content\/uploads\/2017\/05\/clocher.ogg\">http:\/\/lorrylesmetz-histoire.fr\/wp-content\/uploads\/2017\/05\/clocher.ogg<\/a><\/audio><\/p>\n<p><a href=\"http:\/\/lorrylesmetz-histoire.fr\/?page_id=82\"><img loading=\"lazy\" decoding=\"async\" class=\"alignnone wp-image-378 size-full\" src=\"http:\/\/lorrylesmetz-histoire.fr\/wp-content\/uploads\/2017\/05\/retour.png\" alt=\"\" width=\"89\" height=\"31\" \/><\/a><\/p>\n<\/article>\n<\/div>\n","protected":false},"excerpt":{"rendered":"<p>En 1803, un premier orgue est install\u00e9 en tribune au-dessus de l&rsquo;entr\u00e9e. En 1884 ,cet orgue est d\u00e9truit par la foudre. Le facteur d&rsquo;orgues Dalstein-Haerpfer construit en 1885 un orgue neuf pour le remplacer. Lors de la restauration de 1979,&hellip; <\/p>\n","protected":false},"author":1,"featured_media":0,"parent":82,"menu_order":4,"comment_status":"closed","ping_status":"closed","template":"","meta":{"_mc_calendar":[],"footnotes":""},"class_list":["post-94","page","type-page","status-publish","hentry"],"_links":{"self":[{"href":"http:\/\/lorrylesmetz-histoire.fr\/index.php?rest_route=\/wp\/v2\/pages\/94","targetHints":{"allow":["GET"]}}],"collection":[{"href":"http:\/\/lorrylesmetz-histoire.fr\/index.php?rest_route=\/wp\/v2\/pages"}],"about":[{"href":"http:\/\/lorrylesmetz-histoire.fr\/index.php?rest_route=\/wp\/v2\/types\/page"}],"author":[{"embeddable":true,"href":"http:\/\/lorrylesmetz-histoire.fr\/index.php?rest_route=\/wp\/v2\/users\/1"}],"replies":[{"embeddable":true,"href":"http:\/\/lorrylesmetz-histoire.fr\/index.php?rest_route=%2Fwp%2Fv2%2Fcomments&post=94"}],"version-history":[{"count":0,"href":"http:\/\/lorrylesmetz-histoire.fr\/index.php?rest_route=\/wp\/v2\/pages\/94\/revisions"}],"up":[{"embeddable":true,"href":"http:\/\/lorrylesmetz-histoire.fr\/index.php?rest_route=\/wp\/v2\/pages\/82"}],"wp:attachment":[{"href":"http:\/\/lorrylesmetz-histoire.fr\/index.php?rest_route=%2Fwp%2Fv2%2Fmedia&parent=94"}],"curies":[{"name":"wp","href":"https:\/\/api.w.org\/{rel}","templated":true}]}}