{"id":96,"date":"2017-05-23T15:26:27","date_gmt":"2017-05-23T13:26:27","guid":{"rendered":"http:\/\/lorrylesmetz-histoire.fr\/?page_id=96"},"modified":"2017-06-02T18:02:53","modified_gmt":"2017-06-02T16:02:53","slug":"horloge-et-cloches","status":"publish","type":"page","link":"http:\/\/lorrylesmetz-histoire.fr\/?page_id=96","title":{"rendered":"L\u2019horloge et les cloches"},"content":{"rendered":"<div id=\"attachment_441\" style=\"width: 650px\" class=\"wp-caption aligncenter\"><a href=\"http:\/\/lorrylesmetz-histoire.fr\/wp-content\/uploads\/2017\/05\/horloge1.jpg\" target=\"_blank\"><img loading=\"lazy\" decoding=\"async\" aria-describedby=\"caption-attachment-441\" class=\"wp-image-441 size-full\" src=\"http:\/\/lorrylesmetz-histoire.fr\/wp-content\/uploads\/2017\/05\/horloge1.jpg\" alt=\"\" width=\"640\" height=\"508\" srcset=\"http:\/\/lorrylesmetz-histoire.fr\/wp-content\/uploads\/2017\/05\/horloge1.jpg 640w, http:\/\/lorrylesmetz-histoire.fr\/wp-content\/uploads\/2017\/05\/horloge1-300x238.jpg 300w, http:\/\/lorrylesmetz-histoire.fr\/wp-content\/uploads\/2017\/05\/horloge1-100x79.jpg 100w, http:\/\/lorrylesmetz-histoire.fr\/wp-content\/uploads\/2017\/05\/horloge1-150x119.jpg 150w, http:\/\/lorrylesmetz-histoire.fr\/wp-content\/uploads\/2017\/05\/horloge1-200x159.jpg 200w, http:\/\/lorrylesmetz-histoire.fr\/wp-content\/uploads\/2017\/05\/horloge1-450x357.jpg 450w, http:\/\/lorrylesmetz-histoire.fr\/wp-content\/uploads\/2017\/05\/horloge1-600x476.jpg 600w\" sizes=\"auto, (max-width: 640px) 100vw, 640px\" \/><\/a><p id=\"caption-attachment-441\" class=\"wp-caption-text\">L&rsquo;horloge en fonctionnement.<\/p><\/div>\n<article id=\"horloge\">\n<figure><figcaption>\n<div id=\"attachment_443\" style=\"width: 230px\" class=\"wp-caption aligncenter\"><a href=\"http:\/\/lorrylesmetz-histoire.fr\/wp-content\/uploads\/2017\/05\/horloge3-1.jpg\" target=\"_blank\"><img loading=\"lazy\" decoding=\"async\" aria-describedby=\"caption-attachment-443\" class=\"wp-image-443 size-full\" src=\"http:\/\/lorrylesmetz-histoire.fr\/wp-content\/uploads\/2017\/05\/horloge3-1.jpg\" alt=\"D\u00e9tail du m\u00e9canisme de l'horloge.\" width=\"220\" height=\"320\" srcset=\"http:\/\/lorrylesmetz-histoire.fr\/wp-content\/uploads\/2017\/05\/horloge3-1.jpg 220w, http:\/\/lorrylesmetz-histoire.fr\/wp-content\/uploads\/2017\/05\/horloge3-1-206x300.jpg 206w, http:\/\/lorrylesmetz-histoire.fr\/wp-content\/uploads\/2017\/05\/horloge3-1-100x145.jpg 100w, http:\/\/lorrylesmetz-histoire.fr\/wp-content\/uploads\/2017\/05\/horloge3-1-150x218.jpg 150w, http:\/\/lorrylesmetz-histoire.fr\/wp-content\/uploads\/2017\/05\/horloge3-1-200x291.jpg 200w\" sizes=\"auto, (max-width: 220px) 100vw, 220px\" \/><\/a><p id=\"caption-attachment-443\" class=\"wp-caption-text\">D\u00e9tail du m\u00e9canisme de l&rsquo;horloge.<\/p><\/div>\n<\/figcaption><\/figure>\n<p style=\"text-align: justify;\">Plusieurs horloges ont anim\u00e9 le clocher depuis 1750. Celle construite par Schwilgu\u00e9 est install\u00e9e en 1847. Son m\u00e9canisme en trois parties actionne le mouve\u00adment des aiguilles, la sonnerie des quarts d&rsquo;heure sur les cloches la, fa #, r\u00e9 et celle des heures en utilisant la cloche mi. En 1997 le conseil municipal d\u00e9cide de l&rsquo;arr\u00eater et de la remplacer par un syst\u00e8me \u00e9lectronique. Conserv\u00e9e en parfait \u00e9tat de marche, elle constitue une pi\u00e8ce rare du patrimoine horloger.<\/p>\n<audio class=\"wp-audio-shortcode\" id=\"audio-96-1\" preload=\"none\" style=\"width: 100%;\" controls=\"controls\"><source type=\"audio\/ogg\" src=\"http:\/\/lorrylesmetz-histoire.fr\/wp-content\/uploads\/2017\/05\/horloge.ogg?_=1\" \/><a href=\"http:\/\/lorrylesmetz-histoire.fr\/wp-content\/uploads\/2017\/05\/horloge.ogg\">http:\/\/lorrylesmetz-histoire.fr\/wp-content\/uploads\/2017\/05\/horloge.ogg<\/a><\/audio>\n<\/article>\n<h2>Les cloches<\/h2>\n<div id=\"attachment_444\" style=\"width: 650px\" class=\"wp-caption aligncenter\"><a href=\"http:\/\/lorrylesmetz-histoire.fr\/wp-content\/uploads\/2017\/05\/cloche1.jpg\" target=\"_blank\"><img loading=\"lazy\" decoding=\"async\" aria-describedby=\"caption-attachment-444\" class=\"wp-image-444 size-full\" src=\"http:\/\/lorrylesmetz-histoire.fr\/wp-content\/uploads\/2017\/05\/cloche1.jpg\" alt=\"Les cloches\" width=\"640\" height=\"425\" srcset=\"http:\/\/lorrylesmetz-histoire.fr\/wp-content\/uploads\/2017\/05\/cloche1.jpg 640w, http:\/\/lorrylesmetz-histoire.fr\/wp-content\/uploads\/2017\/05\/cloche1-300x199.jpg 300w, http:\/\/lorrylesmetz-histoire.fr\/wp-content\/uploads\/2017\/05\/cloche1-100x66.jpg 100w, http:\/\/lorrylesmetz-histoire.fr\/wp-content\/uploads\/2017\/05\/cloche1-150x100.jpg 150w, http:\/\/lorrylesmetz-histoire.fr\/wp-content\/uploads\/2017\/05\/cloche1-200x133.jpg 200w, http:\/\/lorrylesmetz-histoire.fr\/wp-content\/uploads\/2017\/05\/cloche1-450x299.jpg 450w, http:\/\/lorrylesmetz-histoire.fr\/wp-content\/uploads\/2017\/05\/cloche1-600x398.jpg 600w\" sizes=\"auto, (max-width: 640px) 100vw, 640px\" \/><\/a><p id=\"caption-attachment-444\" class=\"wp-caption-text\">Les cloches<\/p><\/div>\n<article id=\"cloche\">\n<p style=\"text-align: justify;\"><a href=\"http:\/\/lorrylesmetz-histoire.fr\/wp-content\/uploads\/2017\/06\/cloche2.jpg\" target=\"_blank\"><img loading=\"lazy\" decoding=\"async\" class=\"alignnone wp-image-934 size-large\" src=\"http:\/\/lorrylesmetz-histoire.fr\/wp-content\/uploads\/2017\/06\/cloche2-744x1024.jpg?_t=1496419323\" alt=\"\" width=\"700\" height=\"963\" srcset=\"http:\/\/lorrylesmetz-histoire.fr\/wp-content\/uploads\/2017\/06\/cloche2.jpg 744w, http:\/\/lorrylesmetz-histoire.fr\/wp-content\/uploads\/2017\/06\/cloche2-218x300.jpg 218w\" sizes=\"auto, (max-width: 700px) 100vw, 700px\" \/><\/a><\/p>\n<p style=\"text-align: justify;\">En 1622 il existe au moins deux cloches puisqu&rsquo;on sait que \u00ab\u00a0la petite\u00a0\u00bb, f\u00eal\u00e9e, a d\u00fb \u00eatre refondue. L&rsquo;horloge install\u00e9e en 1847 utilise trois cloches ; 2 pour les quarts d&rsquo;heure et une pour les heures. Le 26 novembre 1911, quatre nouvelles cloches sont install\u00e9es. Sur l&rsquo;horloge la sonnerie des quarts d&rsquo;heure est modifi\u00e9e pour utiliser trois cloches. Trois cloches sont confisqu\u00e9es et fondues par les allemands en 1917. Elles sont remplac\u00e9es \u00e0 l&rsquo;identique par Georges Farnier en 1923.Depuis r\u00e9sonnent dans le clocher\u00a0:<\/p>\n<ul style=\"text-align: justify;\">\n<li>\u00ab\u00a0Jeanne-Suzanne\u00a0\u00bb qui p\u00e8se 1395 kg, a un diam\u00e8tre de 1,30 m et sonne en r\u00e9\u00a0;<\/li>\n<li>\u00ab\u00a0Cl\u00e9mence\u00a0\u00bb qui p\u00e8se 997 kg, a un diam\u00e8tre de 1,17 m et sonne en mi\u00a0;<\/li>\n<li>\u00ab\u00a0Anne-Marie\u00a0\u00bb qui p\u00e8se 610 kg, a un diam\u00e8tre de 1,05 m et sonne en fa #\u00a0;<\/li>\n<li>\u00ab\u00a0Marie-Marguerite\u00a0\u00bb qui p\u00e8se 412 kg, a un diam\u00e8tre de 0,87 m et sonne en la.<\/li>\n<\/ul>\n<audio class=\"wp-audio-shortcode\" id=\"audio-96-2\" preload=\"none\" style=\"width: 100%;\" controls=\"controls\"><source type=\"audio\/ogg\" src=\"http:\/\/lorrylesmetz-histoire.fr\/wp-content\/uploads\/2017\/05\/cloches.ogg?_=2\" \/><a href=\"http:\/\/lorrylesmetz-histoire.fr\/wp-content\/uploads\/2017\/05\/cloches.ogg\">http:\/\/lorrylesmetz-histoire.fr\/wp-content\/uploads\/2017\/05\/cloches.ogg<\/a><\/audio>\n<\/article>\n<p style=\"text-align: justify;\">L&rsquo;\u00e9glise de Lorry-l\u00e8s-Metz est le fleuron du patrimoine lorriot. Sa beaut\u00e9, son \u00e2ge et les t\u00e9moignages historiques quelle conserve lui font assur\u00e9ment m\u00e9riter une visite toute particuli\u00e8re dans la d\u00e9couverte du patrimoine lorrain.<\/p>\n<p><a href=\"http:\/\/lorrylesmetz-histoire.fr\/?page_id=82\"><img loading=\"lazy\" decoding=\"async\" class=\"alignnone wp-image-378 size-full\" src=\"http:\/\/lorrylesmetz-histoire.fr\/wp-content\/uploads\/2017\/05\/retour.png\" alt=\"\" width=\"89\" height=\"31\" \/><\/a><\/p>\n","protected":false},"excerpt":{"rendered":"<p>Plusieurs horloges ont anim\u00e9 le clocher depuis 1750. Celle construite par Schwilgu\u00e9 est install\u00e9e en 1847. Son m\u00e9canisme en trois parties actionne le mouve\u00adment des aiguilles, la sonnerie des quarts d&rsquo;heure sur les cloches la, fa #, r\u00e9 et celle&hellip; <\/p>\n","protected":false},"author":1,"featured_media":0,"parent":82,"menu_order":5,"comment_status":"closed","ping_status":"closed","template":"","meta":{"_mc_calendar":[],"footnotes":""},"class_list":["post-96","page","type-page","status-publish","hentry"],"_links":{"self":[{"href":"http:\/\/lorrylesmetz-histoire.fr\/index.php?rest_route=\/wp\/v2\/pages\/96","targetHints":{"allow":["GET"]}}],"collection":[{"href":"http:\/\/lorrylesmetz-histoire.fr\/index.php?rest_route=\/wp\/v2\/pages"}],"about":[{"href":"http:\/\/lorrylesmetz-histoire.fr\/index.php?rest_route=\/wp\/v2\/types\/page"}],"author":[{"embeddable":true,"href":"http:\/\/lorrylesmetz-histoire.fr\/index.php?rest_route=\/wp\/v2\/users\/1"}],"replies":[{"embeddable":true,"href":"http:\/\/lorrylesmetz-histoire.fr\/index.php?rest_route=%2Fwp%2Fv2%2Fcomments&post=96"}],"version-history":[{"count":0,"href":"http:\/\/lorrylesmetz-histoire.fr\/index.php?rest_route=\/wp\/v2\/pages\/96\/revisions"}],"up":[{"embeddable":true,"href":"http:\/\/lorrylesmetz-histoire.fr\/index.php?rest_route=\/wp\/v2\/pages\/82"}],"wp:attachment":[{"href":"http:\/\/lorrylesmetz-histoire.fr\/index.php?rest_route=%2Fwp%2Fv2%2Fmedia&parent=96"}],"curies":[{"name":"wp","href":"https:\/\/api.w.org\/{rel}","templated":true}]}}